{"id":85,"date":"2025-04-10T06:20:33","date_gmt":"2025-04-10T06:20:33","guid":{"rendered":"https:\/\/chinahearingaid.com\/?page_id=85"},"modified":"2025-06-06T06:09:07","modified_gmt":"2025-06-06T06:09:07","slug":"hearing-aid-oem-odm","status":"publish","type":"page","link":"https:\/\/chinahearingaid.com\/da\/hearing-aid-oem-odm\/","title":{"rendered":"H\u00f8reapparat OEM &amp; ODM"},"content":{"rendered":"<div data-elementor-type=\"wp-page\" data-elementor-id=\"85\" class=\"elementor elementor-85\" data-elementor-settings=\"{&quot;ha_cmc_init_switcher&quot;:&quot;no&quot;}\" data-elementor-post-type=\"page\">\n\t\t\t\t<div class=\"elementor-element elementor-element-46663f1b e-flex e-con-boxed e-con e-parent\" data-id=\"46663f1b\" data-element_type=\"container\" data-e-type=\"container\" data-settings=\"{&quot;_ha_eqh_enable&quot;:false}\">\n\t\t\t\t\t<div class=\"e-con-inner\">\n\t\t\t\t<div class=\"elementor-element elementor-element-3486eb22 elementor-widget elementor-widget-text-editor\" data-id=\"3486eb22\" data-element_type=\"widget\" data-e-type=\"widget\" data-widget_type=\"text-editor.default\">\n\t\t\t\t<div class=\"elementor-widget-container\">\n\t\t\t\t\t\t\t\t\t\n<p>Hvis du leder efter en p\u00e5lidelig h\u00f8reapparatleverand\u00f8r, h\u00f8reapparatfabrik, Kina h\u00f8reapparat, h\u00f8reapparat engros, brugerdefineret h\u00f8reapparat online, kan vi give dig den billigste one-stop-service og gratis pr\u00f8ver.<\/p>\n\t\t\t\t\t\t\t\t<\/div>\n\t\t\t\t<\/div>\n\t\t\t\t\t<\/div>\n\t\t\t\t<\/div>\n\t\t\t\t<\/div>","protected":false},"excerpt":{"rendered":"<p>Hvis du leder efter en p\u00e5lidelig h\u00f8reapparatleverand\u00f8r, h\u00f8reapparatfabrik, Kina h\u00f8reapparat, h\u00f8reapparat engros, brugerdefineret h\u00f8reapparat online, kan vi give dig den billigste one-stop-service og gratis pr\u00f8ver.<\/p>","protected":false},"author":2,"featured_media":0,"parent":0,"menu_order":4,"comment_status":"closed","ping_status":"closed","template":"","meta":{"_kad_post_transparent":"","_kad_post_title":"","_kad_post_layout":"","_kad_post_sidebar_id":"","_kad_post_content_style":"","_kad_post_vertical_padding":"","_kad_post_feature":"","_kad_post_feature_position":"","_kad_post_header":false,"_kad_post_footer":false,"_kad_post_classname":"","footnotes":""},"class_list":["post-85","page","type-page","status-publish","hentry"],"_links":{"self":[{"href":"https:\/\/chinahearingaid.com\/da\/wp-json\/wp\/v2\/pages\/85","targetHints":{"allow":["GET"]}}],"collection":[{"href":"https:\/\/chinahearingaid.com\/da\/wp-json\/wp\/v2\/pages"}],"about":[{"href":"https:\/\/chinahearingaid.com\/da\/wp-json\/wp\/v2\/types\/page"}],"author":[{"embeddable":true,"href":"https:\/\/chinahearingaid.com\/da\/wp-json\/wp\/v2\/users\/2"}],"replies":[{"embeddable":true,"href":"https:\/\/chinahearingaid.com\/da\/wp-json\/wp\/v2\/comments?post=85"}],"version-history":[{"count":0,"href":"https:\/\/chinahearingaid.com\/da\/wp-json\/wp\/v2\/pages\/85\/revisions"}],"wp:attachment":[{"href":"https:\/\/chinahearingaid.com\/da\/wp-json\/wp\/v2\/media?parent=85"}],"curies":[{"name":"wp","href":"https:\/\/api.w.org\/{rel}","templated":true}]}}