{"id":2274,"date":"2025-05-22T15:30:18","date_gmt":"2025-05-22T15:30:18","guid":{"rendered":"https:\/\/chinahearingaid.com\/?post_type=product&#038;p=2274"},"modified":"2025-06-02T04:15:33","modified_gmt":"2025-06-02T04:15:33","slug":"z390b-best-digital-hearing-aids-ite-rechargeable-solutions","status":"publish","type":"product","link":"https:\/\/chinahearingaid.com\/da\/z390b-best-digital-hearing-aids-ite-rechargeable-solutions\/","title":{"rendered":"Z390B bedste digitale h\u00f8reapparater ite genopladelige l\u00f8sninger"},"content":{"rendered":"<p data-v-md-line=\"3\"><strong>G\u00f8r dig klar til at h\u00f8re bedre! Oplev Z390B bedste digitale h\u00f8reapparater ITE genopladelige l\u00f8sninger.<\/strong><\/p>\n<h2 data-v-md-heading=\"features\" data-v-md-line=\"5\"><strong>Features<\/strong><\/h2>\n<ul data-v-md-line=\"7\">\n<li><strong>Specialst\u00f8bt design<\/strong><\/li>\n<li><strong>Lang batterilevetid<\/strong><\/li>\n<li><strong>Mulighed for hurtig opladning<\/strong><\/li>\n<li><strong>Intelligent lydbehandling<\/strong><\/li>\n<li><strong>Vandt\u00e6t klassificering<\/strong><\/li>\n<li><strong>One-Touch-kontroller<\/strong><\/li>\n<li><strong>Bluetooth-forbindelse<\/strong><\/li>\n<li><strong>Komplet tilbeh\u00f8rss\u00e6t<\/strong><\/li>\n<li><strong>Overholdelse af FDA<\/strong><\/li>\n<\/ul>\n<h2 data-v-md-heading=\"specifications\" data-v-md-line=\"17\"><strong>Specifikationer<\/strong><\/h2>\n<table data-v-md-line=\"19\">\n<thead>\n<tr>\n<th><strong>Parameter<\/strong><\/th>\n<th><strong>Detaljer<\/strong><\/th>\n<\/tr>\n<\/thead>\n<tbody>\n<tr>\n<td><strong>Batterilevetid<\/strong><\/td>\n<td>35 timer pr. opladning + 8-10 opladninger via b\u00e6rbart etui<\/td>\n<\/tr>\n<tr>\n<td><strong>Opladningstid<\/strong><\/td>\n<td>2 timers fuld opladning \/ 30 minutters hurtigopladning = 6 timer<\/td>\n<\/tr>\n<tr>\n<td><strong>Lydbehandling<\/strong><\/td>\n<td>30\u00b15 dB forst\u00e6rkning + \u22643% forvr\u00e6ngning + st\u00f8jreduktionschip<\/td>\n<\/tr>\n<tr>\n<td><strong>Vandt\u00e6t klassificering<\/strong><\/td>\n<td>IP68 (modstandsdygtig over for sved\/regn)<\/td>\n<\/tr>\n<tr>\n<td><strong>Design<\/strong><\/td>\n<td>Specialst\u00f8bt ITE-skal, \u00f8rekupler i 5 st\u00f8rrelser<\/td>\n<\/tr>\n<tr>\n<td><strong>Forbindelse<\/strong><\/td>\n<td>Bluetooth LE til streaming af telefon\/tv<\/td>\n<\/tr>\n<tr>\n<td><strong>Kontroller<\/strong><\/td>\n<td>Lydstyrkejustering med \u00e9t tryk, teknologi til forsinket start<\/td>\n<\/tr>\n<tr>\n<td><strong>Tilbeh\u00f8r<\/strong><\/td>\n<td>Opladningsetui, 10 \u00f8rekupler, reng\u00f8ringsb\u00f8rster, n\u00f8glesnor<\/td>\n<\/tr>\n<tr>\n<td><strong>Overholdelse af FDA<\/strong><\/td>\n<td>OTC-certificeret til mildt-moderat h\u00f8retab<\/td>\n<\/tr>\n<\/tbody>\n<\/table>\n<h3 data-v-md-heading=\"benefits\" data-v-md-line=\"31\"><strong>Fordele<\/strong><\/h3>\n<ul data-v-md-line=\"33\">\n<li>\n<p data-v-md-line=\"33\"><strong>Specialst\u00f8bt design<\/strong><br \/>\nZ390B ITE-h\u00f8reapparater er specialformede til at passe perfekt til dit \u00f8re. De leveres med fem forskellige \u00f8rekuppelst\u00f8rrelser for at sikre ultimativ komfort og en sikker pasform.<\/p>\n<\/li>\n<li>\n<p data-v-md-line=\"36\"><strong>Lang batterilevetid<\/strong><br \/>\nDet genopladelige batteri giver 35 timers brug p\u00e5 en fuld opladning. Det b\u00e6rbare etui giver otte til ti ekstra opladningscyklusser, s\u00e5 du nemt kan f\u00e5 energi gennem arbejde, rejser og sociale arrangementer.<\/p>\n<\/li>\n<li>\n<p data-v-md-line=\"40\"><strong>Mulighed for hurtig opladning<\/strong><br \/>\nBrug for en kort opladning? H\u00f8reapparaterne kan oplades helt p\u00e5 2 timer. Desuden giver en 30-minutters kortvarig opladning dig 6 timers brug. Dette er ideelt til n\u00f8dsituationer f\u00f8r vigtige opkald eller m\u00f8der.<\/p>\n<\/li>\n<li>\n<p data-v-md-line=\"44\"><strong>Intelligent lydbehandling<\/strong><br \/>\nNyd klare samtaler selv i st\u00f8jende omgivelser. Med 30\u00b15 dB fordel, \u2264tre% forvr\u00e6ngning og overlegne st\u00f8jreduktionschips dekorerer disse h\u00f8reapparater taleklarhed og reducerer arvest\u00f8j korrekt.<\/p>\n<\/li>\n<li>\n<p data-v-md-line=\"48\"><strong>Vandt\u00e6t klassificering<\/strong><br \/>\nZ390B h\u00f8reapparater er IP68-klassificerede, hvilket betyder, at de kan modst\u00e5 sved, regn og lyseksponering. De er perfekte til tr\u00e6ning, havearbejde og pendling i regnvejr, og de er bygget til at klare den faktiske eksistens.<\/p>\n<\/li>\n<li>\n<p data-v-md-line=\"51\"><strong>One-Touch-kontroller<\/strong><br \/>\nJuster nemt m\u00e6ngden med en let ber\u00f8ring, takket v\u00e6re funktionen til justering af omfanget af kun kontakt. Den progressive startgenerering uden tidsbegr\u00e6nsning sikrer en j\u00e6vn overgang til samtaler.<\/p>\n<\/li>\n<li>\n<p data-v-md-line=\"55\"><strong>Bluetooth-forbindelse<\/strong><br \/>\nStream musik, podcasts eller tv-lyd direkte til dine h\u00f8reapparater via Bluetooth LE. Det er bedst til at tr\u00e6ne, samtidig med at du er opm\u00e6rksom p\u00e5 din yndlingsmusik eller ser film med klarere lyd derhjemme.<\/p>\n<\/li>\n<li>\n<p data-v-md-line=\"59\"><strong>Komplet tilbeh\u00f8rss\u00e6t<\/strong><br \/>\nHvert k\u00f8b leveres med et opladningsetui, 10 \u00f8rekupler, renseb\u00f8rster og en snor. Dette omfattende s\u00e6t garanterer, at dine h\u00f8reapparater er klar til enhver rejse.<\/p>\n<\/li>\n<li>\n<p data-v-md-line=\"62\"><strong>Overholdelse af FDA<\/strong><br \/>\nDisse OTC-certificerede h\u00f8reapparater er skr\u00e6ddersyet til mildt til moderat h\u00f8retab og giver bedre tilg\u00e6ngelighed og brugervenlighed uden behov for en recept.<\/p>\n<\/li>\n<\/ul>\n<h3 data-v-md-heading=\"usage-scenarios\" data-v-md-line=\"65\"><strong>Brugsscenarier<\/strong><\/h3>\n<ul data-v-md-line=\"67\">\n<li>\n<p data-v-md-line=\"67\"><strong>Professionelle indstillinger<\/strong><br \/>\nIdeel til at holde samtaler skarpe under forretningsm\u00f8der. Det skr\u00e6ddersyede design sikrer, at kollegerne l\u00e6gger m\u00e6rke til din selvtillid, ikke dine h\u00f8reapparater. Find ud af mere om\u00a0<a href=\"https:\/\/chinahearingaid.com\/da\/ite-hearing-aids\/\" target=\"_blank\" rel=\"noopener\">ITE-h\u00f8reapparater<\/a>.<\/p>\n<\/li>\n<li>\n<p data-v-md-line=\"70\"><strong>Familiesammenkomster<\/strong><br \/>\nNyd det langsomt sammen med familie og venner ved at forbedre din evne til at lytte til hvert eneste ord og samtidig reducere baggrundsst\u00f8j.<\/p>\n<\/li>\n<li>\n<p data-v-md-line=\"74\"><strong>Tr\u00e6ning<\/strong><br \/>\nHold dig energisk uden at skulle t\u00e6nke p\u00e5 dine h\u00f8reapparater. IP68-klassificeringen g\u00f8r, at de fortsat kan t\u00e5le sved og regn, hvilket g\u00f8r dem ideelle til gymnastiksalen, g\u00e5ture eller enhver form for udend\u00f8rs sport. F\u00e5 mere at vide\u00a0<a href=\"https:\/\/chinahearingaid.com\/da\/rechargeable-hearing-aids\/\" target=\"_blank\" rel=\"noopener\">Genopladelige h\u00f8reapparater<\/a>.<\/p>\n<\/li>\n<li>\n<p data-v-md-line=\"77\"><strong>Rejser<\/strong><br \/>\nMed lang batterilevetid og hurtig opladning er disse h\u00f8reapparater ideelle til rejser. S\u00f8rg for uafbrudt h\u00f8relse p\u00e5 hele din rejse.<\/p>\n<\/li>\n<li>\n<p data-v-md-line=\"80\"><strong>Underholdning<\/strong><br \/>\nHver anskaffelse leveres med et opladningsetui, 10 \u00e5rs dome, renseb\u00f8rste og en ledning. Hele dette s\u00e6t sikrer, at dit h\u00f8reapparat er klar til ethvert eventyr.<\/p>\n<\/li>\n<\/ul>\n<h3 data-v-md-heading=\"why-choose-z390b\" data-v-md-line=\"83\"><strong>Hvorfor v\u00e6lge Z390B?<\/strong><\/h3>\n<p data-v-md-line=\"85\">Z390B ITE-h\u00f8reapparater kombinerer de bedste digitale h\u00f8reapparatl\u00f8sninger med genopladelig teknologi for at tilbyde uovertruffen klarhed og bekvemmelighed. Oplev avanceret lydbehandling, nem volumenkontrol og problemfri tilslutning i et diskret, komfortabelt design.<\/p>\n<p data-v-md-line=\"87\">For flere detaljer, bes\u00f8g:<\/p>\n<ul data-v-md-line=\"88\">\n<li><a href=\"https:\/\/chinahearingaid.com\/da\/bx360-mini-rechargeable-digital-bte-hearing-aids-solutions\/\" target=\"_blank\" rel=\"noopener\">L\u00f8sninger til genopladelige h\u00f8reapparater<\/a><\/li>\n<li><a href=\"https:\/\/chinahearingaid.com\/da\/z390b-best-digital-hearing-aids-ite-rechargeable-solutions\/\" target=\"_blank\" rel=\"noopener\">Bedste digitale h\u00f8reapparatl\u00f8sninger<\/a><\/li>\n<li><a href=\"https:\/\/chinahearingaid.com\/da\/ite-hearing-aids\/\" target=\"_blank\" rel=\"noopener\">ITE-h\u00f8reapparater<\/a><\/li>\n<\/ul>\n<p data-v-md-line=\"92\">F\u00e5 dine Z390B-h\u00f8reapparater i dag, og nyd bedre h\u00f8relse med uovertruffen komfort og bekvemmelighed.<\/p>","protected":false},"excerpt":{"rendered":"<p>H\u00f8r bedre med Z390B ITE digitale h\u00f8reapparater! Vores bedste genopladelige l\u00f8sning tilbyder brugertilpasset komfort (5 \u00f8rekuppelst\u00f8rrelser), 35 timers batteri + hurtig opladning, intelligent lydbehandling for klar lyd og st\u00f8jreduktion, IP68 vandt\u00e6t, one-touch kontrol, Bluetooth-streaming og OTC FDA-kompatibilitet. Komplet tilbeh\u00f8rss\u00e6t medf\u00f8lger.<\/p>","protected":false},"featured_media":2582,"template":"","meta":{"_kad_post_transparent":"default","_kad_post_title":"","_kad_post_layout":"default","_kad_post_sidebar_id":"","_kad_post_content_style":"default","_kad_post_vertical_padding":"default","_kad_post_feature":"","_kad_post_feature_position":"","_kad_post_header":false,"_kad_post_footer":false,"_kad_post_classname":""},"product_brand":[],"product_cat":[15,561,559,549,563],"product_tag":[601,602,603],"class_list":{"0":"post-2274","1":"product","2":"type-product","3":"status-publish","4":"has-post-thumbnail","6":"product_cat-hearing-aid-by-types","7":"product_cat-digital-hearing-aids","8":"product_cat-hearing-aid-by-features","9":"product_cat-ite-hearing-aids","10":"product_cat-rechargeable-hearing-aids","11":"product_tag-best-digital-hearing-aid-solutions","12":"product_tag-hearing-aids-rechargeable-solutions","13":"product_tag-ite-hearing-aids-solutions","15":"first","16":"instock","17":"shipping-taxable","18":"product-type-simple","19":"entry","20":"content-bg","21":"loop-entry"},"_links":{"self":[{"href":"https:\/\/chinahearingaid.com\/da\/wp-json\/wp\/v2\/product\/2274","targetHints":{"allow":["GET"]}}],"collection":[{"href":"https:\/\/chinahearingaid.com\/da\/wp-json\/wp\/v2\/product"}],"about":[{"href":"https:\/\/chinahearingaid.com\/da\/wp-json\/wp\/v2\/types\/product"}],"wp:featuredmedia":[{"embeddable":true,"href":"https:\/\/chinahearingaid.com\/da\/wp-json\/wp\/v2\/media\/2582"}],"wp:attachment":[{"href":"https:\/\/chinahearingaid.com\/da\/wp-json\/wp\/v2\/media?parent=2274"}],"wp:term":[{"taxonomy":"product_brand","embeddable":true,"href":"https:\/\/chinahearingaid.com\/da\/wp-json\/wp\/v2\/product_brand?post=2274"},{"taxonomy":"product_cat","embeddable":true,"href":"https:\/\/chinahearingaid.com\/da\/wp-json\/wp\/v2\/product_cat?post=2274"},{"taxonomy":"product_tag","embeddable":true,"href":"https:\/\/chinahearingaid.com\/da\/wp-json\/wp\/v2\/product_tag?post=2274"}],"curies":[{"name":"wp","href":"https:\/\/api.w.org\/{rel}","templated":true}]}}