{"id":2277,"date":"2025-05-22T15:30:22","date_gmt":"2025-05-22T15:30:22","guid":{"rendered":"https:\/\/chinahearingaid.com\/?post_type=product&#038;p=2277"},"modified":"2025-06-01T13:18:31","modified_gmt":"2025-06-01T13:18:31","slug":"z127c-cheap-rechargeable-hearing-aids-digital-ite-makers","status":"publish","type":"product","link":"https:\/\/chinahearingaid.com\/da\/z127c-cheap-rechargeable-hearing-aids-digital-ite-makers\/","title":{"rendered":"Z127C Billige genopladelige h\u00f8reapparater Digital ITE Makers"},"content":{"rendered":"<p data-v-md-line=\"3\">Oplev klar, skarp h\u00f8relse med Z127C billige genopladelige h\u00f8reapparater. Vores ITE-h\u00f8reapparater er designet til at give dig f\u00f8rsteklasses tilfredsstillende lyd til en billig pris.<\/p>\n<h2 data-v-md-heading=\"key-features\" data-v-md-line=\"5\">N\u00f8glefunktioner<\/h2>\n<p data-v-md-line=\"7\"><strong>Hvorfor v\u00e6lge Z127C?<\/strong> Her er de vigtigste funktioner:<\/p>\n<ol data-v-md-line=\"9\">\n<li><strong>Digital klarhed<\/strong>: Vores h\u00f8reapparater bruger overlegen AI-drevet st\u00f8jrabat til at dekorere tale og samtidig minimere historisk st\u00f8j.<\/li>\n<li><strong>Genopladelig effektivitet<\/strong>: Med litium-ion-batterier kan du nyde helt op til 16 timers brug p\u00e5 en enkelt opladning. Det beskyttede USB-C-opladningsetui sikrer, at dine gadgets er klar, hver gang du er det.<\/li>\n<li><strong>Tilpasset komfort<\/strong>: Designet med en specialst\u00f8bt pasform for at sikre sikkerhed og komfort hele dagen.<\/li>\n<li><strong>Enkle kontroller<\/strong>: Designet med en specialst\u00f8bt sund for at sikre sikkerhed og luksus hele dagen.<\/li>\n<li><strong>Diskret design<\/strong>: Juster omfang og forudindstillinger uden problemer med intuitive knapper eller en smartphone-app.<\/li>\n<\/ol>\n<h2 data-v-md-heading=\"product-parameters\" data-v-md-line=\"16\">Produktparametre<\/h2>\n\n<table id=\"tablepress-62\" class=\"tablepress tablepress-id-62\">\n<thead>\n<tr class=\"row-1\">\n\t<th class=\"column-1\">Parameter<\/th><th class=\"column-2\">Detaljer<\/th>\n<\/tr>\n<\/thead>\n<tbody class=\"row-striping row-hover\">\n<tr class=\"row-2\">\n\t<td class=\"column-1\">Lydoutput (maks.)<\/td><td class=\"column-2\">115 dB<\/td>\n<\/tr>\n<tr class=\"row-3\">\n\t<td class=\"column-1\">Forst\u00e6rkning<\/td><td class=\"column-2\">\u2265 28 dB<\/td>\n<\/tr>\n<tr class=\"row-4\">\n\t<td class=\"column-1\">Frekvensomr\u00e5de<\/td><td class=\"column-2\">300-3500 Hz<\/td>\n<\/tr>\n<tr class=\"row-5\">\n\t<td class=\"column-1\">Batterilevetid<\/td><td class=\"column-2\">16 timer<\/td>\n<\/tr>\n<tr class=\"row-6\">\n\t<td class=\"column-1\">Opladningstid<\/td><td class=\"column-2\">6 timer<\/td>\n<\/tr>\n<tr class=\"row-7\">\n\t<td class=\"column-1\">Materiale<\/td><td class=\"column-2\">Hypoallergenisk plastik<\/td>\n<\/tr>\n<tr class=\"row-8\">\n\t<td class=\"column-1\">Opladningsmetode<\/td><td class=\"column-2\">USB-C-opladningsetui<\/td>\n<\/tr>\n<tr class=\"row-9\">\n\t<td class=\"column-1\">St\u00f8rrelser p\u00e5 \u00f8repropper<\/td><td class=\"column-2\">6 silikonespidser til perfekt pasform<\/td>\n<\/tr>\n<tr class=\"row-10\">\n\t<td class=\"column-1\">Vand- og svedafvisende<\/td><td class=\"column-2\">IP68-klassificering<\/td>\n<\/tr>\n<\/tbody>\n<\/table>\n<!-- #tablepress-62 from cache -->\n<h2 data-v-md-heading=\"usage-scenarios\" data-v-md-line=\"31\">Brugsscenarier<\/h2>\n<p data-v-md-line=\"33\"><strong>Z127C Genopladelige h\u00f8reapparater<\/strong>\u00a0er alsidige og perfekte til forskellige situationer:<\/p>\n<ul data-v-md-line=\"35\">\n<li><strong>Sociale sammenkomster<\/strong>: Deltag i klare samtaler, selv i st\u00f8jende omgivelser, takket v\u00e6re den st\u00f8jreducerende funktion.<\/li>\n<li><strong>Udend\u00f8rs aktiviteter<\/strong>: Nyd g\u00e5ture i parken uden forstyrrende vindst\u00f8j.<\/li>\n<li><strong>Medieforbrug<\/strong>: Stream lyd direkte fra dit tv eller din telefon med lav latenstid via Bluetooth 5.3.<\/li>\n<li><strong>S\u00f8vnvenlig brug<\/strong>: Den lave \u00f8regangspasform sikrer komfort, n\u00e5r man sover p\u00e5 siden, og enheden slukker automatisk, n\u00e5r den opbevares i etuiet.<\/li>\n<\/ul>\n<h2 data-v-md-heading=\"key-differentiators\" data-v-md-line=\"41\">Vigtige forskelle<\/h2>\n<h3 data-v-md-heading=\"adaptive-learning\" data-v-md-line=\"43\"><strong>Adaptiv l\u00e6ring<\/strong><\/h3>\n<p data-v-md-line=\"44\">Vores apparater kalibreres til dine h\u00f8rem\u00f8nstre inden for de f\u00f8rste 72 timers brug og prioriterer frekvenser til forbedret talegenkendelse.<\/p>\n<h3 data-v-md-heading=\"cost-efficiency\" data-v-md-line=\"46\"><strong>Omkostningseffektivitet<\/strong><\/h3>\n<p data-v-md-line=\"47\">Forholdsvis lav pris p\u00e5\u00a0<strong>$189-$249<\/strong>i forhold til traditionelle modeller med en pris p\u00e5 over $1.600. Undg\u00e5 ekstra gebyrer for audiologafh\u00e6ngige justeringer med vores\u00a0<strong>ubegr\u00e6nset adgang<\/strong>\u00a0enheder.<\/p>\n<h3 data-v-md-heading=\"safety\" data-v-md-line=\"49\"><strong>Sikkerhed<\/strong><\/h3>\n<p data-v-md-line=\"50\">Indbygget lydstyrkebegr\u00e6nser for at beskytte dig mod skadelig lydeksponering. Emergency bypass mode forst\u00e6rker vigtige lyde som alarmer og sirener, mens andre d\u00e6mpes.<\/p>\n<h2 data-v-md-heading=\"environmentally-friendly\" data-v-md-line=\"54\">Milj\u00f8venlig<\/h2>\n<p data-v-md-line=\"56\">At skifte til genopladelige h\u00f8reapparater reducerer spild betydeligt og har en\u00a0<strong>mindre CO2-fodaftryk<\/strong>\u00a0sammenlignet med modeller med engangsbatterier. For flere tips om bedste praksis for genopladelige h\u00f8reapparaters ydeevne, klik p\u00e5\u00a0<a href=\"https:\/\/www.hearingyourbest.com\/best-practices-for-charging-rechargeable-hearing-aids\/\" target=\"_blank\" rel=\"noopener\">her<\/a>.<\/p>\n<h2 data-v-md-heading=\"internal-links\" data-v-md-line=\"59\">Interne links<\/h2>\n<ul data-v-md-line=\"61\">\n<li>F\u00e5 mere at vide om\u00a0<strong>genopladelige h\u00f8reapparater<\/strong>\u00a0p\u00e5 vores\u00a0<a href=\"https:\/\/chinahearingaid.com\/da\/rechargeable-hearing-aids\/\" target=\"_blank\" rel=\"noopener\">China Hearing Aids Factory<\/a><\/li>\n<li>Udforsk forskellige\u00a0<strong>Muligheder for ITE-h\u00f8reapparater<\/strong>\u00a0p\u00e5\u00a0<a href=\"https:\/\/chinahearingaid.com\/da\/ite-hearing-aids\/\" target=\"_blank\" rel=\"noopener\">ITE-h\u00f8reapparater<\/a><\/li>\n<li>Interesseret i et bredere udvalg af\u00a0<strong>digitale h\u00f8reapparater<\/strong>? Bes\u00f8g\u00a0<a href=\"https:\/\/chinahearingaid.com\/da\/hearing-aid-by-types\/\" target=\"_blank\" rel=\"noopener\">H\u00f8reapparat efter type<\/a><\/li>\n<\/ul>\n<p data-v-md-line=\"66\"><strong>G\u00f8r dit liv bedre med klare og prisvenlige h\u00f8rel\u00f8sninger.<\/strong>\u00a0Bestil dit par\u00a0<strong>Z127C Billige genopladelige h\u00f8reapparater Digital ITE Makers<\/strong>\u00a0i dag og oplev forskellen!<\/p>","protected":false},"excerpt":{"rendered":"<p>Oplev klar og tydelig h\u00f8relse med Z127C genopladelige h\u00f8reapparater. Disse prisvenlige ITE-h\u00f8reapparater tilbyder AI-drevet st\u00f8jreduktion for forbedret tale. Nyd 16 timers batterilevetid med USB-C-opladning, en specialst\u00f8bt komfortabel pasform og enkel betjening. Adaptiv l\u00e6ring personaliserer lyden. En omkostningseffektiv, diskret l\u00f8sning til bedre h\u00f8relse i forskellige situationer.<\/p>","protected":false},"featured_media":2540,"template":"","meta":{"_kad_post_transparent":"default","_kad_post_title":"","_kad_post_layout":"default","_kad_post_sidebar_id":"","_kad_post_content_style":"default","_kad_post_vertical_padding":"default","_kad_post_feature":"","_kad_post_feature_position":"","_kad_post_header":false,"_kad_post_footer":false,"_kad_post_classname":""},"product_brand":[],"product_cat":[15,561,559,549,563],"product_tag":[590,591,592],"class_list":{"0":"post-2277","1":"product","2":"type-product","3":"status-publish","4":"has-post-thumbnail","6":"product_cat-hearing-aid-by-types","7":"product_cat-digital-hearing-aids","8":"product_cat-hearing-aid-by-features","9":"product_cat-ite-hearing-aids","10":"product_cat-rechargeable-hearing-aids","11":"product_tag-aids-digital-hearing-makers","12":"product_tag-cheap-rechargeable-hearing-aids-makers","13":"product_tag-ite-hearing-aids-makers","15":"first","16":"instock","17":"shipping-taxable","18":"product-type-simple","19":"entry","20":"content-bg","21":"loop-entry"},"_links":{"self":[{"href":"https:\/\/chinahearingaid.com\/da\/wp-json\/wp\/v2\/product\/2277","targetHints":{"allow":["GET"]}}],"collection":[{"href":"https:\/\/chinahearingaid.com\/da\/wp-json\/wp\/v2\/product"}],"about":[{"href":"https:\/\/chinahearingaid.com\/da\/wp-json\/wp\/v2\/types\/product"}],"wp:featuredmedia":[{"embeddable":true,"href":"https:\/\/chinahearingaid.com\/da\/wp-json\/wp\/v2\/media\/2540"}],"wp:attachment":[{"href":"https:\/\/chinahearingaid.com\/da\/wp-json\/wp\/v2\/media?parent=2277"}],"wp:term":[{"taxonomy":"product_brand","embeddable":true,"href":"https:\/\/chinahearingaid.com\/da\/wp-json\/wp\/v2\/product_brand?post=2277"},{"taxonomy":"product_cat","embeddable":true,"href":"https:\/\/chinahearingaid.com\/da\/wp-json\/wp\/v2\/product_cat?post=2277"},{"taxonomy":"product_tag","embeddable":true,"href":"https:\/\/chinahearingaid.com\/da\/wp-json\/wp\/v2\/product_tag?post=2277"}],"curies":[{"name":"wp","href":"https:\/\/api.w.org\/{rel}","templated":true}]}}