{"id":2280,"date":"2025-05-23T01:41:02","date_gmt":"2025-05-23T01:41:02","guid":{"rendered":"https:\/\/chinahearingaid.com\/?post_type=product&#038;p=2280"},"modified":"2025-06-02T07:28:47","modified_gmt":"2025-06-02T07:28:47","slug":"z22a-invisible-rechargeable-in-ear-hearing-aids-noise-oem","status":"publish","type":"product","link":"https:\/\/chinahearingaid.com\/da\/z22a-invisible-rechargeable-in-ear-hearing-aids-noise-oem\/","title":{"rendered":"Z22A usynlige genopladelige h\u00f8reapparater i \u00f8ret St\u00f8j OEM"},"content":{"rendered":"<h2 data-v-md-heading=\"z22a-invisible-rechargeable-in-ear-hearing-aids-noise-oem\" data-v-md-line=\"1\">Z22A Usynlig genopladelig In-Ear-h\u00f8reapparat St\u00f8j OEM<\/h2>\n<p data-v-md-line=\"3\">Z22A usynlige genopladelige h\u00f8reapparater til \u00e6ldre er designet, s\u00e5 du kan hj\u00e6lpe med at h\u00f8re bedre, mens du er rationel. Disse h\u00f8reapparater er sm\u00e5, passer i dit \u00f8re og er stort set usynlige for andre. Derudover kommer de med genopladelige funktioner, s\u00e5 du ikke beh\u00f8ver at bekymre dig om at skifte batteri.<\/p>\n<h3 data-v-md-heading=\"key-benefits\" data-v-md-line=\"6\"><strong>Vigtige fordele<\/strong><\/h3>\n<p data-v-md-line=\"8\"><strong>Usynligt design<\/strong><\/p>\n<ul data-v-md-line=\"9\">\n<li>Z22A-h\u00f8reapparaterne er\u00a0<strong>helt i kanalen (CIC)<\/strong>.<\/li>\n<li>De sidder dybt i \u00f8ret og er ikke nemme at se.<\/li>\n<li>Det g\u00f8r dem gode til alle, der \u00f8nsker en diskret h\u00f8rel\u00f8sning.<\/li>\n<\/ul>\n<p data-v-md-line=\"13\"><strong>Rechargeable<\/strong><\/p>\n<ul data-v-md-line=\"14\">\n<li>Disse h\u00f8reapparater har en\u00a0<strong>lang batterilevetid<\/strong>.<\/li>\n<li>Du kan bruge dem til\u00a0<strong>24 timer<\/strong>\u00a0p\u00e5 en enkelt opladning.<\/li>\n<li>De kommer med en\u00a0<strong>USB-C-opladningsetui<\/strong>s\u00e5 du kan oplade dem hurtigt og nemt.<\/li>\n<\/ul>\n<p data-v-md-line=\"18\"><strong>St\u00f8jreduktion<\/strong><\/p>\n<ul data-v-md-line=\"19\">\n<li>Z22A bruger\u00a0<strong>AI-drevet st\u00f8jd\u00e6mpning<\/strong>\u00a0for at reducere baggrundsst\u00f8j.<\/li>\n<li>Det hj\u00e6lper dig med at h\u00f8re samtaler tydeligere, selv p\u00e5 st\u00f8jende steder.<\/li>\n<\/ul>\n<p data-v-md-line=\"22\"><strong>Behagelig pasform<\/strong><\/p>\n<ul data-v-md-line=\"23\">\n<li>H\u00f8reapparaterne leveres med\u00a0<strong>Allergivenlige \u00f8repropper af silikone<\/strong>.<\/li>\n<li>Disse spidser er bl\u00f8de og behagelige, s\u00e5 du kan have dem p\u00e5 hele dagen uden ubehag.<\/li>\n<\/ul>\n<p data-v-md-line=\"26\"><strong>Tilpassede muligheder for OEM<\/strong><\/p>\n<ul data-v-md-line=\"27\">\n<li>Z22A-h\u00f8reapparaterne er gode til\u00a0<strong>OEM-partnere (Original Equipment Manufacturer)<\/strong>.<\/li>\n<li>Du kan tilpasse design, branding og software, s\u00e5 det passer til dine behov.<\/li>\n<\/ul>\n<h3 data-v-md-heading=\"specifications-table\" data-v-md-line=\"31\"><strong>Tabel med specifikationer<\/strong><\/h3>\n<table data-v-md-line=\"33\">\n<thead>\n<tr>\n<th><strong>Parameter Type<\/strong><\/th>\n<th><strong>Detaljer<\/strong><\/th>\n<th><strong>Brugsscenarier<\/strong><\/th>\n<th><strong>Engagerende beskrivelse<\/strong><\/th>\n<\/tr>\n<\/thead>\n<tbody>\n<tr>\n<td><strong>Tekniske specifikationer<\/strong><\/td>\n<td>-\u00a0<strong>Batteri:<\/strong>\u00a035 mAh Li-ion (24 timers driftstid, 2 timers USB-C\/tr\u00e5dl\u00f8s Qi-opladning).<br \/>\n-\u00a0<strong>St\u00f8jreduktion:<\/strong>\u00a025 dB SNR, AI-drevet adaptiv undertrykkelse.<br \/>\n-\u00a0<strong>Tilslutningsmuligheder:<\/strong>\u00a0Valgfri Bluetooth 5.3 til app-styring.<br \/>\n-\u00a0<strong>Vandt\u00e6thed:<\/strong>\u00a0IPX4 (modstandsdygtig over for sved og st\u00e6nk).<br \/>\n-\u00a0<strong>Kompatibilitet:<\/strong>\u00a0iOS\/Android-apps til justeringer.<\/td>\n<td>Aktiv livsstil, st\u00f8jende omgivelser, udend\u00f8rsrejser.<\/td>\n<td>\"Hold forbindelsen til livets \u00f8jeblikke med\u00a0<strong>24 timers kraft og spr\u00f8d lyd<\/strong>selv i travle milj\u00f8er.\"<\/td>\n<\/tr>\n<tr>\n<td><strong>Design og komfort<\/strong><\/td>\n<td>-\u00a0<strong>Passe:<\/strong>\u00a0CIC-design, allergivenlige \u00f8repropper af silikone.<br \/>\n-\u00a0<strong>V\u00e6gt:<\/strong>\u00a01,2 g pr. \u00f8restykke.<br \/>\n-\u00a0<strong>Tilpasning:<\/strong>\u00a0Valgfri \u00f8reformer til OEM-partnere.<\/td>\n<td>Professionelle omgivelser, sociale sammenkomster, daglig brug.<\/td>\n<td>\"<strong>Usynligt design<\/strong>\u00a0sikrer, at ingen l\u00e6gger m\u00e6rke til dit h\u00f8reapparat - kun din selvtillid.\"<\/td>\n<\/tr>\n<tr>\n<td><strong>OEM-specifikationer<\/strong><\/td>\n<td>-\u00a0<strong>Brugerdefineret branding:<\/strong>\u00a0Gravering af logo, farvevarianter.<br \/>\n-\u00a0<strong>Emballage:<\/strong>\u00a0Skr\u00e6ddersyede kasser til detail- og engroshandel.<br \/>\n-\u00a0<strong>Software:<\/strong>\u00a0Firmware-justeringer (st\u00f8jprofiler, app-integration).<br \/>\n-\u00a0<strong>MOQ:<\/strong>\u00a01.000 enheder, 6 ugers leveringstid.<\/td>\n<td>B2B-partnerskaber, white label-forhandlere, audiologer.<\/td>\n<td>\"Opbyg dit brand med en\u00a0<strong>F\u00e6rdiglavet, brugertilpasset h\u00f8rel\u00f8sning<\/strong>\u00a0som man kan stole p\u00e5, n\u00e5r det g\u00e6lder klarhed og p\u00e5lidelighed.\"<\/td>\n<\/tr>\n<tr>\n<td><strong>Funktioner for ydeevne<\/strong><\/td>\n<td>-\u00a0<strong>Lydbehandling:<\/strong>\u00a0DSP med 4 forudindstillede tilstande (stille, st\u00f8jende, musik, tale).<br \/>\n-\u00a0<strong>Mikrofoner:<\/strong>\u00a0To retningsbestemte mikrofoner til fokusering af stemmen.<br \/>\n-\u00a0<strong>Annullering af feedback:<\/strong>\u00a0Ingen indblanding i fl\u00f8jten.<\/td>\n<td>M\u00f8der, koncerter, telefon-\/videoopkald.<\/td>\n<td>\"<strong>H\u00f8r stemmer, ikke st\u00f8j<\/strong>-smart teknologi tilpasser sig dine omgivelser i realtid.\"<\/td>\n<\/tr>\n<tr>\n<td><strong>Certificeringer<\/strong><\/td>\n<td>FDA klasse II, CE, RoHS-kompatibel.<\/td>\n<td>Globale markeder (USA, EU, Asien).<\/td>\n<td>\"At opfylde strenge krav\u00a0<strong>internationale standarder for sikkerhed og ydeevne<\/strong>.\u201d<\/td>\n<\/tr>\n<\/tbody>\n<\/table>\n<h2 data-v-md-heading=\"why-choose-z22a-invisible-rechargeable-in-ear-hearing-aids-noise-oem\" data-v-md-line=\"42\"><strong>Hvorfor v\u00e6lge Z22A usynlige genopladelige h\u00f8reapparater i \u00f8ret St\u00f8j-OEM<\/strong><\/h2>\n<h3 data-v-md-heading=\"business-meetings\" data-v-md-line=\"44\"><strong>Forretningsm\u00f8der<\/strong><\/h3>\n<ul data-v-md-line=\"45\">\n<li>Disse h\u00f8reapparater er gode til professionelle og fjernarbejdere.<\/li>\n<li>Deres\u00a0<strong>usynligt design<\/strong>\u00a0og\u00a0<strong>Undertrykkelse af st\u00f8j<\/strong>\u00a0hj\u00e6lper med at sikre, at du kan h\u00f8re tydeligt under opkald eller pr\u00e6sentationer.<\/li>\n<\/ul>\n<h3 data-v-md-heading=\"outdoor-activities\" data-v-md-line=\"48\"><strong>Udend\u00f8rs aktiviteter<\/strong><\/h3>\n<ul data-v-md-line=\"49\">\n<li>Perfekt til l\u00f8bere og rejsende.<\/li>\n<li>De er\u00a0<strong>IPX4-klassificeret<\/strong>s\u00e5 de kan klare sved og let regn, samtidig med at de sidder sikkert p\u00e5 plads.<\/li>\n<\/ul>\n<h3 data-v-md-heading=\"social-events\" data-v-md-line=\"52\"><strong>Sociale begivenheder<\/strong><\/h3>\n<ul data-v-md-line=\"53\">\n<li>Perfekt til seniorer eller alle, der deltager i sociale sammenkomster.<\/li>\n<li><strong>Retningsbestemte mikrofoner<\/strong>\u00a0Fokuser p\u00e5 den person, der taler til dig, s\u00e5 det bliver lettere at f\u00f8lge med i samtalen.<\/li>\n<\/ul>\n<h3 data-v-md-heading=\"oem-partnerships\" data-v-md-line=\"56\"><strong>OEM-partnerskaber<\/strong><\/h3>\n<ul data-v-md-line=\"57\">\n<li>Ideel til h\u00f8reklinikker og forhandlere.<\/li>\n<li><strong>Tilpasset branding<\/strong>\u00a0og emballagemuligheder hj\u00e6lper med at matche dit brands udseende og f\u00f8lelse .<\/li>\n<\/ul>\n<h3 data-v-md-heading=\"frequently-asked-questions-faqs\" data-v-md-line=\"61\"><strong>Ofte stillede sp\u00f8rgsm\u00e5l (FAQ)<\/strong><\/h3>\n<p data-v-md-line=\"63\"><strong>Er disse h\u00f8reapparater velegnede til kraftigt h\u00f8retab?<\/strong><\/p>\n<ul data-v-md-line=\"64\">\n<li>Z22A er designet til mildt til moderat h\u00f8retab. Ved alvorligt h\u00f8retab skal du konsultere en audiolog.<\/li>\n<\/ul>\n<p data-v-md-line=\"66\"><strong>Hvor l\u00e6nge holder det genopladelige batteri?<\/strong><\/p>\n<ul data-v-md-line=\"67\">\n<li>Batteriet holder i op til 24 timer p\u00e5 en enkelt opladning og kan hurtigt genoplades ved hj\u00e6lp af den medf\u00f8lgende USB-C eller tr\u00e5dl\u00f8se opladnings\u00e6ske.<\/li>\n<\/ul>\n<p data-v-md-line=\"69\"><strong>Kan OEM-partnere \u00e6ndre indstillingerne for st\u00f8jreduktion?<\/strong><\/p>\n<ul data-v-md-line=\"70\">\n<li>Ja, OEM-partnere kan tilpasse st\u00f8jprofiler og andre softwareindstillinger, s\u00e5 de opfylder specifikke behov.<\/li>\n<\/ul>\n<p data-v-md-line=\"72\"><strong>Hvilke garantier er inkluderet?<\/strong><\/p>\n<ul data-v-md-line=\"73\">\n<li>Z22A leveres med en standardgaranti p\u00e5 1 \u00e5r med mulighed for forl\u00e6ngelse baseret p\u00e5 OEM-aftalen.<\/li>\n<\/ul>\n<h2 data-v-md-heading=\"where-to-learn-more\" data-v-md-line=\"76\"><strong>Hvor kan man l\u00e6re mere?<\/strong><\/h2>\n<p data-v-md-line=\"78\">For mere detaljeret information kan du bes\u00f8ge:<\/p>\n<ul data-v-md-line=\"79\">\n<li><a href=\"https:\/\/chinahearingaid.com\/da\/invisible-hearing-aids\/\" target=\"_blank\" rel=\"noopener\">Usynlige h\u00f8reapparater<\/a><\/li>\n<li><a href=\"https:\/\/chinahearingaid.com\/da\/in-ear-hearing-aids\/\" target=\"_blank\" rel=\"noopener\">In-Ear h\u00f8reapparater<\/a><\/li>\n<li><a href=\"https:\/\/chinahearingaid.com\/da\/rechargeable-hearing-aids\/\" target=\"_blank\" rel=\"noopener\">Genopladelige h\u00f8reapparater<\/a><\/li>\n<\/ul>\n<p data-v-md-line=\"83\">Disse links giver flere ressourcer om forskellige typer h\u00f8reapparater, herunder usynlige, i-\u00f8ret og genopladelige muligheder.<\/p>\n<h2 data-v-md-heading=\"conclusion\" data-v-md-line=\"86\"><strong>Konklusion<\/strong><\/h2>\n<p data-v-md-line=\"88\">Z22A Invisible Rechargeable In-Ear Hearing Aids Noise OEM tilbyder en diskret, komfortabel og brugertilpasset l\u00f8sning til bedre h\u00f8relse. Uanset om du er slutbruger og leder efter et p\u00e5lideligt h\u00f8reapparat eller en OEM-partner, der s\u00f8ger et produkt, der kan tilpasses, opfylder Z22A dine behov med avanceret st\u00f8jreduktion, lang batterilevetid og fremragende lydkvalitet.<\/p>\n<p data-v-md-line=\"90\">For mere information om vores produkter, tjek vores\u00a0<a href=\"https:\/\/chinahearingaid.com\/da\/new\/\" target=\"_blank\" rel=\"noopener\">nyeste h\u00f8reapparater<\/a>. G\u00e5 p\u00e5 opdagelse i vores sortiment, og find den perfekte l\u00f8sning til dine h\u00f8rebehov.<\/p>","protected":false},"excerpt":{"rendered":"<p class=\"ng-star-inserted\"><span class=\"ng-star-inserted\">Z22A usynlige genopladelige h\u00f8reapparater i \u00f8ret: \u00d8g din h\u00f8relse p\u00e5 en diskret m\u00e5de. Disse CIC-hj\u00e6lpemidler har str\u00f8m d\u00f8gnet rundt med USB-C\/Qi-opladning. AI-st\u00f8jreduktion g\u00f8r lyden klarere i st\u00f8jende omgivelser. Komfortable, allergivenlige. Ideel til OEM-partnere, der \u00f8nsker tilpasset branding, design og software til en skr\u00e6ddersyet h\u00f8rel\u00f8sning.<\/span><\/p>","protected":false},"featured_media":2635,"template":"","meta":{"_kad_post_transparent":"default","_kad_post_title":"","_kad_post_layout":"default","_kad_post_sidebar_id":"","_kad_post_content_style":"default","_kad_post_vertical_padding":"default","_kad_post_feature":"","_kad_post_feature_position":"","_kad_post_header":false,"_kad_post_footer":false,"_kad_post_classname":""},"product_brand":[],"product_cat":[15,561,559,568,560,565,563],"product_tag":[620,569,617,619,618],"class_list":{"0":"post-2280","1":"product","2":"type-product","3":"status-publish","4":"has-post-thumbnail","6":"product_cat-hearing-aid-by-types","7":"product_cat-digital-hearing-aids","8":"product_cat-hearing-aid-by-features","9":"product_cat-in-ear-hearing-aids","10":"product_cat-invisible-hearing-aids","11":"product_cat-noise-reduction-hearing-aids","12":"product_cat-rechargeable-hearing-aids","13":"product_tag-hearing-aid-noise-oem","14":"product_tag-in-ear-hearing-aids-oem","15":"product_tag-invisible-hearing-aids-oem","16":"product_tag-rechargeable-in-ear-hearing-aids-oem","17":"product_tag-rechargeable-invisible-hearing-aids-oem","19":"first","20":"instock","21":"shipping-taxable","22":"product-type-simple","23":"entry","24":"content-bg","25":"loop-entry"},"_links":{"self":[{"href":"https:\/\/chinahearingaid.com\/da\/wp-json\/wp\/v2\/product\/2280","targetHints":{"allow":["GET"]}}],"collection":[{"href":"https:\/\/chinahearingaid.com\/da\/wp-json\/wp\/v2\/product"}],"about":[{"href":"https:\/\/chinahearingaid.com\/da\/wp-json\/wp\/v2\/types\/product"}],"wp:featuredmedia":[{"embeddable":true,"href":"https:\/\/chinahearingaid.com\/da\/wp-json\/wp\/v2\/media\/2635"}],"wp:attachment":[{"href":"https:\/\/chinahearingaid.com\/da\/wp-json\/wp\/v2\/media?parent=2280"}],"wp:term":[{"taxonomy":"product_brand","embeddable":true,"href":"https:\/\/chinahearingaid.com\/da\/wp-json\/wp\/v2\/product_brand?post=2280"},{"taxonomy":"product_cat","embeddable":true,"href":"https:\/\/chinahearingaid.com\/da\/wp-json\/wp\/v2\/product_cat?post=2280"},{"taxonomy":"product_tag","embeddable":true,"href":"https:\/\/chinahearingaid.com\/da\/wp-json\/wp\/v2\/product_tag?post=2280"}],"curies":[{"name":"wp","href":"https:\/\/api.w.org\/{rel}","templated":true}]}}