{"id":2286,"date":"2025-05-23T01:57:08","date_gmt":"2025-05-23T01:57:08","guid":{"rendered":"https:\/\/chinahearingaid.com\/?post_type=product&#038;p=2286"},"modified":"2025-06-17T08:52:11","modified_gmt":"2025-06-17T08:52:11","slug":"z162tx-digital-hearing-aids-rechargeable-private-label","status":"publish","type":"product","link":"https:\/\/chinahearingaid.com\/da\/z162tx-digital-hearing-aids-rechargeable-private-label\/","title":{"rendered":"Z162TX digitale h\u00f8reapparater, genopladelige, private label"},"content":{"rendered":"<h2 data-v-md-heading=\"why-choose-z162tx\" data-v-md-line=\"5\">Hvorfor v\u00e6lge Z162TX?<\/h2>\n<p data-v-md-line=\"7\">De\u00a0<strong>Z162TX digitale h\u00f8reapparater<\/strong>\u00a0er i topklasse\u00a0<strong>genopladelige h\u00f8reapparater<\/strong>\u00a0designet til\u00a0<strong>audiologer, detailhandlere og private label-partnere<\/strong>. Disse h\u00f8reapparater er perfekte til dem, der \u00f8nsker at tilbyde h\u00f8reapparater af h\u00f8j kvalitet under deres eget m\u00e6rke.<\/p>\n<h3 data-v-md-heading=\"key-benefits\" data-v-md-line=\"9\">Vigtige fordele<\/h3>\n<ul data-v-md-line=\"11\">\n<li><strong>Private label-fordel<\/strong>: Lancer dit brand med\u00a0<strong>FDA-kompatible h\u00f8reapparater<\/strong>-nul omkostninger til forskning og udvikling p\u00e5 forh\u00e5nd.<\/li>\n<li><strong>Markedsklar teknologi<\/strong>:\u00a0<strong>Bluetooth-forbindelse<\/strong>,\u00a0<strong>24-timers batterilevetid<\/strong>, og\u00a0<strong>AI-drevet st\u00f8jreduktion<\/strong>.<\/li>\n<li><strong>Overholdelse og tillid<\/strong>: M\u00f8der\u00a0<strong>\u00a7801.422 FDA-m\u00e6rkningsstandarder<\/strong>\u00a0og\u00a0<strong>ISO 13485-benchmarks for produktion<\/strong>.<\/li>\n<\/ul>\n<h3 data-v-md-heading=\"technical-specifications\" data-v-md-line=\"15\">Tekniske specifikationer<\/h3>\n<p data-v-md-line=\"17\">Se disse fantastiske tekniske parametre:<\/p>\n\n<table id=\"tablepress-54\" class=\"tablepress tablepress-id-54\">\n<thead>\n<tr class=\"row-1\">\n\t<th class=\"column-1\">Tekniske parametre<\/th><th class=\"column-2\">Detaljer<\/th>\n<\/tr>\n<\/thead>\n<tbody class=\"row-striping row-hover\">\n<tr class=\"row-2\">\n\t<td class=\"column-1\">Batteri<\/td><td class=\"column-2\">24 timers driftstid, 3 timers hurtig opladning<\/td>\n<\/tr>\n<tr class=\"row-3\">\n\t<td class=\"column-1\">Bluetooth<\/td><td class=\"column-2\">Kontrol af iOS\/Android-apps<\/td>\n<\/tr>\n<tr class=\"row-4\">\n\t<td class=\"column-1\">St\u00f8jreduktion<\/td><td class=\"column-2\">AI-drevne adaptive mikrofoner<\/td>\n<\/tr>\n<tr class=\"row-5\">\n\t<td class=\"column-1\">IP-klassificering<\/td><td class=\"column-2\">IP68 vandt\u00e6t\/svedsikker<\/td>\n<\/tr>\n<\/tbody>\n<\/table>\n<!-- #tablepress-54 from cache -->\n<p data-v-md-line=\"26\">For mere detaljeret information kan du udforske\u00a0<a href=\"https:\/\/chinahearingaid.com\/da\/hearing-aid-by-types\/\" target=\"_blank\" rel=\"noopener\">h\u00f8reapparater efter type<\/a>\u00a0og specifikt\u00a0<a href=\"https:\/\/chinahearingaid.com\/da\/bte-hearing-aids\/\" target=\"_blank\" rel=\"noopener\">BTE-h\u00f8reapparater<\/a>.<\/p>\n<h3 data-v-md-heading=\"usage-scenarios\" data-v-md-line=\"28\">Brugsscenarier<\/h3>\n<p data-v-md-line=\"30\">De\u00a0<strong>Z162TX digitale h\u00f8reapparater<\/strong>\u00a0kan bruges i forskellige scenarier:<\/p>\n<ul data-v-md-line=\"32\">\n<li><strong>Travle milj\u00f8er<\/strong>: Reducerer baggrundsst\u00f8j p\u00e5 restauranter og i menneskem\u00e6ngder.<\/li>\n<li><strong>Udend\u00f8rs aktiviteter<\/strong>: Vindafvisende til vandreture og havearbejde.<\/li>\n<li><strong>Telehealth-opkald<\/strong>: Bluetooth-parring til klare videokonsultationer.<\/li>\n<\/ul>\n<p data-v-md-line=\"36\">L\u00e6s mere om disse funktioner i vores\u00a0<a href=\"https:\/\/chinahearingaid.com\/da\/bluetooth-hearing-aids\/\" target=\"_blank\" rel=\"noopener\">Afsnit om Bluetooth-h\u00f8reapparater<\/a>.<\/p>\n<h3 data-v-md-heading=\"customization-options\" data-v-md-line=\"38\">Tilpasningsmuligheder<\/h3>\n<p data-v-md-line=\"40\">Vi leverer\u00a0<strong>OEM-klare designs<\/strong>\u00a0til brandlogoer og emballage. Juster frekvensomr\u00e5det (250-6000 Hz) ved hj\u00e6lp af vores egenudviklede software.<\/p>\n<p data-v-md-line=\"42\">F\u00e5 dine egne brandingmuligheder her:\u00a0<a href=\"https:\/\/chinahearingaid.com\/da\/z128-digital-hearing-aids-bte-noise-reduction-brand-custom\/\" target=\"_blank\" rel=\"noopener\">Custom Digital Hearing Aids Brand<\/a>.<\/p>\n<h3 data-v-md-heading=\"compliance-and-support\" data-v-md-line=\"44\">Overholdelse og st\u00f8tte<\/h3>\n<ul data-v-md-line=\"46\">\n<li><strong>FDA-klar<\/strong>: Indeholder obligatoriske formularer til l\u00e6gefritagelse og brugermanualer (<a href=\"https:\/\/chinahearingaid.com\/da\/rechargeable-hearing-aids\/\" target=\"_blank\" rel=\"noopener\">L\u00e6s mere om det<\/a>).<\/li>\n<li><strong>Service med hvide handsker<\/strong>: Dedikerede repr\u00e6sentanter til branding og lagersupport.<\/li>\n<\/ul>\n<h2 data-v-md-heading=\"why-private-label\" data-v-md-line=\"49\">Hvorfor private label?<\/h2>\n<ul data-v-md-line=\"51\">\n<li><strong>\u00d8g margenerne<\/strong>: Undg\u00e5 standardisering - 86% af patienterne genkender ikke producenternes m\u00e6rker.<\/li>\n<\/ul>\n<p data-v-md-line=\"53\">For mere indsigt, bes\u00f8g:\u00a0<a href=\"https:\/\/chinahearingaid.com\/da\/z162tx-digital-hearing-aids-rechargeable-private-label\/\" target=\"_blank\" rel=\"noopener\">Digitale h\u00f8reapparater under eget m\u00e6rke<\/a>.<\/p>\n<h3 data-v-md-heading=\"feature-highlights\" data-v-md-line=\"55\">Funktionelle h\u00f8jdepunkter<\/h3>\n<ul data-v-md-line=\"57\">\n<li><strong>Avanceret lydbehandling<\/strong><\/li>\n<li><strong>Genopladelig bekvemmelighed<\/strong><\/li>\n<li><strong>Brugerdefineret branding<\/strong><\/li>\n<\/ul>\n<p data-v-md-line=\"61\">L\u00e6s mere om vores avancerede funktioner:\u00a0<a href=\"https:\/\/chinahearingaid.com\/da\/digital-hearing-aids\/\" target=\"_blank\" rel=\"noopener\">Digitale h\u00f8reapparater<\/a>.<\/p>\n<h2 data-v-md-heading=\"call-to-action\" data-v-md-line=\"63\">Opfordring til handling<\/h2>\n<p data-v-md-line=\"65\"><strong>Start din h\u00f8reapparatlinje p\u00e5 7 dage: Anmod om brugerdefinerede brandingpr\u00f8ver og massepriser nu.<\/strong><\/p>\n<p data-v-md-line=\"67\">For flere produktkategorier, bes\u00f8g venligst vores\u00a0<a href=\"https:\/\/chinahearingaid.com\/da\" target=\"_blank\" rel=\"noopener\">Hovedwebsted<\/a>.<\/p>\n<p><script src=\"chrome-extension:\/\/fpelahbljekknahkcaegamhcndkfpfnc\/iFrame.js\" type=\"text\/javascript\"><\/script><\/p>\n<p><script src=\"chrome-extension:\/\/fpelahbljekknahkcaegamhcndkfpfnc\/iFrame.js\" type=\"text\/javascript\"><\/script><\/p>","protected":false},"excerpt":{"rendered":"<p>V\u00e6lg Z162TX digitale h\u00f8reapparater: F\u00f8rsteklasses genopladelige enheder til audiologer, forhandlere og private label. Lancer dit brand med FDA-kompatibel, markedsklar teknologi - Bluetooth, 24 timers batteri, AI-st\u00f8jreduktion - uden omkostninger til forskning og udvikling. ISO 13485-certificeret. OEM-designs. \u00d8g dine marginer. Start din linje p\u00e5 7 dage: Anmod om pr\u00f8ver og bulkpriser!<\/p>\n<p><script src=\"chrome-extension:\/\/fpelahbljekknahkcaegamhcndkfpfnc\/iFrame.js\" type=\"text\/javascript\"><\/script><\/p>\n<p><script src=\"chrome-extension:\/\/fpelahbljekknahkcaegamhcndkfpfnc\/iFrame.js\" type=\"text\/javascript\"><\/script><\/p>","protected":false},"featured_media":3250,"template":"","meta":{"_kad_post_transparent":"default","_kad_post_title":"","_kad_post_layout":"default","_kad_post_sidebar_id":"","_kad_post_content_style":"default","_kad_post_vertical_padding":"default","_kad_post_feature":"","_kad_post_feature_position":"","_kad_post_header":false,"_kad_post_footer":false,"_kad_post_classname":""},"product_brand":[],"product_cat":[15,544,561,559,563],"product_tag":[628,629,630],"class_list":{"0":"post-2286","1":"product","2":"type-product","3":"status-publish","4":"has-post-thumbnail","6":"product_cat-hearing-aid-by-types","7":"product_cat-bte-hearing-aids","8":"product_cat-digital-hearing-aids","9":"product_cat-hearing-aid-by-features","10":"product_cat-rechargeable-hearing-aids","11":"product_tag-bte-digital-hearing-aid-private-label","12":"product_tag-digital-hearing-aids-private-label","13":"product_tag-hearing-aids-rechargeable-private-label","15":"first","16":"instock","17":"shipping-taxable","18":"product-type-simple","19":"entry","20":"content-bg","21":"loop-entry"},"_links":{"self":[{"href":"https:\/\/chinahearingaid.com\/da\/wp-json\/wp\/v2\/product\/2286","targetHints":{"allow":["GET"]}}],"collection":[{"href":"https:\/\/chinahearingaid.com\/da\/wp-json\/wp\/v2\/product"}],"about":[{"href":"https:\/\/chinahearingaid.com\/da\/wp-json\/wp\/v2\/types\/product"}],"wp:featuredmedia":[{"embeddable":true,"href":"https:\/\/chinahearingaid.com\/da\/wp-json\/wp\/v2\/media\/3250"}],"wp:attachment":[{"href":"https:\/\/chinahearingaid.com\/da\/wp-json\/wp\/v2\/media?parent=2286"}],"wp:term":[{"taxonomy":"product_brand","embeddable":true,"href":"https:\/\/chinahearingaid.com\/da\/wp-json\/wp\/v2\/product_brand?post=2286"},{"taxonomy":"product_cat","embeddable":true,"href":"https:\/\/chinahearingaid.com\/da\/wp-json\/wp\/v2\/product_cat?post=2286"},{"taxonomy":"product_tag","embeddable":true,"href":"https:\/\/chinahearingaid.com\/da\/wp-json\/wp\/v2\/product_tag?post=2286"}],"curies":[{"name":"wp","href":"https:\/\/api.w.org\/{rel}","templated":true}]}}