{"id":2288,"date":"2025-05-23T02:00:14","date_gmt":"2025-05-23T02:00:14","guid":{"rendered":"https:\/\/chinahearingaid.com\/?post_type=product&#038;p=2288"},"modified":"2025-06-09T00:04:01","modified_gmt":"2025-06-09T00:04:01","slug":"z-109td-best-rechargeable-bte-hearing-aids-vendor-order","status":"publish","type":"product","link":"https:\/\/chinahearingaid.com\/da\/z-109td-best-rechargeable-bte-hearing-aids-vendor-order\/","title":{"rendered":"Z-109TD Bedste genopladelige BTE-h\u00f8reapparater Leverand\u00f8rbestilling"},"content":{"rendered":"<h2 data-v-md-heading=\"z-109td-rechargeable-bte-hearing-aids\" data-v-md-line=\"1\">Z-109TD genopladelige BTE-h\u00f8reapparater<\/h2>\n<p data-v-md-line=\"3\">De\u00a0<strong>Z-109TD genopladelige BTE-h\u00f8reapparater<\/strong>\u00a0er den bedste l\u00f8sning for\u00a0<strong>leverand\u00f8rer<\/strong> Disse BTE-h\u00f8reapparater (Behind-The-Ear) er designet til at give tilfredsstillende lydklarhed og komfort. Uanset om du k\u00f8ber til personlig brug eller\u00a0<strong>Store ordrer<\/strong>\u00a0for din\u00a0<strong>Klinik<\/strong>\u00a0eller\u00a0<strong>butik<\/strong>leverer Z-109TD en uovertruffen ydeevne.<\/p>\n<h2 data-v-md-heading=\"key-features\" data-v-md-line=\"5\">N\u00f8glefunktioner<\/h2>\n<p>Genopladeligt batteri: Z-109TD har et p\u00e5lideligt litium-ion-batteri, der giver 24 timers brug p\u00e5 en enkelt opladning. Det tager kun 2 timer at genoplade, hvilket g\u00f8r den perfekt til daglig brug og overfl\u00f8digg\u00f8r behovet for engangsbatterier.<br \/>\nBluetooth-forbindelse: Par nemt dine h\u00f8reapparater med smartphones, tv'er og andre enheder for at f\u00e5 klar lydstreaming i dine \u00f8rer p\u00e5 \u00e9n gang.<br \/>\nAvanceret st\u00f8jreduktion: Nyd rene samtaler selv i st\u00f8jende omgivelser med overlegen DSP-teknologi (Digital Sign Processing).<br \/>\nErgonomisk design: \u00d8reformer, der kan tilpasses, og alternativer med tynde r\u00f8r sikrer en behagelig pasform til brug hele dagen.<\/p>\n<h2 data-v-md-heading=\"product-parameters\" data-v-md-line=\"12\">Produktparametre<\/h2>\n\n<table id=\"tablepress-52\" class=\"tablepress tablepress-id-52\">\n<thead>\n<tr class=\"row-1\">\n\t<th class=\"column-1\">Category<\/th><th class=\"column-2\">Detaljer<\/th>\n<\/tr>\n<\/thead>\n<tbody class=\"row-striping row-hover\">\n<tr class=\"row-2\">\n\t<td class=\"column-1\">Batteri<\/td><td class=\"column-2\">Genopladelig lithium-ion (24 timers driftstid, 2 timers opladningstid)<\/td>\n<\/tr>\n<tr class=\"row-3\">\n\t<td class=\"column-1\">Lydoutput<\/td><td class=\"column-2\">\u2264130 dB SPL \u00b13 dB<\/td>\n<\/tr>\n<tr class=\"row-4\">\n\t<td class=\"column-1\">F\u00e5 gevinst<\/td><td class=\"column-2\">37 dB \u00b15 dB<\/td>\n<\/tr>\n<tr class=\"row-5\">\n\t<td class=\"column-1\">Frekvensomr\u00e5de<\/td><td class=\"column-2\">300 Hz - 6.500 Hz<\/td>\n<\/tr>\n<tr class=\"row-6\">\n\t<td class=\"column-1\">THD<\/td><td class=\"column-2\"><5%<\/td>\n<\/tr>\n<tr class=\"row-7\">\n\t<td class=\"column-1\">Overensstemmelse<\/td><td class=\"column-2\">FDA 510(k)-godkendt, CE, ISO 13485-certificeret<\/td>\n<\/tr>\n<\/tbody>\n<\/table>\n<!-- #tablepress-52 from cache -->\n<h2 data-v-md-heading=\"usage-scenarios\" data-v-md-line=\"23\">Brugsscenarier<\/h2>\n<ul data-v-md-line=\"25\">\n<li><strong>Seniorer<\/strong>: Perfekt til daglig brug for dem med moderat til ekstremt lyttetab.<\/li>\n<li><strong>Professionelle<\/strong>: Ideel til m\u00f8der og st\u00f8jende arbejdspladser.<\/li>\n<li><strong>Leverand\u00f8rer<\/strong>: Massebestillinger g\u00f8r den perfekt til klinikker og hospitaler.<\/li>\n<li><strong>Rejsende<\/strong>: Let og b\u00e6rbar, perfekt til brug p\u00e5 farten.<\/li>\n<\/ul>\n<h2 data-v-md-heading=\"benefits-for-vendors\" data-v-md-line=\"30\">Fordele for leverand\u00f8rer<\/h2>\n<ul data-v-md-line=\"32\">\n<li><strong>Konkurrencedygtige priser<\/strong>: Nyd godt af differentierede reduktioner for bulkordrer, startende fra en minimumsm\u00e6ngde (MOQ) p\u00e5 100 enheder.<\/li>\n<li><strong>Hvid m\u00e6rkning<\/strong>: Der er mulighed for brugerdefineret branding og emballage for at \u00f8ge din kliniks eller butiks trov\u00e6rdighed.<\/li>\n<li><strong>Hurtig behandling<\/strong>: Masseproduktion med en leveringstid p\u00e5 fire til seks uger.<\/li>\n<li><strong>Support efter salg<\/strong>: Hver ordre er sponsoreret med 1 \u00e5rs garanti og dedikeret teknisk assistance.<\/li>\n<\/ul>\n<h2 data-v-md-heading=\"why-choose-the-z-109td\" data-v-md-line=\"37\">Hvorfor v\u00e6lge Z-109TD?<\/h2>\n<p data-v-md-line=\"39\">De\u00a0<strong>Z-109TD genopladelige BTE-h\u00f8reapparater<\/strong>\u00a0skiller sig ud fra konkurrenter som\u00a0<strong>Phonak<\/strong>\u00a0og\u00a0<strong>Oticon<\/strong>. De giver den bedste omkostningseffektivitet for stork\u00f8bere og har en overlegen batterilevetid. Det g\u00f8r dem til et fremragende valg til B2B-partnerskaber og personlig brug.<\/p>\n<h2 data-v-md-heading=\"related-products-and-resources\" data-v-md-line=\"42\">Relaterede produkter og ressourcer<\/h2>\n<p data-v-md-line=\"44\">F\u00e5 mere at vide om\u00a0<a href=\"https:\/\/chinahearingaid.com\/da\/bte-hearing-aids\/\" target=\"_blank\" rel=\"noopener\">BTE-h\u00f8reapparater<\/a>\u00a0eller udforsk forskellige typer h\u00f8reapparater fra vores omfattende udvalg:<\/p>\n<ul data-v-md-line=\"46\">\n<li><a href=\"https:\/\/chinahearingaid.com\/da\/rechargeable-hearing-aids\/\" target=\"_blank\" rel=\"noopener\">Genopladelige h\u00f8reapparater<\/a><\/li>\n<li><a href=\"https:\/\/chinahearingaid.com\/da\/bluetooth-hearing-aids\/\" target=\"_blank\" rel=\"noopener\">Bluetooth-h\u00f8reapparater<\/a><\/li>\n<li><a href=\"https:\/\/chinahearingaid.com\/da\/noise-reduction-hearing-aids\/\" target=\"_blank\" rel=\"noopener\">St\u00f8jreducerende h\u00f8reapparater<\/a><\/li>\n<li><a href=\"https:\/\/chinahearingaid.com\/da\/digital-hearing-aids\/\" target=\"_blank\" rel=\"noopener\">Digitale h\u00f8reapparater<\/a><\/li>\n<\/ul>\n<p data-v-md-line=\"51\">For mere information om bestilling, bes\u00f8g vores\u00a0<a href=\"https:\/\/chinahearingaid.com\/da\/z-109td-best-rechargeable-bte-hearing-aids-vendor-order\/\" target=\"_blank\" rel=\"noopener\">Bestilling af bedste BTE-h\u00f8reapparatleverand\u00f8r<\/a>\u00a0side.<\/p>\n<p data-v-md-line=\"54\">Z-109TD er din ideelle l\u00f8sning til overlegen lydkvalitet og p\u00e5lidelig ydeevne. Lav din bulkbestilling i dag, og oplev det bedste inden for h\u00f8reapparatteknologi.<\/p>","protected":false},"excerpt":{"rendered":"<p class=\"ng-star-inserted\"><span class=\"ng-star-inserted\">Z-109TD genopladelige BTE-h\u00f8reapparater: Et f\u00f8rstevalg for leverand\u00f8rer og enkeltpersoner, der \u00f8nsker p\u00e5lidelig h\u00f8relse i h\u00f8j kvalitet. Disse BTE'er tilbyder overlegen lydklarhed og komfort. Nyd 24 timers brug fra en 2 timers opladning, Bluetooth-streaming og avanceret st\u00f8jreduktion. Ideel til personlig brug eller massebestillinger til klinikker\/butikker, der leverer fremragende v\u00e6rdi og ydeevne.<\/span><\/p>","protected":false},"featured_media":3052,"template":"","meta":{"_kad_post_transparent":"default","_kad_post_title":"","_kad_post_layout":"default","_kad_post_sidebar_id":"","_kad_post_content_style":"default","_kad_post_vertical_padding":"default","_kad_post_feature":"","_kad_post_feature_position":"","_kad_post_header":false,"_kad_post_footer":false,"_kad_post_classname":""},"product_brand":[],"product_cat":[15,544,559,563],"product_tag":[635,636],"class_list":{"0":"post-2288","1":"product","2":"type-product","3":"status-publish","4":"has-post-thumbnail","6":"product_cat-hearing-aid-by-types","7":"product_cat-bte-hearing-aids","8":"product_cat-hearing-aid-by-features","9":"product_cat-rechargeable-hearing-aids","10":"product_tag-best-bte-hearing-aid-vendor-order","11":"product_tag-best-rechargeable-hearing-aids-vendor-order","13":"first","14":"instock","15":"shipping-taxable","16":"product-type-simple","17":"entry","18":"content-bg","19":"loop-entry"},"_links":{"self":[{"href":"https:\/\/chinahearingaid.com\/da\/wp-json\/wp\/v2\/product\/2288","targetHints":{"allow":["GET"]}}],"collection":[{"href":"https:\/\/chinahearingaid.com\/da\/wp-json\/wp\/v2\/product"}],"about":[{"href":"https:\/\/chinahearingaid.com\/da\/wp-json\/wp\/v2\/types\/product"}],"wp:featuredmedia":[{"embeddable":true,"href":"https:\/\/chinahearingaid.com\/da\/wp-json\/wp\/v2\/media\/3052"}],"wp:attachment":[{"href":"https:\/\/chinahearingaid.com\/da\/wp-json\/wp\/v2\/media?parent=2288"}],"wp:term":[{"taxonomy":"product_brand","embeddable":true,"href":"https:\/\/chinahearingaid.com\/da\/wp-json\/wp\/v2\/product_brand?post=2288"},{"taxonomy":"product_cat","embeddable":true,"href":"https:\/\/chinahearingaid.com\/da\/wp-json\/wp\/v2\/product_cat?post=2288"},{"taxonomy":"product_tag","embeddable":true,"href":"https:\/\/chinahearingaid.com\/da\/wp-json\/wp\/v2\/product_tag?post=2288"}],"curies":[{"name":"wp","href":"https:\/\/api.w.org\/{rel}","templated":true}]}}