{"id":2292,"date":"2025-05-23T02:10:55","date_gmt":"2025-05-23T02:10:55","guid":{"rendered":"https:\/\/chinahearingaid.com\/?post_type=product&#038;p=2292"},"modified":"2025-06-08T14:41:26","modified_gmt":"2025-06-08T14:41:26","slug":"z128-digital-hearing-aids-bte-noise-reduction-brand-custom","status":"publish","type":"product","link":"https:\/\/chinahearingaid.com\/da\/z128-digital-hearing-aids-bte-noise-reduction-brand-custom\/","title":{"rendered":"Z128 Digital Hearing Aids BTE Noise Reduction Brand Custom"},"content":{"rendered":"<h2 data-v-md-heading=\"rediscover-the-joy-of-clear-hearing\" data-v-md-line=\"3\"><strong>Genopdag gl\u00e6den ved klar h\u00f8relse<\/strong><\/h2>\n<p data-v-md-line=\"5\">Oplev verden p\u00e5 ny med\u00a0<strong>Z128 Digitale h\u00f8reapparater<\/strong>. Disse avancerede\u00a0<strong>BTE (bag \u00f8ret)<\/strong>\u00a0enheder er designet med banebrydende\u00a0<strong>st\u00f8jreduktion<\/strong>\u00a0Teknologi og funktioner, der kan tilpasses, sikrer en enest\u00e5ende h\u00f8reoplevelse, der er skr\u00e6ddersyet til dine unikke behov.<\/p>\n<h2 data-v-md-heading=\"key-features\" data-v-md-line=\"7\">N\u00f8glefunktioner<\/h2>\n<h3 data-v-md-heading=\"noise-reduction-technology\" data-v-md-line=\"9\"><strong>St\u00f8jreducerende teknologi<\/strong><\/h3>\n<p data-v-md-line=\"10\">Vores\u00a0<strong>st\u00f8jreducerende h\u00f8reapparater<\/strong>\u00a0bruger AI-drevet filtrering til at hj\u00e6lpe dig med at h\u00f8re pr\u00e6cis, hvad du har brug for. Uanset om du er p\u00e5 en st\u00f8jende restaurant eller nyder naturen, vil den avancerede WindScreen-teknologi minimere vindinterferens.<\/p>\n<h3 data-v-md-heading=\"comfort-and-discreet-design\" data-v-md-line=\"12\"><strong>Komfort og diskret design<\/strong><\/h3>\n<p data-v-md-line=\"13\">Z128 sidder behageligt bag \u00f8ret. Dens\u00a0<strong>\u00f8revoks-resistent<\/strong>\u00a0komponenter betyder f\u00e6rre reng\u00f8ringer og l\u00e6ngerevarende ydeevne. Det slanke design passer perfekt til din hudtone og giver et diskret look.<\/p>\n<h3 data-v-md-heading=\"rechargeable-battery\" data-v-md-line=\"15\"><strong>Genopladeligt batteri<\/strong><\/h3>\n<p data-v-md-line=\"16\">Nyd op til 24 timers batterilevetid med\u00a0<strong>genopladeligt batteri<\/strong>. Hurtig opladning p\u00e5 kun 4 timer sikrer, at du aldrig st\u00e5r uden lyd.<\/p>\n<h3 data-v-md-heading=\"brand-customization\" data-v-md-line=\"18\"><strong>Tilpasning af brand<\/strong><\/h3>\n<p data-v-md-line=\"19\">Skr\u00e6ddersy din h\u00f8reoplevelse med\u00a0<strong>Brugerdefinerede lydstyrkeindstillinger, frekvensb\u00e5nd og lydprofiler<\/strong>\u00a0via vores app. Det g\u00f8r ikke kun Z128 til et h\u00f8jtydende apparat, men ogs\u00e5 til et, der passer perfekt til dine specifikke h\u00f8rebehov.<\/p>\n<h3 data-v-md-heading=\"seamless-connectivity\" data-v-md-line=\"21\"><strong>S\u00f8ml\u00f8s forbindelse<\/strong><\/h3>\n<p data-v-md-line=\"22\"><strong>Bluetooth-aktiveret<\/strong>\u00a0forbindelsen giver mulighed for at streame telefonopkald, musik og tv direkte til dine h\u00f8reapparater. Hold forbindelsen ubesv\u00e6ret med\u00a0<strong>Z128 digitale h\u00f8reapparater<\/strong>\u00a0.<\/p>\n<h2 data-v-md-heading=\"technical-specifications\" data-v-md-line=\"25\">Tekniske specifikationer<\/h2>\n\n<table id=\"tablepress-48\" class=\"tablepress tablepress-id-48\">\n<thead>\n<tr class=\"row-1\">\n\t<th class=\"column-1\">Parameter<\/th><th class=\"column-2\">Detaljer<\/th>\n<\/tr>\n<\/thead>\n<tbody class=\"row-striping row-hover\">\n<tr class=\"row-2\">\n\t<td class=\"column-1\">Type<\/td><td class=\"column-2\">Design bag \u00f8ret (BTE) med digital behandling<\/td>\n<\/tr>\n<tr class=\"row-3\">\n\t<td class=\"column-1\">St\u00f8jreduktion<\/td><td class=\"column-2\">Avanceret AI-drevet st\u00f8jfiltrering og WindScreen-teknologi til reduktion af vindst\u00f8j<\/td>\n<\/tr>\n<tr class=\"row-4\">\n\t<td class=\"column-1\">Tilpasning<\/td><td class=\"column-2\">M\u00e6rkespecifikke forudindstillinger, justerbare frekvensb\u00e5nd, tilpassede skalforme<\/td>\n<\/tr>\n<tr class=\"row-5\">\n\t<td class=\"column-1\">Forbindelse<\/td><td class=\"column-2\">Bluetooth 5.0 til problemfri parring med smartphones\/tablets<\/td>\n<\/tr>\n<tr class=\"row-6\">\n\t<td class=\"column-1\">Batteri<\/td><td class=\"column-2\">Genopladelig lithium-ion (24-timers batterilevetid, 4-timers hurtigopladning)<\/td>\n<\/tr>\n<tr class=\"row-7\">\n\t<td class=\"column-1\">Lydkvalitet<\/td><td class=\"column-2\">High-fidelity-lyd med dynamisk undertrykkelse af feedback<\/td>\n<\/tr>\n<tr class=\"row-8\">\n\t<td class=\"column-1\">St\u00f8tte til tinnitus<\/td><td class=\"column-2\">Indbyggede maskeringstoner til lindring af tinnitus<\/td>\n<\/tr>\n<tr class=\"row-9\">\n\t<td class=\"column-1\">Holdbarhed<\/td><td class=\"column-2\">Vandafvisende bel\u00e6gning (IP-klassificering) for modstandsdygtighed over for fugt<\/td>\n<\/tr>\n<tr class=\"row-10\">\n\t<td class=\"column-1\">Garanti<\/td><td class=\"column-2\">3 \u00e5rs garanti med gratis justeringer<\/td>\n<\/tr>\n<\/tbody>\n<\/table>\n<!-- #tablepress-48 from cache -->\n<h2 data-v-md-heading=\"usage-scenarios\" data-v-md-line=\"40\">Brugsscenarier<\/h2>\n<h3 data-v-md-heading=\"everyday-life\" data-v-md-line=\"42\"><strong>Hverdagsliv<\/strong><\/h3>\n<ul data-v-md-line=\"43\">\n<li><strong>St\u00f8jende milj\u00f8er<\/strong>: Perfekt til steder med mange mennesker, f.eks. restauranter eller markeder. St\u00f8jreduktionsteknologien fokuserer p\u00e5 tale og g\u00f8r samtaler tydelige.<\/li>\n<li><strong>Udend\u00f8rs aktiviteter<\/strong>: WindScreen-teknologien er ideel til udend\u00f8rs brug og reducerer vindst\u00f8jen betydeligt.<\/li>\n<li><strong>Sociale sammenkomster<\/strong>: Forbedr din lytteoplevelse i gruppesammenh\u00e6nge med brugerdefinerede\u00a0<strong>Tilstande for talefokus<\/strong>\u00a0.<\/li>\n<li><strong>Rejser<\/strong>: Lang batterilevetid sikrer ydeevne hele dagen, uanset om det er p\u00e5 en lang flyvetur eller biltur.<\/li>\n<\/ul>\n<h3 data-v-md-heading=\"technical\" data-v-md-line=\"48\"><strong>Teknisk<\/strong><\/h3>\n<ul data-v-md-line=\"50\">\n<li><strong>Rekreation<\/strong>: Stream musik og tv med\u00a0<strong>Bluetooth-forbindelse<\/strong>og nyder lyd i h\u00f8j kvalitet uden afbrydelser.<\/li>\n<li><strong>Arbejde<\/strong>: Deltag i konferenceopkald direkte gennem dine h\u00f8reapparater, og g\u00e5 aldrig glip af et ord.<\/li>\n<\/ul>\n<h2 data-v-md-heading=\"why-choose-z128\" data-v-md-line=\"54\">Hvorfor v\u00e6lge Z128?<\/h2>\n<p data-v-md-line=\"56\">At v\u00e6lge et h\u00f8reapparat er en vigtig beslutning. Z128 tilbyder en prisvenlig l\u00f8sning uden at g\u00e5 p\u00e5 kompromis med kvalitet, komfort eller avancerede funktioner:<\/p>\n<p data-v-md-line=\"59\">\u2705\u00a0<strong>Bevist ydeevne<\/strong>: Kombinerer BTE til en overkommelig pris med banebrydende AI-teknologi<br \/>\n\u2705\u00a0<strong>Brand-specifik tilpasning<\/strong>: Skr\u00e6ddersy indstillinger til at matche dine livsstilsbehov<br \/>\n\u2705\u00a0<strong>Betroet st\u00f8tte<\/strong>: Audiolog-godkendt design sikrer p\u00e5lidelighed og komfort<\/p>\n<p data-v-md-line=\"63\">Udforsk mere om\u00a0<a href=\"https:\/\/chinahearingaid.com\/da\/bte-hearing-aids\/\" target=\"_blank\" rel=\"noopener\">BTE-h\u00f8reapparater<\/a><a href=\"https:\/\/chinahearingaid.com\/da\/digital-hearing-aids\/\" target=\"_blank\" rel=\"noopener\">Digitale h\u00f8reapparater<\/a>, og\u00a0<a href=\"https:\/\/chinahearingaid.com\/da\/noise-reduction-hearing-aids\/\" target=\"_blank\" rel=\"noopener\">St\u00f8jreducerende h\u00f8reapparater<\/a>\u00a0for at f\u00e5 yderligere indsigt i vores tilbud af h\u00f8j kvalitet.<\/p>\n<h2 data-v-md-heading=\"faq-section\" data-v-md-line=\"66\">FAQ-sektion<\/h2>\n<p data-v-md-line=\"68\"><strong>Q: Er BTE-hj\u00e6lpemidler synlige, n\u00e5r de b\u00e6res?<\/strong><br \/>\n<em>A: Z128's slanke design smelter sammen med h\u00e5r- og hudfarver og giver diskretion uden at g\u00e5 p\u00e5 kompromis med funktionaliteten.<\/em>\u00a0.<\/p>\n<p data-v-md-line=\"71\"><strong>Q: Hvordan h\u00e5ndterer den vindst\u00f8j udenfor?<\/strong><br \/>\n<em>A: Vores innovative WindScreen-teknologi reducerer vindst\u00f8j markant og sikrer klar h\u00f8relse udend\u00f8rs.<\/em>\u00a0.<\/p>\n<p data-v-md-line=\"74\"><strong>Q: Kan jeg justere indstillingerne uden en audiolog?<\/strong><br \/>\n<em>A: Ja! Brug den dedikerede app til at oprette og justere dine personlige h\u00f8reprofiler til forskellige milj\u00f8er.<\/em>\u00a0.<\/p>\n<p data-v-md-line=\"78\">Genopdagelse\u00a0<strong>klar h\u00f8relse<\/strong>\u00a0og omfavn livet med selvtillid med\u00a0<strong>Z128 Digitale h\u00f8reapparater BTE<\/strong>. Bes\u00f8g\u00a0<a href=\"https:\/\/chinahearingaid.com\/da\" target=\"_blank\" rel=\"noopener\">Kina H\u00f8reapparater<\/a>\u00a0for at finde den perfekte l\u00f8sning til dine h\u00f8rebehov.<\/p>","protected":false},"excerpt":{"rendered":"<div class=\"model-prompt-container\" data-turn-role=\"Model\">\n<div class=\"turn-content\">\n<p class=\"ng-star-inserted\"><span class=\"ng-star-inserted\">Genopdag en klar h\u00f8relse med Z128 Digital BTE Hearing Aids! Oplev verden p\u00e5 ny med AI-drevet st\u00f8jreduktion og WindScreen-teknologi, der giver enest\u00e5ende klarhed p\u00e5 st\u00f8jende restauranter eller i bl\u00e6sevejr udend\u00f8rs. Komfortable, diskrete, \u00f8revoksresistente hj\u00e6lpemidler med 24 timers genopladeligt batteri (4 timers hurtigopladning). Tilpas via app - juster lydstyrke, profiler og meget mere. Stream opkald og musik direkte med Bluetooth.<\/span><\/p>\n<\/div>\n<\/div>","protected":false},"featured_media":3028,"template":"","meta":{"_kad_post_transparent":"default","_kad_post_title":"","_kad_post_layout":"default","_kad_post_sidebar_id":"","_kad_post_content_style":"default","_kad_post_vertical_padding":"default","_kad_post_feature":"","_kad_post_feature_position":"","_kad_post_header":false,"_kad_post_footer":false,"_kad_post_classname":""},"product_brand":[],"product_cat":[15,544,561,559,565,563],"product_tag":[649,650,652,651],"class_list":{"0":"post-2292","1":"product","2":"type-product","3":"status-publish","4":"has-post-thumbnail","6":"product_cat-hearing-aid-by-types","7":"product_cat-bte-hearing-aids","8":"product_cat-digital-hearing-aids","9":"product_cat-hearing-aid-by-features","10":"product_cat-noise-reduction-hearing-aids","11":"product_cat-rechargeable-hearing-aids","12":"product_tag-bte-hearing-aids-brand-custom","13":"product_tag-digital-hearing-aids-brand-custom","14":"product_tag-noise-reduction-hearing-aids-brand-custom","15":"product_tag-rechargeable-hearing-aids-brand-custom","17":"first","18":"instock","19":"shipping-taxable","20":"product-type-simple","21":"entry","22":"content-bg","23":"loop-entry"},"_links":{"self":[{"href":"https:\/\/chinahearingaid.com\/da\/wp-json\/wp\/v2\/product\/2292","targetHints":{"allow":["GET"]}}],"collection":[{"href":"https:\/\/chinahearingaid.com\/da\/wp-json\/wp\/v2\/product"}],"about":[{"href":"https:\/\/chinahearingaid.com\/da\/wp-json\/wp\/v2\/types\/product"}],"wp:featuredmedia":[{"embeddable":true,"href":"https:\/\/chinahearingaid.com\/da\/wp-json\/wp\/v2\/media\/3028"}],"wp:attachment":[{"href":"https:\/\/chinahearingaid.com\/da\/wp-json\/wp\/v2\/media?parent=2292"}],"wp:term":[{"taxonomy":"product_brand","embeddable":true,"href":"https:\/\/chinahearingaid.com\/da\/wp-json\/wp\/v2\/product_brand?post=2292"},{"taxonomy":"product_cat","embeddable":true,"href":"https:\/\/chinahearingaid.com\/da\/wp-json\/wp\/v2\/product_cat?post=2292"},{"taxonomy":"product_tag","embeddable":true,"href":"https:\/\/chinahearingaid.com\/da\/wp-json\/wp\/v2\/product_tag?post=2292"}],"curies":[{"name":"wp","href":"https:\/\/api.w.org\/{rel}","templated":true}]}}