{"id":2299,"date":"2025-05-23T02:26:16","date_gmt":"2025-05-23T02:26:16","guid":{"rendered":"https:\/\/chinahearingaid.com\/?post_type=product&#038;p=2299"},"modified":"2025-06-17T08:43:10","modified_gmt":"2025-06-17T08:43:10","slug":"z109cx-mini-bte-hearing-aids-digital-binaural-distributor","status":"publish","type":"product","link":"https:\/\/chinahearingaid.com\/da\/z109cx-mini-bte-hearing-aids-digital-binaural-distributor\/","title":{"rendered":"Z109CX Mini BTE-h\u00f8reapparat digital binaural distribut\u00f8r"},"content":{"rendered":"<h2 data-v-md-heading=\"_1-authorized-distributors-by-region\" data-v-md-line=\"4\"><strong>Autoriserede distribut\u00f8rer efter region<\/strong><\/h2>\n<p data-v-md-line=\"5\">De\u00a0<strong>Z109CX Mini Digital Binaural BTE-h\u00f8reapparater<\/strong>\u00a0er tilg\u00e6ngelige gennem et globalt netv\u00e6rk af certificerede distribut\u00f8rer. De vigtigste salgspartnere pr. region er beskrevet nedenfor:<\/p>\n<ul data-v-md-line=\"7\">\n<li>\n<p data-v-md-line=\"7\"><strong>Nordamerika<\/strong>:<\/p>\n<\/li>\n<li>\n<p data-v-md-line=\"8\">Autoriserede distribut\u00f8rer i USA og Canada med d\u00e6kning i mere end 30 stater.<\/p>\n<\/li>\n<li>\n<p data-v-md-line=\"9\">Fokus p\u00e5 audiologik\u00e6der og salg p\u00e5 platforme som f.eks.\u00a0<strong>Amazon<\/strong>\u00a0(<a href=\"https:\/\/chinahearingaid.com\/da\/z160cx-amazon-bte-digital-hearing-aids-rechargeable-dealer\/\" target=\"_blank\" rel=\"noopener\">BTE-h\u00f8reapparater Amazon-forhandler<\/a>).<\/p>\n<\/li>\n<li>\n<p data-v-md-line=\"11\"><strong>Europa<\/strong>:<\/p>\n<\/li>\n<li>\n<p data-v-md-line=\"12\">Distribut\u00f8rer i Tyskland, Frankrig og Spanien, der overholder\u00a0<strong>CE<\/strong>\u00a0regler.<\/p>\n<\/li>\n<li>\n<p data-v-md-line=\"13\">Partnerskaber med h\u00f8reklinikker og specialiserede grossister (<a href=\"https:\/\/chinahearingaid.com\/da\/z04-bte-inexpensive-rechargeable-hearing-aids-wholesale\/\" target=\"_blank\" rel=\"noopener\">BTE-h\u00f8reapparater engros<\/a>).<\/p>\n<\/li>\n<li>\n<p data-v-md-line=\"15\"><strong>Asien og Stillehavsomr\u00e5det<\/strong>:<\/p>\n<\/li>\n<li>\n<p data-v-md-line=\"16\">Distribut\u00f8rnetv\u00e6rk i Japan, Australien og Sydkorea med optimeret logistik fra Kina (BTE Hearing Aids China Wholesale).<\/p>\n<\/li>\n<\/ul>\n<p data-v-md-line=\"18\"><strong>Krav til distribut\u00f8rer<\/strong>:<\/p>\n<ul data-v-md-line=\"19\">\n<li>Certificering i salg af medicinsk udstyr (f.eks,\u00a0<strong>FDA 510(k)<\/strong>\u00a0for USA).<\/li>\n<li>Evne til at m\u00f8de\u00a0<strong>MOQ'er<\/strong>\u00a0(minimum 100 enheder pr. ordre).<\/li>\n<\/ul>\n<h2 data-v-md-heading=\"_2-technical-requirements-and-certifications\" data-v-md-line=\"23\"><strong>Tekniske krav og certificeringer<\/strong><\/h2>\n<p data-v-md-line=\"24\">De\u00a0<strong>Z109CX<\/strong>\u00a0modellen opfylder de mest kr\u00e6vende internationale standarder:<\/p>\n\n<table id=\"tablepress-32\" class=\"tablepress tablepress-id-32\">\n<thead>\n<tr class=\"row-1\">\n\t<th class=\"column-1\">Certificering<\/th><th class=\"column-2\">Beskrivelse<\/th>\n<\/tr>\n<\/thead>\n<tbody class=\"row-striping row-hover\">\n<tr class=\"row-2\">\n\t<td class=\"column-1\">FDA (USA)<\/td><td class=\"column-2\">Godkendt til salg under FDA-kode 874.3300.<\/td>\n<\/tr>\n<tr class=\"row-3\">\n\t<td class=\"column-1\">CE (EU)<\/td><td class=\"column-2\">Overholder direktiv 93\/42\/E\u00d8F.<\/td>\n<\/tr>\n<tr class=\"row-4\">\n\t<td class=\"column-1\">RoHS<\/td><td class=\"column-2\">Fri for bly og farlige materialer.<\/td>\n<\/tr>\n<\/tbody>\n<\/table>\n<!-- #tablepress-32 from cache -->\n<p data-v-md-line=\"32\"><strong>Tekniske specifikationer<\/strong>:<\/p>\n<ul data-v-md-line=\"33\">\n<li><strong>Teknologi<\/strong>: Digital signalbehandling (DSP) med\u00a0<strong>adaptiv st\u00f8jreduktion<\/strong>.<\/li>\n<li><strong>Batteri<\/strong>: Genopladelig via\u00a0<strong>USB-C<\/strong>Batterilevetid p\u00e5 24 timer.<\/li>\n<li><strong>Forbindelse<\/strong>:\u00a0<strong>Bluetooth 5.2<\/strong>\u00a0til parring med smartphones (<a href=\"https:\/\/chinahearingaid.com\/da\/bx04-low-cost-rechargeable-hearing-aids-bluetooth-bte-maker\/\" target=\"_blank\" rel=\"noopener\">Producent af Bluetooth-h\u00f8reapparater<\/a>).<\/li>\n<\/ul>\n<h2 data-v-md-heading=\"_3-business-model-for-distributors\" data-v-md-line=\"38\"><strong>Forretningsmodel for distribut\u00f8rer<\/strong><\/h2>\n<p data-v-md-line=\"39\"><strong>Priser og vilk\u00e5r<\/strong>:<\/p>\n<ul data-v-md-line=\"40\">\n<li><strong>Engrospriser<\/strong>: Starter ved\u00a0<strong>$85\/enhed<\/strong>\u00a0(ordrer p\u00e5 100+ enheder).<\/li>\n<li><strong>Rabatter<\/strong>:<\/li>\n<li>5% til ordrer p\u00e5 200-500 enheder.<\/li>\n<li>10% for ordrer p\u00e5 over 1.000 enheder.<\/li>\n<li><strong>Betalingsbetingelser<\/strong>:\u00a0<strong>NET 30<\/strong>\u00a0eller\u00a0<strong>50% forh\u00e5nd<\/strong>\u00a0for nye distribut\u00f8rer.<\/li>\n<\/ul>\n<p data-v-md-line=\"46\"><strong>MOQ'er og logistik<\/strong>:<\/p>\n<ul data-v-md-line=\"47\">\n<li><strong>Forsendelse<\/strong>:\u00a0<strong>FOB Kina<\/strong>\u00a0eller\u00a0<strong>CIF<\/strong>\u00a0muligheder afh\u00e6ngigt af destinationen.<\/li>\n<li><strong>Deadline<\/strong>: Levering i\u00a0<strong>15-20 dage<\/strong>\u00a0for standardordrer (<a href=\"https:\/\/chinahearingaid.com\/da\/z04d-cheapest-rechargeable-hearing-aids-bte-vendor-order\/\" target=\"_blank\" rel=\"noopener\">BTE-h\u00f8reapparater Leverand\u00f8rbestilling<\/a>).<\/li>\n<\/ul>\n<h2 data-v-md-heading=\"_4-after-sales-support-and-warranties\" data-v-md-line=\"51\"><strong>Eftersalgssupport og garantier<\/strong><\/h2>\n<ul data-v-md-line=\"52\">\n<li><strong>Garanti<\/strong>:\u00a0<strong>1 \u00e5r<\/strong>\u00a0mod fabrikationsfejl.<\/li>\n<li><strong>Teknisk support<\/strong>:<\/li>\n<li>Fjernhj\u00e6lp via\u00a0<strong>Zoom\/TeamViewer<\/strong>.<\/li>\n<li>Manualer p\u00e5 12 sprog (<a href=\"https:\/\/chinahearingaid.com\/da\/bx360-mini-rechargeable-digital-bte-hearing-aids-solutions\/\" target=\"_blank\" rel=\"noopener\">Digitale l\u00f8sninger til h\u00f8reapparater<\/a>).<\/li>\n<li><strong>Tr\u00e6ning<\/strong>: M\u00e5nedlige webinarer for distribut\u00f8rer.<\/li>\n<\/ul>\n<h2 data-v-md-heading=\"_5-bte-model-comparison\" data-v-md-line=\"59\"><strong>Sammenligning af BTE-modeller<\/strong><\/h2>\n<p data-v-md-line=\"60\"><strong>Sammenligning med konkurrenter<\/strong>:<\/p>\n\n<table id=\"tablepress-33\" class=\"tablepress tablepress-id-33\">\n<thead>\n<tr class=\"row-1\">\n\t<th class=\"column-1\">Model<\/th><th class=\"column-2\">Z109CX<\/th><th class=\"column-3\">Konkurrent A<\/th><th class=\"column-4\">Konkurrent B<\/th>\n<\/tr>\n<\/thead>\n<tbody class=\"row-striping row-hover\">\n<tr class=\"row-2\">\n\t<td class=\"column-1\">Pris<\/td><td class=\"column-2\">$85<\/td><td class=\"column-3\">$120<\/td><td class=\"column-4\">$95<\/td>\n<\/tr>\n<tr class=\"row-3\">\n\t<td class=\"column-1\">Batterilevetid<\/td><td class=\"column-2\">24h<\/td><td class=\"column-3\">18h<\/td><td class=\"column-4\">20h<\/td>\n<\/tr>\n<tr class=\"row-4\">\n\t<td class=\"column-1\">Bluetooth<\/td><td class=\"column-2\">Ja<\/td><td class=\"column-3\">Ingen<\/td><td class=\"column-4\">Ja<\/td>\n<\/tr>\n<\/tbody>\n<\/table>\n<!-- #tablepress-33 from cache -->\n<p data-v-md-line=\"68\"><strong>De vigtigste fordele ved Z109CX<\/strong>:<\/p>\n<ul data-v-md-line=\"69\">\n<li><strong>Binaural synkronisering<\/strong>: Automatisk synkronisering mellem begge h\u00f8reapparater.<\/li>\n<li><strong>Kontrol-app<\/strong>\u00a0for personlige indstillinger (<a href=\"https:\/\/chinahearingaid.com\/da\/app-control-hearing-aids\/\" target=\"_blank\" rel=\"noopener\">APP-styrede h\u00f8reapparater<\/a>).<\/li>\n<\/ul>\n<h2 data-v-md-heading=\"_6-logistics-and-operations\" data-v-md-line=\"73\"><strong>Logistik og drift<\/strong><\/h2>\n<p data-v-md-line=\"74\"><strong>Forsyningsk\u00e6den<\/strong>:<\/p>\n<ul data-v-md-line=\"75\">\n<li><strong>Produktion<\/strong>: Plante i\u00a0<strong>Shenzhen<\/strong>kapacitet p\u00e5 50.000 enheder\/m\u00e5ned.<\/li>\n<li><strong>Forsendelse<\/strong>:<\/li>\n<li><strong>DHL\/FedEx<\/strong>\u00a0for presserende ordrer.<\/li>\n<li><strong>Havet<\/strong>\u00a0for store m\u00e6ngder (<a href=\"https:\/\/chinahearingaid.com\/da\/zf4-small-rechargeable-hearing-aids-bte-exporting-custom\/\" target=\"_blank\" rel=\"noopener\">BTE-h\u00f8reapparater Eksporterer brugerdefineret<\/a>).<\/li>\n<\/ul>\n<p data-v-md-line=\"80\"><strong>Returneringer<\/strong>:<\/p>\n<ul data-v-md-line=\"81\">\n<li><strong>30 dage<\/strong>\u00a0politik for u\u00e5bnede produkter.<\/li>\n<\/ul>\n<h2 data-v-md-heading=\"_7-target-market-and-trends-optional\" data-v-md-line=\"84\"><strong>M\u00e5lgruppe og tendenser<\/strong>\u00a0<em>(valgfrit)<\/em><\/h2>\n<p data-v-md-line=\"85\"><strong>Global eftersp\u00f8rgsel<\/strong>:<\/p>\n<ul data-v-md-line=\"86\">\n<li><strong>6.2% \u00e5rlig v\u00e6kst<\/strong>\u00a0i digitale h\u00f8reapparater (2023-2030).<\/li>\n<li>Fokus p\u00e5 \u00e6ldre voksne og brugere med\u00a0<strong>mildt-moderat h\u00f8retab<\/strong>.<\/li>\n<\/ul>\n<p data-v-md-line=\"89\"><strong>Tendenser<\/strong>:<\/p>\n<ul data-v-md-line=\"90\">\n<li>Stigende pr\u00e6ference for\u00a0<strong>genopladelig og diskret<\/strong>\u00a0enheder (<a href=\"https:\/\/chinahearingaid.com\/da\/z22a-invisible-rechargeable-in-ear-hearing-aids-noise-oem\/\" target=\"_blank\" rel=\"noopener\">Usynlige h\u00f8reapparater OEM<\/a>).<\/li>\n<\/ul>\n<p><script src=\"chrome-extension:\/\/fpelahbljekknahkcaegamhcndkfpfnc\/iFrame.js\" type=\"text\/javascript\"><\/script><\/p>","protected":false},"excerpt":{"rendered":"<p class=\"ng-star-inserted\"><span class=\"ng-star-inserted\">Vi pr\u00e6senterer Z109CX Mini Digital Binaural BTE-h\u00f8reapparater. Disse apparater er FDA\/CE-certificerede og har et 24 timers genopladeligt USB-C-batteri, Bluetooth 5.2, APP-kontrol og binaural synkronisering. F\u00e5s via vores globale distribut\u00f8rnetv\u00e6rk i Nordamerika, Europa og Asien-Stillehavsomr\u00e5det. Engrospriserne starter ved $85\/enhed (MOQ 100) med m\u00e6ngderabatter. Vi tilbyder FOB Kina\/CIF-forsendelse, 1 \u00e5rs garanti og omfattende teknisk support.<\/span><\/p>\n<p><script src=\"chrome-extension:\/\/fpelahbljekknahkcaegamhcndkfpfnc\/iFrame.js\" type=\"text\/javascript\"><\/script><\/p>","protected":false},"featured_media":2994,"template":"","meta":{"_kad_post_transparent":"default","_kad_post_title":"","_kad_post_layout":"default","_kad_post_sidebar_id":"","_kad_post_content_style":"default","_kad_post_vertical_padding":"default","_kad_post_feature":"","_kad_post_feature_position":"","_kad_post_header":false,"_kad_post_footer":false,"_kad_post_classname":""},"product_brand":[],"product_cat":[15,544,561,559,563],"product_tag":[678,677,647],"class_list":{"0":"post-2299","1":"product","2":"type-product","3":"status-publish","4":"has-post-thumbnail","6":"product_cat-hearing-aid-by-types","7":"product_cat-bte-hearing-aids","8":"product_cat-digital-hearing-aids","9":"product_cat-hearing-aid-by-features","10":"product_cat-rechargeable-hearing-aids","11":"product_tag-hearing-aid-digital-binaural-bte-distributor","12":"product_tag-mini-bte-hearing-aids-distributor","13":"product_tag-rechargeable-hearing-aids-distributor","15":"first","16":"instock","17":"shipping-taxable","18":"product-type-simple","19":"entry","20":"content-bg","21":"loop-entry"},"_links":{"self":[{"href":"https:\/\/chinahearingaid.com\/da\/wp-json\/wp\/v2\/product\/2299","targetHints":{"allow":["GET"]}}],"collection":[{"href":"https:\/\/chinahearingaid.com\/da\/wp-json\/wp\/v2\/product"}],"about":[{"href":"https:\/\/chinahearingaid.com\/da\/wp-json\/wp\/v2\/types\/product"}],"wp:featuredmedia":[{"embeddable":true,"href":"https:\/\/chinahearingaid.com\/da\/wp-json\/wp\/v2\/media\/2994"}],"wp:attachment":[{"href":"https:\/\/chinahearingaid.com\/da\/wp-json\/wp\/v2\/media?parent=2299"}],"wp:term":[{"taxonomy":"product_brand","embeddable":true,"href":"https:\/\/chinahearingaid.com\/da\/wp-json\/wp\/v2\/product_brand?post=2299"},{"taxonomy":"product_cat","embeddable":true,"href":"https:\/\/chinahearingaid.com\/da\/wp-json\/wp\/v2\/product_cat?post=2299"},{"taxonomy":"product_tag","embeddable":true,"href":"https:\/\/chinahearingaid.com\/da\/wp-json\/wp\/v2\/product_tag?post=2299"}],"curies":[{"name":"wp","href":"https:\/\/api.w.org\/{rel}","templated":true}]}}