{"id":2301,"date":"2025-05-23T02:28:51","date_gmt":"2025-05-23T02:28:51","guid":{"rendered":"https:\/\/chinahearingaid.com\/?post_type=product&#038;p=2301"},"modified":"2025-06-08T09:04:53","modified_gmt":"2025-06-08T09:04:53","slug":"z122d-sourcing-invisible-ite-hearing-aids-noise-reduction","status":"publish","type":"product","link":"https:\/\/chinahearingaid.com\/da\/z122d-sourcing-invisible-ite-hearing-aids-noise-reduction\/","title":{"rendered":"Z122D Sourcing Usynlige ITE-h\u00f8reapparater St\u00f8jreduktion"},"content":{"rendered":"<h2 data-v-md-heading=\"what-is-z122d\" data-v-md-line=\"4\"><strong>Hvad er Z122D?<\/strong><\/h2>\n<p data-v-md-line=\"5\"><strong>Z122D<\/strong>\u00a0er en smart\u00a0<em>Sourcing af In-Ear-h\u00f8reapparat<\/em>. Den passer ind i dit \u00f8re. Folk kan ikke se den. Du kan f\u00f8le dig godt tilpas og se godt ud. Du kan have den p\u00e5 hele dagen. Den er lille og st\u00e6rk. Z122D kan hj\u00e6lpe dig med at h\u00f8re verden!<\/p>\n<h2 data-v-md-heading=\"why-z122d-is-the-best\" data-v-md-line=\"9\"><strong>Hvorfor er Z122D den bedste?<\/strong><\/h2>\n<h3 data-v-md-heading=\"invisible-design\" data-v-md-line=\"11\"><strong>Usynligt design<\/strong><\/h3>\n<ul data-v-md-line=\"12\">\n<li>Z122D er en\u00a0<em>Sourcing af usynligt h\u00f8reapparat<\/em>\u00a0.<\/li>\n<li>Den skal ind i dit \u00f8re. Ingen vil se det.<\/li>\n<li>Meget sikker. Meget bl\u00f8d.<\/li>\n<\/ul>\n<h3 data-v-md-heading=\"strong-noise-block\" data-v-md-line=\"16\"><strong>St\u00e6rk st\u00f8jblokering<\/strong><\/h3>\n<ul data-v-md-line=\"17\">\n<li>Dette er en\u00a0<em>Sourcing af st\u00f8jreducerende h\u00f8reapparat<\/em>\u00a0.<\/li>\n<li>AI noise cut holder h\u00f8je lyde v\u00e6k. Det hj\u00e6lper dig med at lytte til mennesker, ikke til st\u00f8j!<\/li>\n<li>God til at tale i skolen, p\u00e5 arbejdet eller derhjemme.<\/li>\n<\/ul>\n<h3 data-v-md-heading=\"clear-digital-sound\" data-v-md-line=\"21\"><strong>Klar digital lyd<\/strong><\/h3>\n<ul data-v-md-line=\"22\">\n<li>Z122D er en\u00a0<em>Sourcing af digitale h\u00f8reapparater<\/em>\u00a0.<\/li>\n<li>Det g\u00f8r det nemt at h\u00f8re stemmer.<\/li>\n<li>Ingen summen eller fl\u00f8jten i \u00f8ret.<\/li>\n<\/ul>\n<h3 data-v-md-heading=\"long-battery-life\" data-v-md-line=\"26\"><strong>Lang batterilevetid<\/strong><\/h3>\n<ul data-v-md-line=\"27\">\n<li>Z122D er en\u00a0<em>Sourcing af genopladelige h\u00f8reapparater<\/em>\u00a0.<\/li>\n<li>Batteriet holder i 22 timer.<\/li>\n<li>Hurtig opladning p\u00e5 en time.<\/li>\n<\/ul>\n<h3 data-v-md-heading=\"easy-for-many-places\" data-v-md-line=\"31\"><strong>Let til mange steder<\/strong><\/h3>\n<ul data-v-md-line=\"32\">\n<li>Brug den til fest, p\u00e5 g\u00e5ture, i skolen, til m\u00f8der eller opkald.<\/li>\n<li>God til at v\u00e6re inde eller ude.<\/li>\n<\/ul>\n<h2 data-v-md-heading=\"how-does-z122d-help-you\" data-v-md-line=\"36\"><strong>Hvordan kan Z122D hj\u00e6lpe dig?<\/strong><\/h2>\n<h3 data-v-md-heading=\"usage-scenarios-table\" data-v-md-line=\"38\"><strong>Tabel over brugsscenarier<\/strong><\/h3>\n\n<table id=\"tablepress-30\" class=\"tablepress tablepress-id-30\">\n<thead>\n<tr class=\"row-1\">\n\t<th class=\"column-1\">Hvor kan jeg bruge det?<\/th><th class=\"column-2\">Hvordan hj\u00e6lper det mig?<\/th>\n<\/tr>\n<\/thead>\n<tbody class=\"row-striping row-hover\">\n<tr class=\"row-2\">\n\t<td class=\"column-1\">Skole eller m\u00f8der<\/td><td class=\"column-2\">H\u00f8r din l\u00e6rers eller dine venners stemmer.<\/td>\n<\/tr>\n<tr class=\"row-3\">\n\t<td class=\"column-1\">Parker eller udenfor<\/td><td class=\"column-2\">Bloker vind, biler og h\u00f8je lyde.<\/td>\n<\/tr>\n<tr class=\"row-4\">\n\t<td class=\"column-1\">Familie og venner<\/td><td class=\"column-2\">H\u00f8re folk tale til dig.<\/td>\n<\/tr>\n<tr class=\"row-5\">\n\t<td class=\"column-1\">I bilen eller p\u00e5 rejsen<\/td><td class=\"column-2\">Lyt til sjove lyde.<\/td>\n<\/tr>\n<\/tbody>\n<\/table>\n<!-- #tablepress-30 from cache -->\n<h3 data-v-md-heading=\"product-parameters-table\" data-v-md-line=\"47\"><strong>Tabel over produktparametre<\/strong><\/h3>\n\n<table id=\"tablepress-31\" class=\"tablepress tablepress-id-31\">\n<thead>\n<tr class=\"row-1\">\n\t<th class=\"column-1\">Navn<\/th><th class=\"column-2\">Detaljer<\/th>\n<\/tr>\n<\/thead>\n<tbody class=\"row-striping row-hover\">\n<tr class=\"row-2\">\n\t<td class=\"column-1\">Type h\u00f8reapparat<\/td><td class=\"column-2\">Sourcing af ITE-h\u00f8reapparater<\/td>\n<\/tr>\n<tr class=\"row-3\">\n\t<td class=\"column-1\">Design<\/td><td class=\"column-2\">100% i \u00f8ret, usynlig<\/td>\n<\/tr>\n<tr class=\"row-4\">\n\t<td class=\"column-1\">Vigtigste funktion<\/td><td class=\"column-2\">Sourcing af st\u00f8jreduktion<\/td>\n<\/tr>\n<tr class=\"row-5\">\n\t<td class=\"column-1\">Kanaler<\/td><td class=\"column-2\">12-kanals DSP<\/td>\n<\/tr>\n<tr class=\"row-6\">\n\t<td class=\"column-1\">Batteri<\/td><td class=\"column-2\">Genopladelig, 22 timers brug<\/td>\n<\/tr>\n<tr class=\"row-7\">\n\t<td class=\"column-1\">Hurtig opladning<\/td><td class=\"column-2\">1 time<\/td>\n<\/tr>\n<tr class=\"row-8\">\n\t<td class=\"column-1\">Smart Connect<\/td><td class=\"column-2\">Bluetooth 5.3<\/td>\n<\/tr>\n<tr class=\"row-9\">\n\t<td class=\"column-1\">Vandsikker<\/td><td class=\"column-2\">IP67 st\u00f8v- og vandt\u00e6t<\/td>\n<\/tr>\n<tr class=\"row-10\">\n\t<td class=\"column-1\">Godt for<\/td><td class=\"column-2\">Let til moderat h\u00f8retab<\/td>\n<\/tr>\n<tr class=\"row-11\">\n\t<td class=\"column-1\">Garanti<\/td><td class=\"column-2\">1 \u00e5r<\/td>\n<\/tr>\n<\/tbody>\n<\/table>\n<!-- #tablepress-31 from cache -->\n<h2 data-v-md-heading=\"cool-features-with-real\" data-v-md-line=\"63\"><strong>Seje funktioner med \u00e6gte<\/strong><\/h2>\n<ul data-v-md-line=\"65\">\n<li><strong>Usynlig<\/strong>\u00a0(<em>Sourcing af usynlige h\u00f8reapparater<\/em>)<\/li>\n<li><strong>Hj\u00e6lp til digital lyd<\/strong>\u00a0(<em>Sourcing af digitale h\u00f8reapparater<\/em>)<\/li>\n<li><strong>Rechargeable<\/strong>\u00a0(<em>Sourcing af genopladelige h\u00f8reapparater<\/em>)<\/li>\n<li><strong>St\u00f8jblok<\/strong>\u00a0(<em>Sourcing af st\u00f8jreducerende h\u00f8reapparater<\/em>)<\/li>\n<li><strong>Behagelig pasform<\/strong>\u00a0(<em>Sourcing af h\u00f8reapparater i \u00f8ret<\/em>)<\/li>\n<li><strong>ITE-stil<\/strong>\u00a0(<em>Sourcing af ITE-h\u00f8reapparater<\/em>)<\/li>\n<\/ul>\n<h3 data-v-md-heading=\"hear-the-world-stay-invisible\" data-v-md-line=\"73\"><strong>H\u00f8r verden, bliv usynlig!<\/strong><\/h3>\n<ul data-v-md-line=\"74\">\n<li>V\u00e6r glad hver dag.<\/li>\n<li>Let at bruge. F\u00f8les som ingenting i \u00f8ret.<\/li>\n<li>Hold dig sikker, se cool ud, lyt klart.<\/li>\n<\/ul>\n<h2 data-v-md-heading=\"find-more-easy-hearing-help\" data-v-md-line=\"79\"><strong>Find mere nem h\u00f8rehj\u00e6lp<\/strong><\/h2>\n<ul data-v-md-line=\"80\">\n<li>G\u00e5 p\u00e5 opdagelse\u00a0<strong><a href=\"https:\/\/chinahearingaid.com\/da\/in-ear-hearing-aids\/\" target=\"_blank\" rel=\"noopener\">In-Ear h\u00f8reapparater<\/a><\/strong>\u00a0til sm\u00e5 og bl\u00f8de typer.<\/li>\n<li>Se de bedste\u00a0<strong><a href=\"https:\/\/chinahearingaid.com\/da\/invisible-hearing-aids\/\" target=\"_blank\" rel=\"noopener\">Usynlige h\u00f8reapparater<\/a><\/strong>\u00a0til skjult design.<\/li>\n<li>Vil du have ny teknologi? Se her\u00a0<strong><a href=\"https:\/\/chinahearingaid.com\/da\/digital-hearing-aids\/\" target=\"_blank\" rel=\"noopener\">Digitale h\u00f8reapparater<\/a><\/strong>\u00a0for mere .<\/li>\n<li>Brug for batteristr\u00f8m? Se p\u00e5\u00a0<strong><a href=\"https:\/\/chinahearingaid.com\/da\/rechargeable-hearing-aids\/\" target=\"_blank\" rel=\"noopener\">Genopladelige h\u00f8reapparater<\/a><\/strong>\u00a0for st\u00e6rke og gr\u00f8nne muligheder.<\/li>\n<\/ul>\n<p data-v-md-line=\"86\"><strong>Z122D Sourcing Usynlige ITE-h\u00f8reapparater St\u00f8jreduktion<\/strong>\u00a0giver dig et smart liv med altid!<\/p>","protected":false},"excerpt":{"rendered":"<p class=\"ng-star-inserted\"><span class=\"ng-star-inserted\">Z122D usynlige ITE-h\u00f8reapparater: H\u00f8r klart, f\u00f8l dig fri! Smart, usynligt in-ear-design giver komfort hele dagen. AI-st\u00f8jreduktion tydeligg\u00f8r tale og blokerer for distraktioner. Nyd skarp digital lyd uden summen. Genopladelig: 22 timers batteri, 1 times hurtigopladning. Ideel til skole, arbejde og hjem. H\u00f8r verden, bliv usynlig!<\/span><\/p>","protected":false},"featured_media":2971,"template":"","meta":{"_kad_post_transparent":"default","_kad_post_title":"","_kad_post_layout":"default","_kad_post_sidebar_id":"","_kad_post_content_style":"default","_kad_post_vertical_padding":"default","_kad_post_feature":"","_kad_post_feature_position":"","_kad_post_header":false,"_kad_post_footer":false,"_kad_post_classname":""},"product_brand":[],"product_cat":[15,561,559,568,560,549,565,563],"product_tag":[684,682,683,687,686,685],"class_list":{"0":"post-2301","1":"product","2":"type-product","3":"status-publish","4":"has-post-thumbnail","6":"product_cat-hearing-aid-by-types","7":"product_cat-digital-hearing-aids","8":"product_cat-hearing-aid-by-features","9":"product_cat-in-ear-hearing-aids","10":"product_cat-invisible-hearing-aids","11":"product_cat-ite-hearing-aids","12":"product_cat-noise-reduction-hearing-aids","13":"product_cat-rechargeable-hearing-aids","14":"product_tag-sourcing-digital-hearing-aids","15":"product_tag-sourcing-in-ear-hearing-aids","16":"product_tag-sourcing-invisible-hearing-aids","17":"product_tag-sourcing-ite-hearing-aids","18":"product_tag-sourcing-noise-reduction-hearing-aids","19":"product_tag-sourcing-rechargeable-hearing-aids","21":"first","22":"instock","23":"shipping-taxable","24":"product-type-simple","25":"entry","26":"content-bg","27":"loop-entry"},"_links":{"self":[{"href":"https:\/\/chinahearingaid.com\/da\/wp-json\/wp\/v2\/product\/2301","targetHints":{"allow":["GET"]}}],"collection":[{"href":"https:\/\/chinahearingaid.com\/da\/wp-json\/wp\/v2\/product"}],"about":[{"href":"https:\/\/chinahearingaid.com\/da\/wp-json\/wp\/v2\/types\/product"}],"wp:featuredmedia":[{"embeddable":true,"href":"https:\/\/chinahearingaid.com\/da\/wp-json\/wp\/v2\/media\/2971"}],"wp:attachment":[{"href":"https:\/\/chinahearingaid.com\/da\/wp-json\/wp\/v2\/media?parent=2301"}],"wp:term":[{"taxonomy":"product_brand","embeddable":true,"href":"https:\/\/chinahearingaid.com\/da\/wp-json\/wp\/v2\/product_brand?post=2301"},{"taxonomy":"product_cat","embeddable":true,"href":"https:\/\/chinahearingaid.com\/da\/wp-json\/wp\/v2\/product_cat?post=2301"},{"taxonomy":"product_tag","embeddable":true,"href":"https:\/\/chinahearingaid.com\/da\/wp-json\/wp\/v2\/product_tag?post=2301"}],"curies":[{"name":"wp","href":"https:\/\/api.w.org\/{rel}","templated":true}]}}