{"id":2302,"date":"2025-05-23T02:31:25","date_gmt":"2025-05-23T02:31:25","guid":{"rendered":"https:\/\/chinahearingaid.com\/?post_type=product&#038;p=2302"},"modified":"2025-06-02T06:43:51","modified_gmt":"2025-06-02T06:43:51","slug":"z360x-behind-the-ear-bte-hearing-aids-rechargeable-oem-odm","status":"publish","type":"product","link":"https:\/\/chinahearingaid.com\/da\/z360x-behind-the-ear-bte-hearing-aids-rechargeable-oem-odm\/","title":{"rendered":"Z360X bag \u00f8ret BTE-h\u00f8reapparater genopladelige OEM ODM"},"content":{"rendered":"<h2 data-v-md-heading=\"do-you-want-to-hear-better\" data-v-md-line=\"5\"><strong>Vil du h\u00f8re bedre?<\/strong><\/h2>\n<p data-v-md-line=\"6\">Pr\u00f8ve\u00a0<strong>Z360X Bag \u00f8ret BTE-h\u00f8reapparater OEM ODM<\/strong>.<br \/>\nDisse er\u00a0<strong>genopladelige h\u00f8reapparater OEM ODM<\/strong>.<br \/>\nDe er nemme at bruge.<br \/>\nDe hj\u00e6lper dig med at h\u00f8re godt hver dag.<\/p>\n<h2 data-v-md-heading=\"top-features-table\" data-v-md-line=\"12\"><strong>Topfunktioner Bord<\/strong><\/h2>\n\n<table id=\"tablepress-28\" class=\"tablepress tablepress-id-28\">\n<thead>\n<tr class=\"row-1\">\n\t<th class=\"column-1\">Funktion<\/th><th class=\"column-2\">Hvad det betyder<\/th>\n<\/tr>\n<\/thead>\n<tbody class=\"row-striping row-hover\">\n<tr class=\"row-2\">\n\t<td class=\"column-1\">Rechargeable<\/td><td class=\"column-2\">Du beh\u00f8ver ikke nye batterier. Bare oplad om natten!<\/td>\n<\/tr>\n<tr class=\"row-3\">\n\t<td class=\"column-1\">Bluetooth<\/td><td class=\"column-2\">Du kan lytte til musik eller opkald fra din telefon.<\/td>\n<\/tr>\n<tr class=\"row-4\">\n\t<td class=\"column-1\">Letv\u00e6gts<\/td><td class=\"column-2\">Hver enkelt er let. S\u00e5 det er nemt at have p\u00e5 hele dagen.<\/td>\n<\/tr>\n<tr class=\"row-5\">\n\t<td class=\"column-1\">Nemme kontroller<\/td><td class=\"column-2\">Du kan skrue op og ned for lyden.<\/td>\n<\/tr>\n<tr class=\"row-6\">\n\t<td class=\"column-1\">Vandt\u00e6t<\/td><td class=\"column-2\">Du kan have den p\u00e5, n\u00e5r det regner.<\/td>\n<\/tr>\n<tr class=\"row-7\">\n\t<td class=\"column-1\">St\u00f8jreduktion<\/td><td class=\"column-2\">Perfekt til travle, st\u00f8jende steder som butikker eller legepladser.<\/td>\n<\/tr>\n<tr class=\"row-8\">\n\t<td class=\"column-1\">OEM ODM Custom<\/td><td class=\"column-2\">Vi kan f\u00e5 det til at se ud, pr\u00e6cis som du \u00f8nsker det for dit brand.<\/td>\n<\/tr>\n<\/tbody>\n<\/table>\n<!-- #tablepress-28 from cache -->\n<h2 data-v-md-heading=\"what-can-you-do-with-z360x\" data-v-md-line=\"25\"><strong>Hvad kan du g\u00f8re med Z360X?<\/strong><\/h2>\n<ul data-v-md-line=\"27\">\n<li>\n<p data-v-md-line=\"27\"><strong>G\u00e5 i skole<\/strong><br \/>\nH\u00f8r din l\u00e6rer og dine venner tydeligt.<\/p>\n<\/li>\n<li>\n<p data-v-md-line=\"30\"><strong>Tal med familien<\/strong><br \/>\nFamilietid er bedre, n\u00e5r man kan h\u00f8re dem.<\/p>\n<\/li>\n<li>\n<p data-v-md-line=\"33\"><strong>Se tv eller lyt til musik<\/strong><br \/>\nNyd dine shows og sange med Bluetooth.<\/p>\n<\/li>\n<li>\n<p data-v-md-line=\"36\"><strong>G\u00e5 udenfor<\/strong><br \/>\nG\u00e5 og leg p\u00e5 regnfulde dage - hj\u00e6lpemidlet er vandt\u00e6t.<\/p>\n<\/li>\n<li>\n<p data-v-md-line=\"39\"><strong>Bes\u00f8g venner eller butikker<\/strong><br \/>\nSelv p\u00e5 travle steder kan du h\u00f8re godt.<\/p>\n<\/li>\n<\/ul>\n<h2 data-v-md-heading=\"why-z360x-behind-the-ear-bte-hearing-aids-oem-odm\" data-v-md-line=\"43\"><strong>Hvorfor Z360X bag \u00f8ret BTE-h\u00f8reapparater OEM ODM?<\/strong><\/h2>\n<ul data-v-md-line=\"45\">\n<li><strong>Ingen l\u00f8se batterier overalt!<\/strong><br \/>\nBrug opladningsdocken. Det g\u00f8r dem klar til din dag.<\/li>\n<li><strong>Opret forbindelse til din telefon<\/strong>\u00a0til opkald og musik. Det hj\u00e6lper dig med at f\u00f8le dig inkluderet.<\/li>\n<li><strong>Enkle knapper.<\/strong>\u00a0Store betjeningselementer, der er nemme at r\u00f8re ved, er lavet til alle, selv b\u00f8rn.<\/li>\n<li><strong>Bekymre dig mindre om vejret.<\/strong>\u00a0Disse er IP68-vandt\u00e6tte.<\/li>\n<li><strong>Dit brand, dit valg!<\/strong>\u00a0OEM ODM betyder, at du f\u00e5r det navn og den stil, du \u00f8nsker.<\/li>\n<\/ul>\n<h2 data-v-md-heading=\"more-information\" data-v-md-line=\"53\"><strong>Mere information<\/strong><\/h2>\n<ul data-v-md-line=\"55\">\n<li>Se mere om\u00a0<a href=\"https:\/\/chinahearingaid.com\/da\/bte-hearing-aids\/\" target=\"_blank\" rel=\"noopener\">BTE-h\u00f8reapparater<\/a><\/li>\n<li>Se andet\u00a0<a href=\"https:\/\/chinahearingaid.com\/da\/rechargeable-hearing-aids\/\" target=\"_blank\" rel=\"noopener\">Genopladelige h\u00f8reapparater<\/a><\/li>\n<li>V\u00e6lg den rigtige\u00a0<a href=\"https:\/\/chinahearingaid.com\/da\/bluetooth-hearing-aids\/\" target=\"_blank\" rel=\"noopener\">Bluetooth-h\u00f8reapparater<\/a><\/li>\n<li>G\u00e5 p\u00e5 opdagelse\u00a0<a href=\"https:\/\/chinahearingaid.com\/da\/z360x-behind-the-ear-bte-hearing-aids-rechargeable-oem-odm\/\" target=\"_blank\" rel=\"noopener\">Bag \u00f8ret BTE-h\u00f8reapparater OEM ODM<\/a><\/li>\n<\/ul>\n<h2 data-v-md-heading=\"easy-steps-to-use\" data-v-md-line=\"61\"><strong>Nemme trin at bruge<\/strong><\/h2>\n<ol data-v-md-line=\"63\">\n<li><strong>S\u00e6t den bag dit \u00f8re.<\/strong><\/li>\n<li><strong>T\u00e6nd for den.<\/strong><\/li>\n<li><strong>Juster lydstyrken med en knap.<\/strong><\/li>\n<li><strong>H\u00f8r og nyd din dag!<\/strong><\/li>\n<li><strong>S\u00e6t den i opladeren om aftenen.<\/strong><\/li>\n<\/ol>\n<h2 data-v-md-heading=\"who-can-use-it\" data-v-md-line=\"70\"><strong>Hvem kan bruge det?<\/strong><\/h2>\n<ul data-v-md-line=\"72\">\n<li>B\u00f8rn<\/li>\n<li>Voksne<\/li>\n<li>Seniorer<\/li>\n<li>Familier<\/li>\n<li>Skoler<\/li>\n<li>Butikker<\/li>\n<\/ul>\n<h2 data-v-md-heading=\"product-care\" data-v-md-line=\"80\"><strong>Produktpleje<\/strong><\/h2>\n<ul data-v-md-line=\"82\">\n<li><strong>Oplad hver nat<\/strong><\/li>\n<li><strong>Hold den t\u00f8r, n\u00e5r du ikke har den p\u00e5<\/strong><\/li>\n<li><strong>Reng\u00f8r med en bl\u00f8d klud<\/strong><\/li>\n<li><strong>L\u00e6s guiden for at f\u00e5 flere tips<\/strong><\/li>\n<\/ul>\n<h2 data-v-md-heading=\"why-buy-rechargeable-hearing-aids-oem-odm-from-us\" data-v-md-line=\"88\"><strong>Hvorfor k\u00f8be genopladelige h\u00f8reapparater OEM ODM fra os?<\/strong><\/h2>\n<ul data-v-md-line=\"90\">\n<li><strong>Bedre for jorden<\/strong>: Mindre batterispild<\/li>\n<li><strong>Masseordrer til klinikker og butikker<\/strong><\/li>\n<li><strong>Passer til de fleste mennesker til mild eller stor h\u00f8rehj\u00e6lp<\/strong><\/li>\n<li><strong>God pris for mange enheder<\/strong><\/li>\n<li><strong>Nem OEM\/ODM-branding for brands og klinikker<\/strong><\/li>\n<\/ul>\n<h2 data-v-md-heading=\"comparison-table\" data-v-md-line=\"97\"><strong>Sammenligningstabel<\/strong><\/h2>\n\n<table id=\"tablepress-29\" class=\"tablepress tablepress-id-29\">\n<thead>\n<tr class=\"row-1\">\n\t<th class=\"column-1\">Funktion<\/th><th class=\"column-2\">Z360X Bag \u00f8ret BTE-h\u00f8reapparater OEM ODM<\/th><th class=\"column-3\">Normalt h\u00f8reapparat<\/th>\n<\/tr>\n<\/thead>\n<tbody class=\"row-striping row-hover\">\n<tr class=\"row-2\">\n\t<td class=\"column-1\">Batteri<\/td><td class=\"column-2\">Genopladelig (intet affald, nem opladning)<\/td><td class=\"column-3\">Udskift batterier ofte<\/td>\n<\/tr>\n<tr class=\"row-3\">\n\t<td class=\"column-1\">St\u00f8jreduktion<\/td><td class=\"column-2\">Ja<\/td><td class=\"column-3\">Nogle ja, andre nej<\/td>\n<\/tr>\n<tr class=\"row-4\">\n\t<td class=\"column-1\">Bluetooth<\/td><td class=\"column-2\">Ja<\/td><td class=\"column-3\">F\u00e5 ja<\/td>\n<\/tr>\n<tr class=\"row-5\">\n\t<td class=\"column-1\">Tilpasset m\u00e6rke<\/td><td class=\"column-2\">Ja, for OEM\/ODM<\/td><td class=\"column-3\">Ingen<\/td>\n<\/tr>\n<tr class=\"row-6\">\n\t<td class=\"column-1\">Vandt\u00e6t<\/td><td class=\"column-2\">Ja (IP68)<\/td><td class=\"column-3\">Ikke altid<\/td>\n<\/tr>\n<\/tbody>\n<\/table>\n<!-- #tablepress-29 from cache -->\n<h2 data-v-md-heading=\"order-now\" data-v-md-line=\"108\"><strong>Bestil nu<\/strong><\/h2>\n<p data-v-md-line=\"110\">V\u00e6re glad. H\u00f8r alting.<br \/>\nK\u00f8b\u00a0<strong>Bag \u00f8ret BTE-h\u00f8reapparater OEM ODM<\/strong>.<br \/>\nPr\u00f8ve\u00a0<strong>Genopladelige h\u00f8reapparater OEM ODM<\/strong>\u00a0I dag!<\/p>\n<h1 data-v-md-heading=\"faq\" data-v-md-line=\"115\"><strong>OFTE STILLEDE SP\u00d8RGSM\u00c5L<\/strong><\/h1>\n<ul data-v-md-line=\"117\">\n<li><strong>Kan jeg bruge den hver dag?<\/strong><br \/>\nJa! Den er lavet til daglig brug.<\/li>\n<li><strong>Kan jeg bruge den med min telefon?<\/strong><br \/>\nJa! Brug Bluetooth til opkald og musik.<\/li>\n<li><strong>Kan min klinik f\u00e5 dem med vores logo?<\/strong><br \/>\nJa, sp\u00f8rg om OEM ODM-muligheder.<\/li>\n<li><strong>Er den nem at oplade?<\/strong><br \/>\nJa! Oplad om natten, brug hele dagen.<\/li>\n<\/ul>\n<p data-v-md-line=\"127\">Find forskellen med\u00a0<strong>Bag \u00f8ret BTE-h\u00f8reapparater OEM ODM<\/strong>\u00a0og\u00a0<strong>Genopladelige h\u00f8reapparater OEM ODM<\/strong>!<\/p>\n<p data-v-md-line=\"130\"><em>(F\u00e5 mere at vide:\u00a0<a href=\"https:\/\/chinahearingaid.com\/da\" target=\"_blank\" rel=\"noopener\">China Hearing Aids Factory<\/a><a href=\"https:\/\/chinahearingaid.com\/da\/bte-hearing-aids\/\" target=\"_blank\" rel=\"noopener\">BTE-h\u00f8reapparater<\/a><a href=\"https:\/\/chinahearingaid.com\/da\/rechargeable-hearing-aids\/\" target=\"_blank\" rel=\"noopener\">Genopladelige h\u00f8reapparater<\/a><a href=\"https:\/\/chinahearingaid.com\/da\/bluetooth-hearing-aids\/\" target=\"_blank\" rel=\"noopener\">Bluetooth-h\u00f8reapparater<\/a>)<\/em><\/p>\n<p data-v-md-line=\"133\"><strong>Begynd at h\u00f8re bedre nu!<\/strong><\/p>","protected":false},"excerpt":{"rendered":"<p><span class=\"ng-star-inserted\">Vil du h\u00f8re bedre? Pr\u00f8v Z360X bag \u00f8ret (BTE) h\u00f8reapparater. Genopladelige, s\u00e5 ikke flere batteriproblemer - bare oplad hver nat! Nyd Bluetooth til opkald og musik, nem betjening og IP68 vandt\u00e6t til regnvejrsdage. Letv\u00e6gt til behagelig brug hele dagen. Fremragende st\u00f8jreduktion for klar h\u00f8relse p\u00e5 travle steder. Ideel til b\u00f8rn, voksne og \u00e6ldre. Vi tilbyder OEM\/ODM til skr\u00e6ddersyet branding til din klinik eller butik. H\u00f8r godt hver dag! Begynd i dag!<\/span><\/p>","protected":false},"featured_media":2600,"template":"","meta":{"_kad_post_transparent":"default","_kad_post_title":"","_kad_post_layout":"default","_kad_post_sidebar_id":"","_kad_post_content_style":"default","_kad_post_vertical_padding":"default","_kad_post_feature":"","_kad_post_feature_position":"","_kad_post_header":false,"_kad_post_footer":false,"_kad_post_classname":""},"product_brand":[],"product_cat":[15,544,559,563],"product_tag":[688,689],"class_list":{"0":"post-2302","1":"product","2":"type-product","3":"status-publish","4":"has-post-thumbnail","6":"product_cat-hearing-aid-by-types","7":"product_cat-bte-hearing-aids","8":"product_cat-hearing-aid-by-features","9":"product_cat-rechargeable-hearing-aids","10":"product_tag-behind-the-ear-bte-hearing-aids-oem-odm","11":"product_tag-rechargeable-hearing-aids-oem-odm","13":"first","14":"instock","15":"shipping-taxable","16":"product-type-simple","17":"entry","18":"content-bg","19":"loop-entry"},"_links":{"self":[{"href":"https:\/\/chinahearingaid.com\/da\/wp-json\/wp\/v2\/product\/2302","targetHints":{"allow":["GET"]}}],"collection":[{"href":"https:\/\/chinahearingaid.com\/da\/wp-json\/wp\/v2\/product"}],"about":[{"href":"https:\/\/chinahearingaid.com\/da\/wp-json\/wp\/v2\/types\/product"}],"wp:featuredmedia":[{"embeddable":true,"href":"https:\/\/chinahearingaid.com\/da\/wp-json\/wp\/v2\/media\/2600"}],"wp:attachment":[{"href":"https:\/\/chinahearingaid.com\/da\/wp-json\/wp\/v2\/media?parent=2302"}],"wp:term":[{"taxonomy":"product_brand","embeddable":true,"href":"https:\/\/chinahearingaid.com\/da\/wp-json\/wp\/v2\/product_brand?post=2302"},{"taxonomy":"product_cat","embeddable":true,"href":"https:\/\/chinahearingaid.com\/da\/wp-json\/wp\/v2\/product_cat?post=2302"},{"taxonomy":"product_tag","embeddable":true,"href":"https:\/\/chinahearingaid.com\/da\/wp-json\/wp\/v2\/product_tag?post=2302"}],"curies":[{"name":"wp","href":"https:\/\/api.w.org\/{rel}","templated":true}]}}