{"id":2306,"date":"2025-05-23T02:41:49","date_gmt":"2025-05-23T02:41:49","guid":{"rendered":"https:\/\/chinahearingaid.com\/?post_type=product&#038;p=2306"},"modified":"2025-06-12T13:22:19","modified_gmt":"2025-06-12T13:22:19","slug":"z19-cic-hearing-aids-in-ear-ite-rechargeable-factory-custom","status":"publish","type":"product","link":"https:\/\/chinahearingaid.com\/da\/z19-cic-hearing-aids-in-ear-ite-rechargeable-factory-custom\/","title":{"rendered":"Z19 CIC Hearing Aids In Ear ITE Rechargeable Factory Custom"},"content":{"rendered":"<h2 data-v-md-heading=\"why-pick-z19\" data-v-md-line=\"6\"><strong>Hvorfor v\u00e6lge Z19?<\/strong><\/h2>\n<ul data-v-md-line=\"8\">\n<li><strong>Usynlige h\u00f8reapparater Factory Custom<\/strong>: Ingen kan se dem i dine \u00f8rer. Det er godt, hvis du vil holde det privat.\u00a0<a href=\"https:\/\/chinahearingaid.com\/da\/z19-cic-hearing-aids-in-ear-ite-rechargeable-factory-custom\/\" target=\"_blank\" rel=\"noopener\">Usynlige h\u00f8reapparater Factory Custom<\/a>.<\/li>\n<li><strong>Digitale h\u00f8reapparater Factory Custom<\/strong>: Lyde g\u00f8res klare og tydelige. Ord er lette at h\u00f8re\u00a0<a href=\"https:\/\/chinahearingaid.com\/da\/z19-cic-hearing-aids-in-ear-ite-rechargeable-factory-custom\/\" target=\"_blank\" rel=\"noopener\">Digitale h\u00f8reapparater Factory Custom<\/a>.<\/li>\n<li><strong>Genopladelige h\u00f8reapparater Factory Custom<\/strong>: Du skal aldrig bekymre dig om batterier. Disse har st\u00e6rke indbyggede litium-ion-batterier. Du kan bruge dem hele dagen og hele natten\u00a0<a href=\"https:\/\/chinahearingaid.com\/da\/z19-cic-hearing-aids-in-ear-ite-rechargeable-factory-custom\/\" target=\"_blank\" rel=\"noopener\">Genopladelige h\u00f8reapparater Factory Custom<\/a>.<\/li>\n<li><strong>ITE-h\u00f8reapparater fabrikstilpasset<\/strong>: De passer ind i dit \u00f8re. Lavet lige til din st\u00f8rrelse\u00a0<a href=\"https:\/\/chinahearingaid.com\/da\/z19-cic-hearing-aids-in-ear-ite-rechargeable-factory-custom\/\" target=\"_blank\" rel=\"noopener\">ITE-h\u00f8reapparater fabrikstilpasset<\/a>.<\/li>\n<li><strong>CIC H\u00f8reapparater Factory Custom<\/strong>: Disse er de mindste. De g\u00e5r dybt ind i dit \u00f8re\u00a0<a href=\"https:\/\/chinahearingaid.com\/da\/z19-cic-hearing-aids-in-ear-ite-rechargeable-factory-custom\/\" target=\"_blank\" rel=\"noopener\">CIC H\u00f8reapparater Factory Custom<\/a>.<\/li>\n<\/ul>\n<h2 data-v-md-heading=\"how-it-helps-you\" data-v-md-line=\"15\"><strong>Hvordan det hj\u00e6lper dig<\/strong><\/h2>\n<p data-v-md-line=\"17\"><strong>Z19 CIC H\u00f8reapparater Factory Custom<\/strong>\u00a0hj\u00e6lpe dig hver dag.<\/p>\n<ul data-v-md-line=\"19\">\n<li><strong>H\u00f8r venner og familie<\/strong><\/li>\n<li><strong>Se tv med klar lyd<\/strong><\/li>\n<li><strong>Leg udenfor, selv om det regner<\/strong><\/li>\n<li><strong>L\u00f8b, hop, bev\u00e6g dig hele dagen. Den falder ikke<\/strong><\/li>\n<li><strong>Ingen ledninger, ingen problemer<\/strong><\/li>\n<\/ul>\n<h2 data-v-md-heading=\"best-for\" data-v-md-line=\"26\"><strong>Bedst til...<\/strong><\/h2>\n<ul data-v-md-line=\"28\">\n<li>Alle aldre<\/li>\n<li>Folk med sm\u00e5 eller store \u00f8rer (det er tilpasset!)<\/li>\n<li>Alle, der \u00f8nsker superst\u00f8jsvage, supersikre h\u00f8reapparater<\/li>\n<\/ul>\n<h2 data-v-md-heading=\"key-features-table\" data-v-md-line=\"33\"><strong>N\u00f8glefunktioner Tabel<\/strong><\/h2>\n\n<table id=\"tablepress-23\" class=\"tablepress tablepress-id-23\">\n<thead>\n<tr class=\"row-1\">\n\t<td class=\"column-1\"><\/td><th class=\"column-2\">Hvad det betyder<\/th>\n<\/tr>\n<\/thead>\n<tbody class=\"row-striping row-hover\">\n<tr class=\"row-2\">\n\t<td class=\"column-1\">Meget lille<\/td><td class=\"column-2\">Ses n\u00e6sten ikke i \u00f8ret (usynlige h\u00f8reapparater, fabrikstilpasset)<\/td>\n<\/tr>\n<tr class=\"row-3\">\n\t<td class=\"column-1\">Vandt\u00e6t<\/td><td class=\"column-2\">Ingen bekymringer ved poolen eller i regnvejr<\/td>\n<\/tr>\n<tr class=\"row-4\">\n\t<td class=\"column-1\">Lang levetid<\/td><td class=\"column-2\">Kan bruges hele dagen (38 timer) (genopladelige h\u00f8reapparater, fabrikstilpasset)<\/td>\n<\/tr>\n<tr class=\"row-5\">\n\t<td class=\"column-1\">Bl\u00f8d pasform<\/td><td class=\"column-2\">Form lavet til dig (In Ear Hearing Aids Factory Custom)<\/td>\n<\/tr>\n<tr class=\"row-6\">\n\t<td class=\"column-1\">Ingen udskiftning af batteri<\/td><td class=\"column-2\">Bare oplad, ingen nye batterier er n\u00f8dvendige<\/td>\n<\/tr>\n<tr class=\"row-7\">\n\t<td class=\"column-1\">Valg af farve<\/td><td class=\"column-2\">V\u00e6lg den farve, du kan lide<\/td>\n<\/tr>\n<tr class=\"row-8\">\n\t<td class=\"column-1\">Letv\u00e6gts<\/td><td class=\"column-2\">S\u00e5 let, at du m\u00e5ske glemmer, at den er der<\/td>\n<\/tr>\n<tr class=\"row-9\">\n\t<td class=\"column-1\">St\u00f8jblok<\/td><td class=\"column-2\">G\u00f8r talen klar og blokerer for summen (Digital Hearing Aids Factory Custom)<\/td>\n<\/tr>\n<\/tbody>\n<\/table>\n<!-- #tablepress-23 from cache -->\n<h2 data-v-md-heading=\"what-is-inside\" data-v-md-line=\"47\"><strong>Hvad der er indeni<\/strong><\/h2>\n<ul data-v-md-line=\"49\">\n<li><strong>Lithium-ion battery<\/strong>\u00a0(op til 38 timer)<\/li>\n<li><strong>AI-drevet digital chip<\/strong><\/li>\n<li><strong>Farverige valg af skaller<\/strong><\/li>\n<li><strong>Etui til opladning<\/strong>\u00a0til at tage med p\u00e5 farten<\/li>\n<li><strong>Let at h\u00e5ndtere<\/strong>\u00a0at tage ud<\/li>\n<\/ul>\n<h2 data-v-md-heading=\"use-anywhere\" data-v-md-line=\"56\"><strong>Brug hvor som helst<\/strong><\/h2>\n<ul data-v-md-line=\"58\">\n<li><strong>Skole<\/strong><\/li>\n<li><strong>Hjem<\/strong><\/li>\n<li><strong>L\u00f8b<\/strong><\/li>\n<li><strong>Arbejde<\/strong><\/li>\n<li><strong>Shopping<\/strong><\/li>\n<li><strong>At tale med venner<\/strong><\/li>\n<li><strong>Lytter til musik<\/strong><\/li>\n<\/ul>\n<h2 data-v-md-heading=\"how-to-use\" data-v-md-line=\"67\"><strong>S\u00e5dan bruger du det<\/strong><\/h2>\n<ol data-v-md-line=\"69\">\n<li>Oplad din\u00a0<strong>H\u00f8reapparater i \u00f8ret Factory Custom<\/strong>\u00a0i sagen.<\/li>\n<li>S\u00e6t dem i \u00f8rerne, n\u00e5r du starter din dag.<\/li>\n<li>Nyd lyden!<\/li>\n<li>L\u00e6g dem tilbage i kassen om aftenen.<\/li>\n<\/ol>\n<h2 data-v-md-heading=\"extra-smart-stuff\" data-v-md-line=\"75\"><strong>Ekstra smarte ting<\/strong><\/h2>\n<ul data-v-md-line=\"77\">\n<li><strong>Digitale h\u00f8reapparater Factory Custom<\/strong>\u00a0\u00e6ndre lyden, s\u00e5 den passer til dine behov.<\/li>\n<li>AI g\u00f8r tale tydelig, selv n\u00e5r der er st\u00f8j.<\/li>\n<li>Tilpasset form - bl\u00f8d og behagelig.<\/li>\n<li>Bliver p\u00e5 plads, n\u00e5r du l\u00f8ber eller hopper.<\/li>\n<li>Godt for\u00a0<strong>CIC H\u00f8reapparater Factory Custom<\/strong>\u00a0ventilatorer og\u00a0<strong>ITE-h\u00f8reapparater fabrikstilpasset<\/strong>\u00a0brugere.<\/li>\n<\/ul>\n<h2 data-v-md-heading=\"order-now\" data-v-md-line=\"84\"><strong>Bestil nu<\/strong><\/h2>\n<p data-v-md-line=\"86\">Vil du have flere valgmuligheder? Se her\u00a0<a href=\"https:\/\/chinahearingaid.com\/da\/cic-hearing-aids\/\" target=\"_blank\" rel=\"noopener\">CIC-h\u00f8reapparater<\/a><a href=\"https:\/\/chinahearingaid.com\/da\/in-ear-hearing-aids\/\" target=\"_blank\" rel=\"noopener\">In-Ear h\u00f8reapparater<\/a>, og\u00a0<a href=\"https:\/\/chinahearingaid.com\/da\/digital-hearing-aids\/\" target=\"_blank\" rel=\"noopener\">Digitale h\u00f8reapparater<\/a>\u00a0for mere\u00a0<strong>Usynlige h\u00f8reapparater Factory Custom<\/strong>.<\/p>\n<h2 data-v-md-heading=\"quick-facts-table\" data-v-md-line=\"89\"><strong>Tabel med hurtige fakta<\/strong><\/h2>\n\n<table id=\"tablepress-24\" class=\"tablepress tablepress-id-24\">\n<thead>\n<tr class=\"row-1\">\n\t<th class=\"column-1\">Funktion<\/th><th class=\"column-2\">Z19 Detaljer<\/th>\n<\/tr>\n<\/thead>\n<tbody class=\"row-striping row-hover\">\n<tr class=\"row-2\">\n\t<td class=\"column-1\">Type<\/td><td class=\"column-2\">In Ear, ITE, CIC<\/td>\n<\/tr>\n<tr class=\"row-3\">\n\t<td class=\"column-1\">Usynlig?<\/td><td class=\"column-2\">Ja<\/td>\n<\/tr>\n<tr class=\"row-4\">\n\t<td class=\"column-1\">Specialfremstillet?<\/td><td class=\"column-2\">Ja<\/td>\n<\/tr>\n<tr class=\"row-5\">\n\t<td class=\"column-1\">Batteri<\/td><td class=\"column-2\">Genopladelig, 38 timer<\/td>\n<\/tr>\n<tr class=\"row-6\">\n\t<td class=\"column-1\">Opladningstid<\/td><td class=\"column-2\">3 timer<\/td>\n<\/tr>\n<tr class=\"row-7\">\n\t<td class=\"column-1\">Vand- og svedafvisende<\/td><td class=\"column-2\">Ja (sikker at have p\u00e5 udenfor)<\/td>\n<\/tr>\n<tr class=\"row-8\">\n\t<td class=\"column-1\">Digital?<\/td><td class=\"column-2\">Ja, med AI-st\u00f8jblok<\/td>\n<\/tr>\n<tr class=\"row-9\">\n\t<td class=\"column-1\">Hvem kan bruge det?<\/td><td class=\"column-2\">B\u00f8rn, voksne, seniorer<\/td>\n<\/tr>\n<tr class=\"row-10\">\n\t<td class=\"column-1\">Valg af farver<\/td><td class=\"column-2\">6<\/td>\n<\/tr>\n<\/tbody>\n<\/table>\n<!-- #tablepress-24 from cache -->\n<p data-v-md-line=\"104\"><strong>Z19 CIC Hearing Aids In Ear ITE Rechargeable Factory Custom<\/strong>\u00a0er din bedste ven, n\u00e5r du skal h\u00f8re.<br \/>\nDen kan bruges overalt.<br \/>\nDen er usynlig, smart, let og lavet kun til dig.<\/p>\n<p data-v-md-line=\"108\"><a href=\"https:\/\/chinahearingaid.com\/da\/z19-cic-hearing-aids-in-ear-ite-rechargeable-factory-custom\/\" target=\"_blank\" rel=\"noopener\">Udforsk mere In Ear H\u00f8reapparater Factory Custom<\/a><br \/>\n<a href=\"https:\/\/chinahearingaid.com\/da\/z19-cic-hearing-aids-in-ear-ite-rechargeable-factory-custom\/\" target=\"_blank\" rel=\"noopener\">Shop CIC H\u00f8reapparater Factory Custom<\/a><br \/>\n<a href=\"https:\/\/chinahearingaid.com\/da\/z19-cic-hearing-aids-in-ear-ite-rechargeable-factory-custom\/\" target=\"_blank\" rel=\"noopener\">Find genopladelige h\u00f8reapparater fabrikstilpasset<\/a><\/p>","protected":false},"excerpt":{"rendered":"<p>Usynlige ITE\/CIC-h\u00f8reapparater, fabrikstilpassede for en perfekt, privat pasform. Digital teknologi sikrer klar og tydelig lyd, der g\u00f8r det nemt at h\u00f8re ord. Genopladeligt Li-ion-batteri giver 38 timers brug - ikke flere udskiftninger! AI-st\u00f8jblok forbedrer talen. Vandt\u00e6t, let og behagelig at have p\u00e5 hele dagen. Z19: Diskret, smart h\u00f8relse, lavet til dig.<\/p>","protected":false},"featured_media":3146,"template":"","meta":{"_kad_post_transparent":"default","_kad_post_title":"","_kad_post_layout":"default","_kad_post_sidebar_id":"","_kad_post_content_style":"default","_kad_post_vertical_padding":"default","_kad_post_feature":"","_kad_post_feature_position":"","_kad_post_header":false,"_kad_post_footer":false,"_kad_post_classname":""},"product_brand":[],"product_cat":[15,545,561,559,568,560,549,563],"product_tag":[708,705,703,704,707,706],"class_list":{"0":"post-2306","1":"product","2":"type-product","3":"status-publish","4":"has-post-thumbnail","6":"product_cat-hearing-aid-by-types","7":"product_cat-cic-hearing-aids","8":"product_cat-digital-hearing-aids","9":"product_cat-hearing-aid-by-features","10":"product_cat-in-ear-hearing-aids","11":"product_cat-invisible-hearing-aids","12":"product_cat-ite-hearing-aids","13":"product_cat-rechargeable-hearing-aids","14":"product_tag-cic-hearing-aids-factory-custom","15":"product_tag-digital-hearing-aids-factory-custom","16":"product_tag-in-ear-hearing-aids-factory-custom","17":"product_tag-invisible-hearing-aids-factory-custom","18":"product_tag-ite-hearing-aids-factory-custom","19":"product_tag-rechargeable-hearing-aids-factory-custom","21":"first","22":"instock","23":"shipping-taxable","24":"product-type-simple","25":"entry","26":"content-bg","27":"loop-entry"},"_links":{"self":[{"href":"https:\/\/chinahearingaid.com\/da\/wp-json\/wp\/v2\/product\/2306","targetHints":{"allow":["GET"]}}],"collection":[{"href":"https:\/\/chinahearingaid.com\/da\/wp-json\/wp\/v2\/product"}],"about":[{"href":"https:\/\/chinahearingaid.com\/da\/wp-json\/wp\/v2\/types\/product"}],"wp:featuredmedia":[{"embeddable":true,"href":"https:\/\/chinahearingaid.com\/da\/wp-json\/wp\/v2\/media\/3146"}],"wp:attachment":[{"href":"https:\/\/chinahearingaid.com\/da\/wp-json\/wp\/v2\/media?parent=2306"}],"wp:term":[{"taxonomy":"product_brand","embeddable":true,"href":"https:\/\/chinahearingaid.com\/da\/wp-json\/wp\/v2\/product_brand?post=2306"},{"taxonomy":"product_cat","embeddable":true,"href":"https:\/\/chinahearingaid.com\/da\/wp-json\/wp\/v2\/product_cat?post=2306"},{"taxonomy":"product_tag","embeddable":true,"href":"https:\/\/chinahearingaid.com\/da\/wp-json\/wp\/v2\/product_tag?post=2306"}],"curies":[{"name":"wp","href":"https:\/\/api.w.org\/{rel}","templated":true}]}}