{"id":2309,"date":"2025-05-23T02:47:00","date_gmt":"2025-05-23T02:47:00","guid":{"rendered":"https:\/\/chinahearingaid.com\/?post_type=product&#038;p=2309"},"modified":"2025-06-12T13:37:50","modified_gmt":"2025-06-12T13:37:50","slug":"bx04-low-cost-rechargeable-hearing-aids-bluetooth-bte-maker","status":"publish","type":"product","link":"https:\/\/chinahearingaid.com\/da\/bx04-low-cost-rechargeable-hearing-aids-bluetooth-bte-maker\/","title":{"rendered":"BX04 Lavpris genopladelige h\u00f8reapparater Bluetooth BTE Maker"},"content":{"rendered":"<h2 data-v-md-heading=\"easy-hearing-help\" data-v-md-line=\"5\"><strong>Nem hj\u00e6lp til h\u00f8relse<\/strong><\/h2>\n<ul data-v-md-line=\"7\">\n<li><strong>Producent af BTE-h\u00f8reapparater<\/strong>\u00a0laver BX04.<\/li>\n<li><strong>Producent af genopladelige h\u00f8reapparater til lave omkostninger<\/strong>\u00a0betyder, at du sparer penge.<\/li>\n<li><strong>Producent af Bluetooth-h\u00f8reapparater<\/strong>\u00a0betyder, at du kan bruge din telefon.<\/li>\n<\/ul>\n<h2 data-v-md-heading=\"why-pick-bx04\" data-v-md-line=\"14\"><strong>Hvorfor v\u00e6lge BX04?<\/strong><\/h2>\n<p data-v-md-line=\"16\"><strong>BX04 BTE-h\u00f8reapparatproducent<\/strong>\u00a0er her for dig!<br \/>\n<strong>Producent af genopladelige h\u00f8reapparater til lave omkostninger<\/strong>\u00a0er god og nem.<br \/>\n<strong>Producent af Bluetooth-h\u00f8reapparater<\/strong>\u00a0giver dig mulighed for at ringe, se tv og lytte til musik.<\/p>\n<h2 data-v-md-heading=\"what-is-special\" data-v-md-line=\"23\"><strong>Hvad er s\u00e6rligt?<\/strong><\/h2>\n<p data-v-md-line=\"25\"><strong>BX04 H\u00f8reapparat<\/strong>\u00a0er lavet af de bedste\u00a0<strong>Producent af BTE-h\u00f8reapparater<\/strong>.<br \/>\nDet er en\u00a0<strong>Producent af genopladelige h\u00f8reapparater til lave omkostninger<\/strong>\u00a0produkt.<br \/>\nDet er en\u00a0<strong>Producent af Bluetooth-h\u00f8reapparater<\/strong>\u00a0enhed.<\/p>\n<h3 data-v-md-heading=\"product-table\" data-v-md-line=\"32\"><strong>Produktbord<\/strong><\/h3>\n\n<table id=\"tablepress-16\" class=\"tablepress tablepress-id-16\">\n<thead>\n<tr class=\"row-1\">\n\t<th class=\"column-1\">Navn<\/th><th class=\"column-2\">BX04 af BTE Hearing Aids Maker<\/th>\n<\/tr>\n<\/thead>\n<tbody class=\"row-striping row-hover\">\n<tr class=\"row-2\">\n\t<td class=\"column-1\">Batteri<\/td><td class=\"column-2\">Genopladelig, 20+ timer<\/td>\n<\/tr>\n<tr class=\"row-3\">\n\t<td class=\"column-1\">Opladning<\/td><td class=\"column-2\">Hurtig USB-opladning<\/td>\n<\/tr>\n<tr class=\"row-4\">\n\t<td class=\"column-1\">Bluetooth<\/td><td class=\"column-2\">Ja, til opkald og musik<\/td>\n<\/tr>\n<tr class=\"row-5\">\n\t<td class=\"column-1\">V\u00e6gt<\/td><td class=\"column-2\">3,5 g letv\u00e6gt<\/td>\n<\/tr>\n<tr class=\"row-6\">\n\t<td class=\"column-1\">Vandafvisende<\/td><td class=\"column-2\">Ja (IPX4)<\/td>\n<\/tr>\n<tr class=\"row-7\">\n\t<td class=\"column-1\">St\u00f8tte til h\u00f8retab<\/td><td class=\"column-2\">Mild til sv\u00e6r<\/td>\n<\/tr>\n<tr class=\"row-8\">\n\t<td class=\"column-1\">Indstillinger<\/td><td class=\"column-2\">Nem justering af appen<\/td>\n<\/tr>\n<tr class=\"row-9\">\n\t<td class=\"column-1\">Garanti<\/td><td class=\"column-2\">1 \u00e5r<\/td>\n<\/tr>\n<tr class=\"row-10\">\n\t<td class=\"column-1\">Certificeringer<\/td><td class=\"column-2\">CE, FCC, RoHS<\/td>\n<\/tr>\n<\/tbody>\n<\/table>\n<!-- #tablepress-16 from cache -->\n<h2 data-v-md-heading=\"bright-features\" data-v-md-line=\"49\"><strong>Lyse funktioner!<\/strong><\/h2>\n<ul data-v-md-line=\"51\">\n<li><strong>Lave omkostninger<\/strong><\/li>\n<li><strong>Rechargeable<\/strong><\/li>\n<li><strong>Bluetooth<\/strong><\/li>\n<li><strong>Letv\u00e6gts<\/strong><\/li>\n<li><strong>App-kontrol<\/strong><\/li>\n<li><strong>Vandt\u00e6t<\/strong><\/li>\n<li><strong>For alle aldre<\/strong><\/li>\n<li><strong>Komfortabel<\/strong><\/li>\n<\/ul>\n<h2 data-v-md-heading=\"where-to-use-bx04\" data-v-md-line=\"68\"><strong>Hvor kan man bruge BX04<\/strong><\/h2>\n<ul data-v-md-line=\"70\">\n<li><strong>Skole<\/strong><\/li>\n<li><strong>Hjem<\/strong><\/li>\n<li><strong>Park<\/strong><\/li>\n<li><strong>At tale med venner<\/strong><\/li>\n<li><strong>At se tv<\/strong><\/li>\n<li><strong>P\u00e5 telefonen<\/strong><\/li>\n<li><strong>Tid til musik<\/strong><\/li>\n<\/ul>\n<h2 data-v-md-heading=\"compare-table\" data-v-md-line=\"81\"><strong>Sammenlign tabel<\/strong><\/h2>\n\n<table id=\"tablepress-17\" class=\"tablepress tablepress-id-17\">\n<thead>\n<tr class=\"row-1\">\n\t<th class=\"column-1\">Funktion<\/th><th class=\"column-2\">BX04<\/th><th class=\"column-3\">Andre<\/th>\n<\/tr>\n<\/thead>\n<tbody class=\"row-striping row-hover\">\n<tr class=\"row-2\">\n\t<td class=\"column-1\">Cost<\/td><td class=\"column-2\">Lav<\/td><td class=\"column-3\">H\u00f8j<\/td>\n<\/tr>\n<tr class=\"row-3\">\n\t<td class=\"column-1\">Batteri<\/td><td class=\"column-2\">Rechargeable<\/td><td class=\"column-3\">Engangsbrug<\/td>\n<\/tr>\n<tr class=\"row-4\">\n\t<td class=\"column-1\">Bluetooth<\/td><td class=\"column-2\">Ja<\/td><td class=\"column-3\">Ingen<\/td>\n<\/tr>\n<tr class=\"row-5\">\n\t<td class=\"column-1\">Kontroller<\/td><td class=\"column-2\">App, knap<\/td><td class=\"column-3\">H\u00e5rd<\/td>\n<\/tr>\n<tr class=\"row-6\">\n\t<td class=\"column-1\">V\u00e6gt<\/td><td class=\"column-2\">Lys<\/td><td class=\"column-3\">Tung<\/td>\n<\/tr>\n<\/tbody>\n<\/table>\n<!-- #tablepress-17 from cache -->\n<h2 data-v-md-heading=\"more-info-internal-links\" data-v-md-line=\"94\"><strong>Mere info - Interne links<\/strong><\/h2>\n<ul data-v-md-line=\"96\">\n<li>Se alle\u00a0<strong><a href=\"https:\/\/chinahearingaid.com\/da\/bte-hearing-aids\/\" target=\"_blank\" rel=\"noopener\">BTE-h\u00f8reapparater her<\/a><\/strong>.<\/li>\n<li>Pr\u00f8v vores\u00a0<a href=\"https:\/\/chinahearingaid.com\/da\/bluetooth-hearing-aids\/\" target=\"_blank\" rel=\"noopener\">Bluetooth-h\u00f8reapparater<\/a>\u00a0for mere tr\u00e5dl\u00f8s hj\u00e6lp.<\/li>\n<li>Find\u00a0<a href=\"https:\/\/chinahearingaid.com\/da\/rechargeable-hearing-aids\/\" target=\"_blank\" rel=\"noopener\">Genopladelige h\u00f8reapparater<\/a>\u00a0for nem opladning.<\/li>\n<\/ul>\n<h2 data-v-md-heading=\"faq\" data-v-md-line=\"103\"><strong>OFTE STILLEDE SP\u00d8RGSM\u00c5L<\/strong><\/h2>\n<p data-v-md-line=\"105\">Hvem laver BX04?<br \/>\n<strong>Producent af BTE-h\u00f8reapparater, producent af genopladelige h\u00f8reapparater til lave omkostninger, producent af Bluetooth-h\u00f8reapparater<\/strong>.<\/p>\n<p data-v-md-line=\"108\">Er den nem at bruge?<br \/>\nJa, ja! Bare tag den p\u00e5 og g\u00e5.<\/p>\n<p data-v-md-line=\"111\">Hj\u00e6lper det med musikken?<br \/>\nJa! Du kan lytte til musik med Bluetooth.<\/p>\n<h2 data-v-md-heading=\"order-bx04-today\" data-v-md-line=\"117\"><strong>Bestil BX04 i dag!<\/strong><\/h2>\n<p data-v-md-line=\"119\"><strong>Producent af BTE-h\u00f8reapparater<\/strong>\u00a0giver dig :<\/p>\n<ul data-v-md-line=\"121\">\n<li>Bedste pris<\/li>\n<li>Smarte funktioner<\/li>\n<li>Sjov med Bluetooth<\/li>\n<li>Genopladelig til brug hele dagen<\/li>\n<li>Let for alle<\/li>\n<\/ul>","protected":false},"excerpt":{"rendered":"<p class=\"ng-star-inserted\"><span class=\"ng-star-inserted\">Nem hj\u00e6lp til h\u00f8relsen! BX04 fra BTE Hearing Aids Maker er din billige, genopladelige l\u00f8sning. Nyd Bluetooth til opkald, musik og tv. Let (3,5 g), IPX4-vandafvisende og app-styret for nem justering. F\u00e5 20+ timers klar lyd til mildt til sv\u00e6rt h\u00f8retab. Spar penge, h\u00f8r bedre overalt. Bestil BX04 for smarte funktioner og brug hele dagen!<\/span><\/p>","protected":false},"featured_media":3162,"template":"","meta":{"_kad_post_transparent":"default","_kad_post_title":"","_kad_post_layout":"default","_kad_post_sidebar_id":"","_kad_post_content_style":"default","_kad_post_vertical_padding":"default","_kad_post_feature":"","_kad_post_feature_position":"","_kad_post_header":false,"_kad_post_footer":false,"_kad_post_classname":""},"product_brand":[],"product_cat":[15,564,544,559,563],"product_tag":[717,715,716],"class_list":{"0":"post-2309","1":"product","2":"type-product","3":"status-publish","4":"has-post-thumbnail","6":"product_cat-hearing-aid-by-types","7":"product_cat-bluetooth-hearing-aids","8":"product_cat-bte-hearing-aids","9":"product_cat-hearing-aid-by-features","10":"product_cat-rechargeable-hearing-aids","11":"product_tag-bluetooth-hearing-aids-maker","12":"product_tag-bte-hearing-aids-maker","13":"product_tag-low-cost-rechargeable-hearing-aids-maker","15":"first","16":"instock","17":"shipping-taxable","18":"product-type-simple","19":"entry","20":"content-bg","21":"loop-entry"},"_links":{"self":[{"href":"https:\/\/chinahearingaid.com\/da\/wp-json\/wp\/v2\/product\/2309","targetHints":{"allow":["GET"]}}],"collection":[{"href":"https:\/\/chinahearingaid.com\/da\/wp-json\/wp\/v2\/product"}],"about":[{"href":"https:\/\/chinahearingaid.com\/da\/wp-json\/wp\/v2\/types\/product"}],"wp:featuredmedia":[{"embeddable":true,"href":"https:\/\/chinahearingaid.com\/da\/wp-json\/wp\/v2\/media\/3162"}],"wp:attachment":[{"href":"https:\/\/chinahearingaid.com\/da\/wp-json\/wp\/v2\/media?parent=2309"}],"wp:term":[{"taxonomy":"product_brand","embeddable":true,"href":"https:\/\/chinahearingaid.com\/da\/wp-json\/wp\/v2\/product_brand?post=2309"},{"taxonomy":"product_cat","embeddable":true,"href":"https:\/\/chinahearingaid.com\/da\/wp-json\/wp\/v2\/product_cat?post=2309"},{"taxonomy":"product_tag","embeddable":true,"href":"https:\/\/chinahearingaid.com\/da\/wp-json\/wp\/v2\/product_tag?post=2309"}],"curies":[{"name":"wp","href":"https:\/\/api.w.org\/{rel}","templated":true}]}}