{"id":2314,"date":"2025-05-23T02:54:34","date_gmt":"2025-05-23T02:54:34","guid":{"rendered":"https:\/\/chinahearingaid.com\/?post_type=product&#038;p=2314"},"modified":"2025-06-12T10:35:10","modified_gmt":"2025-06-12T10:35:10","slug":"z04-bte-inexpensive-rechargeable-hearing-aids-wholesale","status":"publish","type":"product","link":"https:\/\/chinahearingaid.com\/da\/z04-bte-inexpensive-rechargeable-hearing-aids-wholesale\/","title":{"rendered":"Z04 BTE billige genopladelige h\u00f8reapparater engros"},"content":{"rendered":"<h2 data-v-md-heading=\"product-highlights\" data-v-md-line=\"7\">Produktets h\u00f8jdepunkter<\/h2>\n\n<table id=\"tablepress-9\" class=\"tablepress tablepress-id-9\">\n<thead>\n<tr class=\"row-1\">\n\t<th class=\"column-1\">Funktion<\/th><th class=\"column-2\">Beskrivelse<\/th>\n<\/tr>\n<\/thead>\n<tbody class=\"row-striping row-hover\">\n<tr class=\"row-2\">\n\t<td class=\"column-1\">Type<\/td><td class=\"column-2\">BTE-h\u00f8reapparater engros<\/td>\n<\/tr>\n<tr class=\"row-3\">\n\t<td class=\"column-1\">Magt<\/td><td class=\"column-2\">Genopladeligt batteri, holder op til 60 timer pr. fuld opladning<\/td>\n<\/tr>\n<tr class=\"row-4\">\n\t<td class=\"column-1\">Passe<\/td><td class=\"column-2\">Sidder bag \u00f8ret, behageligt ved lang tids brug<\/td>\n<\/tr>\n<tr class=\"row-5\">\n\t<td class=\"column-1\">St\u00f8jreduktion<\/td><td class=\"column-2\">Ja, filtrerer baggrundslyde<\/td>\n<\/tr>\n<tr class=\"row-6\">\n\t<td class=\"column-1\">Volumenkontrol<\/td><td class=\"column-2\">Nem justering af lydstyrke, bare tryk<\/td>\n<\/tr>\n<tr class=\"row-7\">\n\t<td class=\"column-1\">Oplader<\/td><td class=\"column-2\">USB-etui til opladning overalt<\/td>\n<\/tr>\n<tr class=\"row-8\">\n\t<td class=\"column-1\">Farvemuligheder<\/td><td class=\"column-2\">Beige eller tilpasset OEM<\/td>\n<\/tr>\n<tr class=\"row-9\">\n\t<td class=\"column-1\">Certificering<\/td><td class=\"column-2\">FDA, CE, ISO13485, ROHS<\/td>\n<\/tr>\n<tr class=\"row-10\">\n\t<td class=\"column-1\">Garanti<\/td><td class=\"column-2\">1 \u00e5rs standardgaranti<\/td>\n<\/tr>\n<tr class=\"row-11\">\n\t<td class=\"column-1\">Pakke<\/td><td class=\"column-2\">Salgsklar kasse, alt v\u00e6rkt\u00f8j medf\u00f8lger<\/td>\n<\/tr>\n<tr class=\"row-12\">\n\t<td class=\"column-1\">MOQ<\/td><td class=\"column-2\">Kun masseordre\/engroshandel<\/td>\n<\/tr>\n<\/tbody>\n<\/table>\n<!-- #tablepress-9 from cache -->\n<h2 data-v-md-heading=\"why-pick-z04\" data-v-md-line=\"25\">Hvorfor v\u00e6lge Z04?<\/h2>\n<p data-v-md-line=\"27\"><strong>Let at bruge:<\/strong><br \/>\nAlle kan bruge dem! Bare s\u00e6t BTE Hearing Aids Wholesale bag \u00f8ret, juster lydstyrken og g\u00e5 i gang. Ingen besv\u00e6rlige indstillinger.<\/p>\n<p data-v-md-line=\"30\"><strong>Power hele dagen:<\/strong><br \/>\nDe billige genopladelige h\u00f8reapparater Wholesale oplader hurtigt og holder hele dagen (og lidt til!) - perfekt til arbejde, leg og s\u00f8vn.<\/p>\n<p data-v-md-line=\"33\"><strong>Klar lyd:<\/strong><br \/>\nPerfekt til at tale med folk, lytte til tv eller p\u00e5 st\u00f8jende steder. Nyd hvert eneste ord, hver eneste dag.<\/p>\n<p data-v-md-line=\"36\"><strong>Store besparelser:<\/strong><br \/>\nK\u00f8b BTE-h\u00f8reapparater engros direkte og spar. Perfekt til plejehjem, klinikker eller familiebrug.<\/p>\n<p data-v-md-line=\"39\"><strong>Certificeret sikker:<\/strong><br \/>\nTestet og godkendt af globale sundhedsmyndigheder - k\u00f8b med ro i sindet.<\/p>\n<h2 data-v-md-heading=\"simple-use-table\" data-v-md-line=\"43\">Bord til enkel brug<\/h2>\n\n<table id=\"tablepress-8\" class=\"tablepress tablepress-id-8\">\n<thead>\n<tr class=\"row-1\">\n\t<th class=\"column-1\">Funktion<\/th><th class=\"column-2\">Beskrivelse<\/th>\n<\/tr>\n<\/thead>\n<tbody class=\"row-striping row-hover\">\n<tr class=\"row-2\">\n\t<td class=\"column-1\">Type<\/td><td class=\"column-2\">BTE-h\u00f8reapparater engros<\/td>\n<\/tr>\n<tr class=\"row-3\">\n\t<td class=\"column-1\">Magt<\/td><td class=\"column-2\">Genopladeligt batteri, holder op til 60 timer pr. fuld opladning<\/td>\n<\/tr>\n<tr class=\"row-4\">\n\t<td class=\"column-1\">Passe<\/td><td class=\"column-2\">Sidder bag \u00f8ret, behageligt ved lang tids brug<\/td>\n<\/tr>\n<tr class=\"row-5\">\n\t<td class=\"column-1\">St\u00f8jreduktion<\/td><td class=\"column-2\">Ja, filtrerer baggrundslyde<\/td>\n<\/tr>\n<tr class=\"row-6\">\n\t<td class=\"column-1\">Volumenkontrol<\/td><td class=\"column-2\">Nem justering af lydstyrke, bare tryk<\/td>\n<\/tr>\n<tr class=\"row-7\">\n\t<td class=\"column-1\">Oplader<\/td><td class=\"column-2\">USB-etui til opladning overalt<\/td>\n<\/tr>\n<tr class=\"row-8\">\n\t<td class=\"column-1\">Farvemuligheder<\/td><td class=\"column-2\">Beige eller tilpasset OEM<\/td>\n<\/tr>\n<tr class=\"row-9\">\n\t<td class=\"column-1\">Certificering<\/td><td class=\"column-2\">FDA, CE, ISO13485, ROHS<\/td>\n<\/tr>\n<tr class=\"row-10\">\n\t<td class=\"column-1\">Garanti<\/td><td class=\"column-2\">1 \u00e5rs standardgaranti<\/td>\n<\/tr>\n<tr class=\"row-11\">\n\t<td class=\"column-1\">Pakke<\/td><td class=\"column-2\">Salgsklar kasse, alt v\u00e6rkt\u00f8j medf\u00f8lger<\/td>\n<\/tr>\n<tr class=\"row-12\">\n\t<td class=\"column-1\">MOQ<\/td><td class=\"column-2\">Kun masseordre\/engroshandel<\/td>\n<\/tr>\n<\/tbody>\n<\/table>\n<!-- #tablepress-8 from cache -->\n<h2 data-v-md-heading=\"where-and-when-to-use\" data-v-md-line=\"55\">Hvor og hvorn\u00e5r skal man bruge det?<\/h2>\n<ul data-v-md-line=\"57\">\n<li><strong>I hjemmet:<\/strong>\u00a0H\u00f8rer familien, d\u00f8rklokken og tv'et.<\/li>\n<li><strong>P\u00e5 arbejdet eller i skolen:<\/strong>\u00a0Lyt bedre til m\u00f8der eller undervisning.<\/li>\n<li><strong>P\u00e5 farten:<\/strong>\u00a0G\u00e5 i parken eller k\u00f8b ind uden at g\u00e5 glip af en lyd.<\/li>\n<li><strong>Overfyldte steder:<\/strong>\u00a0Filtrer st\u00f8j i restauranter eller busser.<\/li>\n<li><strong>For alle aldre:<\/strong>\u00a0Voksne, \u00e6ldre b\u00f8rn og seniorer kan bruge den komfortabelt.<\/li>\n<\/ul>\n<h2 data-v-md-heading=\"helpful-links\" data-v-md-line=\"66\">Nyttige links<\/h2>\n<ul data-v-md-line=\"68\">\n<li><a href=\"https:\/\/chinahearingaid.com\/da\/bte-hearing-aids\/\" target=\"_blank\" rel=\"noopener\">Se flere muligheder for BTE-h\u00f8reapparater<\/a><\/li>\n<li><a href=\"https:\/\/chinahearingaid.com\/da\/rechargeable-hearing-aids\/\" target=\"_blank\" rel=\"noopener\">Udforsk genopladelige h\u00f8reapparater<\/a><\/li>\n<li><a href=\"https:\/\/chinahearingaid.com\/da\/noise-reduction-hearing-aids\/\" target=\"_blank\" rel=\"noopener\">Find st\u00f8jreducerende h\u00f8reapparater<\/a><\/li>\n<li><a href=\"https:\/\/chinahearingaid.com\/da\/z04-bte-inexpensive-rechargeable-hearing-aids-wholesale\/\" target=\"_blank\" rel=\"noopener\">Se alle Billige genopladelige h\u00f8reapparater engros modeller<\/a><\/li>\n<\/ul>\n<h2 data-v-md-heading=\"engaging-description\" data-v-md-line=\"74\">Engagerende beskrivelse<\/h2>\n<p data-v-md-line=\"76\"><strong>H\u00f8rer bedre for hver dag.<\/strong><br \/>\nZ04 BTE H\u00f8reapparater Engros er lavet til at g\u00f8re det nemt at h\u00f8re. Klip dem p\u00e5, oplad dem hurtigt, og lyt i l\u00e6ngere tid.<br \/>\nIntet behov for sm\u00e5 batterier - bare oplad!<\/p>\n<p data-v-md-line=\"80\"><strong>Passer til alle \u00f8rer, f\u00f8les bl\u00f8d og er nem at reng\u00f8re.<\/strong><br \/>\nSkru op for lyden, n\u00e5r du har brug for det.<br \/>\nPerfekt til hjemmet, udenfor eller p\u00e5 rejsen.<br \/>\nPlejepersonale, klinikker eller familier: K\u00f8b billige genopladelige h\u00f8reapparater engros og spar stort.<\/p>\n<p data-v-md-line=\"85\"><em>Nyd lyden. Nyd livet.<\/em><\/p>\n<p data-v-md-line=\"88\"><strong>Relaterede produkter<\/strong>:<\/p>\n<ul data-v-md-line=\"89\">\n<li><a href=\"https:\/\/chinahearingaid.com\/da\/bx360-mini-rechargeable-digital-bte-hearing-aids-solutions\/\" target=\"_blank\" rel=\"noopener\">Mini BTE-h\u00f8reapparatl\u00f8sninger<\/a><\/li>\n<li><a href=\"https:\/\/chinahearingaid.com\/da\/bluetooth-hearing-aids\/\" target=\"_blank\" rel=\"noopener\">Bluetooth-h\u00f8reapparater<\/a><\/li>\n<li><a href=\"https:\/\/chinahearingaid.com\/da\/digital-hearing-aids\/\" target=\"_blank\" rel=\"noopener\">Digitale h\u00f8reapparater<\/a><\/li>\n<\/ul>\n<p data-v-md-line=\"93\"><strong>V\u00e6lg Z04 - dit smarte valg for lyd til en overkommelig pris!<\/strong><\/p>","protected":false},"excerpt":{"rendered":"<p><span class=\"ng-star-inserted\">Z04 BTE-h\u00f8reapparater (engros): Genopladelig (60 timers levetid), behagelig pasform bag \u00f8ret. Filtrerer baggrundsst\u00f8j; nem volumenkontrol med trykknap. USB-etui til opladning. FDA\/CE-certificeret. Enkel at bruge: tag p\u00e5, juster, g\u00e5! Perfekt til plejehjem, klinikker eller familiens storindk\u00f8b, der \u00f8nsker klar lyd til en overkommelig pris. Spar stort med direkte engroshandel. Nyd hvert eneste ord!<\/span><\/p>","protected":false},"featured_media":3096,"template":"","meta":{"_kad_post_transparent":"default","_kad_post_title":"","_kad_post_layout":"default","_kad_post_sidebar_id":"","_kad_post_content_style":"default","_kad_post_vertical_padding":"default","_kad_post_feature":"","_kad_post_feature_position":"","_kad_post_header":false,"_kad_post_footer":false,"_kad_post_classname":""},"product_brand":[],"product_cat":[15,544,559,563],"product_tag":[656,727],"class_list":{"0":"post-2314","1":"product","2":"type-product","3":"status-publish","4":"has-post-thumbnail","6":"product_cat-hearing-aid-by-types","7":"product_cat-bte-hearing-aids","8":"product_cat-hearing-aid-by-features","9":"product_cat-rechargeable-hearing-aids","10":"product_tag-bte-hearing-aids-wholesale","11":"product_tag-inexpensive-rechargeable-hearing-aids-wholesale","13":"first","14":"instock","15":"shipping-taxable","16":"product-type-simple","17":"entry","18":"content-bg","19":"loop-entry"},"_links":{"self":[{"href":"https:\/\/chinahearingaid.com\/da\/wp-json\/wp\/v2\/product\/2314","targetHints":{"allow":["GET"]}}],"collection":[{"href":"https:\/\/chinahearingaid.com\/da\/wp-json\/wp\/v2\/product"}],"about":[{"href":"https:\/\/chinahearingaid.com\/da\/wp-json\/wp\/v2\/types\/product"}],"wp:featuredmedia":[{"embeddable":true,"href":"https:\/\/chinahearingaid.com\/da\/wp-json\/wp\/v2\/media\/3096"}],"wp:attachment":[{"href":"https:\/\/chinahearingaid.com\/da\/wp-json\/wp\/v2\/media?parent=2314"}],"wp:term":[{"taxonomy":"product_brand","embeddable":true,"href":"https:\/\/chinahearingaid.com\/da\/wp-json\/wp\/v2\/product_brand?post=2314"},{"taxonomy":"product_cat","embeddable":true,"href":"https:\/\/chinahearingaid.com\/da\/wp-json\/wp\/v2\/product_cat?post=2314"},{"taxonomy":"product_tag","embeddable":true,"href":"https:\/\/chinahearingaid.com\/da\/wp-json\/wp\/v2\/product_tag?post=2314"}],"curies":[{"name":"wp","href":"https:\/\/api.w.org\/{rel}","templated":true}]}}