{"id":2315,"date":"2025-05-23T02:55:41","date_gmt":"2025-05-23T02:55:41","guid":{"rendered":"https:\/\/chinahearingaid.com\/?post_type=product&#038;p=2315"},"modified":"2025-06-12T10:02:38","modified_gmt":"2025-06-12T10:02:38","slug":"z04d-cheapest-rechargeable-hearing-aids-bte-vendor-order","status":"publish","type":"product","link":"https:\/\/chinahearingaid.com\/da\/z04d-cheapest-rechargeable-hearing-aids-bte-vendor-order\/","title":{"rendered":"Z04D Billigste genopladelige h\u00f8reapparater BTE Vendor Order"},"content":{"rendered":"<h2 data-v-md-heading=\"why-get-z04d-bte-hearing-aids-vendor-order\" data-v-md-line=\"5\"><strong>Hvorfor bestille Z04D BTE-h\u00f8reapparater hos forhandleren?<\/strong><\/h2>\n<p data-v-md-line=\"7\"><strong>Z04D<\/strong>\u00a0er den\u00a0<em>Billigste genopladelige h\u00f8reapparater leverand\u00f8rbestilling<\/em>\u00a0kan du f\u00e5.<br \/>\nDe hj\u00e6lper dig med at h\u00f8re bedre hver dag.<br \/>\nDe er nemme at bruge og sparer penge.<br \/>\nN\u00e5r du bestiller\u00a0<strong>BTE-h\u00f8reapparater Leverand\u00f8rbestilling<\/strong>Du hj\u00e6lper mange mennesker med at h\u00f8re igen!<br \/>\nFolk som \u00e6ldre, klinikker og butikker v\u00e6lger dette produkt.<\/p>\n<h2 data-v-md-heading=\"key-product-features\" data-v-md-line=\"15\"><strong>Vigtige produktegenskaber<\/strong><\/h2>\n\n<table id=\"tablepress-7\" class=\"tablepress tablepress-id-7\">\n<thead>\n<tr class=\"row-1\">\n\t<th class=\"column-1\">Funktion<\/th><th class=\"column-2\">Hvad du f\u00e5r<\/th>\n<\/tr>\n<\/thead>\n<tbody class=\"row-striping row-hover\">\n<tr class=\"row-2\">\n\t<td class=\"column-1\">Design<\/td><td class=\"column-2\">BTE (bag \u00f8ret)<\/td>\n<\/tr>\n<tr class=\"row-3\">\n\t<td class=\"column-1\">Batteri<\/td><td class=\"column-2\">Holder 1 dag. Hurtig USB-opladning!<\/td>\n<\/tr>\n<tr class=\"row-4\">\n\t<td class=\"column-1\">Sund<\/td><td class=\"column-2\">Klar lyd, mindre st\u00f8j og forstyrrelser<\/td>\n<\/tr>\n<tr class=\"row-5\">\n\t<td class=\"column-1\">Passe<\/td><td class=\"column-2\">Behagelig, nem at have p\u00e5, allergivenlig<\/td>\n<\/tr>\n<tr class=\"row-6\">\n\t<td class=\"column-1\">Vandt\u00e6t<\/td><td class=\"column-2\">Kan bruges udenfor og til tr\u00e6ning<\/td>\n<\/tr>\n<tr class=\"row-7\">\n\t<td class=\"column-1\">Pris<\/td><td class=\"column-2\">Lave omkostninger, n\u00e5r du laver en stor ordre<\/td>\n<\/tr>\n<tr class=\"row-8\">\n\t<td class=\"column-1\">Garanti<\/td><td class=\"column-2\">1 \u00e5r. Hj\u00e6lp, hvis du har brug for det<\/td>\n<\/tr>\n<tr class=\"row-9\">\n\t<td class=\"column-1\">Certificering<\/td><td class=\"column-2\">Godkendt til sikker brug (FDA, CE, ISO)<\/td>\n<\/tr>\n<\/tbody>\n<\/table>\n<!-- #tablepress-7 from cache -->\n<h2 data-v-md-heading=\"who-needs-the-cheapest-rechargeable-hearing-aids-vendor-order\" data-v-md-line=\"30\"><strong>Hvem har brug for den billigste leverand\u00f8r af genopladelige h\u00f8reapparater?<\/strong><\/h2>\n<ul data-v-md-line=\"31\">\n<li><strong>Seniorer<\/strong>\u00a0- Daglig brug, nem, sk\u00e5nsom mod huden<\/li>\n<li><strong>Hospitaler og klinikker<\/strong>\u00a0- bulkbestilling, giv til mange patienter<\/li>\n<li><strong>Butikker og leverand\u00f8rer<\/strong>\u00a0- s\u00e6lge videre til en god pris<\/li>\n<li><strong>Mennesker med f\u00e6rre penge<\/strong>\u00a0- F\u00e5 god h\u00f8relse, uden h\u00f8je omkostninger<\/li>\n<\/ul>\n<h2 data-v-md-heading=\"how-z04d-cheapest-rechargeable-hearing-aids-vendor-order-helps-you\" data-v-md-line=\"38\"><strong>Hvordan Z04D billigste genopladelige h\u00f8reapparater hj\u00e6lper dig<\/strong><\/h2>\n<ul data-v-md-line=\"40\">\n<li>Du kan\u00a0<strong>Bestil i l\u00f8s v\u00e6gt<\/strong>\u00a0og spar flere penge<\/li>\n<li>Hver enhed kontrolleres for\u00a0<strong>h\u00f8j kvalitet<\/strong>klar lyd og st\u00e6rkt batteri<\/li>\n<li><strong>Let at oplade<\/strong>\u00a0med en USB-ledning, ligesom din telefon!<\/li>\n<li>Meget\u00a0<strong>Let, behageligt og sikkert materiale<\/strong><\/li>\n<li><strong>Rabat<\/strong>\u00a0n\u00e5r du bestiller mere!<\/li>\n<li>Hurtig levering n\u00e6sten overalt<\/li>\n<\/ul>\n<h2 data-v-md-heading=\"all-about-the-z04d-bte-hearing-aids-vendor-order\" data-v-md-line=\"48\"><strong>Alt om Z04D BTE-h\u00f8reapparatets leverand\u00f8rbestilling<\/strong><\/h2>\n<h3 data-v-md-heading=\"what-is-in-the-box\" data-v-md-line=\"50\"><strong>Hvad er der i kassen?<\/strong><\/h3>\n<ul data-v-md-line=\"51\">\n<li>1 eller flere genopladelige Z04D BTE-h\u00f8reapparater<\/li>\n<li>Opladningskabel<\/li>\n<li>Bl\u00f8de \u00f8repropper<\/li>\n<li>Enkel vejledning<\/li>\n<\/ul>\n<h3 data-v-md-heading=\"see-the-benefits-in-a-table\" data-v-md-line=\"58\"><strong>Se fordelene i en tabel<\/strong><\/h3>\n\n<table id=\"tablepress-6\" class=\"tablepress tablepress-id-6\">\n<thead>\n<tr class=\"row-1\">\n\t<th class=\"column-1\">Fordel<\/th><th class=\"column-2\">S\u00e5dan fungerer det<\/th>\n<\/tr>\n<\/thead>\n<tbody class=\"row-striping row-hover\">\n<tr class=\"row-2\">\n\t<td class=\"column-1\">Billig bulkpris<\/td><td class=\"column-2\">Bestil mere, betal mindre<\/td>\n<\/tr>\n<tr class=\"row-3\">\n\t<td class=\"column-1\">24-timers batteri<\/td><td class=\"column-2\">Ingen bekymringer for lyd hele dagen<\/td>\n<\/tr>\n<tr class=\"row-4\">\n\t<td class=\"column-1\">Behagelig for ethvert \u00f8re<\/td><td class=\"column-2\">En st\u00f8rrelse passer de fleste<\/td>\n<\/tr>\n<tr class=\"row-5\">\n\t<td class=\"column-1\">Bek\u00e6mper st\u00f8j og statisk elektricitet<\/td><td class=\"column-2\">Klar lyd overalt<\/td>\n<\/tr>\n<tr class=\"row-6\">\n\t<td class=\"column-1\">Holdbar og sikker<\/td><td class=\"column-2\">Forbliver t\u00f8r, fungerer i regnvejr<\/td>\n<\/tr>\n<\/tbody>\n<\/table>\n<!-- #tablepress-6 from cache -->\n<h2 data-v-md-heading=\"why-bte-hearing-aids-vendor-order-is-smart\" data-v-md-line=\"70\"><strong>Hvorfor det er smart at bestille BTE-h\u00f8reapparater hos leverand\u00f8ren<\/strong><\/h2>\n<ul data-v-md-line=\"72\">\n<li>Betroet af klinikker verden over til massebestillinger<\/li>\n<li>Bedst til butikker, der vil s\u00e6lge hurtigt<\/li>\n<li>For\u00e6ldre og gamle familiemedlemmer elsker dem!<\/li>\n<li>Bliver ved med at virke, dag efter dag, hver gang du har brug for det<\/li>\n<\/ul>\n<h2 data-v-md-heading=\"want-more-explore-these-links\" data-v-md-line=\"79\"><strong>Vil du have mere? Udforsk disse links<\/strong><\/h2>\n<ul data-v-md-line=\"80\">\n<li>Se alle\u00a0<a href=\"https:\/\/chinahearingaid.com\/da\/bte-hearing-aids\/\" target=\"_blank\" rel=\"noopener\">Valg af BTE-h\u00f8reapparater her<\/a>.<\/li>\n<li>Find ud af mere\u00a0<a href=\"https:\/\/chinahearingaid.com\/da\/rechargeable-hearing-aids\/\" target=\"_blank\" rel=\"noopener\">Genopladelige h\u00f8reapparater til alle<\/a>.<\/li>\n<li>F\u00e5 mere at vide om\u00a0<a href=\"https:\/\/chinahearingaid.com\/da\/z04d-cheapest-rechargeable-hearing-aids-bte-vendor-order\/\" target=\"_blank\" rel=\"noopener\">Billigste genopladelige h\u00f8reapparater leverand\u00f8r Bestil tilbud<\/a>.<\/li>\n<li>Udforsk andre\u00a0<a href=\"https:\/\/chinahearingaid.com\/da\/z04d-cheapest-rechargeable-hearing-aids-bte-vendor-order\/\" target=\"_blank\" rel=\"noopener\">BTE-h\u00f8reapparater Leverand\u00f8rbestilling af produkter<\/a>.<\/li>\n<\/ul>\n<h2 data-v-md-heading=\"order-z04d-cheapest-rechargeable-hearing-aids-vendor-order-now\" data-v-md-line=\"86\"><strong>Bestil Z04D billigste leverand\u00f8r af genopladelige h\u00f8reapparater Bestil nu!<\/strong><\/h2>\n<ul data-v-md-line=\"88\">\n<li>F\u00e5 din leverand\u00f8rordre p\u00e5 BTE-h\u00f8reapparater i dag.<\/li>\n<li>Bed om en s\u00e6rlig pris p\u00e5 din billigste genopladelige h\u00f8reapparatleverand\u00f8rordre, hvis du har brug for mange!<\/li>\n<li>Vi pakker og sender hurtigt. Du begynder snart at h\u00f8re bedre!<\/li>\n<li>Nem bestillingsproces. Venlig hj\u00e6lp hele vejen.<\/li>\n<\/ul>\n<p data-v-md-line=\"94\"><strong>Z04D BTE-h\u00f8reapparatleverand\u00f8rbestilling og billigste genopladelige h\u00f8reapparatleverand\u00f8rbestilling er det smarte, nemme og overkommelige valg!<\/strong><\/p>\n<p data-v-md-line=\"97\"><strong>Klar til at pr\u00f8ve? Placer din BTE-h\u00f8reapparatleverand\u00f8rordre nu, og nyd den billigste genopladelige h\u00f8reapparatleverand\u00f8rordre!<\/strong><\/p>\n<p data-v-md-line=\"99\"><a href=\"https:\/\/chinahearingaid.com\/da\/z04d-cheapest-rechargeable-hearing-aids-bte-vendor-order\/\" target=\"_blank\" rel=\"noopener\">Bestil i dag og spar stort!<\/a><\/p>\n<p data-v-md-line=\"102\"><em>Din bedste h\u00f8relse for mindre. Leverand\u00f8ren af BTE-h\u00f8reapparater og den billigste leverand\u00f8r af genopladelige h\u00f8reapparater venter!<\/em><\/p>","protected":false},"excerpt":{"rendered":"<div class=\"chat-container\">\n<div class=\"chat-view-container ng-star-inserted\">\n<div>\n<div class=\"chat-turn-container model render cdk-focused cdk-mouse-focused\" tabindex=\"-1\">\n<div class=\"model-prompt-container\" data-turn-role=\"Model\">\n<div class=\"turn-content\">\n<p class=\"ng-star-inserted\"><span class=\"ng-star-inserted\">V\u00e6lg Z04D BTE-h\u00f8reapparater til din leverand\u00f8rordre: den mest overkommelige genopladelige l\u00f8sning. De forbedrer den daglige h\u00f8relse, er enkle at bruge og reducerer omkostningerne. Perfekt til \u00e6ldre, klinikker og detailbutikker. N\u00f8glefunktionerne omfatter: BTE-design, heldagsbatteri med hurtig USB-opladning, krystalklar lyd med st\u00f8jreduktion, behagelig hypoallergen pasform og vandt\u00e6t holdbarhed til udend\u00f8rs brug. Certificeret (FDA, CE, ISO). Store ordrer betyder st\u00f8rre besparelser. Hj\u00e6lp flere mennesker med at h\u00f8re igen!<\/span><\/p>\n<\/div>\n<\/div>\n<\/div>\n<\/div>\n<\/div>\n<\/div>","protected":false},"featured_media":3092,"template":"","meta":{"_kad_post_transparent":"default","_kad_post_title":"","_kad_post_layout":"default","_kad_post_sidebar_id":"","_kad_post_content_style":"default","_kad_post_vertical_padding":"default","_kad_post_feature":"","_kad_post_feature_position":"","_kad_post_header":false,"_kad_post_footer":false,"_kad_post_classname":""},"product_brand":[],"product_cat":[15,544,559,563],"product_tag":[734,735],"class_list":{"0":"post-2315","1":"product","2":"type-product","3":"status-publish","4":"has-post-thumbnail","6":"product_cat-hearing-aid-by-types","7":"product_cat-bte-hearing-aids","8":"product_cat-hearing-aid-by-features","9":"product_cat-rechargeable-hearing-aids","10":"product_tag-bte-hearing-aids-vendor-order","11":"product_tag-cheapest-rechargeable-hearing-aids-vendor-order","13":"first","14":"instock","15":"shipping-taxable","16":"product-type-simple","17":"entry","18":"content-bg","19":"loop-entry"},"_links":{"self":[{"href":"https:\/\/chinahearingaid.com\/da\/wp-json\/wp\/v2\/product\/2315","targetHints":{"allow":["GET"]}}],"collection":[{"href":"https:\/\/chinahearingaid.com\/da\/wp-json\/wp\/v2\/product"}],"about":[{"href":"https:\/\/chinahearingaid.com\/da\/wp-json\/wp\/v2\/types\/product"}],"wp:featuredmedia":[{"embeddable":true,"href":"https:\/\/chinahearingaid.com\/da\/wp-json\/wp\/v2\/media\/3092"}],"wp:attachment":[{"href":"https:\/\/chinahearingaid.com\/da\/wp-json\/wp\/v2\/media?parent=2315"}],"wp:term":[{"taxonomy":"product_brand","embeddable":true,"href":"https:\/\/chinahearingaid.com\/da\/wp-json\/wp\/v2\/product_brand?post=2315"},{"taxonomy":"product_cat","embeddable":true,"href":"https:\/\/chinahearingaid.com\/da\/wp-json\/wp\/v2\/product_cat?post=2315"},{"taxonomy":"product_tag","embeddable":true,"href":"https:\/\/chinahearingaid.com\/da\/wp-json\/wp\/v2\/product_tag?post=2315"}],"curies":[{"name":"wp","href":"https:\/\/api.w.org\/{rel}","templated":true}]}}