{"id":2316,"date":"2025-05-23T02:55:42","date_gmt":"2025-05-23T02:55:42","guid":{"rendered":"https:\/\/chinahearingaid.com\/?post_type=product&#038;p=2316"},"modified":"2025-06-15T06:57:54","modified_gmt":"2025-06-15T06:57:54","slug":"z06-low-cost-bte-rechargeable-hearing-aids-dealers","status":"publish","type":"product","link":"https:\/\/chinahearingaid.com\/da\/z06-low-cost-bte-rechargeable-hearing-aids-dealers\/","title":{"rendered":"Z06 Forhandlere af billige genopladelige BTE-h\u00f8reapparater"},"content":{"rendered":"<h2 data-v-md-heading=\"discover-it\" data-v-md-line=\"3\"><strong>Opdag det<\/strong><\/h2>\n<p data-v-md-line=\"5\"><strong>Vil du h\u00f8re bedre hver dag?<\/strong><br \/>\n<strong>Vil du have noget, der er sikkert, nemt og lavet til rigtige mennesker som dig?<\/strong><br \/>\nPr\u00f8v vores\u00a0<strong>Forhandlere af BTE-h\u00f8reapparater<\/strong>. Disse er\u00a0<strong>Forhandlere af billige genopladelige h\u00f8reapparater<\/strong>\u00a0lavet til dig!<br \/>\n<strong>Det vil hj\u00e6lpe dig eller en, du elsker, med at h\u00f8re igen.<\/strong><\/p>\n<h2 data-v-md-heading=\"why-pick-it\" data-v-md-line=\"11\"><strong>Hvorfor v\u00e6lge det?<\/strong><\/h2>\n<ul data-v-md-line=\"13\">\n<li><strong>Lave omkostninger:<\/strong>\u00a0Spar store penge! Du betaler meget mindre med den.<\/li>\n<li><strong>Genopladelig:<\/strong>\u00a0Ingen sm\u00e5 batterier. Bare oplad natten over og brug hele dagen!<\/li>\n<li><strong>Sikkert:<\/strong>\u00a0Vores h\u00f8reapparater er FDA-registrerede og CE\/ISO-certificerede.<\/li>\n<li><strong>Komfort:<\/strong>\u00a0Letv\u00e6gts BTE-stil. Sidder bag \u00f8ret. F\u00f8les godt hele dagen!<\/li>\n<li><strong>Nem at bruge:<\/strong>\u00a0Enkle knapper. V\u00e6lg den bedste lydtilstand. Bare tag den p\u00e5 og g\u00e5!<\/li>\n<\/ul>\n<h2 data-v-md-heading=\"cool-features-from-it\" data-v-md-line=\"20\"><strong>Seje funktioner fra den<\/strong><\/h2>\n\n<table id=\"tablepress-5\" class=\"tablepress tablepress-id-5\">\n<thead>\n<tr class=\"row-1\">\n\t<th class=\"column-1\">Funktion<\/th><th class=\"column-2\">Hvad det g\u00f8r<\/th>\n<\/tr>\n<\/thead>\n<tbody class=\"row-striping row-hover\">\n<tr class=\"row-2\">\n\t<td class=\"column-1\">Genopladelig str\u00f8m<\/td><td class=\"column-2\">Fungerer 16-24 timer med \u00e9n opladning. Oplad dine h\u00f8reapparater natten over. Ingen sm\u00e5 batterier!<\/td>\n<\/tr>\n<tr class=\"row-3\">\n\t<td class=\"column-1\">Justerbar lydstyrke<\/td><td class=\"column-2\">Med en nem trykknap kan du \u00e6ndre lyden til h\u00f8jere eller lavere.<\/td>\n<\/tr>\n<tr class=\"row-4\">\n\t<td class=\"column-1\">St\u00f8jreduktion<\/td><td class=\"column-2\">Stopper baggrundslyde, s\u00e5 du bedre kan h\u00f8re folk og tv.<\/td>\n<\/tr>\n<tr class=\"row-5\">\n\t<td class=\"column-1\">Feedback-blok<\/td><td class=\"column-2\">Ikke flere skrig eller ringelyde i \u00f8ret.<\/td>\n<\/tr>\n<tr class=\"row-6\">\n\t<td class=\"column-1\">Komfort hele dagen<\/td><td class=\"column-2\">Meget lette. Leveres med sm\u00e5, mellemstore eller store \u00f8repropper for den bedste pasform.<\/td>\n<\/tr>\n<tr class=\"row-7\">\n\t<td class=\"column-1\">B\u00e6rbar opladning<\/td><td class=\"column-2\">Tag din oplader med overalt. S\u00e6t str\u00f8m til dine h\u00f8reapparater, n\u00e5r du er p\u00e5 farten.<\/td>\n<\/tr>\n<\/tbody>\n<\/table>\n<!-- #tablepress-5 from cache -->\n<p data-v-md-line=\"31\"><strong>Det g\u00f8r det nemt at h\u00f8re derhjemme, i skolen, udenfor eller hvor som helst.<\/strong><\/p>\n<h2 data-v-md-heading=\"where-can-you-use-it\" data-v-md-line=\"34\"><strong>Hvor kan du bruge det?<\/strong><\/h2>\n<ul data-v-md-line=\"36\">\n<li><strong>At tale med familien<\/strong><\/li>\n<li><strong>Se tv eller film<\/strong><\/li>\n<li><strong>I klassev\u00e6relser eller til m\u00f8der<\/strong><\/li>\n<li><strong>P\u00e5 legepladsen<\/strong><\/li>\n<li><strong>Shopping eller rejser<\/strong><\/li>\n<li><strong>Alle steder, hvor du vil h\u00f8re godt!<\/strong><\/li>\n<\/ul>\n<h2 data-v-md-heading=\"who-should-use-it\" data-v-md-line=\"44\"><strong>Hvem skal bruge det?<\/strong><\/h2>\n<ul data-v-md-line=\"45\">\n<li>B\u00f8rn med mildt eller moderat h\u00f8retab<\/li>\n<li>Voksne, der vil have enkel og bedre h\u00f8relse<\/li>\n<li>Alle, der \u00f8nsker lave omkostninger og topfunktioner i h\u00f8reapparater<\/li>\n<\/ul>\n<h2 data-v-md-heading=\"real-reviews-for-it\" data-v-md-line=\"50\"><strong>Rigtige anmeldelser af det<\/strong><\/h2>\n<blockquote data-v-md-line=\"52\">\n<p data-v-md-line=\"52\"><strong>\"Jeg kan h\u00f8re mine b\u00f8rneb\u00f8rn nu. Nem at oplade. Intet besv\u00e6r. Jeg elsker mine BTE Hearing Aids Vendor Dealers!\"<\/strong><br \/>\n- Tilfreds kunde<\/p>\n<\/blockquote>\n<blockquote data-v-md-line=\"55\">\n<p data-v-md-line=\"55\"><strong>\"Jeg kan tale med mine venner til frokost igen. Jeg f\u00f8ler mig inkluderet!\"<\/strong><br \/>\n- Glad studerende<\/p>\n<\/blockquote>\n<h2 data-v-md-heading=\"strong-brands-you-know\" data-v-md-line=\"59\"><strong>St\u00e6rke m\u00e6rker, du kender<\/strong><\/h2>\n<p data-v-md-line=\"61\">Det giver dig p\u00e5lidelige navne:<br \/>\n<strong>MDHearing, Jabra Enhance, Signia, Oticon, Phonak, Resound, Eargo, Kirkland, Audien, Elehear, Lexie, Audicus og mange flere.<\/strong><br \/>\nV\u00e6lg mellem mange p\u00e5lidelige BTE-designs og farver, lige til dig!<\/p>\n<h2 data-v-md-heading=\"trusted-dealer-table\" data-v-md-line=\"66\"><strong>Bord med betroede forhandlere<\/strong><\/h2>\n\n<table id=\"tablepress-4\" class=\"tablepress tablepress-id-4\">\n<thead>\n<tr class=\"row-1\">\n\t<th class=\"column-1\">M\u00e6rke \/ model<\/th><th class=\"column-2\">Batterilevetid<\/th><th class=\"column-3\">St\u00f8jreduktion<\/th><th class=\"column-4\">Garanti<\/th><th class=\"column-5\">Daglig pris<\/th>\n<\/tr>\n<\/thead>\n<tbody class=\"row-striping row-hover\">\n<tr class=\"row-2\">\n\t<td class=\"column-1\">MDHearing AIR<\/td><td class=\"column-2\">24 timer<\/td><td class=\"column-3\">Ja<\/td><td class=\"column-4\">1 \u00e5r<\/td><td class=\"column-5\">Meget lav<\/td>\n<\/tr>\n<tr class=\"row-3\">\n\t<td class=\"column-1\">Jabra Enhance<\/td><td class=\"column-2\">30 timer<\/td><td class=\"column-3\">Ja<\/td><td class=\"column-4\">3 \u00e5r<\/td><td class=\"column-5\">Lav<\/td>\n<\/tr>\n<tr class=\"row-4\">\n\t<td class=\"column-1\">Signia Pure Charge<\/td><td class=\"column-2\">24 timer<\/td><td class=\"column-3\">Ja<\/td><td class=\"column-4\">2 \u00e5r<\/td><td class=\"column-5\">Lav<\/td>\n<\/tr>\n<tr class=\"row-5\">\n\t<td class=\"column-1\">Eargo Link<\/td><td class=\"column-2\">9 timer<\/td><td class=\"column-3\">Ja<\/td><td class=\"column-4\">1 \u00e5r<\/td><td class=\"column-5\">Lav<\/td>\n<\/tr>\n<\/tbody>\n<\/table>\n<!-- #tablepress-4 from cache -->\n<h2 data-v-md-heading=\"many-great-choices-from-it\" data-v-md-line=\"76\"><strong>Mange gode valg fra den<\/strong><\/h2>\n<ul data-v-md-line=\"78\">\n<li><strong>Digitale h\u00f8reapparater<\/strong>\u00a0- for klar lyd<\/li>\n<li><strong>Mini BTE-h\u00f8reapparater<\/strong>\u00a0- lille og behagelig bag \u00f8ret<\/li>\n<li><strong>St\u00f8jreducerende h\u00f8reapparater<\/strong>\u00a0- blokere for h\u00f8jlydte steder<\/li>\n<\/ul>\n<h2 data-v-md-heading=\"want-to-see-more\" data-v-md-line=\"84\"><strong>Vil du se mere?<\/strong><\/h2>\n<ul data-v-md-line=\"86\">\n<li><a href=\"https:\/\/chinahearingaid.com\/da\/bte-hearing-aids\/\" target=\"_blank\" rel=\"noopener\">Se alle BTE-h\u00f8reapparater her!<\/a><\/li>\n<li><a href=\"https:\/\/chinahearingaid.com\/da\/new\/\" target=\"_blank\" rel=\"noopener\">Pr\u00f8v NYE h\u00f8reapparater fra den bedste kinesiske h\u00f8reapparatfabrik!<\/a><\/li>\n<li><a href=\"https:\/\/chinahearingaid.com\/da\/rechargeable-hearing-aids\/\" target=\"_blank\" rel=\"noopener\">Tjek kollektionen af genopladelige h\u00f8reapparater nu!<\/a><\/li>\n<li><a href=\"https:\/\/chinahearingaid.com\/da\/z06-low-cost-bte-rechargeable-hearing-aids-dealers\/\" target=\"_blank\" rel=\"noopener\">Find billige leverand\u00f8rer af BTE-h\u00f8reapparater p\u00e5 denne side!<\/a><\/li>\n<\/ul>\n<h2 data-v-md-heading=\"why-buy-from-it\" data-v-md-line=\"92\"><strong>Hvorfor k\u00f8be fra det?<\/strong><\/h2>\n<ul data-v-md-line=\"94\">\n<li>Direkte fra\u00a0<strong>Forhandlere af BTE-h\u00f8reapparater<\/strong>\u00a0og\u00a0<strong>Forhandlere af billige genopladelige h\u00f8reapparater<\/strong>s\u00e5 du sparer endnu mere!<\/li>\n<li>Alle de funktioner, den sikkerhed og den support, du \u00f8nsker - altid enkelt, altid nemt.<\/li>\n<\/ul>\n<h2 data-v-md-heading=\"ready-for-simple-better-hearing\" data-v-md-line=\"98\"><strong>Er du klar til at h\u00f8re bedre?<\/strong><\/h2>\n<p data-v-md-line=\"100\"><strong>Pr\u00f8v det i dag!<\/strong><br \/>\nLet at bruge. Sikker og st\u00e6rk.<br \/>\nForhandlere af genopladelige h\u00f8reapparater til lave omkostninger er her for dig.<br \/>\nV\u00e6r glad, v\u00e6r h\u00f8jlydt - h\u00f8r livet med os!<\/p>\n<blockquote data-v-md-line=\"106\">\n<p data-v-md-line=\"106\"><strong>Bes\u00f8g de bedste forhandlere af BTE-h\u00f8reapparater nu:<\/strong><br \/>\n<a href=\"https:\/\/chinahearingaid.com\/da\/z06-low-cost-bte-rechargeable-hearing-aids-dealers\/\" target=\"_blank\" rel=\"noopener\">Forhandlere af BTE-h\u00f8reapparater<\/a><br \/>\n<a href=\"https:\/\/chinahearingaid.com\/da\/z06-low-cost-bte-rechargeable-hearing-aids-dealers\/\" target=\"_blank\" rel=\"noopener\">Forhandlere af billige genopladelige h\u00f8reapparater<\/a><br \/>\n<a href=\"https:\/\/chinahearingaid.com\/da\/bte-hearing-aids\/\" target=\"_blank\" rel=\"noopener\">BTE-h\u00f8reapparater<\/a><br \/>\n<a href=\"https:\/\/chinahearingaid.com\/da\/rechargeable-hearing-aids\/\" target=\"_blank\" rel=\"noopener\">Genopladelige h\u00f8reapparater<\/a><\/p>\n<\/blockquote>\n<p data-v-md-line=\"113\"><strong>Stor lyd. Lille pris. Alle smiler. det er til dig!<\/strong><\/p>","protected":false},"excerpt":{"rendered":"<p><span class=\"ng-star-inserted\">H\u00f8r bedre hver dag med vores billige genopladelige BTE-h\u00f8reapparater! Sikkert, nemt og lavet til dig, s\u00e5 du eller en af dine k\u00e6re kan h\u00f8re igen. Spar stort! Ingen sm\u00e5 batterier - oplad natten over til 16-24 timers brug hele dagen. FDA-registreret og CE\/ISO-certificeret. Let og behagelig BTE-stil, der sidder bag \u00f8ret. Enkle knapper til lydtilstande og st\u00f8jreduktion. Klar lyd overalt! Bes\u00f8g forhandlere af BTE-h\u00f8reapparater. Stor lyd, lille pris, alle smiler!<\/span><\/p>","protected":false},"featured_media":3120,"template":"","meta":{"_kad_post_transparent":"default","_kad_post_title":"","_kad_post_layout":"default","_kad_post_sidebar_id":"","_kad_post_content_style":"default","_kad_post_vertical_padding":"default","_kad_post_feature":"","_kad_post_feature_position":"","_kad_post_header":false,"_kad_post_footer":false,"_kad_post_classname":""},"product_brand":[],"product_cat":[15,544,559,563],"product_tag":[732,733],"class_list":{"0":"post-2316","1":"product","2":"type-product","3":"status-publish","4":"has-post-thumbnail","6":"product_cat-hearing-aid-by-types","7":"product_cat-bte-hearing-aids","8":"product_cat-hearing-aid-by-features","9":"product_cat-rechargeable-hearing-aids","10":"product_tag-bte-hearing-aids-vendor-dealers","11":"product_tag-low-cost-rechargeable-hearing-aids-dealers","13":"first","14":"instock","15":"shipping-taxable","16":"product-type-simple","17":"entry","18":"content-bg","19":"loop-entry"},"_links":{"self":[{"href":"https:\/\/chinahearingaid.com\/da\/wp-json\/wp\/v2\/product\/2316","targetHints":{"allow":["GET"]}}],"collection":[{"href":"https:\/\/chinahearingaid.com\/da\/wp-json\/wp\/v2\/product"}],"about":[{"href":"https:\/\/chinahearingaid.com\/da\/wp-json\/wp\/v2\/types\/product"}],"wp:featuredmedia":[{"embeddable":true,"href":"https:\/\/chinahearingaid.com\/da\/wp-json\/wp\/v2\/media\/3120"}],"wp:attachment":[{"href":"https:\/\/chinahearingaid.com\/da\/wp-json\/wp\/v2\/media?parent=2316"}],"wp:term":[{"taxonomy":"product_brand","embeddable":true,"href":"https:\/\/chinahearingaid.com\/da\/wp-json\/wp\/v2\/product_brand?post=2316"},{"taxonomy":"product_cat","embeddable":true,"href":"https:\/\/chinahearingaid.com\/da\/wp-json\/wp\/v2\/product_cat?post=2316"},{"taxonomy":"product_tag","embeddable":true,"href":"https:\/\/chinahearingaid.com\/da\/wp-json\/wp\/v2\/product_tag?post=2316"}],"curies":[{"name":"wp","href":"https:\/\/api.w.org\/{rel}","templated":true}]}}