{"id":2148,"date":"2025-04-22T09:42:26","date_gmt":"2025-04-22T09:42:26","guid":{"rendered":"https:\/\/chinahearingaid.com\/?post_type=product&#038;p=2148"},"modified":"2025-06-01T12:36:51","modified_gmt":"2025-06-01T12:36:51","slug":"z107-best-invisible-in-ear-hearing-aids-rechargeable-oem","status":"publish","type":"product","link":"https:\/\/chinahearingaid.com\/de\/z107-best-invisible-in-ear-hearing-aids-rechargeable-oem\/","title":{"rendered":"Z107 Beste unsichtbare In-Ear-H\u00f6rger\u00e4te Wiederaufladbar OEM"},"content":{"rendered":"<p data-v-md-line=\"3\"><strong>Besser h\u00f6ren. Besser leben.<\/strong><\/p>\n<p data-v-md-line=\"5\">Der\u00a0<strong>Z107 Beste unsichtbare In-Ear-H\u00f6rger\u00e4te Wiederaufladbar OEM<\/strong>\u00a0sind klein, bequem und stark. Sie sitzen versteckt im Ohr. Sie bieten einen klaren Klang. Sie haben eine lange Batterielebensdauer. Sie k\u00f6nnen sie den ganzen Tag benutzen. Sie sind\u00a0<strong>Im-Ohr-H\u00f6rger\u00e4te OEM<\/strong>\u00a0dem Sie vertrauen k\u00f6nnen.<\/p>\n<h2 data-v-md-heading=\"why-choose-z107\" data-v-md-line=\"8\"><strong>Warum Z107 w\u00e4hlen?<\/strong><\/h2>\n<ul data-v-md-line=\"10\">\n<li><strong>Unsichtbarer Sitz:<\/strong>\u00a0Sie verstecken sich in Ihrem Geh\u00f6rgang. Sie sind fast unm\u00f6glich zu sehen.<\/li>\n<li><strong>Wiederaufladbar:<\/strong>\u00a0Einmal aufladen. Den ganzen Tag tragen.<\/li>\n<li><strong>Intelligenter Klang:<\/strong>\u00a0Blockiert laute Ger\u00e4usche. H\u00f6ren Sie Stimmen klar und deutlich.<\/li>\n<li><strong>Einfache Kontrolle:<\/strong>\u00a0Verbinden Sie sich mit Ihrem Telefon \u00fcber eine App.<\/li>\n<li><strong>Sicher:<\/strong>\u00a0Hergestellt aus medizinischem Silikon.<\/li>\n<li><strong>OEM-Gro\u00dfauftr\u00e4ge:<\/strong>\u00a0Holen Sie sie f\u00fcr Ihre Klinik oder Ihr Gesch\u00e4ft. F\u00fcgen Sie auch Ihr Logo hinzu.<\/li>\n<\/ul>\n<h2 data-v-md-heading=\"quick-features\" data-v-md-line=\"18\"><strong>Schnelle Merkmale<\/strong><\/h2>\n\n<table id=\"tablepress-74\" class=\"tablepress tablepress-id-74\">\n<thead>\n<tr class=\"row-1\">\n\t<th class=\"column-1\">Besonderheit<\/th><th class=\"column-2\">Einzelheiten<\/th>\n<\/tr>\n<\/thead>\n<tbody class=\"row-striping row-hover\">\n<tr class=\"row-2\">\n\t<td class=\"column-1\">Gestaltung<\/td><td class=\"column-2\">Winzige, individuelle Passform. F\u00fchlt sich gut an im Ohr.<\/td>\n<\/tr>\n<tr class=\"row-3\">\n\t<td class=\"column-1\">Batterie<\/td><td class=\"column-2\">30 Stunden Nutzung. USB-C-Laden f\u00fcr schnelle Energie.<\/td>\n<\/tr>\n<tr class=\"row-4\">\n\t<td class=\"column-1\">Rauschunterdr\u00fcckung<\/td><td class=\"column-2\">AI-Technologie sorgt f\u00fcr klare Stimmen und blockiert schlechte Ger\u00e4usche.<\/td>\n<\/tr>\n<tr class=\"row-5\">\n\t<td class=\"column-1\">Wasser-\/Schwei\u00dfbest\u00e4ndig<\/td><td class=\"column-2\">Verwenden Sie es im Fitnessstudio oder im Freien.<\/td>\n<\/tr>\n<tr class=\"row-6\">\n\t<td class=\"column-1\">App\/Telefonsteuerung<\/td><td class=\"column-2\">Stellen Sie die Lautst\u00e4rke oder das Programm auf Ihrem Smartphone ein.<\/td>\n<\/tr>\n<tr class=\"row-7\">\n\t<td class=\"column-1\">Bluetooth-Verbindung<\/td><td class=\"column-2\">H\u00f6ren Sie kabellos Anrufe und Musik.<\/td>\n<\/tr>\n<tr class=\"row-8\">\n\t<td class=\"column-1\">OEM-Anpassung<\/td><td class=\"column-2\">Gro\u00dfauftr\u00e4ge. Ihr individuelles Logo und Ihre Box.<\/td>\n<\/tr>\n<tr class=\"row-9\">\n\t<td class=\"column-1\">Garantie<\/td><td class=\"column-2\">1 Jahr. 24\/7 Hilfe.<\/td>\n<\/tr>\n<\/tbody>\n<\/table>\n<!-- #tablepress-74 from cache -->\n<h2 data-v-md-heading=\"how-can-you-use-z107\" data-v-md-line=\"32\"><strong>Wie k\u00f6nnen Sie Z107 nutzen?<\/strong><\/h2>\n<ul data-v-md-line=\"34\">\n<li><strong>In Menschenmengen:<\/strong>\u00a0H\u00f6ren Sie sich die Rede bei Partys, Treffen und Familienessen an.<\/li>\n<li><strong>Beim Sport:<\/strong>\u00a0Spielen, laufen oder nach drau\u00dfen gehen. Der Z107 ist schwei\u00dffest.<\/li>\n<li><strong>F\u00fcr berufliche Anrufe:<\/strong>\u00a0Verwenden Sie Bluetooth, um jedes Wort zu h\u00f6ren.<\/li>\n<li><strong>Klinik\/Einzelh\u00e4ndler:<\/strong>\u00a0Versehen Sie sie mit Ihrem Logo und geben Sie Ihren Kunden die\u00a0<strong>beste Im-Ohr-H\u00f6rger\u00e4te OEM<\/strong>\u00a0auf dem Markt.<\/li>\n<\/ul>\n<h2 data-v-md-heading=\"why-people-love-z107\" data-v-md-line=\"40\"><strong>Warum Menschen Z107 lieben<\/strong><\/h2>\n<ul data-v-md-line=\"42\">\n<li><strong>Es ist so winzig!<\/strong>\u00a0Man vergisst, dass sie da ist.<\/li>\n<li><strong>Der Akku h\u00e4lt und h\u00e4lt.<\/strong><\/li>\n<li><strong>Kein Brummen. Keine R\u00fcckkopplung. Einfach klarer Klang.<\/strong><\/li>\n<li><strong>Es ist ein\u00a0<em>beste unsichtbare H\u00f6rger\u00e4te OEM<\/em>\u00a0Wahl f\u00fcr Profis und Familien.<\/strong><\/li>\n<li><strong>Einfach mit der App zu steuern.<\/strong><\/li>\n<\/ul>\n<h2 data-v-md-heading=\"product-specifications\" data-v-md-line=\"49\"><strong>Produktspezifikationen<\/strong><\/h2>\n\n<table id=\"tablepress-75\" class=\"tablepress tablepress-id-75\">\n<thead>\n<tr class=\"row-1\">\n\t<th class=\"column-1\">Parameter<\/th><th class=\"column-2\">Einzelheiten<\/th>\n<\/tr>\n<\/thead>\n<tbody class=\"row-striping row-hover\">\n<tr class=\"row-2\">\n\t<td class=\"column-1\">Ohrpassst\u00fcck<\/td><td class=\"column-2\">In den Kanal eingebettetes, individuell geformtes, medizinisches Silikon<\/td>\n<\/tr>\n<tr class=\"row-3\">\n\t<td class=\"column-1\">Akkulaufzeit<\/td><td class=\"column-2\">30 Stunden. 2 Stunden f\u00fcr eine vollst\u00e4ndige USB-C-Ladung.<\/td>\n<\/tr>\n<tr class=\"row-4\">\n\t<td class=\"column-1\">Aufladen<\/td><td class=\"column-2\">USB-C, kabellos kompatibel<\/td>\n<\/tr>\n<tr class=\"row-5\">\n\t<td class=\"column-1\">Wasserbest\u00e4ndigkeit<\/td><td class=\"column-2\">IPX5 (schwei\u00df- und spritzwassergesch\u00fctzt)<\/td>\n<\/tr>\n<tr class=\"row-6\">\n\t<td class=\"column-1\">Telefonverbindung<\/td><td class=\"column-2\">Bluetooth 5.2, iOS\/Android-Apps<\/td>\n<\/tr>\n<tr class=\"row-7\">\n\t<td class=\"column-1\">Ger\u00e4uschunterdr\u00fcckung<\/td><td class=\"column-2\">AI-gesteuert, unterdr\u00fcckt Hintergrundger\u00e4usche und R\u00fcckkopplungen<\/td>\n<\/tr>\n<tr class=\"row-8\">\n\t<td class=\"column-1\">Benutzerdefinierte Optionen<\/td><td class=\"column-2\">OEM\/ODM, Farbe\/Logo, Kartonverpackung<\/td>\n<\/tr>\n<tr class=\"row-9\">\n\t<td class=\"column-1\">Garantie<\/td><td class=\"column-2\">1 Jahr; 24\/7-Support<\/td>\n<\/tr>\n<\/tbody>\n<\/table>\n<!-- #tablepress-75 from cache -->\n<h2 data-v-md-heading=\"shop-with-confidence\" data-v-md-line=\"63\"><strong>Einkaufen mit Zuversicht<\/strong><\/h2>\n<ul data-v-md-line=\"65\">\n<li>Passend f\u00fcr Ihr Ohr.<\/li>\n<li>Geeignet f\u00fcr leichte bis mittlere H\u00f6rverluste.<\/li>\n<li>Wird von Kliniken und H\u00f6rger\u00e4teakustikern weltweit verwendet.<\/li>\n<\/ul>\n<h2 data-v-md-heading=\"more-info-options\" data-v-md-line=\"70\"><strong>Mehr Infos &amp; Optionen<\/strong><\/h2>\n<blockquote data-v-md-line=\"72\">\n<ul data-v-md-line=\"72\">\n<li>Siehe\u00a0<a href=\"https:\/\/chinahearingaid.com\/de\/in-ear-hearing-aids\/\" target=\"_blank\" rel=\"noopener\">Im-Ohr-H\u00f6rger\u00e4te<\/a>\u00a0f\u00fcr andere diskrete Entscheidungen<\/li>\n<li>Entdecken Sie\u00a0<a href=\"https:\/\/chinahearingaid.com\/de\/cic-hearing-aids\/\" target=\"_blank\" rel=\"noopener\">CIC-H\u00f6rger\u00e4te<\/a>\u00a0wenn Sie noch tiefer im Kanal liegende Modelle w\u00fcnschen<\/li>\n<li>Versuchen\u00a0<a href=\"https:\/\/chinahearingaid.com\/de\/rechargeable-hearing-aids\/\" target=\"_blank\" rel=\"noopener\">Wiederaufladbare H\u00f6rger\u00e4te<\/a>\u00a0f\u00fcr mehr Leistung und Komfort<\/li>\n<li>Willst du unsichtbar werden? Siehe\u00a0<a href=\"https:\/\/chinahearingaid.com\/de\/invisible-hearing-aids\/\" target=\"_blank\" rel=\"noopener\">Unsichtbare H\u00f6rger\u00e4te<\/a><\/li>\n<\/ul>\n<\/blockquote>\n<h2 data-v-md-heading=\"who-should-try-z107\" data-v-md-line=\"78\"><strong>Wer sollte Z107 ausprobieren?<\/strong><\/h2>\n<ul data-v-md-line=\"80\">\n<li>Erwachsene und Senioren mit Bedarf an\u00a0<strong>Im-Ohr-H\u00f6rger\u00e4te wiederaufladbar OEM<\/strong><\/li>\n<li>H\u00f6rkliniken suchen nach einer markengesch\u00fctzten Massenl\u00f6sung f\u00fcr Kunden<\/li>\n<li>Jeder, der die\u00a0<strong>beste unsichtbare Im-Ohr-H\u00f6rger\u00e4te OEM<\/strong><\/li>\n<li>Diejenigen, die gut h\u00f6ren und dabei gut aussehen wollen<\/li>\n<\/ul>\n<h2 data-v-md-heading=\"order-today\" data-v-md-line=\"86\"><strong>Heute bestellen<\/strong><\/h2>\n<p data-v-md-line=\"88\">W\u00e4hlen Sie Ihr\u00a0<strong>Z107 Im-Ohr-H\u00f6rger\u00e4te OEM<\/strong>\u00a0f\u00fcr klares, leichtes H\u00f6ren. Gro\u00dfbestellungen und Sonderanfertigungen sind willkommen. Finden Sie Ihre perfekte Passform. Erleben Sie die\u00a0<strong>beste Im-Ohr-H\u00f6rger\u00e4te OEM<\/strong>\u00a0von der Fabrik bis nach Hause.<\/p>\n<blockquote data-v-md-line=\"90\">\n<p data-v-md-line=\"90\"><em>Besser h\u00f6ren. Einfach und intelligent.<\/em><\/p>\n<\/blockquote>","protected":false},"excerpt":{"rendered":"<p class=\"ng-star-inserted\"><span class=\"ng-star-inserted\">Besser h\u00f6ren, besser leben mit den unsichtbaren In-Ear-H\u00f6rger\u00e4ten Z107. Klein, bequem und unsichtbar, f\u00fcr klaren Klang den ganzen Tag mit einer Ladung. Wiederaufladbar. Intelligenter AI-Sound blockiert Ger\u00e4usche und macht Stimmen klarer. Einfache App-Steuerung und Bluetooth. Silikon in medizinischer Qualit\u00e4t. Schwei\u00dfresistent. OEM erh\u00e4ltlich f\u00fcr Kliniken und Gesch\u00e4fte. Holen Sie sich Z107 f\u00fcr klares, einfaches H\u00f6ren.<\/span><\/p>","protected":false},"featured_media":2517,"template":"","meta":{"_kad_post_transparent":"default","_kad_post_title":"","_kad_post_layout":"default","_kad_post_sidebar_id":"","_kad_post_content_style":"default","_kad_post_vertical_padding":"default","_kad_post_feature":"","_kad_post_feature_position":"","_kad_post_header":false,"_kad_post_footer":false,"_kad_post_classname":""},"product_brand":[],"product_cat":[15,559,568,560,563],"product_tag":[570,572,569,571],"class_list":{"0":"post-2148","1":"product","2":"type-product","3":"status-publish","4":"has-post-thumbnail","6":"product_cat-hearing-aid-by-types","7":"product_cat-hearing-aid-by-features","8":"product_cat-in-ear-hearing-aids","9":"product_cat-invisible-hearing-aids","10":"product_cat-rechargeable-hearing-aids","11":"product_tag-best-in-ear-hearing-aids-oem","12":"product_tag-best-invisible-hearing-aids-oem","13":"product_tag-in-ear-hearing-aids-oem","14":"product_tag-in-ear-hearing-aids-rechargeable-oem","16":"first","17":"instock","18":"shipping-taxable","19":"product-type-simple","20":"entry","21":"content-bg","22":"loop-entry"},"_links":{"self":[{"href":"https:\/\/chinahearingaid.com\/de\/wp-json\/wp\/v2\/product\/2148","targetHints":{"allow":["GET"]}}],"collection":[{"href":"https:\/\/chinahearingaid.com\/de\/wp-json\/wp\/v2\/product"}],"about":[{"href":"https:\/\/chinahearingaid.com\/de\/wp-json\/wp\/v2\/types\/product"}],"wp:featuredmedia":[{"embeddable":true,"href":"https:\/\/chinahearingaid.com\/de\/wp-json\/wp\/v2\/media\/2517"}],"wp:attachment":[{"href":"https:\/\/chinahearingaid.com\/de\/wp-json\/wp\/v2\/media?parent=2148"}],"wp:term":[{"taxonomy":"product_brand","embeddable":true,"href":"https:\/\/chinahearingaid.com\/de\/wp-json\/wp\/v2\/product_brand?post=2148"},{"taxonomy":"product_cat","embeddable":true,"href":"https:\/\/chinahearingaid.com\/de\/wp-json\/wp\/v2\/product_cat?post=2148"},{"taxonomy":"product_tag","embeddable":true,"href":"https:\/\/chinahearingaid.com\/de\/wp-json\/wp\/v2\/product_tag?post=2148"}],"curies":[{"name":"wp","href":"https:\/\/api.w.org\/{rel}","templated":true}]}}