{"id":2273,"date":"2025-05-22T15:30:17","date_gmt":"2025-05-22T15:30:17","guid":{"rendered":"https:\/\/chinahearingaid.com\/?post_type=product&#038;p=2273"},"modified":"2025-06-02T06:53:50","modified_gmt":"2025-06-02T06:53:50","slug":"z68-best-ite-rechargeable-digital-hearing-aid-amazon-agency","status":"publish","type":"product","link":"https:\/\/chinahearingaid.com\/de\/z68-best-ite-rechargeable-digital-hearing-aid-amazon-agency\/","title":{"rendered":"Z68 Best ITE Wiederaufladbares Digitales H\u00f6rger\u00e4t Amazon Agentur"},"content":{"rendered":"<h2 data-v-md-heading=\"do-you-want-to-hear-better-every-day\" data-v-md-line=\"3\"><strong>M\u00f6chten Sie jeden Tag besser h\u00f6ren?<\/strong><\/h2>\n<p data-v-md-line=\"4\">Machen wir es uns einfach! Mit dem\u00a0<strong>Z68 Best ITE Wiederaufladbares digitales H\u00f6rger\u00e4t<\/strong>genie\u00dfen Sie klaren Klang, intelligente Funktionen und einfaches Aufladen - alles in einem winzigen, diskreten Geh\u00e4use.<\/p>\n<h2 data-v-md-heading=\"why-pick-the-z68\" data-v-md-line=\"7\">Warum die Z68?<\/h2>\n<p data-v-md-line=\"9\"><strong>Das Z68 ist ein digitales H\u00f6rger\u00e4t der besonderen Art.<\/strong><br \/>\nEs passt genau in Ihr Ohr.<br \/>\nEs ist einfach zu bedienen.<br \/>\nUnd es hilft Ihnen, die Welt auf eine Weise zu h\u00f6ren, die sich f\u00fcr Sie richtig anf\u00fchlt.<\/p>\n<blockquote data-v-md-line=\"14\">\n<p data-v-md-line=\"14\">Dies ist eine echte\u00a0<strong>Digitale H\u00f6rger\u00e4te Amazon Agentur<\/strong>\u00a0Modell, das nur f\u00fcr Sie mit der neuesten Technologie hergestellt wurde - keine alten, gro\u00dfen beigen Ger\u00e4te mehr!<\/p>\n<\/blockquote>\n<h2 data-v-md-heading=\"key-features\" data-v-md-line=\"17\">Hauptmerkmale<\/h2>\n<p data-v-md-line=\"19\"><strong>Was macht das Z68 zum besten IO-H\u00f6rger\u00e4t, das die Agentur anbieten kann?<\/strong><br \/>\n<strong>Sieh dir die coolen Sachen an, die es kann:<\/strong><\/p>\n<ul data-v-md-line=\"22\">\n<li>\n<p data-v-md-line=\"22\"><strong>Wiederaufladbare Batterie:<\/strong><br \/>\nKeine kleinen Kn\u00f6pfe, kein Wechseln kleiner Batterien. Stattdessen einfach einstecken und los geht's!<\/p>\n<ul data-v-md-line=\"24\">\n<li>2-Stunden-Schnellladung f\u00fcr 24 Stunden H\u00f6ren.<\/li>\n<li>Mit praktischer Ladetasche, die Sie \u00fcberallhin mitnehmen k\u00f6nnen.<\/li>\n<\/ul>\n<\/li>\n<li>\n<p data-v-md-line=\"27\"><strong>Diskret und leicht:<\/strong><br \/>\nDer Z68 ist klein.<br \/>\nEr sitzt im Ohr und ist fast unsichtbar.<\/p>\n<\/li>\n<li>\n<p data-v-md-line=\"31\"><strong>Digitale intelligente Funktionen:<\/strong><br \/>\nViel Spa\u00df beim Sprechen.<br \/>\nH\u00f6ren Sie Musik.<br \/>\nTV schauen.<\/p>\n<ul data-v-md-line=\"35\">\n<li>Fortschrittliche digitale Verarbeitung f\u00fcr klaren Klang.<\/li>\n<li>Dank der leistungsstarken Ger\u00e4uschunterdr\u00fcckung k\u00f6nnen Sie auch in lauten Umgebungen h\u00f6ren, wen Sie wollen!<\/li>\n<\/ul>\n<\/li>\n<li>\n<p data-v-md-line=\"38\"><strong>Wasserbest\u00e4ndig:<\/strong><br \/>\nTragen Sie die Z68, wenn Sie im Regen spazieren gehen, einkaufen oder laufen!<\/p>\n<\/li>\n<li>\n<p data-v-md-line=\"41\"><strong>Bluetooth-Verbindung:<\/strong><br \/>\nVerbinden Sie Ihr Telefon oder Ihren Fernseher direkt mit Ihrem H\u00f6rger\u00e4t.<\/p>\n<ul data-v-md-line=\"43\">\n<li>Telefonieren Sie oder h\u00f6ren Sie Ihre Lieblingssendung.<\/li>\n<\/ul>\n<\/li>\n<li>\n<p data-v-md-line=\"45\"><strong>Einfache Steuerung:<\/strong><br \/>\nZwei H\u00f6rmodi: einer f\u00fcr ruhige, einer f\u00fcr belebte Orte.<\/p>\n<ul data-v-md-line=\"47\">\n<li>Dr\u00fccken Sie einfach auf Los!<\/li>\n<\/ul>\n<\/li>\n<li>\n<p data-v-md-line=\"49\"><strong>Speicherfunktion:<\/strong><br \/>\nDie Z68 merkt sich Ihre bevorzugten Einstellungen.<\/p>\n<\/li>\n<\/ul>\n<h3 data-v-md-heading=\"see-the-details\" data-v-md-line=\"53\">Siehe die Details<\/h3>\n\n<table id=\"tablepress-64\" class=\"tablepress tablepress-id-64\">\n<thead>\n<tr class=\"row-1\">\n\t<th class=\"column-1\">Besonderheit<\/th><th class=\"column-2\">Was Sie bekommen<\/th>\n<\/tr>\n<\/thead>\n<tbody class=\"row-striping row-hover\">\n<tr class=\"row-2\">\n\t<td class=\"column-1\">Batterie<\/td><td class=\"column-2\">24-Stunden-Laufzeit, 2-Stunden-Schnellladung, tragbare Ladetasche<\/td>\n<\/tr>\n<tr class=\"row-3\">\n\t<td class=\"column-1\">Gr\u00f6\u00dfe<\/td><td class=\"column-2\">Klein, ITE (In The Ear), fast unsichtbar<\/td>\n<\/tr>\n<tr class=\"row-4\">\n\t<td class=\"column-1\">Gewicht<\/td><td class=\"column-2\">Leicht! Weniger als eine B\u00fcroklammer<\/td>\n<\/tr>\n<tr class=\"row-5\">\n\t<td class=\"column-1\">Technologie<\/td><td class=\"column-2\">Digital, Rauschunterdr\u00fcckung, R\u00fcckkopplungsunterdr\u00fcckung<\/td>\n<\/tr>\n<tr class=\"row-6\">\n\t<td class=\"column-1\">Wasserbest\u00e4ndigkeit<\/td><td class=\"column-2\">IP68, sicher vor leichtem Regen und Schwei\u00df<\/td>\n<\/tr>\n<tr class=\"row-7\">\n\t<td class=\"column-1\">Bluetooth<\/td><td class=\"column-2\">Ja, f\u00fcr Musik und Anrufe<\/td>\n<\/tr>\n<tr class=\"row-8\">\n\t<td class=\"column-1\">Fit<\/td><td class=\"column-2\">4 Ohrst\u00f6pselgr\u00f6\u00dfen, bequem f\u00fcr jedes Ohr<\/td>\n<\/tr>\n<tr class=\"row-9\">\n\t<td class=\"column-1\">Unterst\u00fctzung<\/td><td class=\"column-2\">1 Jahr Garantie und 60 Tage Amazon-R\u00fcckgabe<\/td>\n<\/tr>\n<tr class=\"row-10\">\n\t<td class=\"column-1\">Modi<\/td><td class=\"column-2\">2 H\u00f6rmodi: einer f\u00fcr Gespr\u00e4che, einer f\u00fcr Ger\u00e4usche<\/td>\n<\/tr>\n<tr class=\"row-11\">\n\t<td class=\"column-1\">App<\/td><td class=\"column-2\">Steuerung \u00fcber Ihr Telefon (iOS und Android)<\/td>\n<\/tr>\n<\/tbody>\n<\/table>\n<!-- #tablepress-64 from cache -->\n<h2 data-v-md-heading=\"when-to-use\" data-v-md-line=\"69\">Wann zu verwenden<\/h2>\n<p data-v-md-line=\"71\"><strong>Sie k\u00f6nnen Z68 f\u00fcr so viele Dinge verwenden:<\/strong><\/p>\n<ul data-v-md-line=\"72\">\n<li>Gehen Sie zum Unterricht oder zur Arbeit? JA<\/li>\n<li>Mit Freunden in einem lauten Caf\u00e9 reden? JA<\/li>\n<li>H\u00f6ren Sie Ihrem Lehrer, dem Fernsehen oder der Musik zu? JA<\/li>\n<li>Nehmen Sie es mit ins Fitnessstudio, nach drau\u00dfen oder auf Reisen? JA<\/li>\n<\/ul>\n<p data-v-md-line=\"77\"><strong>Das Design der Z68 Best ITE H\u00f6rger\u00e4te-Agentur ist perfekt f\u00fcr alle Tageszeiten.<\/strong><br \/>\nGenie\u00dfen Sie auch Sitzungen, Mahlzeiten und ruhige Momente.<\/p>\n<h2 data-v-md-heading=\"how-z68-beats-other-digital-hearing-aids-amazon-agency-options\" data-v-md-line=\"82\">Wie das Z68 andere digitale H\u00f6rger\u00e4te \u00fcbertrifft Amazon Agentur Optionen<\/h2>\n<p data-v-md-line=\"84\"><strong>Mit Z68:<\/strong><\/p>\n<ul data-v-md-line=\"85\">\n<li>Keine Aufregung<\/li>\n<li>Keine Dr\u00e4hte<\/li>\n<li>Kein Wechsel kleiner Batterien<\/li>\n<li>Keine Sorge<\/li>\n<\/ul>\n<p data-v-md-line=\"90\"><strong>Die wiederaufladbare digitale H\u00f6rger\u00e4te-Agentur ist die Antwort f\u00fcr vielbesch\u00e4ftigte Erwachsene, Senioren und alle, die jederzeit gut h\u00f6ren m\u00f6chten.<\/strong><br \/>\nSie erhalten einen gro\u00dfartigen Klang, einen passgenauen Sitz und eine einfache Unterst\u00fctzung durch Amazon.<\/p>\n<h2 data-v-md-heading=\"real-stories\" data-v-md-line=\"94\">Echte Geschichten<\/h2>\n<ul data-v-md-line=\"96\">\n<li>\"Ich setze sie ein und kann wieder mit meinen Freunden und meiner Familie sprechen.\"<\/li>\n<li>\"Sie sind so klein, dass niemand wei\u00df, dass ich sie trage!\"<\/li>\n<li>\"Ich kann Anrufe von meinem Telefon streamen, wenn ich mit meinem Hund spazieren gehe.\"<\/li>\n<\/ul>\n<h3 data-v-md-heading=\"helpful-resources\" data-v-md-line=\"101\">Hilfreiche Ressourcen<\/h3>\n<p data-v-md-line=\"103\">Erfahren Sie mehr \u00fcber\u00a0<a href=\"https:\/\/chinahearingaid.com\/de\/ite-hearing-aids\/\" target=\"_blank\" rel=\"noopener\">ITE-H\u00f6rger\u00e4te<\/a>-und sehen Sie alle\u00a0<a href=\"https:\/\/chinahearingaid.com\/de\/digital-hearing-aids\/\" target=\"_blank\" rel=\"noopener\">Digitale H\u00f6rger\u00e4te<\/a>\u00a0Modelle verf\u00fcgbar.<\/p>\n<p data-v-md-line=\"105\">Neugierig auf alle\u00a0<a href=\"https:\/\/chinahearingaid.com\/de\/rechargeable-hearing-aids\/\" target=\"_blank\" rel=\"noopener\">Wiederaufladbare H\u00f6rger\u00e4te<\/a>? Finden Sie heraus, welcher Typ der richtige f\u00fcr Sie ist!<\/p>\n<p data-v-md-line=\"107\">M\u00f6chten Sie etwas noch Kleineres? Schauen Sie sich\u00a0<a href=\"https:\/\/chinahearingaid.com\/de\/cic-hearing-aids\/\" target=\"_blank\" rel=\"noopener\">CIC-H\u00f6rger\u00e4te<\/a>\u00a0f\u00fcr unsichtbare Wahlm\u00f6glichkeiten.<\/p>\n<h2 data-v-md-heading=\"frequently-asked-questions\" data-v-md-line=\"110\">H\u00e4ufig gestellte Fragen<\/h2>\n<p data-v-md-line=\"112\"><strong>Q. Ist Z68 einfach f\u00fcr Senioren?<\/strong><br \/>\nA. Ja! Einfaches Aufladen und gro\u00dfe Tasten machen es seniorenfreundlich.<\/p>\n<p data-v-md-line=\"115\"><strong>Q. Wie lange h\u00e4lt der Akku?<\/strong><br \/>\nA. Bis zu 24 Stunden. Nur 2 Stunden zum Aufladen.<\/p>\n<p data-v-md-line=\"118\"><strong>Q. Kann ich es f\u00fcr beide Ohren verwenden?<\/strong><br \/>\nA. Ja. Sie erhalten ein Paar in einer Schachtel f\u00fcr rechts und links.<\/p>\n<p data-v-md-line=\"121\"><strong>Q. Ist es sicher, bei Amazon zu bestellen?<\/strong><br \/>\nA. Ja! Z68 wird durch den Amazon-Kundendienst und ein 60-t\u00e4giges R\u00fcckgaberecht unterst\u00fctzt.<\/p>\n<h2 data-v-md-heading=\"ready-for-clear-hearing\" data-v-md-line=\"125\">Bereit f\u00fcr ein klares Geh\u00f6r?<\/h2>\n<p data-v-md-line=\"127\">Der\u00a0<strong>Z68 Best ITE Wiederaufladbares Digitales H\u00f6rger\u00e4t Amazon Agentur<\/strong>\u00a0Modell ist f\u00fcr Sie gemacht, wenn Sie brauchen:<\/p>\n<ul data-v-md-line=\"128\">\n<li>Gro\u00dfartiger Klang<\/li>\n<li>Gem\u00fctliche Passform<\/li>\n<li>Einfaches Aufladen<\/li>\n<li>Einfache Steuerung<\/li>\n<li>Unterst\u00fctzung von Amazon<\/li>\n<\/ul>\n<p data-v-md-line=\"134\">Besuchen Sie auch die\u00a0<a href=\"https:\/\/chinahearingaid.com\/de\/z68-best-ite-rechargeable-digital-hearing-aid-amazon-agency\/\" target=\"_blank\" rel=\"noopener\">Bestes Modell der ITE-H\u00f6rger\u00e4teagentur<\/a>\u00a0und sehen Sie, wie einfach besseres H\u00f6ren sein kann!<\/p>\n<p data-v-md-line=\"138\"><strong>Digitale H\u00f6rger\u00e4te Amazon Agentur | Wiederaufladbare digitale H\u00f6rger\u00e4te Agentur | Beste IO-H\u00f6rger\u00e4te Agentur<\/strong>-das sind nicht nur sch\u00f6ne Worte.<br \/>\nSie bedeuten f\u00fcr Sie besseres H\u00f6ren, einfach gemacht.<\/p>","protected":false},"excerpt":{"rendered":"<div class=\"model-prompt-container\" data-turn-role=\"Model\">\n<div class=\"turn-content\">\n<p class=\"ng-star-inserted\"><span class=\"ng-star-inserted\">T\u00e4glich besser h\u00f6ren, ganz einfach! Das wiederaufladbare digitale H\u00f6rger\u00e4t Z68 ITE bietet klaren Klang und intelligente Funktionen (Rauschunterdr\u00fcckung, Bluetooth) mit einfacher Aufladung in einem winzigen, diskreten Geh\u00e4use. Kein Batterieproblem: 24 Stunden Betrieb mit einer 2-st\u00fcndigen Aufladung, mit einem tragbaren Etui. Fortschrittliche digitale Verarbeitung f\u00fcr klare Sprache\/Musik. Wasserfest. Einfache Bedienung, bequemer Sitz. Z68: modernes H\u00f6ren, vereinfacht.<\/span><\/p>\n<\/div>\n<\/div>","protected":false},"featured_media":2612,"template":"","meta":{"_kad_post_transparent":"default","_kad_post_title":"","_kad_post_layout":"default","_kad_post_sidebar_id":"","_kad_post_content_style":"default","_kad_post_vertical_padding":"default","_kad_post_feature":"","_kad_post_feature_position":"","_kad_post_header":false,"_kad_post_footer":false,"_kad_post_classname":""},"product_brand":[],"product_cat":[15,561,559,549,563],"product_tag":[606,604,605],"class_list":{"0":"post-2273","1":"product","2":"type-product","3":"status-publish","4":"has-post-thumbnail","6":"product_cat-hearing-aid-by-types","7":"product_cat-digital-hearing-aids","8":"product_cat-hearing-aid-by-features","9":"product_cat-ite-hearing-aids","10":"product_cat-rechargeable-hearing-aids","11":"product_tag-best-ite-hearing-aid-agency","12":"product_tag-digital-hearing-aids-amazon-agency","13":"product_tag-rechargeable-digital-hearing-aid-agency","15":"first","16":"instock","17":"shipping-taxable","18":"product-type-simple","19":"entry","20":"content-bg","21":"loop-entry"},"_links":{"self":[{"href":"https:\/\/chinahearingaid.com\/de\/wp-json\/wp\/v2\/product\/2273","targetHints":{"allow":["GET"]}}],"collection":[{"href":"https:\/\/chinahearingaid.com\/de\/wp-json\/wp\/v2\/product"}],"about":[{"href":"https:\/\/chinahearingaid.com\/de\/wp-json\/wp\/v2\/types\/product"}],"wp:featuredmedia":[{"embeddable":true,"href":"https:\/\/chinahearingaid.com\/de\/wp-json\/wp\/v2\/media\/2612"}],"wp:attachment":[{"href":"https:\/\/chinahearingaid.com\/de\/wp-json\/wp\/v2\/media?parent=2273"}],"wp:term":[{"taxonomy":"product_brand","embeddable":true,"href":"https:\/\/chinahearingaid.com\/de\/wp-json\/wp\/v2\/product_brand?post=2273"},{"taxonomy":"product_cat","embeddable":true,"href":"https:\/\/chinahearingaid.com\/de\/wp-json\/wp\/v2\/product_cat?post=2273"},{"taxonomy":"product_tag","embeddable":true,"href":"https:\/\/chinahearingaid.com\/de\/wp-json\/wp\/v2\/product_tag?post=2273"}],"curies":[{"name":"wp","href":"https:\/\/api.w.org\/{rel}","templated":true}]}}