{"id":2274,"date":"2025-05-22T15:30:18","date_gmt":"2025-05-22T15:30:18","guid":{"rendered":"https:\/\/chinahearingaid.com\/?post_type=product&#038;p=2274"},"modified":"2025-06-02T04:15:33","modified_gmt":"2025-06-02T04:15:33","slug":"z390b-best-digital-hearing-aids-ite-rechargeable-solutions","status":"publish","type":"product","link":"https:\/\/chinahearingaid.com\/de\/z390b-best-digital-hearing-aids-ite-rechargeable-solutions\/","title":{"rendered":"Z390B beste digitale H\u00f6rger\u00e4te ite wiederaufladbare L\u00f6sungen"},"content":{"rendered":"<p data-v-md-line=\"3\"><strong>Machen Sie sich bereit, besser zu h\u00f6ren! Entdecken Sie die besten digitalen H\u00f6rger\u00e4te Z390B ITE wiederaufladbare L\u00f6sungen.<\/strong><\/p>\n<h2 data-v-md-heading=\"features\" data-v-md-line=\"5\"><strong>Eigenschaften<\/strong><\/h2>\n<ul data-v-md-line=\"7\">\n<li><strong>Kundenspezifisch geformtes Design<\/strong><\/li>\n<li><strong>Lange Akkulaufzeit<\/strong><\/li>\n<li><strong>Schnellladef\u00e4higkeiten<\/strong><\/li>\n<li><strong>Intelligente Klangverarbeitung<\/strong><\/li>\n<li><strong>Wasserdichte Bewertung<\/strong><\/li>\n<li><strong>One-Touch-Bedienelemente<\/strong><\/li>\n<li><strong>Bluetooth-Konnektivit\u00e4t<\/strong><\/li>\n<li><strong>Kompletter Zubeh\u00f6rsatz<\/strong><\/li>\n<li><strong>FDA-Einhaltung<\/strong><\/li>\n<\/ul>\n<h2 data-v-md-heading=\"specifications\" data-v-md-line=\"17\"><strong>Spezifikationen<\/strong><\/h2>\n<table data-v-md-line=\"19\">\n<thead>\n<tr>\n<th><strong>Parameter<\/strong><\/th>\n<th><strong>Einzelheiten<\/strong><\/th>\n<\/tr>\n<\/thead>\n<tbody>\n<tr>\n<td><strong>Akkulaufzeit<\/strong><\/td>\n<td>35 Stunden pro Aufladung + 8-10 Aufladungen \u00fcber die Tragetasche<\/td>\n<\/tr>\n<tr>\n<td><strong>Aufladezeit<\/strong><\/td>\n<td>2 Stunden Vollladung \/ 30 Minuten Schnellladung = 6 Stunden<\/td>\n<\/tr>\n<tr>\n<td><strong>Tonverarbeitung<\/strong><\/td>\n<td>30\u00b15 dB Verst\u00e4rkung + \u22643% Verzerrungs- und Rauschunterdr\u00fcckungschip<\/td>\n<\/tr>\n<tr>\n<td><strong>Wasserdichte Bewertung<\/strong><\/td>\n<td>IP68 (schwei\u00df- und regenfest)<\/td>\n<\/tr>\n<tr>\n<td><strong>Gestaltung<\/strong><\/td>\n<td>Individuell geformte HdO-Schale, Ohrmuscheln in 5 Gr\u00f6\u00dfen<\/td>\n<\/tr>\n<tr>\n<td><strong>Konnektivit\u00e4t<\/strong><\/td>\n<td>Bluetooth LE f\u00fcr Telefon-\/TV-Streaming<\/td>\n<\/tr>\n<tr>\n<td><strong>Kontrolliert<\/strong><\/td>\n<td>One-Touch-Lautst\u00e4rkeregelung, Technologie f\u00fcr verz\u00f6gerten Start<\/td>\n<\/tr>\n<tr>\n<td><strong>Zubeh\u00f6r<\/strong><\/td>\n<td>Ladeetui, 10 Ohrmuscheln, Reinigungsb\u00fcrsten, Umh\u00e4ngeband<\/td>\n<\/tr>\n<tr>\n<td><strong>FDA-Einhaltung<\/strong><\/td>\n<td>OTC-zertifiziert f\u00fcr leichten bis mittelschweren H\u00f6rverlust<\/td>\n<\/tr>\n<\/tbody>\n<\/table>\n<h3 data-v-md-heading=\"benefits\" data-v-md-line=\"31\"><strong>Vorteile<\/strong><\/h3>\n<ul data-v-md-line=\"33\">\n<li>\n<p data-v-md-line=\"33\"><strong>Kundenspezifisch geformtes Design<\/strong><br \/>\nDie Z390B ITE-H\u00f6rger\u00e4te werden individuell angepasst, um sich perfekt an Ihr Ohr anzupassen. Sie werden mit f\u00fcnf verschiedenen Ohrmuschelgr\u00f6\u00dfen geliefert, um ultimativen Komfort und einen sicheren Sitz zu gew\u00e4hrleisten.<\/p>\n<\/li>\n<li>\n<p data-v-md-line=\"36\"><strong>Lange Akkulaufzeit<\/strong><br \/>\nDer wiederaufladbare Akku bietet 35 Stunden Nutzungsdauer mit einer kompletten Ladung. Das tragbare Geh\u00e4use bietet acht bis zehn zus\u00e4tzliche Ladezyklen, so dass Sie Energie durch Arbeit, Reisen und soziale Ereignisse resultseasily.<\/p>\n<\/li>\n<li>\n<p data-v-md-line=\"40\"><strong>Schnellladef\u00e4higkeiten<\/strong><br \/>\nBrauchen Sie eine kurze Erh\u00f6hung? Die H\u00f6rger\u00e4te k\u00f6nnen in 2 Stunden vollst\u00e4ndig aufgeladen werden. Und ein 30-min\u00fctiger Kurzzeittarif bietet Ihnen 6 Stunden Nutzungsdauer. Dies ist ideal f\u00fcr Notf\u00e4lle vor wichtigen Anrufen oder Meetings.<\/p>\n<\/li>\n<li>\n<p data-v-md-line=\"44\"><strong>Intelligente Klangverarbeitung<\/strong><br \/>\nGenie\u00dfen Sie klare Gespr\u00e4che auch in lauten Umgebungen. Mit 30\u00b15 dB Vorteil, \u2264three% Verzerrung, und \u00fcberlegene L\u00e4rm Rabatt Chips, diese H\u00f6rger\u00e4te schm\u00fccken Sprache Klarheit und R\u00fcckgang Erbe L\u00e4rm richtig.<\/p>\n<\/li>\n<li>\n<p data-v-md-line=\"48\"><strong>Wasserdichte Bewertung<\/strong><br \/>\nDie Z390B H\u00f6rger\u00e4te sind nach IP68 zertifiziert, d. h. sie sind schwei\u00df-, regen- und lichtbest\u00e4ndig. Sie eignen sich perfekt f\u00fcr \u00dcbungen, Gartenarbeit und regnerische Pendlerfahrten und sind f\u00fcr das wahre Leben gebaut.<\/p>\n<\/li>\n<li>\n<p data-v-md-line=\"51\"><strong>One-Touch-Bedienelemente<\/strong><br \/>\nStellen Sie die Menge mit einer einfachen Ber\u00fchrung ein, so wie es die Funktion zur Einstellung des Umfangs des einzigen Kontakts erlaubt. Die stufenlose Startgeneration sorgt f\u00fcr einen reibungslosen \u00dcbergang in Gespr\u00e4che.<\/p>\n<\/li>\n<li>\n<p data-v-md-line=\"55\"><strong>Bluetooth-Konnektivit\u00e4t<\/strong><br \/>\nStreamen Sie Musik, Podcasts oder TV-Audio \u00fcber Bluetooth LE direkt auf Ihre H\u00f6rger\u00e4te. Das ist ideal, um zu trainieren, w\u00e4hrend Sie zu Hause Ihre Lieblingsmusik h\u00f6ren oder einen Film mit klarerem Klang genie\u00dfen.<\/p>\n<\/li>\n<li>\n<p data-v-md-line=\"59\"><strong>Kompletter Zubeh\u00f6rsatz<\/strong><br \/>\nZu jedem Kauf geh\u00f6ren ein Ladeetui, 10 Ohrschalen, Reinigungsb\u00fcrsten und ein Schl\u00fcsselband. Mit diesem umfassenden Set sind Ihre H\u00f6rger\u00e4te garantiert f\u00fcr jede Reise ger\u00fcstet.<\/p>\n<\/li>\n<li>\n<p data-v-md-line=\"62\"><strong>FDA-Einhaltung<\/strong><br \/>\nDiese OTC-zertifizierten H\u00f6rger\u00e4te sind auf leichte bis mittelschwere H\u00f6rverluste zugeschnitten und bieten bessere Zug\u00e4nglichkeit und Benutzerfreundlichkeit, ohne dass ein Rezept erforderlich ist.<\/p>\n<\/li>\n<\/ul>\n<h3 data-v-md-heading=\"usage-scenarios\" data-v-md-line=\"65\"><strong>Verwendungsszenarien<\/strong><\/h3>\n<ul data-v-md-line=\"67\">\n<li>\n<p data-v-md-line=\"67\"><strong>Professionelle Einstellungen<\/strong><br \/>\nIdeal, um bei gesch\u00e4ftlichen Besprechungen ein klares Gespr\u00e4ch zu f\u00fchren. Das individuell angepasste Design sorgt daf\u00fcr, dass Ihre Kollegen Ihr Selbstvertrauen bemerken und nicht Ihre H\u00f6rger\u00e4te. Finden Sie mehr \u00fcber\u00a0<a href=\"https:\/\/chinahearingaid.com\/de\/ite-hearing-aids\/\" target=\"_blank\" rel=\"noopener\">ITE-H\u00f6rger\u00e4te<\/a>.<\/p>\n<\/li>\n<li>\n<p data-v-md-line=\"70\"><strong>Familienzusammenk\u00fcnfte<\/strong><br \/>\nGenie\u00dfen Sie es langsam mit der eigenen Familie und Freunden, indem Sie Ihre F\u00e4higkeit verbessern, jedes Wort wirklich zu h\u00f6ren und gleichzeitig Hintergrundger\u00e4usche zu reduzieren.<\/p>\n<\/li>\n<li>\n<p data-v-md-line=\"74\"><strong>Workouts<\/strong><br \/>\nBleiben Sie in Bewegung, ohne sich um Ihre H\u00f6rger\u00e4te zu k\u00fcmmern. Dank der IP68-Klassifizierung k\u00f6nnen sie auch Schwei\u00df und Regen standhalten und sind somit ideal f\u00fcr die Sporthalle, zum Wandern oder f\u00fcr alle Sportarten im Freien geeignet. Erfahren Sie mehr\u00a0<a href=\"https:\/\/chinahearingaid.com\/de\/rechargeable-hearing-aids\/\" target=\"_blank\" rel=\"noopener\">Wiederaufladbare H\u00f6rger\u00e4te<\/a>.<\/p>\n<\/li>\n<li>\n<p data-v-md-line=\"77\"><strong>Reisen<\/strong><br \/>\nMit ihrer langen Batterielebensdauer und Schnellladefunktion sind diese H\u00f6rger\u00e4te ideal f\u00fcr Reisen. Sorgen Sie w\u00e4hrend Ihrer Reise f\u00fcr ununterbrochenes H\u00f6ren.<\/p>\n<\/li>\n<li>\n<p data-v-md-line=\"80\"><strong>Unterhaltung<\/strong><br \/>\nJede Beschaffung wird mit einem Ladeetui, einem 10-Jahres-Dome, einer Reinigungsb\u00fcrste und einem Kabel geliefert. Dieses komplette Set stellt sicher, dass Ihr H\u00f6rger\u00e4t f\u00fcr jedes Abenteuer bereit ist.<\/p>\n<\/li>\n<\/ul>\n<h3 data-v-md-heading=\"why-choose-z390b\" data-v-md-line=\"83\"><strong>Warum Z390B w\u00e4hlen?<\/strong><\/h3>\n<p data-v-md-line=\"85\">Die HdO-H\u00f6rger\u00e4te Z390B kombinieren die besten digitalen H\u00f6rger\u00e4tel\u00f6sungen mit wiederaufladbarer Technologie und bieten so unvergleichliche Klarheit und Komfort. Erleben Sie fortschrittliche Klangverarbeitung, einfache Lautst\u00e4rkeregelung und nahtlose Konnektivit\u00e4t in einem diskreten, komfortablen Design.<\/p>\n<p data-v-md-line=\"87\">Weitere Informationen finden Sie unter:<\/p>\n<ul data-v-md-line=\"88\">\n<li><a href=\"https:\/\/chinahearingaid.com\/de\/bx360-mini-rechargeable-digital-bte-hearing-aids-solutions\/\" target=\"_blank\" rel=\"noopener\">Wiederaufladbare H\u00f6rger\u00e4te L\u00f6sungen<\/a><\/li>\n<li><a href=\"https:\/\/chinahearingaid.com\/de\/z390b-best-digital-hearing-aids-ite-rechargeable-solutions\/\" target=\"_blank\" rel=\"noopener\">Beste digitale H\u00f6rger\u00e4tel\u00f6sungen<\/a><\/li>\n<li><a href=\"https:\/\/chinahearingaid.com\/de\/ite-hearing-aids\/\" target=\"_blank\" rel=\"noopener\">ITE-H\u00f6rger\u00e4te<\/a><\/li>\n<\/ul>\n<p data-v-md-line=\"92\">Holen Sie sich noch heute Ihre Z390B-H\u00f6rger\u00e4te und genie\u00dfen Sie besseres H\u00f6ren mit un\u00fcbertroffenem Komfort und Bequemlichkeit.<\/p>","protected":false},"excerpt":{"rendered":"<p>H\u00f6ren Sie besser mit den digitalen H\u00f6rger\u00e4ten Z390B ITE! Unsere beste wiederaufladbare L\u00f6sung bietet individuellen Tragekomfort (5 Ohrmuschelgr\u00f6\u00dfen), 35 Stunden Akkulaufzeit + Schnellladung, intelligente Klangverarbeitung f\u00fcr klaren Klang und Rauschunterdr\u00fcckung, IP68-Wasserdichtigkeit, One-Touch-Bedienung, Bluetooth-Streaming und OTC FDA-Konformit\u00e4t. Komplettes Zubeh\u00f6rset enthalten.<\/p>","protected":false},"featured_media":2582,"template":"","meta":{"_kad_post_transparent":"default","_kad_post_title":"","_kad_post_layout":"default","_kad_post_sidebar_id":"","_kad_post_content_style":"default","_kad_post_vertical_padding":"default","_kad_post_feature":"","_kad_post_feature_position":"","_kad_post_header":false,"_kad_post_footer":false,"_kad_post_classname":""},"product_brand":[],"product_cat":[15,561,559,549,563],"product_tag":[601,602,603],"class_list":{"0":"post-2274","1":"product","2":"type-product","3":"status-publish","4":"has-post-thumbnail","6":"product_cat-hearing-aid-by-types","7":"product_cat-digital-hearing-aids","8":"product_cat-hearing-aid-by-features","9":"product_cat-ite-hearing-aids","10":"product_cat-rechargeable-hearing-aids","11":"product_tag-best-digital-hearing-aid-solutions","12":"product_tag-hearing-aids-rechargeable-solutions","13":"product_tag-ite-hearing-aids-solutions","15":"first","16":"instock","17":"shipping-taxable","18":"product-type-simple","19":"entry","20":"content-bg","21":"loop-entry"},"_links":{"self":[{"href":"https:\/\/chinahearingaid.com\/de\/wp-json\/wp\/v2\/product\/2274","targetHints":{"allow":["GET"]}}],"collection":[{"href":"https:\/\/chinahearingaid.com\/de\/wp-json\/wp\/v2\/product"}],"about":[{"href":"https:\/\/chinahearingaid.com\/de\/wp-json\/wp\/v2\/types\/product"}],"wp:featuredmedia":[{"embeddable":true,"href":"https:\/\/chinahearingaid.com\/de\/wp-json\/wp\/v2\/media\/2582"}],"wp:attachment":[{"href":"https:\/\/chinahearingaid.com\/de\/wp-json\/wp\/v2\/media?parent=2274"}],"wp:term":[{"taxonomy":"product_brand","embeddable":true,"href":"https:\/\/chinahearingaid.com\/de\/wp-json\/wp\/v2\/product_brand?post=2274"},{"taxonomy":"product_cat","embeddable":true,"href":"https:\/\/chinahearingaid.com\/de\/wp-json\/wp\/v2\/product_cat?post=2274"},{"taxonomy":"product_tag","embeddable":true,"href":"https:\/\/chinahearingaid.com\/de\/wp-json\/wp\/v2\/product_tag?post=2274"}],"curies":[{"name":"wp","href":"https:\/\/api.w.org\/{rel}","templated":true}]}}