{"id":2277,"date":"2025-05-22T15:30:22","date_gmt":"2025-05-22T15:30:22","guid":{"rendered":"https:\/\/chinahearingaid.com\/?post_type=product&#038;p=2277"},"modified":"2025-06-01T13:18:31","modified_gmt":"2025-06-01T13:18:31","slug":"z127c-cheap-rechargeable-hearing-aids-digital-ite-makers","status":"publish","type":"product","link":"https:\/\/chinahearingaid.com\/de\/z127c-cheap-rechargeable-hearing-aids-digital-ite-makers\/","title":{"rendered":"Z127C G\u00fcnstige wiederaufladbare H\u00f6rger\u00e4te Digital ITE Makers"},"content":{"rendered":"<p data-v-md-line=\"3\">Erleben Sie klares, gestochen scharfes H\u00f6ren mit den g\u00fcnstigen wiederaufladbaren H\u00f6rger\u00e4ten Z127C. Unsere Im-Ohr-H\u00f6rger\u00e4te sind so konzipiert, dass sie Ihnen einen erstklassigen Klang zu einem g\u00fcnstigen Preis bieten.<\/p>\n<h2 data-v-md-heading=\"key-features\" data-v-md-line=\"5\">Hauptmerkmale<\/h2>\n<p data-v-md-line=\"7\"><strong>Warum Z127C w\u00e4hlen?<\/strong> Hier sind die herausragenden Merkmale:<\/p>\n<ol data-v-md-line=\"9\">\n<li><strong>Digitale Klarheit<\/strong>: Unsere H\u00f6rger\u00e4te nutzen eine \u00fcberlegene KI-gesteuerte Ger\u00e4uschd\u00e4mpfung, um Sprache zu versch\u00f6nern und gleichzeitig St\u00f6rger\u00e4usche zu minimieren.<\/li>\n<li><strong>Wiederaufladbar Effizienz<\/strong>: Mit Lithium-Ionen-Akkus, genie\u00dfen Sie so viel wie sechzehn Stunden der Nutzung auf einer einzigen Ladung.die gesch\u00fctzte USB-C-Ladegeh\u00e4use stellt sicher, dass Ihre Ger\u00e4te bereit sind, wann immer Sie sind.<\/li>\n<li><strong>Individueller Komfort<\/strong>: Die individuell angepasste Passform sorgt den ganzen Tag \u00fcber f\u00fcr Sicherheit und Komfort.<\/li>\n<li><strong>Einfache Steuerelemente<\/strong>: Mit einem individuell geformten, gesunden K\u00f6rper, der den ganzen Tag \u00fcber Sicherheit und Komfort bietet.<\/li>\n<li><strong>Dezentes Design<\/strong>: Passen Sie Umfang und Voreinstellungen problemlos mit intuitiven Tasten oder einer Smartphone-App an.<\/li>\n<\/ol>\n<h2 data-v-md-heading=\"product-parameters\" data-v-md-line=\"16\">Produkt-Parameter<\/h2>\n\n<table id=\"tablepress-62\" class=\"tablepress tablepress-id-62\">\n<thead>\n<tr class=\"row-1\">\n\t<th class=\"column-1\">Parameter<\/th><th class=\"column-2\">Einzelheiten<\/th>\n<\/tr>\n<\/thead>\n<tbody class=\"row-striping row-hover\">\n<tr class=\"row-2\">\n\t<td class=\"column-1\">Tonausgabe (Max)<\/td><td class=\"column-2\">115 dB<\/td>\n<\/tr>\n<tr class=\"row-3\">\n\t<td class=\"column-1\">Amplifikation<\/td><td class=\"column-2\">\u2265 28 dB<\/td>\n<\/tr>\n<tr class=\"row-4\">\n\t<td class=\"column-1\">Frequenzbereich<\/td><td class=\"column-2\">300-3500 Hz<\/td>\n<\/tr>\n<tr class=\"row-5\">\n\t<td class=\"column-1\">Akkulaufzeit<\/td><td class=\"column-2\">16 Stunden<\/td>\n<\/tr>\n<tr class=\"row-6\">\n\t<td class=\"column-1\">Aufladezeit<\/td><td class=\"column-2\">6 Stunden<\/td>\n<\/tr>\n<tr class=\"row-7\">\n\t<td class=\"column-1\">Material<\/td><td class=\"column-2\">Hypoallergenes Plastik<\/td>\n<\/tr>\n<tr class=\"row-8\">\n\t<td class=\"column-1\">Methode der Aufladung<\/td><td class=\"column-2\">USB-C-Ladegeh\u00e4use<\/td>\n<\/tr>\n<tr class=\"row-9\">\n\t<td class=\"column-1\">Ohrst\u00f6pselgr\u00f6\u00dfen<\/td><td class=\"column-2\">6 Silikonspitzen f\u00fcr einen perfekten Sitz<\/td>\n<\/tr>\n<tr class=\"row-10\">\n\t<td class=\"column-1\">Wasser- und schwei\u00dfbest\u00e4ndig<\/td><td class=\"column-2\">IP68 Bewertung<\/td>\n<\/tr>\n<\/tbody>\n<\/table>\n<!-- #tablepress-62 from cache -->\n<h2 data-v-md-heading=\"usage-scenarios\" data-v-md-line=\"31\">Verwendungsszenarien<\/h2>\n<p data-v-md-line=\"33\"><strong>Z127C Wiederaufladbare H\u00f6rger\u00e4te<\/strong>\u00a0sind vielseitig und perfekt f\u00fcr verschiedene Situationen:<\/p>\n<ul data-v-md-line=\"35\">\n<li><strong>Gesellschaftliche Versammlungen<\/strong>: Dank der Rauschunterdr\u00fcckungsfunktion k\u00f6nnen Sie auch in lauten Umgebungen klare Gespr\u00e4che f\u00fchren.<\/li>\n<li><strong>Aktivit\u00e4ten im Freien<\/strong>: Genie\u00dfen Sie Spazierg\u00e4nge im Park ohne st\u00f6rende Windger\u00e4usche.<\/li>\n<li><strong>Medienkonsum<\/strong>: Streamen Sie Audiodaten direkt von Ihrem Fernseher oder Telefon mit geringer Latenz \u00fcber Bluetooth 5.3.<\/li>\n<li><strong>Schlaffreundliche Nutzung<\/strong>: Der flache Sitz im Geh\u00f6rgang sorgt f\u00fcr Komfort beim Seitenschlaf, und das Ger\u00e4t schaltet sich automatisch ab, wenn es in seinem Etui aufbewahrt wird.<\/li>\n<\/ul>\n<h2 data-v-md-heading=\"key-differentiators\" data-v-md-line=\"41\">Wichtige Unterscheidungsmerkmale<\/h2>\n<h3 data-v-md-heading=\"adaptive-learning\" data-v-md-line=\"43\"><strong>Adaptives Lernen<\/strong><\/h3>\n<p data-v-md-line=\"44\">Unsere H\u00f6rsysteme stellen sich innerhalb der ersten 72 Stunden auf Ihre H\u00f6rgewohnheiten ein und priorisieren die Frequenzen f\u00fcr eine bessere Spracherkennung.<\/p>\n<h3 data-v-md-heading=\"cost-efficiency\" data-v-md-line=\"46\"><strong>Kosteneffizienz<\/strong><\/h3>\n<p data-v-md-line=\"47\">Vergleichsweise kosteng\u00fcnstig bei\u00a0<strong>$189-$249<\/strong>im Vergleich zu herk\u00f6mmlichen Modellen, die \u00fcber $1.600 kosten. Vermeiden Sie zus\u00e4tzliche Geb\u00fchren f\u00fcr audiologenabh\u00e4ngige Anpassungen mit unserem\u00a0<strong>ungehinderter Zugang<\/strong>\u00a0Ger\u00e4te.<\/p>\n<h3 data-v-md-heading=\"safety\" data-v-md-line=\"49\"><strong>Sicherheit<\/strong><\/h3>\n<p data-v-md-line=\"50\">Eingebauter Lautst\u00e4rkenbegrenzer zum Schutz vor sch\u00e4dlicher L\u00e4rmbelastung. Der Notfall-Bypass-Modus verst\u00e4rkt wichtige Ger\u00e4usche wie Alarme und Sirenen und schaltet andere stumm.<\/p>\n<h2 data-v-md-heading=\"environmentally-friendly\" data-v-md-line=\"54\">Umweltvertr\u00e4glich<\/h2>\n<p data-v-md-line=\"56\">Die Umstellung auf wiederaufladbare H\u00f6rger\u00e4te reduziert den Abfall erheblich und hat einen\u00a0<strong>kleinerer Kohlenstoff-Fu\u00dfabdruck<\/strong>\u00a0im Vergleich zu Modellen mit Einwegbatterien. Weitere Tipps zu den besten Praktiken f\u00fcr die Leistung wiederaufladbarer H\u00f6rger\u00e4te finden Sie unter\u00a0<a href=\"https:\/\/www.hearingyourbest.com\/best-practices-for-charging-rechargeable-hearing-aids\/\" target=\"_blank\" rel=\"noopener\">hier<\/a>.<\/p>\n<h2 data-v-md-heading=\"internal-links\" data-v-md-line=\"59\">Interne Links<\/h2>\n<ul data-v-md-line=\"61\">\n<li>Erfahren Sie mehr \u00fcber\u00a0<strong>wiederaufladbare H\u00f6rger\u00e4te<\/strong>\u00a0\u00fcber unser\u00a0<a href=\"https:\/\/chinahearingaid.com\/de\/rechargeable-hearing-aids\/\" target=\"_blank\" rel=\"noopener\">China H\u00f6rger\u00e4tefabrik<\/a><\/li>\n<li>Erkunden Sie verschiedene\u00a0<strong>ITE-H\u00f6rger\u00e4teoptionen<\/strong>\u00a0bei\u00a0<a href=\"https:\/\/chinahearingaid.com\/de\/ite-hearing-aids\/\" target=\"_blank\" rel=\"noopener\">ITE-H\u00f6rger\u00e4te<\/a><\/li>\n<li>Interessiert an einer breiteren Palette von\u00a0<strong>digitale H\u00f6rger\u00e4te<\/strong>? Besuchen Sie\u00a0<a href=\"https:\/\/chinahearingaid.com\/de\/hearing-aid-by-types\/\" target=\"_blank\" rel=\"noopener\">H\u00f6rger\u00e4te nach Typ<\/a><\/li>\n<\/ul>\n<p data-v-md-line=\"66\"><strong>Verbessern Sie Ihr Leben mit klaren und erschwinglichen H\u00f6rl\u00f6sungen.<\/strong>\u00a0Bestellen Sie Ihr Paar\u00a0<strong>Z127C G\u00fcnstige wiederaufladbare H\u00f6rger\u00e4te Digital ITE Makers<\/strong>\u00a0heute und erleben Sie den Unterschied!<\/p>","protected":false},"excerpt":{"rendered":"<p>Erleben Sie klares, scharfes H\u00f6ren mit den wiederaufladbaren H\u00f6rger\u00e4ten Z127C. Diese erschwinglichen IdO-H\u00f6rger\u00e4te bieten eine KI-gesteuerte St\u00f6rger\u00e4uschunterdr\u00fcckung f\u00fcr verbesserte Sprache. Genie\u00dfen Sie eine 16-st\u00fcndige Akkulaufzeit mit USB-C-Ladung, eine individuell angepasste, bequeme Passform und einfache Bedienelemente. Adaptives Lernen personalisiert den Klang. Eine kosteng\u00fcnstige, diskrete L\u00f6sung f\u00fcr besseres H\u00f6ren in verschiedenen Situationen.<\/p>","protected":false},"featured_media":2540,"template":"","meta":{"_kad_post_transparent":"default","_kad_post_title":"","_kad_post_layout":"default","_kad_post_sidebar_id":"","_kad_post_content_style":"default","_kad_post_vertical_padding":"default","_kad_post_feature":"","_kad_post_feature_position":"","_kad_post_header":false,"_kad_post_footer":false,"_kad_post_classname":""},"product_brand":[],"product_cat":[15,561,559,549,563],"product_tag":[590,591,592],"class_list":{"0":"post-2277","1":"product","2":"type-product","3":"status-publish","4":"has-post-thumbnail","6":"product_cat-hearing-aid-by-types","7":"product_cat-digital-hearing-aids","8":"product_cat-hearing-aid-by-features","9":"product_cat-ite-hearing-aids","10":"product_cat-rechargeable-hearing-aids","11":"product_tag-aids-digital-hearing-makers","12":"product_tag-cheap-rechargeable-hearing-aids-makers","13":"product_tag-ite-hearing-aids-makers","15":"first","16":"instock","17":"shipping-taxable","18":"product-type-simple","19":"entry","20":"content-bg","21":"loop-entry"},"_links":{"self":[{"href":"https:\/\/chinahearingaid.com\/de\/wp-json\/wp\/v2\/product\/2277","targetHints":{"allow":["GET"]}}],"collection":[{"href":"https:\/\/chinahearingaid.com\/de\/wp-json\/wp\/v2\/product"}],"about":[{"href":"https:\/\/chinahearingaid.com\/de\/wp-json\/wp\/v2\/types\/product"}],"wp:featuredmedia":[{"embeddable":true,"href":"https:\/\/chinahearingaid.com\/de\/wp-json\/wp\/v2\/media\/2540"}],"wp:attachment":[{"href":"https:\/\/chinahearingaid.com\/de\/wp-json\/wp\/v2\/media?parent=2277"}],"wp:term":[{"taxonomy":"product_brand","embeddable":true,"href":"https:\/\/chinahearingaid.com\/de\/wp-json\/wp\/v2\/product_brand?post=2277"},{"taxonomy":"product_cat","embeddable":true,"href":"https:\/\/chinahearingaid.com\/de\/wp-json\/wp\/v2\/product_cat?post=2277"},{"taxonomy":"product_tag","embeddable":true,"href":"https:\/\/chinahearingaid.com\/de\/wp-json\/wp\/v2\/product_tag?post=2277"}],"curies":[{"name":"wp","href":"https:\/\/api.w.org\/{rel}","templated":true}]}}