{"id":2283,"date":"2025-05-23T01:43:31","date_gmt":"2025-05-23T01:43:31","guid":{"rendered":"https:\/\/chinahearingaid.com\/?post_type=product&#038;p=2283"},"modified":"2025-06-02T07:24:27","modified_gmt":"2025-06-02T07:24:27","slug":"z26d1-noise-reduction-rechargeable-in-ear-hearing-aid-oem","status":"publish","type":"product","link":"https:\/\/chinahearingaid.com\/de\/z26d1-noise-reduction-rechargeable-in-ear-hearing-aid-oem\/","title":{"rendered":"Z26D1 Ger\u00e4uschreduzierung Wiederaufladbares In-Ear-H\u00f6rger\u00e4t OEM"},"content":{"rendered":"<p data-v-md-line=\"3\">Erleben Sie\u00a0<strong>besseres H\u00f6ren<\/strong>\u00a0mit dem\u00a0<strong>Z26D1 H\u00f6rger\u00e4t<\/strong>. Dieses Ger\u00e4t ist mit fortschrittlichen Funktionen ausgestattet, um Ihre H\u00f6rbed\u00fcrfnisse zu erf\u00fcllen. Sehen wir uns an, warum das Z26D1 die perfekte Wahl f\u00fcr Sie ist!<\/p>\n<h2 data-v-md-heading=\"key-features\" data-v-md-line=\"5\"><strong>Hauptmerkmale<\/strong><\/h2>\n<h3 data-v-md-heading=\"advanced-noise-reduction\" data-v-md-line=\"7\"><strong>Erweiterte Rauschunterdr\u00fcckung<\/strong><\/h3>\n<ul data-v-md-line=\"8\">\n<li><strong>Digitale Signalverarbeitung (DSP):<\/strong>\u00a0Diese Technologie filtert Hintergrundger\u00e4usche und sorgt daf\u00fcr, dass Sie auch in lauten Umgebungen klar und deutlich h\u00f6ren.<\/li>\n<li><strong>Adaptive Rauschunterdr\u00fcckung:<\/strong>\u00a0Passt sich an die Umgebung an und sorgt so f\u00fcr optimale Klangqualit\u00e4t.<\/li>\n<\/ul>\n<h3 data-v-md-heading=\"rechargeable-and-long-lasting\" data-v-md-line=\"11\"><strong>Wiederaufladbar und langanhaltend<\/strong><\/h3>\n<ul data-v-md-line=\"12\">\n<li><strong>Lebensdauer der Batterie:<\/strong>\u00a0Genie\u00dfen Sie 24+ Stunden ununterbrochenen Gebrauch.<\/li>\n<li><strong>Aufladen:<\/strong>\u00a03 Stunden Ladezeit mit einer\u00a0<strong>USB-C-Anschluss<\/strong>\u00a0und eine\u00a0<strong>tragbarer Ladekoffer<\/strong>.<\/li>\n<\/ul>\n<h3 data-v-md-heading=\"custom-oem-options\" data-v-md-line=\"15\"><strong>Kundenspezifische OEM-Optionen<\/strong><\/h3>\n<ul data-v-md-line=\"16\">\n<li><strong>Ma\u00dfgeschneidertes Branding:<\/strong>\u00a0Passen Sie Verpackung und Firmware an Ihre gesch\u00e4ftlichen Anforderungen an.<\/li>\n<li><strong>Ma\u00dfgeschneiderte Ohrpassst\u00fccke:<\/strong>\u00a0Unterschiedliche Gr\u00f6\u00dfen oder Ma\u00dfanfertigungen f\u00fcr maximalen Komfort.<\/li>\n<\/ul>\n<h3 data-v-md-heading=\"discreet-and-comfortable-design\" data-v-md-line=\"19\"><strong>Diskretes und komfortables Design<\/strong><\/h3>\n<ul data-v-md-line=\"20\">\n<li><strong>In-Ear-Design:<\/strong>\u00a0Leicht und ergonomisch f\u00fcr ganzt\u00e4giges Tragen.<\/li>\n<li><strong>Hypoallergene Materialien:<\/strong>\u00a0Sicher f\u00fcr empfindliche Haut.<\/li>\n<\/ul>\n<h3 data-v-md-heading=\"smart-connectivity\" data-v-md-line=\"23\"><strong>Intelligente Konnektivit\u00e4t<\/strong><\/h3>\n<ul data-v-md-line=\"24\">\n<li><strong>Bluetooth 5.0:<\/strong>\u00a0Nahtlose Kopplung mit Smartphones und Tablets.<\/li>\n<li><strong>App-Kontrolle:<\/strong>\u00a0Passen Sie die Einstellungen direkt \u00fcber eine mobile App an.<\/li>\n<\/ul>\n<h2 data-v-md-heading=\"technical-specifications\" data-v-md-line=\"27\"><strong>Technische Daten<\/strong><\/h2>\n\n<table id=\"tablepress-56\" class=\"tablepress tablepress-id-56\">\n<thead>\n<tr class=\"row-1\">\n\t<th class=\"column-1\">Parameter<\/th><th class=\"column-2\">Einzelheiten<\/th>\n<\/tr>\n<\/thead>\n<tbody class=\"row-striping row-hover\">\n<tr class=\"row-2\">\n\t<td class=\"column-1\">Akkulaufzeit<\/td><td class=\"column-2\">24+ Stunden; 3 Stunden Ladezeit \u00fcber USB-C<\/td>\n<\/tr>\n<tr class=\"row-3\">\n\t<td class=\"column-1\">Rauschunterdr\u00fcckung<\/td><td class=\"column-2\">Reduziert Hintergrundger\u00e4usche um bis zu 30 dB<\/td>\n<\/tr>\n<tr class=\"row-4\">\n\t<td class=\"column-1\">Frequenzbereich<\/td><td class=\"column-2\">100 Hz - 8.000 Hz<\/td>\n<\/tr>\n<tr class=\"row-5\">\n\t<td class=\"column-1\">Wasserbest\u00e4ndigkeit<\/td><td class=\"column-2\">Schutzklasse IPX4 (spritzwassergesch\u00fctzt)<\/td>\n<\/tr>\n<tr class=\"row-6\">\n\t<td class=\"column-1\">Einhaltung der Vorschriften<\/td><td class=\"column-2\">FDA Klasse II, CE, ISO 13485 zertifiziert<\/td>\n<\/tr>\n<tr class=\"row-7\">\n\t<td class=\"column-1\">Garantie<\/td><td class=\"column-2\">2 Jahre Herstellergarantie<\/td>\n<\/tr>\n<tr class=\"row-8\">\n\t<td class=\"column-1\">Zubeh\u00f6r<\/td><td class=\"column-2\">Ladeetui, USB-C-Kabel, mehrere Ohrst\u00f6psel, Benutzerhandbuch<\/td>\n<\/tr>\n<\/tbody>\n<\/table>\n<!-- #tablepress-56 from cache -->\n<h2 data-v-md-heading=\"usage-scenarios\" data-v-md-line=\"39\"><strong>Verwendungsszenarien<\/strong><\/h2>\n\n<table id=\"tablepress-57\" class=\"tablepress tablepress-id-57\">\n<thead>\n<tr class=\"row-1\">\n\t<th class=\"column-1\">Szenario<\/th><th class=\"column-2\">Beschreibung<\/th>\n<\/tr>\n<\/thead>\n<tbody class=\"row-striping row-hover\">\n<tr class=\"row-2\">\n\t<td class=\"column-1\">Gesellschaftliche Versammlungen<\/td><td class=\"column-2\">Unterhalten Sie sich auch an lauten Orten.<\/td>\n<\/tr>\n<tr class=\"row-3\">\n\t<td class=\"column-1\">Arbeitstreffen<\/td><td class=\"column-2\">Konzentrieren Sie sich auf Gespr\u00e4che mit Bluetooth-Konnektivit\u00e4t f\u00fcr virtuelle Meetings.<\/td>\n<\/tr>\n<tr class=\"row-4\">\n\t<td class=\"column-1\">Aktivit\u00e4ten im Freien<\/td><td class=\"column-2\">Bleiben Sie aktiv mit IPX4-Wasserbest\u00e4ndigkeit.<\/td>\n<\/tr>\n<tr class=\"row-5\">\n\t<td class=\"column-1\">Reisen<\/td><td class=\"column-2\">Tragbarer Strom f\u00fcr lange Fahrten oder Fl\u00fcge.<\/td>\n<\/tr>\n<tr class=\"row-6\">\n\t<td class=\"column-1\">Ruhige Umgebungen<\/td><td class=\"column-2\">Genie\u00dfen Sie die Ruhe mit einstellbarem Ger\u00e4uschpegel in Bibliotheken und Parks.<\/td>\n<\/tr>\n<\/tbody>\n<\/table>\n<!-- #tablepress-57 from cache -->\n<div class=\"chat-container\">\n<div class=\"chat-view-container ng-star-inserted\">\n<div class=\"chat-turn-container model render cdk-focused cdk-mouse-focused\" tabindex=\"-1\">\n<div class=\"model-prompt-container\" data-turn-role=\"Model\">\n<div class=\"turn-content\">\n<p class=\"ng-star-inserted\"><span class=\"ng-star-inserted\">Verbessern Sie Ihr Geh\u00f6r mit dem H\u00f6rger\u00e4t Z26D1. Dieses fortschrittliche Ger\u00e4t bietet eine bessere Klarheit durch digitale Signalverarbeitung (DSP) L\u00e4rm, reduziert Hintergrundger\u00e4usche und adaptive Sound zu unterdr\u00fccken. Genie\u00dfen Sie die Nutzung von 24+ Stunden mit dem schnell aufladbaren (3h, USB-C) Akku und der tragbaren Tasche. Diskretes, komfortables, spritzwassergesch\u00fctztes IPX4 In-Ear-Design. Bluetooth 5.0 erm\u00f6glicht App-Steuerung und intelligente Konnektivit\u00e4t. FDA\/CE\/ISO-zertifiziert f\u00fcr Qualit\u00e4t. Kundenspezifische OEM-Optionen f\u00fcr Unternehmen. Bestellen Sie Ihr Produkt oder erkundigen Sie sich nach OEM-Partnerschaften!<\/span><\/p>\n<\/div>\n<\/div>\n<\/div>\n<\/div>\n<\/div>\n<footer class=\"not-zero-state ng-star-inserted\">\n<div class=\"mat-mdc-tooltip-trigger prompt-input-wrapper\">\n<div>\n<div class=\"prompt-input-wrapper-container\">\n<div class=\"text-wrapper\">\n<section class=\"text-and-attachments-wrapper\">\n<div class=\"text-input-wrapper\"><\/div>\n<\/section>\n<\/div>\n<\/div>\n<\/div>\n<\/div>\n<\/footer>\n<h2 data-v-md-heading=\"benefits\" data-v-md-line=\"49\"><strong>Vorteile<\/strong><\/h2>\n<ul data-v-md-line=\"51\">\n<li><strong>Erh\u00f6hte Klarheit:<\/strong>\u00a0Konzentrieren Sie sich auf wichtige Ger\u00e4usche, nicht auf Hintergrundger\u00e4usche.<\/li>\n<li><strong>Kosteng\u00fcnstig:<\/strong>\u00a0<strong>Wiederaufladbar<\/strong>\u00a0Design spart Batteriekosten.<\/li>\n<li><strong>Anpassbar:<\/strong>\u00a0Ideal f\u00fcr Unternehmen, die ihre eigenen H\u00f6rger\u00e4te vermarkten wollen.<\/li>\n<li><strong>Zertifizierte Qualit\u00e4t:<\/strong>\u00a0Entspricht den weltweiten Normen f\u00fcr Medizinprodukte.<\/li>\n<li><strong>Benutzerfreundlich:<\/strong>\u00a0Einfache Steuerung der Einstellungen \u00fcber eine App.<\/li>\n<\/ul>\n<h2 data-v-md-heading=\"perfect-for\" data-v-md-line=\"57\"><strong>Perfekt f\u00fcr:<\/strong><\/h2>\n<ul data-v-md-line=\"59\">\n<li><strong>Einzelpersonen:<\/strong>\u00a0Personen mit leichtem bis mittlerem H\u00f6rverlust oder Tinnitus.<\/li>\n<li><strong>Unternehmen:<\/strong>\u00a0Sie suchen ein individuelles OEM-H\u00f6rger\u00e4t mit personalisierten Funktionen.<\/li>\n<\/ul>\n<h2 data-v-md-heading=\"why-choose-z26d1\" data-v-md-line=\"62\"><strong>Warum das Z26D1?<\/strong><\/h2>\n<ul data-v-md-line=\"63\">\n<li><strong>Zertifizierte Qualit\u00e4t:<\/strong>\u00a0Die FDA-, CE- und ISO-Zertifizierung gew\u00e4hrleistet h\u00f6chste Sicherheit und Leistung.<\/li>\n<li><strong>Benutzerfreundlich:<\/strong>\u00a0Stellen Sie Ihr H\u00f6rger\u00e4t einfach mit einer App ein.<\/li>\n<li><strong>Vielseitiges Design:<\/strong>\u00a0Leicht und wasserfest f\u00fcr jede Aktivit\u00e4t.<\/li>\n<\/ul>\n<h2 data-v-md-heading=\"call-to-action\" data-v-md-line=\"67\"><strong>Aufruf zum Handeln<\/strong><\/h2>\n<p data-v-md-line=\"69\"><strong>Sind Sie bereit f\u00fcr ein besseres H\u00f6rerlebnis?<\/strong><br \/>\nBestellen Sie Ihr\u00a0<strong>Z26D1 H\u00f6rger\u00e4t<\/strong>\u00a0heute oder kontaktieren Sie uns f\u00fcr\u00a0<strong>OEM-Partnerschaftsm\u00f6glichkeiten<\/strong>.<br \/>\n\ud83d\udcde\u00a0<strong>Kontaktieren Sie uns f\u00fcr Massenpreise und Anpassungen<\/strong><\/p>\n<h2 data-v-md-heading=\"related-links\" data-v-md-line=\"74\"><strong>Verwandte Links<\/strong><\/h2>\n<p data-v-md-line=\"75\">Weitere Optionen finden Sie in unseren verwandten Produkten und Kategorien:<\/p>\n<ul data-v-md-line=\"76\">\n<li><a href=\"https:\/\/chinahearingaid.com\/de\" target=\"_blank\" rel=\"noopener\">China H\u00f6rger\u00e4tefabrik<\/a><\/li>\n<li><a href=\"https:\/\/chinahearingaid.com\/de\/hearing-aid-by-types\/\" target=\"_blank\" rel=\"noopener\">H\u00f6rger\u00e4te nach Typ<\/a><\/li>\n<li><a href=\"https:\/\/chinahearingaid.com\/de\/noise-reduction-hearing-aids\/\" target=\"_blank\" rel=\"noopener\">H\u00f6rger\u00e4te zur L\u00e4rmreduzierung<\/a><\/li>\n<li><a href=\"https:\/\/chinahearingaid.com\/de\/rechargeable-hearing-aids\/\" target=\"_blank\" rel=\"noopener\">Wiederaufladbare H\u00f6rger\u00e4te<\/a><\/li>\n<li><a href=\"https:\/\/chinahearingaid.com\/de\/invisible-hearing-aids\/\" target=\"_blank\" rel=\"noopener\">Unsichtbare H\u00f6rger\u00e4te<\/a><\/li>\n<\/ul>\n<p data-v-md-line=\"84\">F\u00fcr weitere Details und andere Produkte besuchen Sie unsere\u00a0<a href=\"https:\/\/chinahearingaid.com\/de\/z26d1-noise-reduction-rechargeable-in-ear-hearing-aid-oem\/\" target=\"_blank\" rel=\"noopener\">OEM-In-Ear-H\u00f6rger\u00e4te<\/a>\u00a0Seite.<\/p>","protected":false},"excerpt":{"rendered":"<div class=\"chat-container\">\n<div class=\"chat-view-container ng-star-inserted\">\n<div>\n<div class=\"chat-turn-container model render cdk-focused cdk-mouse-focused\" tabindex=\"-1\">\n<div class=\"model-prompt-container\" data-turn-role=\"Model\">\n<div class=\"turn-content\">\n<p class=\"ng-star-inserted\"><span class=\"ng-star-inserted\">Verbessern Sie Ihr Geh\u00f6r mit dem H\u00f6rger\u00e4t Z26D1. Dieses fortschrittliche Ger\u00e4t bietet \u00fcberragende Klarheit dank digitaler Signalverarbeitung (DSP), die Hintergrundger\u00e4usche um bis zu 30 dB reduziert, und adaptiver Ger\u00e4uschunterdr\u00fcckung. Mit dem schnell aufladbaren Akku (3 Std., USB-C) und der tragbaren Tasche k\u00f6nnen Sie das Ger\u00e4t mehr als 24 Stunden lang nutzen. Diskretes, komfortables, spritzwassergesch\u00fctztes IPX4-In-Ear-Design. Bluetooth 5.0 erm\u00f6glicht App-Steuerung und intelligente Konnektivit\u00e4t. FDA\/CE\/ISO-zertifiziert f\u00fcr Qualit\u00e4t. Kundenspezifische OEM-Optionen f\u00fcr Unternehmen. Bestellen Sie Ihr Produkt oder erkundigen Sie sich nach OEM-Partnerschaften!<\/span><\/p>\n<\/div>\n<\/div>\n<\/div>\n<\/div>\n<\/div>\n<\/div>\n<footer class=\"not-zero-state ng-star-inserted\">\n<div class=\"mat-mdc-tooltip-trigger prompt-input-wrapper\">\n<div>\n<div class=\"prompt-input-wrapper-container\">\n<div class=\"text-wrapper\">\n<section class=\"text-and-attachments-wrapper\">\n<div class=\"text-input-wrapper\"><\/div>\n<\/section>\n<\/div>\n<\/div>\n<\/div>\n<\/div>\n<\/footer>","protected":false},"featured_media":2622,"template":"","meta":{"_kad_post_transparent":"default","_kad_post_title":"","_kad_post_layout":"default","_kad_post_sidebar_id":"","_kad_post_content_style":"default","_kad_post_vertical_padding":"default","_kad_post_feature":"","_kad_post_feature_position":"","_kad_post_header":false,"_kad_post_footer":false,"_kad_post_classname":""},"product_brand":[],"product_cat":[15,561,559,568,560,565,563],"product_tag":[622,624,621,623],"class_list":{"0":"post-2283","1":"product","2":"type-product","3":"status-publish","4":"has-post-thumbnail","6":"product_cat-hearing-aid-by-types","7":"product_cat-digital-hearing-aids","8":"product_cat-hearing-aid-by-features","9":"product_cat-in-ear-hearing-aids","10":"product_cat-invisible-hearing-aids","11":"product_cat-noise-reduction-hearing-aids","12":"product_cat-rechargeable-hearing-aids","13":"product_tag-hearing-aids-invisible-oem","14":"product_tag-noise-reduction-hearing-aids-oem","15":"product_tag-oem-in-ear-hearing-aids","16":"product_tag-oem-rechargeable-in-ear-hearing-aid","18":"first","19":"instock","20":"shipping-taxable","21":"product-type-simple","22":"entry","23":"content-bg","24":"loop-entry"},"_links":{"self":[{"href":"https:\/\/chinahearingaid.com\/de\/wp-json\/wp\/v2\/product\/2283","targetHints":{"allow":["GET"]}}],"collection":[{"href":"https:\/\/chinahearingaid.com\/de\/wp-json\/wp\/v2\/product"}],"about":[{"href":"https:\/\/chinahearingaid.com\/de\/wp-json\/wp\/v2\/types\/product"}],"wp:featuredmedia":[{"embeddable":true,"href":"https:\/\/chinahearingaid.com\/de\/wp-json\/wp\/v2\/media\/2622"}],"wp:attachment":[{"href":"https:\/\/chinahearingaid.com\/de\/wp-json\/wp\/v2\/media?parent=2283"}],"wp:term":[{"taxonomy":"product_brand","embeddable":true,"href":"https:\/\/chinahearingaid.com\/de\/wp-json\/wp\/v2\/product_brand?post=2283"},{"taxonomy":"product_cat","embeddable":true,"href":"https:\/\/chinahearingaid.com\/de\/wp-json\/wp\/v2\/product_cat?post=2283"},{"taxonomy":"product_tag","embeddable":true,"href":"https:\/\/chinahearingaid.com\/de\/wp-json\/wp\/v2\/product_tag?post=2283"}],"curies":[{"name":"wp","href":"https:\/\/api.w.org\/{rel}","templated":true}]}}