{"id":2286,"date":"2025-05-23T01:57:08","date_gmt":"2025-05-23T01:57:08","guid":{"rendered":"https:\/\/chinahearingaid.com\/?post_type=product&#038;p=2286"},"modified":"2025-06-17T08:52:11","modified_gmt":"2025-06-17T08:52:11","slug":"z162tx-digital-hearing-aids-rechargeable-private-label","status":"publish","type":"product","link":"https:\/\/chinahearingaid.com\/de\/z162tx-digital-hearing-aids-rechargeable-private-label\/","title":{"rendered":"Z162TX Digitales H\u00f6rger\u00e4t Wiederaufladbar Private Label"},"content":{"rendered":"<h2 data-v-md-heading=\"why-choose-z162tx\" data-v-md-line=\"5\">Warum Z162TX w\u00e4hlen?<\/h2>\n<p data-v-md-line=\"7\">Der\u00a0<strong>Z162TX Digital-H\u00f6rger\u00e4te<\/strong>\u00a0sind hochkar\u00e4tig\u00a0<strong>wiederaufladbare H\u00f6rger\u00e4te<\/strong>\u00a0konzipiert f\u00fcr\u00a0<strong>H\u00f6rger\u00e4teakustiker, Einzelh\u00e4ndler und Eigenmarkenpartner<\/strong>. Diese H\u00f6rger\u00e4te sind perfekt f\u00fcr diejenigen, die hochwertige H\u00f6rger\u00e4te unter ihrer eigenen Marke anbieten m\u00f6chten.<\/p>\n<h3 data-v-md-heading=\"key-benefits\" data-v-md-line=\"9\">Wichtigste Vorteile<\/h3>\n<ul data-v-md-line=\"11\">\n<li><strong>Eigenmarkenvorteil<\/strong>: Lancieren Sie Ihre Marke mit\u00a0<strong>FDA-konforme H\u00f6rger\u00e4te<\/strong>-keine Vorlaufkosten f\u00fcr Forschung und Entwicklung.<\/li>\n<li><strong>Marktreife Technologie<\/strong>:\u00a0<strong>Bluetooth-Verbindung<\/strong>,\u00a0<strong>24 Stunden Akkulaufzeit<\/strong>, Und\u00a0<strong>AI-gesteuerte Rauschunterdr\u00fcckung<\/strong>.<\/li>\n<li><strong>Einhaltung der Vorschriften und Vertrauen<\/strong>: Erf\u00fcllt\u00a0<strong>\u00a7801.422 FDA-Kennzeichnungsstandards<\/strong>\u00a0Und\u00a0<strong>ISO 13485-Benchmarks f\u00fcr die Herstellung<\/strong>.<\/li>\n<\/ul>\n<h3 data-v-md-heading=\"technical-specifications\" data-v-md-line=\"15\">Technische Daten<\/h3>\n<p data-v-md-line=\"17\">Sehen Sie sich diese erstaunlichen technischen Parameter an:<\/p>\n\n<table id=\"tablepress-54\" class=\"tablepress tablepress-id-54\">\n<thead>\n<tr class=\"row-1\">\n\t<th class=\"column-1\">Technische Parameter<\/th><th class=\"column-2\">Einzelheiten<\/th>\n<\/tr>\n<\/thead>\n<tbody class=\"row-striping row-hover\">\n<tr class=\"row-2\">\n\t<td class=\"column-1\">Batterie<\/td><td class=\"column-2\">24-Stunden-Laufzeit, 3-Stunden-Schnellladung<\/td>\n<\/tr>\n<tr class=\"row-3\">\n\t<td class=\"column-1\">Bluetooth<\/td><td class=\"column-2\">iOS\/Android-App-Steuerung<\/td>\n<\/tr>\n<tr class=\"row-4\">\n\t<td class=\"column-1\">Rauschunterdr\u00fcckung<\/td><td class=\"column-2\">KI-gest\u00fctzte adaptive Mikrofone<\/td>\n<\/tr>\n<tr class=\"row-5\">\n\t<td class=\"column-1\">IP-Bewertung<\/td><td class=\"column-2\">IP68 wasserdicht\/schwitzwassergesch\u00fctzt<\/td>\n<\/tr>\n<\/tbody>\n<\/table>\n<!-- #tablepress-54 from cache -->\n<p data-v-md-line=\"26\">Ausf\u00fchrlichere Informationen finden Sie unter\u00a0<a href=\"https:\/\/chinahearingaid.com\/de\/hearing-aid-by-types\/\" target=\"_blank\" rel=\"noopener\">H\u00f6rger\u00e4te nach Typ<\/a>\u00a0und insbesondere\u00a0<a href=\"https:\/\/chinahearingaid.com\/de\/bte-hearing-aids\/\" target=\"_blank\" rel=\"noopener\">HdO-H\u00f6rger\u00e4te<\/a>.<\/p>\n<h3 data-v-md-heading=\"usage-scenarios\" data-v-md-line=\"28\">Verwendungsszenarien<\/h3>\n<p data-v-md-line=\"30\">Der\u00a0<strong>Z162TX Digital-H\u00f6rger\u00e4te<\/strong>\u00a0kann in verschiedenen Szenarien eingesetzt werden:<\/p>\n<ul data-v-md-line=\"32\">\n<li><strong>Gesch\u00e4ftige Umgebungen<\/strong>: Reduziert Hintergrundger\u00e4usche in Restaurants und Menschenmengen.<\/li>\n<li><strong>Aktivit\u00e4ten im Freien<\/strong>: Windbest\u00e4ndig f\u00fcr Wanderungen und Gartenarbeit.<\/li>\n<li><strong>Telemedizinische Anrufe<\/strong>: Bluetooth-Kopplung f\u00fcr klare Videosprechstunden.<\/li>\n<\/ul>\n<p data-v-md-line=\"36\">Erfahren Sie mehr \u00fcber diese Funktionalit\u00e4ten in unserem\u00a0<a href=\"https:\/\/chinahearingaid.com\/de\/bluetooth-hearing-aids\/\" target=\"_blank\" rel=\"noopener\">Abschnitt Bluetooth-H\u00f6rger\u00e4te<\/a>.<\/p>\n<h3 data-v-md-heading=\"customization-options\" data-v-md-line=\"38\">Anpassungsoptionen<\/h3>\n<p data-v-md-line=\"40\">Wir bieten\u00a0<strong>OEM-fertige Designs<\/strong>\u00a0f\u00fcr Markenlogos und Verpackungen. Stellen Sie den Frequenzbereich (250-6000 Hz) mit unserer propriet\u00e4ren Software ein.<\/p>\n<p data-v-md-line=\"42\">Hier erhalten Sie Ihre individuellen Branding-Optionen:\u00a0<a href=\"https:\/\/chinahearingaid.com\/de\/z128-digital-hearing-aids-bte-noise-reduction-brand-custom\/\" target=\"_blank\" rel=\"noopener\">Individuelle digitale H\u00f6rger\u00e4te Marke<\/a>.<\/p>\n<h3 data-v-md-heading=\"compliance-and-support\" data-v-md-line=\"44\">Einhaltung der Vorschriften und Unterst\u00fctzung<\/h3>\n<ul data-v-md-line=\"46\">\n<li><strong>FDA-konform<\/strong>: Enth\u00e4lt Formulare f\u00fcr die Verzichtserkl\u00e4rung des Arztes und Bedienungsanleitungen (<a href=\"https:\/\/chinahearingaid.com\/de\/rechargeable-hearing-aids\/\" target=\"_blank\" rel=\"noopener\">Mehr lesen<\/a>).<\/li>\n<li><strong>Wei\u00dfer-Handschuh-Service<\/strong>: Dedizierte Vertreter f\u00fcr Branding und Bestandsbetreuung.<\/li>\n<\/ul>\n<h2 data-v-md-heading=\"why-private-label\" data-v-md-line=\"49\">Warum Private Label?<\/h2>\n<ul data-v-md-line=\"51\">\n<li><strong>Margen steigern<\/strong>: Vermeiden Sie die Kommerzialisierung - 86% der Patienten erkennen keine Herstellermarken.<\/li>\n<\/ul>\n<p data-v-md-line=\"53\">Weitere Informationen finden Sie unter:\u00a0<a href=\"https:\/\/chinahearingaid.com\/de\/z162tx-digital-hearing-aids-rechargeable-private-label\/\" target=\"_blank\" rel=\"noopener\">Digitale H\u00f6rger\u00e4te Eigenmarke<\/a>.<\/p>\n<h3 data-v-md-heading=\"feature-highlights\" data-v-md-line=\"55\">Besondere Highlights<\/h3>\n<ul data-v-md-line=\"57\">\n<li><strong>Erweiterte Klangverarbeitung<\/strong><\/li>\n<li><strong>Wiederaufladbare Bequemlichkeit<\/strong><\/li>\n<li><strong>Kundenspezifisches Branding<\/strong><\/li>\n<\/ul>\n<p data-v-md-line=\"61\">Lesen Sie mehr \u00fcber unsere erweiterten Funktionen:\u00a0<a href=\"https:\/\/chinahearingaid.com\/de\/digital-hearing-aids\/\" target=\"_blank\" rel=\"noopener\">Digitale H\u00f6rger\u00e4te<\/a>.<\/p>\n<h2 data-v-md-heading=\"call-to-action\" data-v-md-line=\"63\">Aufruf zum Handeln<\/h2>\n<p data-v-md-line=\"65\"><strong>Starten Sie Ihr H\u00f6rger\u00e4tesortiment in 7 Tagen: Fordern Sie jetzt individuelle Branding-Muster und Gro\u00dfmengenpreise an.<\/strong><\/p>\n<p data-v-md-line=\"67\">F\u00fcr weitere Produktkategorien besuchen Sie bitte unsere\u00a0<a href=\"https:\/\/chinahearingaid.com\/de\" target=\"_blank\" rel=\"noopener\">Hauptwebsite<\/a>.<\/p>\n<p><script src=\"chrome-extension:\/\/fpelahbljekknahkcaegamhcndkfpfnc\/iFrame.js\" type=\"text\/javascript\"><\/script><\/p>\n<p><script src=\"chrome-extension:\/\/fpelahbljekknahkcaegamhcndkfpfnc\/iFrame.js\" type=\"text\/javascript\"><\/script><\/p>","protected":false},"excerpt":{"rendered":"<p>Entscheiden Sie sich f\u00fcr Z162TX Digital-H\u00f6rger\u00e4te: Hochwertige wiederaufladbare Ger\u00e4te f\u00fcr Audiologen, Einzelh\u00e4ndler und Eigenmarken. Bringen Sie Ihre Marke mit FDA-konformer, marktreifer Technologie auf den Markt - Bluetooth, 24-Stunden-Batterie, KI-Rauschunterdr\u00fcckung - und das ohne F&amp;E-Kosten. ISO 13485-zertifiziert. OEM-Designs. Steigern Sie Ihre Margen. Starten Sie Ihre Linie in 7 Tagen: Muster und Mengenpreise anfordern!<\/p>\n<p><script src=\"chrome-extension:\/\/fpelahbljekknahkcaegamhcndkfpfnc\/iFrame.js\" type=\"text\/javascript\"><\/script><\/p>\n<p><script src=\"chrome-extension:\/\/fpelahbljekknahkcaegamhcndkfpfnc\/iFrame.js\" type=\"text\/javascript\"><\/script><\/p>","protected":false},"featured_media":3250,"template":"","meta":{"_kad_post_transparent":"default","_kad_post_title":"","_kad_post_layout":"default","_kad_post_sidebar_id":"","_kad_post_content_style":"default","_kad_post_vertical_padding":"default","_kad_post_feature":"","_kad_post_feature_position":"","_kad_post_header":false,"_kad_post_footer":false,"_kad_post_classname":""},"product_brand":[],"product_cat":[15,544,561,559,563],"product_tag":[628,629,630],"class_list":{"0":"post-2286","1":"product","2":"type-product","3":"status-publish","4":"has-post-thumbnail","6":"product_cat-hearing-aid-by-types","7":"product_cat-bte-hearing-aids","8":"product_cat-digital-hearing-aids","9":"product_cat-hearing-aid-by-features","10":"product_cat-rechargeable-hearing-aids","11":"product_tag-bte-digital-hearing-aid-private-label","12":"product_tag-digital-hearing-aids-private-label","13":"product_tag-hearing-aids-rechargeable-private-label","15":"first","16":"instock","17":"shipping-taxable","18":"product-type-simple","19":"entry","20":"content-bg","21":"loop-entry"},"_links":{"self":[{"href":"https:\/\/chinahearingaid.com\/de\/wp-json\/wp\/v2\/product\/2286","targetHints":{"allow":["GET"]}}],"collection":[{"href":"https:\/\/chinahearingaid.com\/de\/wp-json\/wp\/v2\/product"}],"about":[{"href":"https:\/\/chinahearingaid.com\/de\/wp-json\/wp\/v2\/types\/product"}],"wp:featuredmedia":[{"embeddable":true,"href":"https:\/\/chinahearingaid.com\/de\/wp-json\/wp\/v2\/media\/3250"}],"wp:attachment":[{"href":"https:\/\/chinahearingaid.com\/de\/wp-json\/wp\/v2\/media?parent=2286"}],"wp:term":[{"taxonomy":"product_brand","embeddable":true,"href":"https:\/\/chinahearingaid.com\/de\/wp-json\/wp\/v2\/product_brand?post=2286"},{"taxonomy":"product_cat","embeddable":true,"href":"https:\/\/chinahearingaid.com\/de\/wp-json\/wp\/v2\/product_cat?post=2286"},{"taxonomy":"product_tag","embeddable":true,"href":"https:\/\/chinahearingaid.com\/de\/wp-json\/wp\/v2\/product_tag?post=2286"}],"curies":[{"name":"wp","href":"https:\/\/api.w.org\/{rel}","templated":true}]}}