{"id":2288,"date":"2025-05-23T02:00:14","date_gmt":"2025-05-23T02:00:14","guid":{"rendered":"https:\/\/chinahearingaid.com\/?post_type=product&#038;p=2288"},"modified":"2025-06-09T00:04:01","modified_gmt":"2025-06-09T00:04:01","slug":"z-109td-best-rechargeable-bte-hearing-aids-vendor-order","status":"publish","type":"product","link":"https:\/\/chinahearingaid.com\/de\/z-109td-best-rechargeable-bte-hearing-aids-vendor-order\/","title":{"rendered":"Z-109TD Bestes wiederaufladbares HdO-H\u00f6rger\u00e4t Herstellerbestellung"},"content":{"rendered":"<h2 data-v-md-heading=\"z-109td-rechargeable-bte-hearing-aids\" data-v-md-line=\"1\">Z-109TD Wiederaufladbare HdO-H\u00f6rger\u00e4te<\/h2>\n<p data-v-md-line=\"3\">Der\u00a0<strong>Z-109TD Wiederaufladbare HdO-H\u00f6rger\u00e4te<\/strong>\u00a0sind die beste Option f\u00fcr\u00a0<strong>Anbieter<\/strong> Diese Hinter-dem-Ohr-H\u00f6rger\u00e4te (HdO) sind so konzipiert, dass sie eine zufriedenstellende Klangqualit\u00e4t und Komfort bieten. Ob Sie f\u00fcr den pers\u00f6nlichen Gebrauch kaufen oder\u00a0<strong>Gro\u00dfauftr\u00e4ge<\/strong>\u00a0f\u00fcr Ihre\u00a0<strong>Klinik<\/strong>\u00a0oder\u00a0<strong>speichern<\/strong>liefert der Z-109TD eine unvergleichliche Leistung.<\/p>\n<h2 data-v-md-heading=\"key-features\" data-v-md-line=\"5\">Hauptmerkmale<\/h2>\n<p>Wiederaufladbarer Akku: Der Z-109TD verf\u00fcgt \u00fcber einen zuverl\u00e4ssigen Lithium-Ionen-Akku, der mit einer einzigen Ladung 24 Stunden Betriebszeit bietet. Das Aufladen dauert nur 2 Stunden, was ihn perfekt f\u00fcr den t\u00e4glichen Gebrauch macht und den Bedarf an Einwegbatterien \u00fcberfl\u00fcssig macht.<br \/>\nBluetooth-Verbindung: Koppeln Sie Ihre H\u00f6rger\u00e4te ganz einfach mit Smartphones, Fernsehern und anderen Ger\u00e4ten f\u00fcr klares Audiostreaming direkt in Ihren Ohren.<br \/>\nErweiterte Rauschunterdr\u00fcckung: Genie\u00dfen Sie dank der \u00fcberlegenen DSP-Technologie (Digital Sign Processing) saubere Gespr\u00e4che auch in lauten Umgebungen.<br \/>\nErgonomisches Design: Anpassbare Ohrpassst\u00fccke und Skinny-Tube-Alternativen sorgen f\u00fcr eine bequeme Passform beim ganzt\u00e4gigen Tragen.<\/p>\n<h2 data-v-md-heading=\"product-parameters\" data-v-md-line=\"12\">Produkt-Parameter<\/h2>\n\n<table id=\"tablepress-52\" class=\"tablepress tablepress-id-52\">\n<thead>\n<tr class=\"row-1\">\n\t<th class=\"column-1\">Kategorie<\/th><th class=\"column-2\">Einzelheiten<\/th>\n<\/tr>\n<\/thead>\n<tbody class=\"row-striping row-hover\">\n<tr class=\"row-2\">\n\t<td class=\"column-1\">Batterie<\/td><td class=\"column-2\">Wiederaufladbarer Lithium-Ionen-Akku (24 Stunden Betriebszeit, 2 Stunden Ladezeit)<\/td>\n<\/tr>\n<tr class=\"row-3\">\n\t<td class=\"column-1\">Tonausgabe<\/td><td class=\"column-2\">\u2264130 dB SPL \u00b13 dB<\/td>\n<\/tr>\n<tr class=\"row-4\">\n\t<td class=\"column-1\">Gewinnen Sie<\/td><td class=\"column-2\">37 dB \u00b15 dB<\/td>\n<\/tr>\n<tr class=\"row-5\">\n\t<td class=\"column-1\">Frequenzbereich<\/td><td class=\"column-2\">300 Hz - 6.500 Hz<\/td>\n<\/tr>\n<tr class=\"row-6\">\n\t<td class=\"column-1\">THD<\/td><td class=\"column-2\"><5%<\/td>\n<\/tr>\n<tr class=\"row-7\">\n\t<td class=\"column-1\">Einhaltung der Vorschriften<\/td><td class=\"column-2\">FDA 510(k)-zugelassen, CE, ISO 13485 zertifiziert<\/td>\n<\/tr>\n<\/tbody>\n<\/table>\n<!-- #tablepress-52 from cache -->\n<h2 data-v-md-heading=\"usage-scenarios\" data-v-md-line=\"23\">Verwendungsszenarien<\/h2>\n<ul data-v-md-line=\"25\">\n<li><strong>Senioren<\/strong>: Perfekt f\u00fcr den t\u00e4glichen Gebrauch f\u00fcr Menschen mit m\u00e4\u00dfigem bis extremem H\u00f6rverlust.<\/li>\n<li><strong>Fachleute<\/strong>: Ideal f\u00fcr Besprechungen und laute Arbeitspl\u00e4tze.<\/li>\n<li><strong>Anbieter<\/strong>: Gro\u00dfbestellungen machen es perfekt f\u00fcr Kliniken und Krankenh\u00e4user.<\/li>\n<li><strong>Reisende<\/strong>: Leicht und tragbar, ideal f\u00fcr den Einsatz unterwegs.<\/li>\n<\/ul>\n<h2 data-v-md-heading=\"benefits-for-vendors\" data-v-md-line=\"30\">Vorteile f\u00fcr Anbieter<\/h2>\n<ul data-v-md-line=\"32\">\n<li><strong>Konkurrenzf\u00e4hige Preisgestaltung<\/strong>: Genie\u00dfen Sie gestaffelte Rabatte f\u00fcr Gro\u00dfbestellungen ab einer Mindestbestellmenge (MOQ) von 100 Ger\u00e4ten.<\/li>\n<li><strong>White-Labeling<\/strong>: Um die Glaubw\u00fcrdigkeit Ihrer Klinik oder Ihres Gesch\u00e4fts zu steigern, sind individuelle Branding- und Verpackungsoptionen erh\u00e4ltlich.<\/li>\n<li><strong>Schneller Turnaround<\/strong>: Gro\u00dfserienfertigung mit einer Vorlaufzeit von vier bis sechs Wochen.<\/li>\n<li><strong>After-Sales-Unterst\u00fctzung<\/strong>: Jede Bestellung wird durch eine 1-Jahres-Garantie und einen engagierten technischen Kundendienst unterst\u00fctzt.<\/li>\n<\/ul>\n<h2 data-v-md-heading=\"why-choose-the-z-109td\" data-v-md-line=\"37\">Warum der Z-109TD?<\/h2>\n<p data-v-md-line=\"39\">Der\u00a0<strong>Z-109TD Wiederaufladbare HdO-H\u00f6rger\u00e4te<\/strong>\u00a0sich von Wettbewerbern wie\u00a0<strong>Phonak<\/strong>\u00a0Und\u00a0<strong>Oticon<\/strong>. Sie bieten das beste Preis-Leistungs-Verh\u00e4ltnis f\u00fcr Gro\u00dfabnehmer und verf\u00fcgen \u00fcber eine hervorragende Akkulaufzeit. Das macht sie zu einer ausgezeichneten Wahl f\u00fcr B2B-Partnerschaften und den pers\u00f6nlichen Gebrauch.<\/p>\n<h2 data-v-md-heading=\"related-products-and-resources\" data-v-md-line=\"42\">Verwandte Produkte und Ressourcen<\/h2>\n<p data-v-md-line=\"44\">Entdecken Sie mehr \u00fcber\u00a0<a href=\"https:\/\/chinahearingaid.com\/de\/bte-hearing-aids\/\" target=\"_blank\" rel=\"noopener\">HdO-H\u00f6rger\u00e4te<\/a>\u00a0oder erkunden Sie verschiedene H\u00f6rger\u00e4tetypen aus unserem umfangreichen Angebot:<\/p>\n<ul data-v-md-line=\"46\">\n<li><a href=\"https:\/\/chinahearingaid.com\/de\/rechargeable-hearing-aids\/\" target=\"_blank\" rel=\"noopener\">Wiederaufladbare H\u00f6rger\u00e4te<\/a><\/li>\n<li><a href=\"https:\/\/chinahearingaid.com\/de\/bluetooth-hearing-aids\/\" target=\"_blank\" rel=\"noopener\">Bluetooth-H\u00f6rger\u00e4te<\/a><\/li>\n<li><a href=\"https:\/\/chinahearingaid.com\/de\/noise-reduction-hearing-aids\/\" target=\"_blank\" rel=\"noopener\">H\u00f6rger\u00e4te zur L\u00e4rmreduzierung<\/a><\/li>\n<li><a href=\"https:\/\/chinahearingaid.com\/de\/digital-hearing-aids\/\" target=\"_blank\" rel=\"noopener\">Digitale H\u00f6rger\u00e4te<\/a><\/li>\n<\/ul>\n<p data-v-md-line=\"51\">F\u00fcr weitere Informationen zur Bestellung besuchen Sie bitte unsere\u00a0<a href=\"https:\/\/chinahearingaid.com\/de\/z-109td-best-rechargeable-bte-hearing-aids-vendor-order\/\" target=\"_blank\" rel=\"noopener\">Bestellung des besten HdO-H\u00f6rger\u00e4teherstellers<\/a>\u00a0Seite.<\/p>\n<p data-v-md-line=\"54\">Das Z-109TD ist die ideale L\u00f6sung f\u00fcr hervorragende Klangqualit\u00e4t und zuverl\u00e4ssige Leistung. Bestellen Sie noch heute Ihre Gro\u00dfbestellung und erleben Sie das Beste der H\u00f6rger\u00e4tetechnologie.<\/p>","protected":false},"excerpt":{"rendered":"<p class=\"ng-star-inserted\"><span class=\"ng-star-inserted\">Z-109TD Wiederaufladbare HdO-H\u00f6rger\u00e4te: Die erste Wahl f\u00fcr Anbieter und Einzelpersonen, die ein hochwertiges, zuverl\u00e4ssiges H\u00f6rsystem suchen. Diese HdO-H\u00f6rger\u00e4te bieten \u00fcberragende Klangklarheit und Komfort. Sie k\u00f6nnen mit einer 2-st\u00fcndigen Ladung 24 Stunden lang genutzt werden, bieten Bluetooth-Streaming und eine fortschrittliche Ger\u00e4uschunterdr\u00fcckung. Ideal f\u00fcr den pers\u00f6nlichen Gebrauch oder Gro\u00dfbestellungen f\u00fcr Kliniken\/L\u00e4den, mit hervorragendem Preis-Leistungs-Verh\u00e4ltnis.<\/span><\/p>","protected":false},"featured_media":3052,"template":"","meta":{"_kad_post_transparent":"default","_kad_post_title":"","_kad_post_layout":"default","_kad_post_sidebar_id":"","_kad_post_content_style":"default","_kad_post_vertical_padding":"default","_kad_post_feature":"","_kad_post_feature_position":"","_kad_post_header":false,"_kad_post_footer":false,"_kad_post_classname":""},"product_brand":[],"product_cat":[15,544,559,563],"product_tag":[635,636],"class_list":{"0":"post-2288","1":"product","2":"type-product","3":"status-publish","4":"has-post-thumbnail","6":"product_cat-hearing-aid-by-types","7":"product_cat-bte-hearing-aids","8":"product_cat-hearing-aid-by-features","9":"product_cat-rechargeable-hearing-aids","10":"product_tag-best-bte-hearing-aid-vendor-order","11":"product_tag-best-rechargeable-hearing-aids-vendor-order","13":"first","14":"instock","15":"shipping-taxable","16":"product-type-simple","17":"entry","18":"content-bg","19":"loop-entry"},"_links":{"self":[{"href":"https:\/\/chinahearingaid.com\/de\/wp-json\/wp\/v2\/product\/2288","targetHints":{"allow":["GET"]}}],"collection":[{"href":"https:\/\/chinahearingaid.com\/de\/wp-json\/wp\/v2\/product"}],"about":[{"href":"https:\/\/chinahearingaid.com\/de\/wp-json\/wp\/v2\/types\/product"}],"wp:featuredmedia":[{"embeddable":true,"href":"https:\/\/chinahearingaid.com\/de\/wp-json\/wp\/v2\/media\/3052"}],"wp:attachment":[{"href":"https:\/\/chinahearingaid.com\/de\/wp-json\/wp\/v2\/media?parent=2288"}],"wp:term":[{"taxonomy":"product_brand","embeddable":true,"href":"https:\/\/chinahearingaid.com\/de\/wp-json\/wp\/v2\/product_brand?post=2288"},{"taxonomy":"product_cat","embeddable":true,"href":"https:\/\/chinahearingaid.com\/de\/wp-json\/wp\/v2\/product_cat?post=2288"},{"taxonomy":"product_tag","embeddable":true,"href":"https:\/\/chinahearingaid.com\/de\/wp-json\/wp\/v2\/product_tag?post=2288"}],"curies":[{"name":"wp","href":"https:\/\/api.w.org\/{rel}","templated":true}]}}