{"id":2289,"date":"2025-05-23T02:01:10","date_gmt":"2025-05-23T02:01:10","guid":{"rendered":"https:\/\/chinahearingaid.com\/?post_type=product&#038;p=2289"},"modified":"2025-06-08T23:27:19","modified_gmt":"2025-06-08T23:27:19","slug":"z391b-noise-reduction-invisible-ite-hearing-aids-sourcing","status":"publish","type":"product","link":"https:\/\/chinahearingaid.com\/de\/z391b-noise-reduction-invisible-ite-hearing-aids-sourcing\/","title":{"rendered":"Z391B L\u00e4rmreduzierung Unsichtbare ITE-H\u00f6rger\u00e4te Sourcing"},"content":{"rendered":"<h2 data-v-md-heading=\"key-features\" data-v-md-line=\"3\">Hauptmerkmale<\/h2>\n<p data-v-md-line=\"5\"><strong>Z391B<\/strong>\u00a0Unsichtbare IO-H\u00f6rger\u00e4te sind perfekt f\u00fcr\u00a0<strong>Rauschunterdr\u00fcckung<\/strong>. Diese H\u00f6rger\u00e4te sorgen f\u00fcr einen klaren Klang, indem sie Hintergrundger\u00e4usche herausfiltern.<\/p>\n<h3 data-v-md-heading=\"product-parameters\" data-v-md-line=\"7\">Produkt-Parameter<\/h3>\n<p data-v-md-line=\"9\">Der\u00a0<strong>Z391B H\u00f6rger\u00e4te<\/strong>\u00a0haben viele hervorragende Eigenschaften:<\/p>\n<ul data-v-md-line=\"11\">\n<li><strong>Rauschunterdr\u00fcckung<\/strong>: Adaptive DSP-Technologie<\/li>\n<li><strong>Akkulaufzeit<\/strong>24 Stunden mit wiederaufladbarem Lithium-Ionen-Akku<\/li>\n<li><strong>IP-Bewertung<\/strong>: IP68 (staub- und wasserdicht)<\/li>\n<li><strong>Kompatibilit\u00e4t<\/strong>: Bluetooth LE Audio und Telefonspule<\/li>\n<li><strong>Fit<\/strong>: Individuell gefertigte Silikonschalen (5 Gr\u00f6\u00dfen)<\/li>\n<li><strong>Klangliche Klarheit<\/strong>2 MEMS-Mikrofone<\/li>\n<li><strong>Zertifizierungen<\/strong>: FDA Klasse II, CE, ISO 13485<\/li>\n<li><strong>MOQ<\/strong>: 100 Einheiten<\/li>\n<\/ul>\n<h3 data-v-md-heading=\"target-users\" data-v-md-line=\"20\">Zielbenutzer<\/h3>\n<p data-v-md-line=\"22\"><strong>Wer sollte diese H\u00f6rger\u00e4te benutzen?<\/strong><\/p>\n<ul data-v-md-line=\"24\">\n<li><strong>B2B-Eink\u00e4ufer<\/strong>: Kliniken, Krankenh\u00e4user, Audiologieketten<\/li>\n<li><strong>Gro\u00dfh\u00e4ndler<\/strong>: H\u00e4ndlermarken, Online-Wiederverk\u00e4ufer<\/li>\n<\/ul>\n<h3 data-v-md-heading=\"usage-scenarios\" data-v-md-line=\"27\">Verwendungsszenarien<\/h3>\n<p data-v-md-line=\"29\"><strong>Wann k\u00f6nnen Sie diese H\u00f6rger\u00e4te verwenden?<\/strong><\/p>\n<ul data-v-md-line=\"31\">\n<li><strong>Laute Umgebungen<\/strong>: Restaurants, Konferenzen, Industriearbeitspl\u00e4tze<\/li>\n<li><strong>Aktive Lebensstile<\/strong>: Fitnessstudio, Reisen im Freien, Teamtreffen<\/li>\n<li><strong>Professionelle Einstellungen<\/strong>: Vorlesungen, Theater, Kundengespr\u00e4che<\/li>\n<li><strong>Arten von H\u00f6rverlust<\/strong>: Leichter bis mittelschwerer sensorineuraler H\u00f6rverlust<\/li>\n<\/ul>\n<h3 data-v-md-heading=\"engaging-descriptions\" data-v-md-line=\"36\">Fesselnde Beschreibungen<\/h3>\n<p data-v-md-line=\"38\"><strong>Warum sind Z391B-H\u00f6rger\u00e4te etwas Besonderes?<\/strong><\/p>\n<ul data-v-md-line=\"40\">\n<li><strong>\"Klarer Klang \u00fcberall<\/strong>: Die adaptive St\u00f6rger\u00e4uschunterdr\u00fcckung sorgt f\u00fcr klare Sprachverst\u00e4ndlichkeit auch in \u00fcberf\u00fcllten R\u00e4umen.\"<\/li>\n<li><strong>\"Diskreter Entwurf<\/strong>: Ma\u00dfgefertigte IIC-Schalen machen die H\u00f6rger\u00e4te unsichtbar und sorgen daf\u00fcr, dass die Nutzer \u00fcber Bluetooth verbunden bleiben.\"<\/li>\n<li><strong>\"Gebaut f\u00fcr Langlebigkeit<\/strong>: IP68-zertifiziert mit einer 2-Jahres-Garantie f\u00fcr feuchte oder staubige Bereiche\".<\/li>\n<li><strong>\"Intelligente Beschaffung<\/strong>: Gro\u00dfauftr\u00e4ge mit White-Label-Branding und OEM-Firmware-Anpassung\".<\/li>\n<\/ul>\n<h3 data-v-md-heading=\"competitive-edge\" data-v-md-line=\"45\">Wettbewerbsvorteil<\/h3>\n<p data-v-md-line=\"47\"><strong>Wodurch zeichnet sich das Z391B aus?<\/strong><\/p>\n<ul data-v-md-line=\"49\">\n<li><strong>Kosten<\/strong>: 18% niedrigere St\u00fcckkosten im Vergleich zum Phonak Virto M-312<\/li>\n<li><strong>Vorlaufzeit<\/strong>25-30 Tage Produktion<\/li>\n<li><strong>Personalisierung<\/strong>: Anpassbare Einstellungen, Shell-Farben, mehrsprachige Schnittstellen<\/li>\n<\/ul>\n<h3 data-v-md-heading=\"technical-specifications\" data-v-md-line=\"53\">Technische Daten<\/h3>\n\n<table id=\"tablepress-51\" class=\"tablepress tablepress-id-51\">\n<thead>\n<tr class=\"row-1\">\n\t<th class=\"column-1\">Besonderheit<\/th><th class=\"column-2\">Z391B Spezifikationen<\/th>\n<\/tr>\n<\/thead>\n<tbody class=\"row-striping row-hover\">\n<tr class=\"row-2\">\n\t<td class=\"column-1\">Rauschunterdr\u00fcckung<\/td><td class=\"column-2\">Adaptiver DSP, Umweltfilterung<\/td>\n<\/tr>\n<tr class=\"row-3\">\n\t<td class=\"column-1\">Akku-Typ<\/td><td class=\"column-2\">Wiederaufladbare Lithium-Ionen<\/td>\n<\/tr>\n<tr class=\"row-4\">\n\t<td class=\"column-1\">Zertifizierungen<\/td><td class=\"column-2\">FDA, CE, ISO 13485<\/td>\n<\/tr>\n<tr class=\"row-5\">\n\t<td class=\"column-1\">Konnektivit\u00e4t<\/td><td class=\"column-2\">Bluetooth 5.3, Telefonspule T-Spule<\/td>\n<\/tr>\n<tr class=\"row-6\">\n\t<td class=\"column-1\">Garantie<\/td><td class=\"column-2\">2 Jahre weltweite Garantie<\/td>\n<\/tr>\n<tr class=\"row-7\">\n\t<td class=\"column-1\">IP-Bewertung<\/td><td class=\"column-2\">IP68 (staub- und wasserdicht)<\/td>\n<\/tr>\n<\/tbody>\n<\/table>\n<!-- #tablepress-51 from cache -->\n<h3 data-v-md-heading=\"compliance-supplier-assurance\" data-v-md-line=\"64\">Konformit\u00e4t und Lieferantensicherheit<\/h3>\n<p data-v-md-line=\"66\"><strong>Qualit\u00e4t und Lieferung<\/strong><\/p>\n<ul data-v-md-line=\"68\">\n<li><strong>Qualit\u00e4tspr\u00fcfung<\/strong>: Inspektionen vor dem Versand, gem\u00e4\u00df ANSI S3.22<\/li>\n<li><strong>Globale Logistik<\/strong>: DHL\/FedEx-Partnerschaften, Haus-zu-Haus-Zustellung<\/li>\n<li><strong>Partnerschaften mit Lieferanten<\/strong>: Gepr\u00fcfte Hersteller in Shenzhen und D\u00e4nemark<\/li>\n<\/ul>\n<h2 data-v-md-heading=\"why-source-z391b-hearing-aids\" data-v-md-line=\"72\">Warum Source Z391B-H\u00f6rger\u00e4te?<\/h2>\n<ul data-v-md-line=\"74\">\n<li><strong>Kosteng\u00fcnstig<\/strong>: Niedrigere Preise als bei der Konkurrenz<\/li>\n<li><strong>Personalisierung<\/strong>: Anpassbare Einstellungen, Firmware und Farben<\/li>\n<li><strong>Unterst\u00fctzung<\/strong>: Interner Reparaturservice, mehrsprachige Handb\u00fccher<\/li>\n<\/ul>\n<h3 data-v-md-heading=\"call-to-action\" data-v-md-line=\"80\">Aufruf zum Handeln<\/h3>\n<p data-v-md-line=\"82\"><strong>Z391B Beschaffungskit anfordern<\/strong><\/p>\n<p data-v-md-line=\"84\">Kontaktieren Sie uns jetzt, um Datenbl\u00e4tter, Zertifizierungen und Preisbeispiele zu erhalten.<\/p>\n<h3 data-v-md-heading=\"additional-resources\" data-v-md-line=\"86\">Zus\u00e4tzliche Ressourcen<\/h3>\n<p data-v-md-line=\"88\">Erfahren Sie mehr \u00fcber die Beschaffung verschiedener Arten von H\u00f6rger\u00e4ten:<\/p>\n<ul data-v-md-line=\"90\">\n<li><a href=\"https:\/\/chinahearingaid.com\/de\" target=\"_blank\" rel=\"noopener\">China H\u00f6rger\u00e4tefabrik<\/a><\/li>\n<li><a href=\"https:\/\/chinahearingaid.com\/de\/hearing-aid-by-types\/\" target=\"_blank\" rel=\"noopener\">H\u00f6rger\u00e4te nach Typ<\/a><\/li>\n<li><a href=\"https:\/\/chinahearingaid.com\/de\/ite-hearing-aids\/\" target=\"_blank\" rel=\"noopener\">ITE-H\u00f6rger\u00e4te<\/a><\/li>\n<li><a href=\"https:\/\/chinahearingaid.com\/de\/invisible-hearing-aids\/\" target=\"_blank\" rel=\"noopener\">Unsichtbare H\u00f6rger\u00e4te<\/a><\/li>\n<li><a href=\"https:\/\/chinahearingaid.com\/de\/noise-reduction-hearing-aids\/\" target=\"_blank\" rel=\"noopener\">H\u00f6rger\u00e4te zur L\u00e4rmreduzierung<\/a><\/li>\n<\/ul>","protected":false},"excerpt":{"rendered":"<p class=\"ng-star-inserted\"><span class=\"ng-star-inserted\">Die unsichtbaren IdO-H\u00f6rger\u00e4te Z391B liefern dank adaptiver St\u00f6rger\u00e4uschunterdr\u00fcckung \u00fcberall klaren Klang. Diskrete, individuell geformte Geh\u00e4use, IP68-zertifiziert f\u00fcr Langlebigkeit und Bluetooth LE Audio. Wiederaufladbare Batterie mit 24 Stunden Laufzeit. FDA\/CE\/ISO-zertifiziert. Ideal f\u00fcr B2B-K\u00e4ufer (Kliniken, Gro\u00dfh\u00e4ndler), die hochwertige, anpassbare L\u00f6sungen zu 18% niedrigeren Kosten als Phonak suchen. MOQ 100.<\/span><\/p>","protected":false},"featured_media":3044,"template":"","meta":{"_kad_post_transparent":"default","_kad_post_title":"","_kad_post_layout":"default","_kad_post_sidebar_id":"","_kad_post_content_style":"default","_kad_post_vertical_padding":"default","_kad_post_feature":"","_kad_post_feature_position":"","_kad_post_header":false,"_kad_post_footer":false,"_kad_post_classname":""},"product_brand":[],"product_cat":[15,561,559,568,560,549,565,563],"product_tag":[608,637,639,610,638],"class_list":{"0":"post-2289","1":"product","2":"type-product","3":"status-publish","4":"has-post-thumbnail","6":"product_cat-hearing-aid-by-types","7":"product_cat-digital-hearing-aids","8":"product_cat-hearing-aid-by-features","9":"product_cat-in-ear-hearing-aids","10":"product_cat-invisible-hearing-aids","11":"product_cat-ite-hearing-aids","12":"product_cat-noise-reduction-hearing-aids","13":"product_cat-rechargeable-hearing-aids","14":"product_tag-digital-hearing-aids-sourcing","15":"product_tag-invisible-hearing-aids-sourcing","16":"product_tag-ite-hearing-aids-sourcing","17":"product_tag-noise-reduction-hearing-aids-sourcing","18":"product_tag-rechargeable-hearing-aids-sourcing","20":"first","21":"instock","22":"shipping-taxable","23":"product-type-simple","24":"entry","25":"content-bg","26":"loop-entry"},"_links":{"self":[{"href":"https:\/\/chinahearingaid.com\/de\/wp-json\/wp\/v2\/product\/2289","targetHints":{"allow":["GET"]}}],"collection":[{"href":"https:\/\/chinahearingaid.com\/de\/wp-json\/wp\/v2\/product"}],"about":[{"href":"https:\/\/chinahearingaid.com\/de\/wp-json\/wp\/v2\/types\/product"}],"wp:featuredmedia":[{"embeddable":true,"href":"https:\/\/chinahearingaid.com\/de\/wp-json\/wp\/v2\/media\/3044"}],"wp:attachment":[{"href":"https:\/\/chinahearingaid.com\/de\/wp-json\/wp\/v2\/media?parent=2289"}],"wp:term":[{"taxonomy":"product_brand","embeddable":true,"href":"https:\/\/chinahearingaid.com\/de\/wp-json\/wp\/v2\/product_brand?post=2289"},{"taxonomy":"product_cat","embeddable":true,"href":"https:\/\/chinahearingaid.com\/de\/wp-json\/wp\/v2\/product_cat?post=2289"},{"taxonomy":"product_tag","embeddable":true,"href":"https:\/\/chinahearingaid.com\/de\/wp-json\/wp\/v2\/product_tag?post=2289"}],"curies":[{"name":"wp","href":"https:\/\/api.w.org\/{rel}","templated":true}]}}