{"id":2292,"date":"2025-05-23T02:10:55","date_gmt":"2025-05-23T02:10:55","guid":{"rendered":"https:\/\/chinahearingaid.com\/?post_type=product&#038;p=2292"},"modified":"2025-06-08T14:41:26","modified_gmt":"2025-06-08T14:41:26","slug":"z128-digital-hearing-aids-bte-noise-reduction-brand-custom","status":"publish","type":"product","link":"https:\/\/chinahearingaid.com\/de\/z128-digital-hearing-aids-bte-noise-reduction-brand-custom\/","title":{"rendered":"Z128 Digitales H\u00f6rger\u00e4t HdO Rauschunterdr\u00fcckung Marke Eigenbau"},"content":{"rendered":"<h2 data-v-md-heading=\"rediscover-the-joy-of-clear-hearing\" data-v-md-line=\"3\"><strong>Die Freude am klaren H\u00f6ren wiederentdecken<\/strong><\/h2>\n<p data-v-md-line=\"5\">Erleben Sie die Welt neu mit dem\u00a0<strong>Z128 Digital-H\u00f6rger\u00e4te<\/strong>. Diese fortgeschrittenen\u00a0<strong>HdO (Hinter-dem-Ohr)<\/strong>\u00a0Ger\u00e4te sind mit modernster Technik ausgestattet\u00a0<strong>Rauschunterdr\u00fcckung<\/strong>\u00a0Technologie und anpassbare Funktionen, die ein au\u00dfergew\u00f6hnliches, auf Ihre individuellen Bed\u00fcrfnisse zugeschnittenes H\u00f6rerlebnis gew\u00e4hrleisten.<\/p>\n<h2 data-v-md-heading=\"key-features\" data-v-md-line=\"7\">Hauptmerkmale<\/h2>\n<h3 data-v-md-heading=\"noise-reduction-technology\" data-v-md-line=\"9\"><strong>Technologie zur L\u00e4rmreduzierung<\/strong><\/h3>\n<p data-v-md-line=\"10\">Unser\u00a0<strong>H\u00f6rger\u00e4te mit L\u00e4rmreduzierung<\/strong>\u00a0nutzen die KI-gest\u00fctzte Filterung, damit Sie genau das h\u00f6ren, was Sie brauchen. Egal, ob Sie sich in einem lauten Restaurant befinden oder die Natur genie\u00dfen, die fortschrittliche WindScreen-Technologie minimiert Windst\u00f6rungen.<\/p>\n<h3 data-v-md-heading=\"comfort-and-discreet-design\" data-v-md-line=\"12\"><strong>Komfort und diskretes Design<\/strong><\/h3>\n<p data-v-md-line=\"13\">Das Z128 passt bequem hinter Ihr Ohr. Sein\u00a0<strong>Ohrenschmalzresistent<\/strong>\u00a0Komponenten bedeuten weniger Reinigungsvorg\u00e4nge und eine l\u00e4nger anhaltende Leistung. Das schlanke Design f\u00fcgt sich nahtlos in Ihren Hautton ein und sorgt f\u00fcr einen diskreten Look.<\/p>\n<h3 data-v-md-heading=\"rechargeable-battery\" data-v-md-line=\"15\"><strong>Wiederaufladbare Batterie<\/strong><\/h3>\n<p data-v-md-line=\"16\">Genie\u00dfen Sie bis zu 24 Stunden Akkulaufzeit mit dem\u00a0<strong>wiederaufladbare Batterie<\/strong>. Schnelles Aufladen in nur 4 Stunden sorgt daf\u00fcr, dass Sie nie ohne Sound dastehen.<\/p>\n<h3 data-v-md-heading=\"brand-customization\" data-v-md-line=\"18\"><strong>Markenanpassung<\/strong><\/h3>\n<p data-v-md-line=\"19\">Schneiden Sie Ihr H\u00f6rerlebnis mit\u00a0<strong>Anpassbare Lautst\u00e4rkeeinstellungen, Frequenzb\u00e4nder und Audioprofile<\/strong>\u00a0\u00fcber unsere App. Das macht das Z128 nicht nur zu einem leistungsstarken Ger\u00e4t, sondern auch zu einem, das perfekt zu Ihren spezifischen H\u00f6rbed\u00fcrfnissen passt.<\/p>\n<h3 data-v-md-heading=\"seamless-connectivity\" data-v-md-line=\"21\"><strong>Nahtlose Konnektivit\u00e4t<\/strong><\/h3>\n<p data-v-md-line=\"22\"><strong>Bluetooth-f\u00e4hig<\/strong>\u00a0Konnektivit\u00e4t erm\u00f6glicht das Streaming von Telefonaten, Musik und Fernsehen direkt auf Ihre H\u00f6rger\u00e4te. Bleiben Sie m\u00fchelos in Verbindung mit\u00a0<strong>Z128 digitale H\u00f6rger\u00e4te<\/strong>\u00a0.<\/p>\n<h2 data-v-md-heading=\"technical-specifications\" data-v-md-line=\"25\">Technische Daten<\/h2>\n\n<table id=\"tablepress-48\" class=\"tablepress tablepress-id-48\">\n<thead>\n<tr class=\"row-1\">\n\t<th class=\"column-1\">Parameter<\/th><th class=\"column-2\">Einzelheiten<\/th>\n<\/tr>\n<\/thead>\n<tbody class=\"row-striping row-hover\">\n<tr class=\"row-2\">\n\t<td class=\"column-1\">Typ<\/td><td class=\"column-2\">Hinter-dem-Ohr-Design (HdO) mit digitaler Verarbeitung<\/td>\n<\/tr>\n<tr class=\"row-3\">\n\t<td class=\"column-1\">Rauschunterdr\u00fcckung<\/td><td class=\"column-2\">Erweiterte KI-gest\u00fctzte Ger\u00e4uschfilterung und WindScreen-Technologie zur Reduzierung von Windger\u00e4uschen<\/td>\n<\/tr>\n<tr class=\"row-4\">\n\t<td class=\"column-1\">Personalisierung<\/td><td class=\"column-2\">Markenspezifische Voreinstellungen, einstellbare Frequenzb\u00e4nder, individuelle Schalenformen<\/td>\n<\/tr>\n<tr class=\"row-5\">\n\t<td class=\"column-1\">Konnektivit\u00e4t<\/td><td class=\"column-2\">Bluetooth 5.0 f\u00fcr nahtloses Pairing mit Smartphones\/Tablets<\/td>\n<\/tr>\n<tr class=\"row-6\">\n\t<td class=\"column-1\">Batterie<\/td><td class=\"column-2\">Wiederaufladbare Lithium-Ionen-Batterie (24 Stunden Laufzeit, 4 Stunden Schnellladung)<\/td>\n<\/tr>\n<tr class=\"row-7\">\n\t<td class=\"column-1\">Tonqualit\u00e4t<\/td><td class=\"column-2\">High-Fidelity-Audio mit dynamischer R\u00fcckkopplungsunterdr\u00fcckung<\/td>\n<\/tr>\n<tr class=\"row-8\">\n\t<td class=\"column-1\">Tinnitus-Unterst\u00fctzung<\/td><td class=\"column-2\">Integrierte Maskierungst\u00f6ne zur Linderung von Tinnitus<\/td>\n<\/tr>\n<tr class=\"row-9\">\n\t<td class=\"column-1\">Dauerhaftigkeit<\/td><td class=\"column-2\">Wasserfeste Beschichtung (IP-Klassifizierung) f\u00fcr Feuchtigkeitsbest\u00e4ndigkeit<\/td>\n<\/tr>\n<tr class=\"row-10\">\n\t<td class=\"column-1\">Garantie<\/td><td class=\"column-2\">3 Jahre Garantie mit kostenlosen Anpassungen<\/td>\n<\/tr>\n<\/tbody>\n<\/table>\n<!-- #tablepress-48 from cache -->\n<h2 data-v-md-heading=\"usage-scenarios\" data-v-md-line=\"40\">Verwendungsszenarien<\/h2>\n<h3 data-v-md-heading=\"everyday-life\" data-v-md-line=\"42\"><strong>Das t\u00e4gliche Leben<\/strong><\/h3>\n<ul data-v-md-line=\"43\">\n<li><strong>Laute Umgebungen<\/strong>: Perfekt f\u00fcr belebte Orte wie Restaurants oder M\u00e4rkte. Die Rauschunterdr\u00fcckungstechnologie konzentriert sich auf die Sprache und sorgt f\u00fcr klare Gespr\u00e4che.<\/li>\n<li><strong>Aktivit\u00e4ten im Freien<\/strong>: Die WindScreen-Technologie ist ideal f\u00fcr den Au\u00dfenbereich und reduziert Windger\u00e4usche erheblich.<\/li>\n<li><strong>Gesellschaftliche Versammlungen<\/strong>: Verbessern Sie Ihr H\u00f6rerlebnis in Gruppenumgebungen mit benutzerdefinierten\u00a0<strong>Sprachfokus-Modi<\/strong>\u00a0.<\/li>\n<li><strong>Reisen<\/strong>: Die lange Akkulaufzeit gew\u00e4hrleistet eine ganzt\u00e4gige Leistung, egal ob auf einem langen Flug oder einer Reise.<\/li>\n<\/ul>\n<h3 data-v-md-heading=\"technical\" data-v-md-line=\"48\"><strong>Technisch<\/strong><\/h3>\n<ul data-v-md-line=\"50\">\n<li><strong>Freizeit<\/strong>: Streamen Sie Musik und Fernsehen mit\u00a0<strong>Bluetooth-Verbindung<\/strong>und genie\u00dfen Sie hochwertigen Klang ohne Unterbrechungen.<\/li>\n<li><strong>Arbeit<\/strong>: Nehmen Sie direkt \u00fcber Ihre H\u00f6rger\u00e4te an Telefonkonferenzen teil, ohne ein Wort zu verpassen.<\/li>\n<\/ul>\n<h2 data-v-md-heading=\"why-choose-z128\" data-v-md-line=\"54\">Warum Z128 w\u00e4hlen?<\/h2>\n<p data-v-md-line=\"56\">Die Wahl eines H\u00f6rger\u00e4ts ist eine wichtige Entscheidung. Das Z128 bietet eine erschwingliche L\u00f6sung, ohne dass Sie auf Qualit\u00e4t, Komfort oder erweiterte Funktionen verzichten m\u00fcssen:<\/p>\n<p data-v-md-line=\"59\">\u2705\u00a0<strong>Bew\u00e4hrte Leistung<\/strong>: Kombiniert erschwingliche HdOs mit hochmoderner KI-Technologie<br \/>\n\u2705\u00a0<strong>Markenspezifische Anpassung<\/strong>: Passen Sie die Einstellungen an Ihren Lebensstil an<br \/>\n\u2705\u00a0<strong>Zuverl\u00e4ssige Unterst\u00fctzung<\/strong>: Von Audiologen gepr\u00fcftes Design garantiert Zuverl\u00e4ssigkeit und Komfort<\/p>\n<p data-v-md-line=\"63\">Erfahren Sie mehr \u00fcber\u00a0<a href=\"https:\/\/chinahearingaid.com\/de\/bte-hearing-aids\/\" target=\"_blank\" rel=\"noopener\">HdO-H\u00f6rger\u00e4te<\/a><a href=\"https:\/\/chinahearingaid.com\/de\/digital-hearing-aids\/\" target=\"_blank\" rel=\"noopener\">Digitale H\u00f6rger\u00e4te<\/a>, Und\u00a0<a href=\"https:\/\/chinahearingaid.com\/de\/noise-reduction-hearing-aids\/\" target=\"_blank\" rel=\"noopener\">H\u00f6rger\u00e4te zur L\u00e4rmreduzierung<\/a>\u00a0f\u00fcr weitere Einblicke in unsere hochwertigen Angebote.<\/p>\n<h2 data-v-md-heading=\"faq-section\" data-v-md-line=\"66\">FAQ-Abschnitt<\/h2>\n<p data-v-md-line=\"68\"><strong>F: Sind HdO-H\u00f6rger\u00e4te beim Tragen sichtbar?<\/strong><br \/>\n<em>A: Das schlanke Design des Z128 passt sich an Haar- und Hautt\u00f6ne an und bietet Diskretion ohne Kompromisse bei der Funktionalit\u00e4t<\/em>\u00a0.<\/p>\n<p data-v-md-line=\"71\"><strong>F: Wie verh\u00e4lt es sich mit Windger\u00e4uschen im Freien?<\/strong><br \/>\n<em>A: Unsere innovative WindScreen-Technologie reduziert Windger\u00e4usche erheblich und sorgt f\u00fcr klares H\u00f6ren im Freien.<\/em>\u00a0.<\/p>\n<p data-v-md-line=\"74\"><strong>F: Kann ich die Einstellungen auch ohne einen Audiologen vornehmen?<\/strong><br \/>\n<em>A: Ja! Verwenden Sie die spezielle App, um Ihr pers\u00f6nliches H\u00f6rprofil f\u00fcr verschiedene Umgebungen zu erstellen und anzupassen<\/em>\u00a0.<\/p>\n<p data-v-md-line=\"78\">wiederentdecken\u00a0<strong>deutliches Geh\u00f6r<\/strong>\u00a0und das Leben mit Zuversicht in Angriff nehmen mit dem\u00a0<strong>Z128 Digitales H\u00f6rger\u00e4t HdO<\/strong>. Besuchen Sie\u00a0<a href=\"https:\/\/chinahearingaid.com\/de\" target=\"_blank\" rel=\"noopener\">China-H\u00f6rger\u00e4te<\/a>\u00a0um die perfekte L\u00f6sung f\u00fcr Ihre H\u00f6rbed\u00fcrfnisse zu finden.<\/p>","protected":false},"excerpt":{"rendered":"<div class=\"model-prompt-container\" data-turn-role=\"Model\">\n<div class=\"turn-content\">\n<p class=\"ng-star-inserted\"><span class=\"ng-star-inserted\">Entdecken Sie klares H\u00f6ren mit dem digitalen HdO-H\u00f6rger\u00e4t Z128! Erleben Sie die Welt neu mit KI-gesteuerter L\u00e4rmreduzierung und WindScreen-Technologie f\u00fcr au\u00dfergew\u00f6hnliche Klarheit in lauten Restaurants oder bei Wind im Freien. Bequeme, diskrete, ohrschmalzresistente H\u00f6rger\u00e4te mit 24-Stunden-Akku (4 Stunden Schnellladung). Personalisierung per App - Lautst\u00e4rke, Profile und mehr einstellen. Streamen Sie Anrufe und Musik direkt \u00fcber Bluetooth.<\/span><\/p>\n<\/div>\n<\/div>","protected":false},"featured_media":3028,"template":"","meta":{"_kad_post_transparent":"default","_kad_post_title":"","_kad_post_layout":"default","_kad_post_sidebar_id":"","_kad_post_content_style":"default","_kad_post_vertical_padding":"default","_kad_post_feature":"","_kad_post_feature_position":"","_kad_post_header":false,"_kad_post_footer":false,"_kad_post_classname":""},"product_brand":[],"product_cat":[15,544,561,559,565,563],"product_tag":[649,650,652,651],"class_list":{"0":"post-2292","1":"product","2":"type-product","3":"status-publish","4":"has-post-thumbnail","6":"product_cat-hearing-aid-by-types","7":"product_cat-bte-hearing-aids","8":"product_cat-digital-hearing-aids","9":"product_cat-hearing-aid-by-features","10":"product_cat-noise-reduction-hearing-aids","11":"product_cat-rechargeable-hearing-aids","12":"product_tag-bte-hearing-aids-brand-custom","13":"product_tag-digital-hearing-aids-brand-custom","14":"product_tag-noise-reduction-hearing-aids-brand-custom","15":"product_tag-rechargeable-hearing-aids-brand-custom","17":"first","18":"instock","19":"shipping-taxable","20":"product-type-simple","21":"entry","22":"content-bg","23":"loop-entry"},"_links":{"self":[{"href":"https:\/\/chinahearingaid.com\/de\/wp-json\/wp\/v2\/product\/2292","targetHints":{"allow":["GET"]}}],"collection":[{"href":"https:\/\/chinahearingaid.com\/de\/wp-json\/wp\/v2\/product"}],"about":[{"href":"https:\/\/chinahearingaid.com\/de\/wp-json\/wp\/v2\/types\/product"}],"wp:featuredmedia":[{"embeddable":true,"href":"https:\/\/chinahearingaid.com\/de\/wp-json\/wp\/v2\/media\/3028"}],"wp:attachment":[{"href":"https:\/\/chinahearingaid.com\/de\/wp-json\/wp\/v2\/media?parent=2292"}],"wp:term":[{"taxonomy":"product_brand","embeddable":true,"href":"https:\/\/chinahearingaid.com\/de\/wp-json\/wp\/v2\/product_brand?post=2292"},{"taxonomy":"product_cat","embeddable":true,"href":"https:\/\/chinahearingaid.com\/de\/wp-json\/wp\/v2\/product_cat?post=2292"},{"taxonomy":"product_tag","embeddable":true,"href":"https:\/\/chinahearingaid.com\/de\/wp-json\/wp\/v2\/product_tag?post=2292"}],"curies":[{"name":"wp","href":"https:\/\/api.w.org\/{rel}","templated":true}]}}