{"id":2296,"date":"2025-05-23T02:18:38","date_gmt":"2025-05-23T02:18:38","guid":{"rendered":"https:\/\/chinahearingaid.com\/?post_type=product&#038;p=2296"},"modified":"2025-06-17T03:03:55","modified_gmt":"2025-06-17T03:03:55","slug":"z129-rechargeable-bte-digital-hearing-aids-manufacturing","status":"publish","type":"product","link":"https:\/\/chinahearingaid.com\/de\/z129-rechargeable-bte-digital-hearing-aids-manufacturing\/","title":{"rendered":"Z129 Wiederaufladbare digitale HdO-H\u00f6rger\u00e4te Herstellung"},"content":{"rendered":"<h2 data-v-md-heading=\"easy-hearing-for-everyone\" data-v-md-line=\"5\"><strong>Einfaches H\u00f6ren f\u00fcr alle<\/strong><\/h2>\n<p data-v-md-line=\"6\">Der\u00a0<strong>Z129 Wiederaufladbares digitales HdO-H\u00f6rger\u00e4t<\/strong>\u00a0hilft Ihnen, besser zu h\u00f6ren. Es wird mit Sorgfalt in einer hochwertigen Fabrik hergestellt. Er ist f\u00fcr den ganzt\u00e4gigen Gebrauch durch alle Arten von Menschen, \u00fcberall, gebaut.<br \/>\nEs geh\u00f6rt zu den besten HdO-H\u00f6rger\u00e4ten, die neue Technologien f\u00fcr die Herstellung von digitalen H\u00f6rger\u00e4ten und wiederaufladbaren H\u00f6rger\u00e4ten verwenden, was es zu einer intelligenten Wahl f\u00fcr ein einfaches t\u00e4gliches Leben macht.<\/p>\n<h2 data-v-md-heading=\"why-choose-the-z129\" data-v-md-line=\"10\"><strong>Warum sollten Sie sich f\u00fcr das Z129 entscheiden?<\/strong><\/h2>\n<ul data-v-md-line=\"12\">\n<li><strong>Lange Akkulaufzeit<\/strong><br \/>\n- Keine kleinen Batterien zu kaufen<br \/>\n- Einfaches USB-C-Laden<br \/>\n- Eine Akkuladung reicht f\u00fcr bis zu 40 Stunden!<\/li>\n<li><strong>Super klarer Klang<\/strong><br \/>\n- 16 Frequenzb\u00e4nder<br \/>\n- Rauschunterdr\u00fcckung und R\u00fcckkopplungsreduzierung<br \/>\n- H\u00f6ren Sie Gespr\u00e4che oder Musik auch an belebten Orten<\/li>\n<li><strong>Gro\u00dfe Leistung f\u00fcr gro\u00dfe Bed\u00fcrfnisse<\/strong><br \/>\n- Hervorragend geeignet f\u00fcr leichte, mittelschwere oder schwere H\u00f6rverluste<br \/>\n- Spitzenverst\u00e4rkung von bis zu 65 dB und ein breites Klangspektrum<\/li>\n<\/ul>\n<h2 data-v-md-heading=\"see-what-the-z129-can-do\" data-v-md-line=\"25\"><strong>Sehen Sie, was das Z129 kann<\/strong><\/h2>\n\n<table id=\"tablepress-40\" class=\"tablepress tablepress-id-40\">\n<thead>\n<tr class=\"row-1\">\n\t<th class=\"column-1\">Besonderheit<\/th><th class=\"column-2\">Was das f\u00fcr Sie bedeutet<\/th><th class=\"column-3\">Bester Ort f\u00fcr die Verwendung<\/th>\n<\/tr>\n<\/thead>\n<tbody class=\"row-striping row-hover\">\n<tr class=\"row-2\">\n\t<td class=\"column-1\">Wiederaufladbarer Lithium-Ionen-Akku<\/td><td class=\"column-2\">Einmalige Geb\u00fchr f\u00fcr einen ganzen Tag der Anh\u00f6rung<\/td><td class=\"column-3\">Schule, Arbeit, Reisen<\/td>\n<\/tr>\n<tr class=\"row-3\">\n\t<td class=\"column-1\">16 B\u00e4nder mit Rauschunterdr\u00fcckung<\/td><td class=\"column-2\">H\u00f6ren Sie Worte, nicht laute Ger\u00e4usche<\/td><td class=\"column-3\">Restaurants, Parks, Einkaufszentren<\/td>\n<\/tr>\n<tr class=\"row-4\">\n\t<td class=\"column-1\">Bis zu 135 dB Spitzenleistung<\/td><td class=\"column-2\">Macht auch leise Stimmen gut h\u00f6rbar<\/td><td class=\"column-3\">Familienzeit, Konferenzraum<\/td>\n<\/tr>\n<tr class=\"row-5\">\n\t<td class=\"column-1\">Wasser- und staubgesch\u00fctzt (IP68)<\/td><td class=\"column-2\">Arbeitet auch an klebrigen oder staubigen Orten weiter<\/td><td class=\"column-3\">Drau\u00dfen, Fitnessstudio, Spaziergang<\/td>\n<\/tr>\n<tr class=\"row-6\">\n\t<td class=\"column-1\">4 einfache Sound-Modi<\/td><td class=\"column-2\">Ein Klick f\u00fcr Ruhe, TV, drau\u00dfen oder Gespr\u00e4che<\/td><td class=\"column-3\">Zuhause, Bibliothek, Drau\u00dfen<\/td>\n<\/tr>\n<tr class=\"row-7\">\n\t<td class=\"column-1\">Ergonomisches HdO-Design<\/td><td class=\"column-2\">F\u00fchlt sich leicht an, passt Kindern und Erwachsenen<\/td><td class=\"column-3\">Ganzt\u00e4gig tragbar<\/td>\n<\/tr>\n<tr class=\"row-8\">\n\t<td class=\"column-1\">Zertifizierung: CE, FDA, RoHS, ISO 13485<\/td><td class=\"column-2\">Sichere und vertrauensw\u00fcrdige Technik<\/td><td class=\"column-3\">Kliniken, Krankenh\u00e4user<\/td>\n<\/tr>\n<tr class=\"row-9\">\n\t<td class=\"column-1\">Optionales Branding, Zubeh\u00f6r und Gro\u00dfbestellungen<\/td><td class=\"column-2\">Machen Sie es zu Ihrem, kaufen Sie einen oder mehrere<\/td><td class=\"column-3\">L\u00e4den, Marken, Kliniken<\/td>\n<\/tr>\n<\/tbody>\n<\/table>\n<!-- #tablepress-40 from cache -->\n<h2 data-v-md-heading=\"how-to-use-your-z129-hearing-aid\" data-v-md-line=\"39\"><strong>Wie Sie Ihr Z129-H\u00f6rger\u00e4t benutzen<\/strong><\/h2>\n<ol data-v-md-line=\"41\">\n<li><strong>Laden Sie<\/strong>\u00a0mit USB-C-Kabel<\/li>\n<li><strong>W\u00e4hlen Sie einen Tonmodus<\/strong>-Leise, Ger\u00e4uschunterdr\u00fcckung, Outdoor, Musik<\/li>\n<li><strong>Hinters Ohr legen<\/strong>\u00a0und Lautst\u00e4rke einstellen<\/li>\n<li><strong>Genie\u00dfe deine Welt<\/strong>-die Kl\u00e4nge werden lebendig!<\/li>\n<li><strong>Aufladen<\/strong>\u00a0bei Bedarf (etwa alle 30-40 Stunden)<\/li>\n<\/ol>\n<h3 data-v-md-heading=\"engaging-scenarios\" data-v-md-line=\"49\"><strong>Engagierte Szenarien<\/strong><\/h3>\n<ul data-v-md-line=\"50\">\n<li>Sie sind auf einer Familienfeier. Mit dem Z129 k\u00f6nnen Sie jedes Lachen h\u00f6ren, auch wenn viele Leute gleichzeitig sprechen.<\/li>\n<li>Im Laden kann man die Kassiererin h\u00f6ren, nicht nur die lauten Maschinen.<\/li>\n<li>Man geht nach drau\u00dfen und h\u00f6rt V\u00f6gel und Autos, aber der Wind ist nicht so laut.<\/li>\n<li>Nehmen Sie es den ganzen Tag mit in die Schule oder zur Arbeit und laden Sie es abends einfach auf.<\/li>\n<\/ul>\n<h2 data-v-md-heading=\"why-industry-professionals-love-z129\" data-v-md-line=\"56\"><strong>Warum Branchenprofis Z129 lieben<\/strong><\/h2>\n<ul data-v-md-line=\"57\">\n<li>ISO- und CE-zertifizierte Werksqualit\u00e4t<\/li>\n<li>Bulk, Eigenmarken und kundenspezifische Verpackungen erh\u00e4ltlich<\/li>\n<li>Zuverl\u00e4ssige Lieferkette und schneller Versand<\/li>\n<\/ul>\n<h2 data-v-md-heading=\"ready-to-try-want-oem-or-bulk\" data-v-md-line=\"62\"><strong>Bereit zum Testen? M\u00f6chten Sie OEM oder Bulk?<\/strong><\/h2>\n<p data-v-md-line=\"64\">Das Z129 ist der neue Standard f\u00fcr die Herstellung bester digitaler H\u00f6rger\u00e4te und zuverl\u00e4ssiger wiederaufladbarer H\u00f6rger\u00e4te.<br \/>\nErfahren Sie mehr \u00fcber\u00a0<a href=\"https:\/\/chinahearingaid.com\/de\/z129-rechargeable-bte-digital-hearing-aids-manufacturing\/\" target=\"_blank\" rel=\"noopener\">Herstellung von HdO-H\u00f6rger\u00e4ten<\/a>\u00a0oder entdecken Sie andere\u00a0<a href=\"https:\/\/chinahearingaid.com\/de\/noise-reduction-hearing-aids\/\" target=\"_blank\" rel=\"noopener\">H\u00f6rger\u00e4te mit L\u00e4rmreduzierung<\/a>\u00a0Und\u00a0<a href=\"https:\/\/chinahearingaid.com\/de\/bx360-mini-rechargeable-digital-bte-hearing-aids-solutions\/\" target=\"_blank\" rel=\"noopener\">digitale H\u00f6rger\u00e4tel\u00f6sungen<\/a>.<\/p>\n<p data-v-md-line=\"67\">Weitere H\u00f6rger\u00e4tetypen finden Sie unter\u00a0<a href=\"https:\/\/chinahearingaid.com\/de\/bte-hearing-aids\/\" target=\"_blank\" rel=\"noopener\">HdO-H\u00f6rger\u00e4te<\/a>\u00a0f\u00fcr die beste Passform.<\/p>\n<h2 data-v-md-heading=\"summary-table\" data-v-md-line=\"70\"><strong>Zusammenfassende Tabelle<\/strong><\/h2>\n\n<table id=\"tablepress-41\" class=\"tablepress tablepress-id-41\">\n<thead>\n<tr class=\"row-1\">\n\t<th class=\"column-1\">Parameter<\/th><th class=\"column-2\">Wert<\/th>\n<\/tr>\n<\/thead>\n<tbody class=\"row-striping row-hover\">\n<tr class=\"row-2\">\n\t<td class=\"column-1\">Akkulaufzeit<\/td><td class=\"column-2\">30-40 Stunden\/Nutzung<\/td>\n<\/tr>\n<tr class=\"row-3\">\n\t<td class=\"column-1\">Aufladen<\/td><td class=\"column-2\">USB-C wiederaufladbar<\/td>\n<\/tr>\n<tr class=\"row-4\">\n\t<td class=\"column-1\">Frequenzb\u00e4nder<\/td><td class=\"column-2\">16<\/td>\n<\/tr>\n<tr class=\"row-5\">\n\t<td class=\"column-1\">Schallleistung<\/td><td class=\"column-2\">Bis zu 135 dB<\/td>\n<\/tr>\n<tr class=\"row-6\">\n\t<td class=\"column-1\">Wasserdicht und staubdicht<\/td><td class=\"column-2\">IP68<\/td>\n<\/tr>\n<tr class=\"row-7\">\n\t<td class=\"column-1\">Garantie<\/td><td class=\"column-2\">1 Jahr<\/td>\n<\/tr>\n<tr class=\"row-8\">\n\t<td class=\"column-1\">Einstellungen<\/td><td class=\"column-2\">4 einfach zu bedienende Modi<\/td>\n<\/tr>\n<tr class=\"row-9\">\n\t<td class=\"column-1\">F\u00fcr<\/td><td class=\"column-2\">Leichter-schwerer Verlust<\/td>\n<\/tr>\n<tr class=\"row-10\">\n\t<td class=\"column-1\">Zertifizierung<\/td><td class=\"column-2\">CE, FDA, RoHS<\/td>\n<\/tr>\n<\/tbody>\n<\/table>\n<!-- #tablepress-41 from cache -->\n<p data-v-md-line=\"85\"><strong>Einfach h\u00f6ren. Besser leben. Z129 macht das H\u00f6ren klar und einfach f\u00fcr jeden!<\/strong><\/p>\n<p data-v-md-line=\"88\"><em>M\u00f6chten Sie eine Bestellung aufgeben, eine Eigenmarke oder einen Gro\u00dfhandel? Entscheiden Sie sich f\u00fcr das Z129 - die Zukunft der Herstellung von HdO-H\u00f6rger\u00e4ten, wiederaufladbaren H\u00f6rger\u00e4ten und l\u00e4rmreduzierenden H\u00f6rger\u00e4ten weltweit.<\/em><\/p>\n<p><script src=\"chrome-extension:\/\/fpelahbljekknahkcaegamhcndkfpfnc\/iFrame.js\" type=\"text\/javascript\"><\/script><\/p>","protected":false},"excerpt":{"rendered":"<div class=\"model-prompt-container\" data-turn-role=\"Model\">\n<div class=\"turn-content\">\n<p class=\"ng-star-inserted\"><span class=\"ng-star-inserted\">Einfaches H\u00f6ren f\u00fcr alle! Das wiederaufladbare digitale HdO-H\u00f6rger\u00e4t Z129 hilft Ihnen, besser zu h\u00f6ren, jetzt mit einem 40-Stunden-USB-C-Akku und Ger\u00e4uschunterdr\u00fcckung. Es wird mit Sorgfalt in einer Qualit\u00e4tsfabrik hergestellt und ist f\u00fcr den ganzt\u00e4gigen Gebrauch konzipiert. Dank der fortschrittlichen Technologie f\u00fchrender Hersteller von HdO-, Digital- und wiederaufladbaren H\u00f6rger\u00e4ten ist es eine intelligente Wahl f\u00fcr ein einfaches t\u00e4gliches Leben und einen klareren Klang f\u00fcr alle.<\/span><\/p>\n<div class=\"turn-information ng-star-inserted\"><\/div>\n<\/div>\n<\/div>\n<p><script src=\"chrome-extension:\/\/fpelahbljekknahkcaegamhcndkfpfnc\/iFrame.js\" type=\"text\/javascript\"><\/script><\/p>","protected":false},"featured_media":3011,"template":"","meta":{"_kad_post_transparent":"default","_kad_post_title":"","_kad_post_layout":"default","_kad_post_sidebar_id":"","_kad_post_content_style":"default","_kad_post_vertical_padding":"default","_kad_post_feature":"","_kad_post_feature_position":"","_kad_post_header":false,"_kad_post_footer":false,"_kad_post_classname":""},"product_brand":[],"product_cat":[15,544,561,559,550,565,563],"product_tag":[666,665,668,667],"class_list":{"0":"post-2296","1":"product","2":"type-product","3":"status-publish","4":"has-post-thumbnail","6":"product_cat-hearing-aid-by-types","7":"product_cat-bte-hearing-aids","8":"product_cat-digital-hearing-aids","9":"product_cat-hearing-aid-by-features","10":"product_cat-new","11":"product_cat-noise-reduction-hearing-aids","12":"product_cat-rechargeable-hearing-aids","13":"product_tag-best-digital-hearing-aids-manufacturing","14":"product_tag-bte-hearing-aids-manufacturing","15":"product_tag-noise-reduction-hearing-aids-manufacturing","16":"product_tag-rechargeable-hearing-aids-manufacturing","18":"first","19":"instock","20":"shipping-taxable","21":"product-type-simple","22":"entry","23":"content-bg","24":"loop-entry"},"_links":{"self":[{"href":"https:\/\/chinahearingaid.com\/de\/wp-json\/wp\/v2\/product\/2296","targetHints":{"allow":["GET"]}}],"collection":[{"href":"https:\/\/chinahearingaid.com\/de\/wp-json\/wp\/v2\/product"}],"about":[{"href":"https:\/\/chinahearingaid.com\/de\/wp-json\/wp\/v2\/types\/product"}],"wp:featuredmedia":[{"embeddable":true,"href":"https:\/\/chinahearingaid.com\/de\/wp-json\/wp\/v2\/media\/3011"}],"wp:attachment":[{"href":"https:\/\/chinahearingaid.com\/de\/wp-json\/wp\/v2\/media?parent=2296"}],"wp:term":[{"taxonomy":"product_brand","embeddable":true,"href":"https:\/\/chinahearingaid.com\/de\/wp-json\/wp\/v2\/product_brand?post=2296"},{"taxonomy":"product_cat","embeddable":true,"href":"https:\/\/chinahearingaid.com\/de\/wp-json\/wp\/v2\/product_cat?post=2296"},{"taxonomy":"product_tag","embeddable":true,"href":"https:\/\/chinahearingaid.com\/de\/wp-json\/wp\/v2\/product_tag?post=2296"}],"curies":[{"name":"wp","href":"https:\/\/api.w.org\/{rel}","templated":true}]}}