{"id":2301,"date":"2025-05-23T02:28:51","date_gmt":"2025-05-23T02:28:51","guid":{"rendered":"https:\/\/chinahearingaid.com\/?post_type=product&#038;p=2301"},"modified":"2025-06-08T09:04:53","modified_gmt":"2025-06-08T09:04:53","slug":"z122d-sourcing-invisible-ite-hearing-aids-noise-reduction","status":"publish","type":"product","link":"https:\/\/chinahearingaid.com\/de\/z122d-sourcing-invisible-ite-hearing-aids-noise-reduction\/","title":{"rendered":"Z122D Sourcing Unsichtbare ITE-H\u00f6rger\u00e4te L\u00e4rmreduzierung"},"content":{"rendered":"<h2 data-v-md-heading=\"what-is-z122d\" data-v-md-line=\"4\"><strong>Was ist Z122D?<\/strong><\/h2>\n<p data-v-md-line=\"5\"><strong>Z122D<\/strong>\u00a0ist eine intelligente\u00a0<em>Beschaffung von Im-Ohr-H\u00f6rger\u00e4ten<\/em>. Es passt in Ihr Ohr. Man kann es nicht sehen. Sie k\u00f6nnen sich wohlf\u00fchlen und gut aussehen. Du kannst es den ganzen Tag tragen. Er ist klein und stark. Z122D kann Ihnen helfen, die Welt zu h\u00f6ren!<\/p>\n<h2 data-v-md-heading=\"why-z122d-is-the-best\" data-v-md-line=\"9\"><strong>Warum ist der Z122D der Beste?<\/strong><\/h2>\n<h3 data-v-md-heading=\"invisible-design\" data-v-md-line=\"11\"><strong>Unsichtbares Design<\/strong><\/h3>\n<ul data-v-md-line=\"12\">\n<li>Z122D ist ein\u00a0<em>Sourcing Unsichtbares H\u00f6rger\u00e4t<\/em>\u00a0.<\/li>\n<li>Es kommt in dein Ohr. Keiner wird es sehen.<\/li>\n<li>Sehr sicher. Sehr weich.<\/li>\n<\/ul>\n<h3 data-v-md-heading=\"strong-noise-block\" data-v-md-line=\"16\"><strong>Starke Rauschunterdr\u00fcckung<\/strong><\/h3>\n<ul data-v-md-line=\"17\">\n<li>Dies ist eine\u00a0<em>Beschaffung von l\u00e4rmreduzierenden H\u00f6rger\u00e4ten<\/em>\u00a0.<\/li>\n<li>AI Noise Cut h\u00e4lt laute Ger\u00e4usche fern. So k\u00f6nnen Sie den Menschen zuh\u00f6ren, nicht dem L\u00e4rm!<\/li>\n<li>Gut f\u00fcr Gespr\u00e4che in der Schule, bei der Arbeit oder zu Hause.<\/li>\n<\/ul>\n<h3 data-v-md-heading=\"clear-digital-sound\" data-v-md-line=\"21\"><strong>Klarer Digitalklang<\/strong><\/h3>\n<ul data-v-md-line=\"22\">\n<li>Z122D ist ein\u00a0<em>Beschaffung digitaler H\u00f6rger\u00e4te<\/em>\u00a0.<\/li>\n<li>Dadurch sind Stimmen leicht zu h\u00f6ren.<\/li>\n<li>Kein Brummen oder Pfeifen in Ihrem Ohr.<\/li>\n<\/ul>\n<h3 data-v-md-heading=\"long-battery-life\" data-v-md-line=\"26\"><strong>Lange Akkulaufzeit<\/strong><\/h3>\n<ul data-v-md-line=\"27\">\n<li>Z122D ist ein\u00a0<em>Sourcing Wiederaufladbare H\u00f6rger\u00e4te<\/em>\u00a0.<\/li>\n<li>Der Akku h\u00e4lt 22 Stunden.<\/li>\n<li>Schnellladung in einer Stunde.<\/li>\n<\/ul>\n<h3 data-v-md-heading=\"easy-for-many-places\" data-v-md-line=\"31\"><strong>Einfach f\u00fcr viele Orte<\/strong><\/h3>\n<ul data-v-md-line=\"32\">\n<li>Verwenden Sie es auf einer Party, beim Wandern, in der Schule, bei Besprechungen oder bei Anrufen.<\/li>\n<li>Gut f\u00fcr drinnen und drau\u00dfen.<\/li>\n<\/ul>\n<h2 data-v-md-heading=\"how-does-z122d-help-you\" data-v-md-line=\"36\"><strong>Wie kann Z122D Ihnen helfen?<\/strong><\/h2>\n<h3 data-v-md-heading=\"usage-scenarios-table\" data-v-md-line=\"38\"><strong>Tabelle der Verwendungsszenarien<\/strong><\/h3>\n\n<table id=\"tablepress-30\" class=\"tablepress tablepress-id-30\">\n<thead>\n<tr class=\"row-1\">\n\t<th class=\"column-1\">Wo kann ich es verwenden?<\/th><th class=\"column-2\">Wie hilft es mir?<\/th>\n<\/tr>\n<\/thead>\n<tbody class=\"row-striping row-hover\">\n<tr class=\"row-2\">\n\t<td class=\"column-1\">Schule oder Tagungen<\/td><td class=\"column-2\">H\u00f6ren Sie die Stimmen Ihres Lehrers oder Ihrer Freunde.<\/td>\n<\/tr>\n<tr class=\"row-3\">\n\t<td class=\"column-1\">Parks oder im Freien<\/td><td class=\"column-2\">Blockiert Wind, Autos und laute Ger\u00e4usche.<\/td>\n<\/tr>\n<tr class=\"row-4\">\n\t<td class=\"column-1\">Familie und Freunde<\/td><td class=\"column-2\">H\u00f6ren Sie, wie man mit Ihnen spricht.<\/td>\n<\/tr>\n<tr class=\"row-5\">\n\t<td class=\"column-1\">Im Auto oder auf Reisen<\/td><td class=\"column-2\">H\u00f6ren Sie sich lustige Ger\u00e4usche an.<\/td>\n<\/tr>\n<\/tbody>\n<\/table>\n<!-- #tablepress-30 from cache -->\n<h3 data-v-md-heading=\"product-parameters-table\" data-v-md-line=\"47\"><strong>Tabelle der Produktparameter<\/strong><\/h3>\n\n<table id=\"tablepress-31\" class=\"tablepress tablepress-id-31\">\n<thead>\n<tr class=\"row-1\">\n\t<th class=\"column-1\">Name<\/th><th class=\"column-2\">Einzelheiten<\/th>\n<\/tr>\n<\/thead>\n<tbody class=\"row-striping row-hover\">\n<tr class=\"row-2\">\n\t<td class=\"column-1\">H\u00f6rger\u00e4tetyp<\/td><td class=\"column-2\">Beschaffung von ITE-H\u00f6rger\u00e4ten<\/td>\n<\/tr>\n<tr class=\"row-3\">\n\t<td class=\"column-1\">Gestaltung<\/td><td class=\"column-2\">100% im Ohr, unsichtbar<\/td>\n<\/tr>\n<tr class=\"row-4\">\n\t<td class=\"column-1\">Hauptmerkmal<\/td><td class=\"column-2\">Rauschunterdr\u00fcckung bei der Beschaffung<\/td>\n<\/tr>\n<tr class=\"row-5\">\n\t<td class=\"column-1\">Kan\u00e4le<\/td><td class=\"column-2\">12-Kanal-DSP<\/td>\n<\/tr>\n<tr class=\"row-6\">\n\t<td class=\"column-1\">Batterie<\/td><td class=\"column-2\">Wiederaufladbar, 22 Stunden Betrieb<\/td>\n<\/tr>\n<tr class=\"row-7\">\n\t<td class=\"column-1\">Schnelles Aufladen<\/td><td class=\"column-2\">1 Stunde<\/td>\n<\/tr>\n<tr class=\"row-8\">\n\t<td class=\"column-1\">Intelligent verbinden<\/td><td class=\"column-2\">Bluetooth 5.3<\/td>\n<\/tr>\n<tr class=\"row-9\">\n\t<td class=\"column-1\">Sicheres Wasser<\/td><td class=\"column-2\">IP67 staub- und wasserdicht<\/td>\n<\/tr>\n<tr class=\"row-10\">\n\t<td class=\"column-1\">Gut f\u00fcr<\/td><td class=\"column-2\">Leichter bis mittelschwerer H\u00f6rverlust<\/td>\n<\/tr>\n<tr class=\"row-11\">\n\t<td class=\"column-1\">Garantie<\/td><td class=\"column-2\">1 Jahr<\/td>\n<\/tr>\n<\/tbody>\n<\/table>\n<!-- #tablepress-31 from cache -->\n<h2 data-v-md-heading=\"cool-features-with-real\" data-v-md-line=\"63\"><strong>Coole Funktionen mit echten<\/strong><\/h2>\n<ul data-v-md-line=\"65\">\n<li><strong>Unsichtbar<\/strong>\u00a0(<em>Unsichtbare H\u00f6rger\u00e4te beschaffen<\/em>)<\/li>\n<li><strong>Digital Sound Hilfe<\/strong>\u00a0(<em>Beschaffung digitaler H\u00f6rger\u00e4te<\/em>)<\/li>\n<li><strong>Wiederaufladbar<\/strong>\u00a0(<em>Beschaffung wiederaufladbarer H\u00f6rger\u00e4te<\/em>)<\/li>\n<li><strong>L\u00e4rm-Block<\/strong>\u00a0(<em>Beschaffung l\u00e4rmreduzierender H\u00f6rger\u00e4te<\/em>)<\/li>\n<li><strong>Bequeme Passform<\/strong>\u00a0(<em>Beschaffung von Im-Ohr-H\u00f6rger\u00e4ten<\/em>)<\/li>\n<li><strong>ITE-Stil<\/strong>\u00a0(<em>Beschaffung von ITE-H\u00f6rger\u00e4ten<\/em>)<\/li>\n<\/ul>\n<h3 data-v-md-heading=\"hear-the-world-stay-invisible\" data-v-md-line=\"73\"><strong>H\u00f6re die Welt, bleibe unsichtbar!<\/strong><\/h3>\n<ul data-v-md-line=\"74\">\n<li>Sei jeden Tag gl\u00fccklich.<\/li>\n<li>Einfach zu bedienen. F\u00fchlt sich an wie nichts im Ohr.<\/li>\n<li>Bleiben Sie sicher, sehen Sie cool aus, klingen Sie klar.<\/li>\n<\/ul>\n<h2 data-v-md-heading=\"find-more-easy-hearing-help\" data-v-md-line=\"79\"><strong>Mehr Hilfe f\u00fcr leichtes H\u00f6ren finden<\/strong><\/h2>\n<ul data-v-md-line=\"80\">\n<li>Erkunden Sie\u00a0<strong><a href=\"https:\/\/chinahearingaid.com\/de\/in-ear-hearing-aids\/\" target=\"_blank\" rel=\"noopener\">Im-Ohr-H\u00f6rger\u00e4te<\/a><\/strong>\u00a0f\u00fcr kleine und weiche Typen.<\/li>\n<li>Siehe die besten\u00a0<strong><a href=\"https:\/\/chinahearingaid.com\/de\/invisible-hearing-aids\/\" target=\"_blank\" rel=\"noopener\">Unsichtbare H\u00f6rger\u00e4te<\/a><\/strong>\u00a0f\u00fcr verstecktes Design.<\/li>\n<li>Lust auf neue Technik? Besuchen Sie\u00a0<strong><a href=\"https:\/\/chinahearingaid.com\/de\/digital-hearing-aids\/\" target=\"_blank\" rel=\"noopener\">Digitale H\u00f6rger\u00e4te<\/a><\/strong>\u00a0f\u00fcr mehr .<\/li>\n<li>Sie brauchen Batteriestrom? Sehen Sie sich\u00a0<strong><a href=\"https:\/\/chinahearingaid.com\/de\/rechargeable-hearing-aids\/\" target=\"_blank\" rel=\"noopener\">Wiederaufladbare H\u00f6rger\u00e4te<\/a><\/strong>\u00a0f\u00fcr starke und gr\u00fcne Optionen.<\/li>\n<\/ul>\n<p data-v-md-line=\"86\"><strong>Z122D Sourcing Unsichtbare ITE-H\u00f6rger\u00e4te L\u00e4rmreduzierung<\/strong>\u00a0bringt Ihnen ein smartes Leben mit immer!<\/p>","protected":false},"excerpt":{"rendered":"<p class=\"ng-star-inserted\"><span class=\"ng-star-inserted\">Z122D Unsichtbare IdO-H\u00f6rger\u00e4te: Klar h\u00f6ren, sich frei f\u00fchlen! Intelligentes, unsichtbares In-Ear-Design f\u00fcr ganzt\u00e4gigen Tragekomfort. Die AI-Rauschunterdr\u00fcckung macht Sprache klarer und blendet Ablenkungen aus. Genie\u00dfen Sie klaren digitalen Klang, ohne Brummen. Wiederaufladbar: 22 Stunden Akku, 1 Stunde Schnellladung. Ideal f\u00fcr Schule, Arbeit und Zuhause. H\u00f6ren Sie die Welt, bleiben Sie unsichtbar!<\/span><\/p>","protected":false},"featured_media":2971,"template":"","meta":{"_kad_post_transparent":"default","_kad_post_title":"","_kad_post_layout":"default","_kad_post_sidebar_id":"","_kad_post_content_style":"default","_kad_post_vertical_padding":"default","_kad_post_feature":"","_kad_post_feature_position":"","_kad_post_header":false,"_kad_post_footer":false,"_kad_post_classname":""},"product_brand":[],"product_cat":[15,561,559,568,560,549,565,563],"product_tag":[684,682,683,687,686,685],"class_list":{"0":"post-2301","1":"product","2":"type-product","3":"status-publish","4":"has-post-thumbnail","6":"product_cat-hearing-aid-by-types","7":"product_cat-digital-hearing-aids","8":"product_cat-hearing-aid-by-features","9":"product_cat-in-ear-hearing-aids","10":"product_cat-invisible-hearing-aids","11":"product_cat-ite-hearing-aids","12":"product_cat-noise-reduction-hearing-aids","13":"product_cat-rechargeable-hearing-aids","14":"product_tag-sourcing-digital-hearing-aids","15":"product_tag-sourcing-in-ear-hearing-aids","16":"product_tag-sourcing-invisible-hearing-aids","17":"product_tag-sourcing-ite-hearing-aids","18":"product_tag-sourcing-noise-reduction-hearing-aids","19":"product_tag-sourcing-rechargeable-hearing-aids","21":"first","22":"instock","23":"shipping-taxable","24":"product-type-simple","25":"entry","26":"content-bg","27":"loop-entry"},"_links":{"self":[{"href":"https:\/\/chinahearingaid.com\/de\/wp-json\/wp\/v2\/product\/2301","targetHints":{"allow":["GET"]}}],"collection":[{"href":"https:\/\/chinahearingaid.com\/de\/wp-json\/wp\/v2\/product"}],"about":[{"href":"https:\/\/chinahearingaid.com\/de\/wp-json\/wp\/v2\/types\/product"}],"wp:featuredmedia":[{"embeddable":true,"href":"https:\/\/chinahearingaid.com\/de\/wp-json\/wp\/v2\/media\/2971"}],"wp:attachment":[{"href":"https:\/\/chinahearingaid.com\/de\/wp-json\/wp\/v2\/media?parent=2301"}],"wp:term":[{"taxonomy":"product_brand","embeddable":true,"href":"https:\/\/chinahearingaid.com\/de\/wp-json\/wp\/v2\/product_brand?post=2301"},{"taxonomy":"product_cat","embeddable":true,"href":"https:\/\/chinahearingaid.com\/de\/wp-json\/wp\/v2\/product_cat?post=2301"},{"taxonomy":"product_tag","embeddable":true,"href":"https:\/\/chinahearingaid.com\/de\/wp-json\/wp\/v2\/product_tag?post=2301"}],"curies":[{"name":"wp","href":"https:\/\/api.w.org\/{rel}","templated":true}]}}