{"id":2305,"date":"2025-05-23T02:40:09","date_gmt":"2025-05-23T02:40:09","guid":{"rendered":"https:\/\/chinahearingaid.com\/?post_type=product&#038;p=2305"},"modified":"2025-06-02T07:33:32","modified_gmt":"2025-06-02T07:33:32","slug":"z391d-digital-in-ear-ite-hearing-aids-invisible-wholesalers","status":"publish","type":"product","link":"https:\/\/chinahearingaid.com\/de\/z391d-digital-in-ear-ite-hearing-aids-invisible-wholesalers\/","title":{"rendered":"Z391D Digitales Im-Ohr-H\u00f6rger\u00e4t Unsichtbare Gro\u00dfh\u00e4ndler"},"content":{"rendered":"<h3 data-v-md-heading=\"overview\" data-v-md-line=\"3\"><strong>\u00dcbersicht<\/strong><\/h3>\n<p data-v-md-line=\"4\">Unser\u00a0<strong>Z391D Digitales Im-Ohr-IdO-H\u00f6rger\u00e4t<\/strong>\u00a0sind perfekt f\u00fcr\u00a0<strong>Gro\u00dfh\u00e4ndler<\/strong>\u00a0auf der Suche nach einem hochwertigen Angebot,\u00a0<strong>unsichtbare H\u00f6rger\u00e4te<\/strong>. Diese Ger\u00e4te sind konzipiert f\u00fcr\u00a0<strong>Leichter bis mittelschwerer H\u00f6rverlust<\/strong>\u00a0und sind so gebaut, dass sie unsichtbar und leistungsstark sind.<\/p>\n<h3 data-v-md-heading=\"key-features\" data-v-md-line=\"6\"><strong>Hauptmerkmale<\/strong><\/h3>\n<p data-v-md-line=\"8\"><strong>Gestaltung<\/strong><\/p>\n<ul data-v-md-line=\"9\">\n<li><strong>Ultrakompaktes ITE-Modell (Im-Ohr)<\/strong>.<\/li>\n<li><strong>Unsichtbar beim Tragen<\/strong>Der H\u00f6rer sitzt fest im Geh\u00f6rgang.<\/li>\n<\/ul>\n<p data-v-md-line=\"12\"><strong>Akkulaufzeit<\/strong><\/p>\n<ul data-v-md-line=\"13\">\n<li><strong>150+ Stunden<\/strong>\u00a0mit\u00a0<strong>Zink-Luft-Akku A10<\/strong>.<\/li>\n<li><strong>Wiederaufladbare Lithium-Ionen-Option<\/strong>\u00a0verf\u00fcgbar.<\/li>\n<\/ul>\n<p data-v-md-line=\"16\"><strong>Tontechnik<\/strong><\/p>\n<ul data-v-md-line=\"17\">\n<li><strong>4-Kanal-DSP<\/strong>: Reduziert Rauschen und R\u00fcckkopplungen.<\/li>\n<li>Spitzenwert:\u00a0<strong>\u226445dB<\/strong>.<\/li>\n<li>Frequenzbereich:\u00a0<strong>300-5000Hz<\/strong>.<\/li>\n<\/ul>\n<p data-v-md-line=\"21\"><strong>Einhaltung der Vorschriften<\/strong><\/p>\n<ul data-v-md-line=\"22\">\n<li><strong>CE-, FDA-, RoHS- und ISO 13485-zertifiziert<\/strong>.<\/li>\n<li>Sicher f\u00fcr\u00a0<strong>Erwachsene 18+<\/strong>\u00a0mit\u00a0<strong>Leichter bis mittelschwerer H\u00f6rverlust<\/strong>.<\/li>\n<\/ul>\n<p data-v-md-line=\"25\"><strong>Vorteile bei Gro\u00dfbestellungen<\/strong><\/p>\n<ul data-v-md-line=\"26\">\n<li><strong>OEM\/ODM-Anpassung<\/strong>: Branding, Verpackung.<\/li>\n<li><strong>FOB\/CIF Versandbedingungen<\/strong>.<\/li>\n<li><strong>Preisstaffelung<\/strong>: Erm\u00e4\u00dfigungen bis zu\u00a0<strong>30%<\/strong>\u00a0f\u00fcr\u00a0<strong>500+ Einheiten<\/strong>.<\/li>\n<\/ul>\n<p data-v-md-line=\"30\"><strong>Zubeh\u00f6r<\/strong><\/p>\n<ul data-v-md-line=\"31\">\n<li><strong>3 Ohrst\u00f6pselgr\u00f6\u00dfen<\/strong>: Klein, Mittel, Gro\u00df.<\/li>\n<li><strong>Reinigungsb\u00fcrste<\/strong>.<\/li>\n<li><strong>USB-Ladeger\u00e4t<\/strong>\u00a0(f\u00fcr wiederaufladbare Modelle).<\/li>\n<li>Kompakter Aufbewahrungskoffer.<\/li>\n<\/ul>\n<h3 data-v-md-heading=\"usage-scenarios\" data-v-md-line=\"37\"><strong>Verwendungsszenarien<\/strong><\/h3>\n<p data-v-md-line=\"39\"><strong>Zielbenutzer<\/strong><\/p>\n<ul data-v-md-line=\"40\">\n<li>Erwachsene mit\u00a0<strong>Leichter bis mittelschwerer H\u00f6rverlust<\/strong>.<\/li>\n<li><strong>Gro\u00dfh\u00e4ndler<\/strong>\u00a0Lieferung an\u00a0<strong>Kliniken<\/strong>,\u00a0<strong>Apotheken<\/strong>, Und\u00a0<strong>Seniorenpflegeeinrichtungen<\/strong>.<\/li>\n<\/ul>\n<p data-v-md-line=\"43\"><strong>T\u00e4glicher Gebrauch<\/strong><\/p>\n<ul data-v-md-line=\"44\">\n<li>Optimiert f\u00fcr\u00a0<strong>Sprachverst\u00e4ndlichkeit<\/strong>\u00a0in lauten Umgebungen wie\u00a0<strong>Restaurants<\/strong>\u00a0Und\u00a0<strong>Treffen<\/strong>.<\/li>\n<li>Wirksam in ruhigen Umgebungen wie\u00a0<strong>H\u00e4user<\/strong>.<\/li>\n<\/ul>\n<p data-v-md-line=\"47\"><strong>Professionelle Einstellungen<\/strong><\/p>\n<ul data-v-md-line=\"48\">\n<li>Ideal f\u00fcr Arbeitspl\u00e4tze, die\u00a0<strong>Subtilit\u00e4t<\/strong>\u00a0wie\u00a0<strong>B\u00fcros<\/strong>\u00a0Und\u00a0<strong>Kundenbetreuung<\/strong>\u00a0Rollen.<\/li>\n<\/ul>\n<p data-v-md-line=\"50\"><strong>Aktivit\u00e4ten im Freien<\/strong><\/p>\n<ul data-v-md-line=\"51\">\n<li>Leichter und sicherer Sitz f\u00fcr Aktivit\u00e4ten wie\u00a0<strong>Wandern<\/strong>\u00a0Und\u00a0<strong>gesellschaftliche Veranstaltungen<\/strong>.<\/li>\n<\/ul>\n<h3 data-v-md-heading=\"descriptions\" data-v-md-line=\"54\"><strong>Beschreibungen<\/strong><\/h3>\n<p data-v-md-line=\"56\"><strong>Dezentes Design<\/strong><\/p>\n<ul data-v-md-line=\"57\">\n<li>Der\u00a0<strong>Z391D<\/strong>\u00a0Angebote\u00a0<strong>unsichtbar<\/strong>\u00a0Geh\u00f6r mit seinem festen Sitz im Geh\u00f6rgang. Sie m\u00fcssen sich keine Sorgen machen, dass andere Ihr Tragen bemerken.<\/li>\n<\/ul>\n<p data-v-md-line=\"59\"><strong>Erweiterte Leistung<\/strong><\/p>\n<ul data-v-md-line=\"60\">\n<li><strong>H\u00f6re jedes Wort<\/strong>\u00a0mit\u00a0<strong>4-Kanal-Digitalverarbeitung<\/strong>. Es eliminiert\u00a0<strong>L\u00e4rm<\/strong>\u00a0und verbessert die Klarheit f\u00fcr\u00a0<strong>Unterhaltungen<\/strong>,\u00a0<strong>TV<\/strong>, Und\u00a0<strong>Telefonanrufe<\/strong>.<\/li>\n<\/ul>\n<p data-v-md-line=\"62\"><strong>Gro\u00dfhandelsvorteil<\/strong><\/p>\n<ul data-v-md-line=\"63\">\n<li>Steigern Sie Ihr Inventar mit\u00a0<strong>FDA-zertifizierte H\u00f6rger\u00e4te<\/strong>. Viel Spa\u00df\u00a0<strong>Mengenrabatte<\/strong>\u00a0Und\u00a0<strong>White-Label-Branding<\/strong>\u00a0Optionen.<\/li>\n<\/ul>\n<p data-v-md-line=\"65\"><strong>Benutzerfreundliche Funktionen<\/strong><\/p>\n<ul data-v-md-line=\"66\">\n<li><strong>M\u00fchelose Nutzung den ganzen Tag<\/strong>: Wiederaufladbare Modelle bieten\u00a0<strong>30+ Stunden<\/strong>\u00a0Lebensdauer der Batterie. Legen Sie ihn einfach \u00fcber Nacht in sein kompaktes Ladeetui.<\/li>\n<\/ul>\n<p data-v-md-line=\"68\"><strong>Globale Einhaltung<\/strong><\/p>\n<ul data-v-md-line=\"69\">\n<li><strong>Weltweit vertrauensw\u00fcrdig<\/strong>: CE\/FDA-Zertifizierungen gew\u00e4hrleisten\u00a0<strong>Sicherheit<\/strong>\u00a0Und\u00a0<strong>Leistung<\/strong>. Kommt mit einer\u00a0<strong>1 Jahr Garantie<\/strong>\u00a0Und\u00a0<strong>24\/7-Unterst\u00fctzung f\u00fcr Gro\u00dfh\u00e4ndler<\/strong>.<\/li>\n<\/ul>\n<h3 data-v-md-heading=\"ordering-and-shipping\" data-v-md-line=\"72\"><strong>Bestellung und Versand<\/strong><\/h3>\n<p data-v-md-line=\"74\"><strong>Vorlaufzeit<\/strong><\/p>\n<ul data-v-md-line=\"75\">\n<li><strong>15-30 Tage<\/strong>\u00a0f\u00fcr kundenspezifische Bestellungen.<\/li>\n<\/ul>\n<p data-v-md-line=\"77\"><strong>Versandoptionen<\/strong><\/p>\n<ul data-v-md-line=\"78\">\n<li>Die Optionen umfassen\u00a0<strong>DHL<\/strong>,\u00a0<strong>FedEx<\/strong>, oder\u00a0<strong>Seefracht<\/strong>\u00a0mit\u00a0<strong>CIF\/FOB-Bedingungen<\/strong>.<\/li>\n<\/ul>\n<p data-v-md-line=\"80\"><strong>Zahlungsarten<\/strong><\/p>\n<ul data-v-md-line=\"81\">\n<li><strong>T\/T<\/strong>,\u00a0<strong>PayPal<\/strong>,\u00a0<strong>L\/C<\/strong>.<\/li>\n<\/ul>\n<h3 data-v-md-heading=\"warranty-and-support\" data-v-md-line=\"84\"><strong>Garantie und Support<\/strong><\/h3>\n<p data-v-md-line=\"86\"><strong>Garantie<\/strong><\/p>\n<ul data-v-md-line=\"87\">\n<li><strong>1 Jahr Herstellergarantie<\/strong>.<\/li>\n<\/ul>\n<p data-v-md-line=\"89\"><strong>Unterst\u00fctzung<\/strong><\/p>\n<ul data-v-md-line=\"90\">\n<li><strong>24\/7 technische Unterst\u00fctzung<\/strong>\u00a0f\u00fcr Gro\u00dfh\u00e4ndler verf\u00fcgbar.<\/li>\n<\/ul>\n<h2 data-v-md-heading=\"call-to-action\" data-v-md-line=\"93\"><strong>Aufruf zum Handeln<\/strong><\/h2>\n<p data-v-md-line=\"94\">\"Kontaktieren Sie uns noch heute f\u00fcr Gro\u00dfhandelspreise und OEM\/ODM-Anpassungen. Lagern Sie die\u00a0<strong>Z391D<\/strong>\u00a0- die\u00a0<strong>#1 ist die erste Wahl f\u00fcr unsichtbare, leistungsstarke H\u00f6rger\u00e4te<\/strong>.\u201d<\/p>\n<h3 data-v-md-heading=\"internal-links-for-more-information\" data-v-md-line=\"97\"><strong>Interne Links f\u00fcr weitere Informationen:<\/strong><\/h3>\n<ul data-v-md-line=\"98\">\n<li>Erkunden Sie verschiedene\u00a0<strong>H\u00f6rger\u00e4tetypen<\/strong>\u00a0bei\u00a0<a href=\"https:\/\/chinahearingaid.com\/de\/hearing-aid-by-types\/\" target=\"_blank\" rel=\"noopener\">China H\u00f6rger\u00e4tefabrik<\/a>.<\/li>\n<li>Erfahren Sie mehr \u00fcber unser\u00a0<strong>ITE-H\u00f6rger\u00e4te<\/strong>\u00a0bei\u00a0<a href=\"https:\/\/chinahearingaid.com\/de\/ite-hearing-aids\/\" target=\"_blank\" rel=\"noopener\">ITE-H\u00f6rger\u00e4te<\/a>.<\/li>\n<li>Sehen Sie sich die neuesten\u00a0<strong>unsichtbare H\u00f6rger\u00e4te<\/strong>\u00a0bei\u00a0<a href=\"https:\/\/chinahearingaid.com\/de\/invisible-hearing-aids\/\" target=\"_blank\" rel=\"noopener\">Unsichtbare H\u00f6rger\u00e4te<\/a>.<\/li>\n<li>Entdecken Sie unser Angebot an\u00a0<strong>digitale H\u00f6rger\u00e4te<\/strong>\u00a0bei\u00a0<a href=\"https:\/\/chinahearingaid.com\/de\/digital-hearing-aids\/\" target=\"_blank\" rel=\"noopener\">Digitale H\u00f6rger\u00e4te<\/a>.<\/li>\n<li>Wiederaufladbare Optionen finden Sie unter\u00a0<a href=\"https:\/\/chinahearingaid.com\/de\/rechargeable-hearing-aids\/\" target=\"_blank\" rel=\"noopener\">Wiederaufladbare H\u00f6rger\u00e4te<\/a>.<\/li>\n<\/ul>","protected":false},"excerpt":{"rendered":"<p class=\"ng-star-inserted\"><span class=\"ng-star-inserted\">Z391D Digitale IdO-H\u00f6rger\u00e4te: F\u00fcr Gro\u00dfh\u00e4ndler. Unsichtbar, leistungsstark bei leichtem bis mittelschwerem H\u00f6rverlust. Ultrakompaktes IdO, diskreter Sitz. 4-Kanal-DSP: weniger Rauschen, klarer Klang. Wahlweise 150+ Stunden Zink-Luft A10 oder 30+ Stunden wiederaufladbar. CE-, FDA-, RoHS- und ISO-zertifiziert. OEM\/ODM-Branding, FOB\/CIF-Bedingungen, gestaffelte Preise (30% ab 500+). Kontakt f\u00fcr Gro\u00dfhandel &amp; OEM\/ODM.<\/span><\/p>","protected":false},"featured_media":2646,"template":"","meta":{"_kad_post_transparent":"default","_kad_post_title":"","_kad_post_layout":"default","_kad_post_sidebar_id":"","_kad_post_content_style":"default","_kad_post_vertical_padding":"default","_kad_post_feature":"","_kad_post_feature_position":"","_kad_post_header":false,"_kad_post_footer":false,"_kad_post_classname":""},"product_brand":[],"product_cat":[15,561,559,568,560,549,563],"product_tag":[700,698,699,702,701],"class_list":{"0":"post-2305","1":"product","2":"type-product","3":"status-publish","4":"has-post-thumbnail","6":"product_cat-hearing-aid-by-types","7":"product_cat-digital-hearing-aids","8":"product_cat-hearing-aid-by-features","9":"product_cat-in-ear-hearing-aids","10":"product_cat-invisible-hearing-aids","11":"product_cat-ite-hearing-aids","12":"product_cat-rechargeable-hearing-aids","13":"product_tag-digital-hearing-aids-wholesalers","14":"product_tag-in-ear-hearing-aids-wholesalers","15":"product_tag-invisible-hearing-aids-wholesalers","16":"product_tag-ite-hearing-aids-wholesalers","17":"product_tag-rechargeable-hearing-aids-wholesalers","19":"first","20":"instock","21":"shipping-taxable","22":"product-type-simple","23":"entry","24":"content-bg","25":"loop-entry"},"_links":{"self":[{"href":"https:\/\/chinahearingaid.com\/de\/wp-json\/wp\/v2\/product\/2305","targetHints":{"allow":["GET"]}}],"collection":[{"href":"https:\/\/chinahearingaid.com\/de\/wp-json\/wp\/v2\/product"}],"about":[{"href":"https:\/\/chinahearingaid.com\/de\/wp-json\/wp\/v2\/types\/product"}],"wp:featuredmedia":[{"embeddable":true,"href":"https:\/\/chinahearingaid.com\/de\/wp-json\/wp\/v2\/media\/2646"}],"wp:attachment":[{"href":"https:\/\/chinahearingaid.com\/de\/wp-json\/wp\/v2\/media?parent=2305"}],"wp:term":[{"taxonomy":"product_brand","embeddable":true,"href":"https:\/\/chinahearingaid.com\/de\/wp-json\/wp\/v2\/product_brand?post=2305"},{"taxonomy":"product_cat","embeddable":true,"href":"https:\/\/chinahearingaid.com\/de\/wp-json\/wp\/v2\/product_cat?post=2305"},{"taxonomy":"product_tag","embeddable":true,"href":"https:\/\/chinahearingaid.com\/de\/wp-json\/wp\/v2\/product_tag?post=2305"}],"curies":[{"name":"wp","href":"https:\/\/api.w.org\/{rel}","templated":true}]}}