{"id":2306,"date":"2025-05-23T02:41:49","date_gmt":"2025-05-23T02:41:49","guid":{"rendered":"https:\/\/chinahearingaid.com\/?post_type=product&#038;p=2306"},"modified":"2025-06-12T13:22:19","modified_gmt":"2025-06-12T13:22:19","slug":"z19-cic-hearing-aids-in-ear-ite-rechargeable-factory-custom","status":"publish","type":"product","link":"https:\/\/chinahearingaid.com\/de\/z19-cic-hearing-aids-in-ear-ite-rechargeable-factory-custom\/","title":{"rendered":"Z19 CIC H\u00f6rger\u00e4te In Ear ITE Wiederaufladbar Fabrik Custom"},"content":{"rendered":"<h2 data-v-md-heading=\"why-pick-z19\" data-v-md-line=\"6\"><strong>Warum das Z19?<\/strong><\/h2>\n<ul data-v-md-line=\"8\">\n<li><strong>Unsichtbare H\u00f6rger\u00e4te Factory Custom<\/strong>: Niemand kann sie in deinen Ohren sehen. Das ist gut, wenn Sie es privat halten wollen\u00a0<a href=\"https:\/\/chinahearingaid.com\/de\/z19-cic-hearing-aids-in-ear-ite-rechargeable-factory-custom\/\" target=\"_blank\" rel=\"noopener\">Unsichtbare H\u00f6rger\u00e4te Factory Custom<\/a>.<\/li>\n<li><strong>Digitale H\u00f6rger\u00e4te Factory Custom<\/strong>: Kl\u00e4nge werden klar und deutlich wiedergegeben. Die Worte sind leicht zu h\u00f6ren\u00a0<a href=\"https:\/\/chinahearingaid.com\/de\/z19-cic-hearing-aids-in-ear-ite-rechargeable-factory-custom\/\" target=\"_blank\" rel=\"noopener\">Digitale H\u00f6rger\u00e4te Factory Custom<\/a>.<\/li>\n<li><strong>Wiederaufladbare H\u00f6rger\u00e4te Factory Custom<\/strong>: Keine Sorge wegen der Batterien. Diese haben starke eingebaute Lithium-Ionen-Batterien. Sie k\u00f6nnen sie den ganzen Tag und die ganze Nacht benutzen\u00a0<a href=\"https:\/\/chinahearingaid.com\/de\/z19-cic-hearing-aids-in-ear-ite-rechargeable-factory-custom\/\" target=\"_blank\" rel=\"noopener\">Wiederaufladbare H\u00f6rger\u00e4te Factory Custom<\/a>.<\/li>\n<li><strong>ITE-H\u00f6rger\u00e4te Factory Custom<\/strong>: Sie passen in Ihr Ohr. Hergestellt genau Ihre Gr\u00f6\u00dfe\u00a0<a href=\"https:\/\/chinahearingaid.com\/de\/z19-cic-hearing-aids-in-ear-ite-rechargeable-factory-custom\/\" target=\"_blank\" rel=\"noopener\">ITE-H\u00f6rger\u00e4te Factory Custom<\/a>.<\/li>\n<li><strong>CIC H\u00f6rger\u00e4te Factory Custom<\/strong>: Dies sind die kleinsten. Sie gehen tief in dein Ohr\u00a0<a href=\"https:\/\/chinahearingaid.com\/de\/z19-cic-hearing-aids-in-ear-ite-rechargeable-factory-custom\/\" target=\"_blank\" rel=\"noopener\">CIC H\u00f6rger\u00e4te Factory Custom<\/a>.<\/li>\n<\/ul>\n<h2 data-v-md-heading=\"how-it-helps-you\" data-v-md-line=\"15\"><strong>Wie es Ihnen hilft<\/strong><\/h2>\n<p data-v-md-line=\"17\"><strong>Z19 CIC-H\u00f6rger\u00e4te Fabrik Custom<\/strong>\u00a0helfen Ihnen jeden Tag.<\/p>\n<ul data-v-md-line=\"19\">\n<li><strong>Freunde und Familie anh\u00f6ren<\/strong><\/li>\n<li><strong>Fernsehen mit klarem Ton<\/strong><\/li>\n<li><strong>Drau\u00dfen spielen, auch wenn es regnet<\/strong><\/li>\n<li><strong>Den ganzen Tag laufen, springen, sich bewegen. Es f\u00e4llt nicht<\/strong><\/li>\n<li><strong>Keine Dr\u00e4hte, kein \u00c4rger<\/strong><\/li>\n<\/ul>\n<h2 data-v-md-heading=\"best-for\" data-v-md-line=\"26\"><strong>Am besten f\u00fcr...<\/strong><\/h2>\n<ul data-v-md-line=\"28\">\n<li>Alle Altersgruppen<\/li>\n<li>Menschen mit kleinen oder gro\u00dfen Ohren (es ist \u00fcblich!)<\/li>\n<li>Jeder, der ein superleises, supersicheres H\u00f6rger\u00e4t m\u00f6chte<\/li>\n<\/ul>\n<h2 data-v-md-heading=\"key-features-table\" data-v-md-line=\"33\"><strong>Hauptmerkmale Tabelle<\/strong><\/h2>\n\n<table id=\"tablepress-23\" class=\"tablepress tablepress-id-23\">\n<thead>\n<tr class=\"row-1\">\n\t<td class=\"column-1\"><\/td><th class=\"column-2\">Was es bedeutet<\/th>\n<\/tr>\n<\/thead>\n<tbody class=\"row-striping row-hover\">\n<tr class=\"row-2\">\n\t<td class=\"column-1\">Sehr klein<\/td><td class=\"column-2\">Kaum im Ohr zu sehen (Unsichtbare H\u00f6rger\u00e4te Factory Custom)<\/td>\n<\/tr>\n<tr class=\"row-3\">\n\t<td class=\"column-1\">Wasserdicht<\/td><td class=\"column-2\">Keine Sorgen am Pool oder im Regen<\/td>\n<\/tr>\n<tr class=\"row-4\">\n\t<td class=\"column-1\">Langes Leben<\/td><td class=\"column-2\">Ganzt\u00e4gige Nutzung (38 Stunden) (Wiederaufladbare H\u00f6rger\u00e4te nach Werksvorgabe)<\/td>\n<\/tr>\n<tr class=\"row-5\">\n\t<td class=\"column-1\">Weiche Passform<\/td><td class=\"column-2\">Form f\u00fcr Sie gemacht (In Ear Hearing Aids Factory Custom)<\/td>\n<\/tr>\n<tr class=\"row-6\">\n\t<td class=\"column-1\">Kein Austausch der Batterie<\/td><td class=\"column-2\">Einfach aufladen, keine neuen Batterien erforderlich<\/td>\n<\/tr>\n<tr class=\"row-7\">\n\t<td class=\"column-1\">Auswahl der Farbe<\/td><td class=\"column-2\">W\u00e4hlen Sie die Farbe, die Ihnen gef\u00e4llt<\/td>\n<\/tr>\n<tr class=\"row-8\">\n\t<td class=\"column-1\">Leicht<\/td><td class=\"column-2\">So leicht, dass man vergessen k\u00f6nnte, dass es da ist<\/td>\n<\/tr>\n<tr class=\"row-9\">\n\t<td class=\"column-1\">L\u00e4rm-Block<\/td><td class=\"column-2\">Sorgt f\u00fcr klare Sprache und unterdr\u00fcckt Brummen (Digital Hearing Aids Factory Custom)<\/td>\n<\/tr>\n<\/tbody>\n<\/table>\n<!-- #tablepress-23 from cache -->\n<h2 data-v-md-heading=\"what-is-inside\" data-v-md-line=\"47\"><strong>Was ist drin<\/strong><\/h2>\n<ul data-v-md-line=\"49\">\n<li><strong>Lithium-Ionen-Akku<\/strong>\u00a0(bis zu 38 Stunden)<\/li>\n<li><strong>KI-gest\u00fctzter digitaler Chip<\/strong><\/li>\n<li><strong>Bunte Auswahl an Muscheln<\/strong><\/li>\n<li><strong>Ladekoffer<\/strong>\u00a0f\u00fcr unterwegs<\/li>\n<li><strong>Einfacher Griff<\/strong>\u00a0zum Herausnehmen<\/li>\n<\/ul>\n<h2 data-v-md-heading=\"use-anywhere\" data-v-md-line=\"56\"><strong>\u00dcberall einsetzbar<\/strong><\/h2>\n<ul data-v-md-line=\"58\">\n<li><strong>Schule<\/strong><\/li>\n<li><strong>Heim<\/strong><\/li>\n<li><strong>Laufen<\/strong><\/li>\n<li><strong>Arbeit<\/strong><\/li>\n<li><strong>Einkaufen<\/strong><\/li>\n<li><strong>Gespr\u00e4che mit Freunden<\/strong><\/li>\n<li><strong>H\u00f6ren von Musik<\/strong><\/li>\n<\/ul>\n<h2 data-v-md-heading=\"how-to-use\" data-v-md-line=\"67\"><strong>Wie zu verwenden<\/strong><\/h2>\n<ol data-v-md-line=\"69\">\n<li>Laden Sie Ihr\u00a0<strong>Im-Ohr-H\u00f6rger\u00e4te Factory Custom<\/strong>\u00a0in diesem Fall.<\/li>\n<li>Stecken Sie sie in die Ohren, wenn Sie Ihren Tag beginnen.<\/li>\n<li>Genie\u00dfen Sie den Klang!<\/li>\n<li>Legen Sie sie nachts wieder in den Koffer.<\/li>\n<\/ol>\n<h2 data-v-md-heading=\"extra-smart-stuff\" data-v-md-line=\"75\"><strong>Extra clevere Sachen<\/strong><\/h2>\n<ul data-v-md-line=\"77\">\n<li><strong>Digitale H\u00f6rger\u00e4te Factory Custom<\/strong>\u00a0den Klang an Ihre Bed\u00fcrfnisse anpassen.<\/li>\n<li>AI macht Sprache klar und deutlich, auch wenn es Ger\u00e4usche gibt.<\/li>\n<li>Individuelle Form - weich und bequem.<\/li>\n<li>Bleibt an Ort und Stelle, wenn Sie laufen oder springen.<\/li>\n<li>Gut f\u00fcr\u00a0<strong>CIC H\u00f6rger\u00e4te Factory Custom<\/strong>\u00a0Ventilatoren und\u00a0<strong>ITE-H\u00f6rger\u00e4te Factory Custom<\/strong>\u00a0Benutzer.<\/li>\n<\/ul>\n<h2 data-v-md-heading=\"order-now\" data-v-md-line=\"84\"><strong>Jetzt bestellen<\/strong><\/h2>\n<p data-v-md-line=\"86\">M\u00f6chten Sie mehr Auswahlm\u00f6glichkeiten? Siehe\u00a0<a href=\"https:\/\/chinahearingaid.com\/de\/cic-hearing-aids\/\" target=\"_blank\" rel=\"noopener\">CIC-H\u00f6rger\u00e4te<\/a><a href=\"https:\/\/chinahearingaid.com\/de\/in-ear-hearing-aids\/\" target=\"_blank\" rel=\"noopener\">Im-Ohr-H\u00f6rger\u00e4te<\/a>, Und\u00a0<a href=\"https:\/\/chinahearingaid.com\/de\/digital-hearing-aids\/\" target=\"_blank\" rel=\"noopener\">Digitale H\u00f6rger\u00e4te<\/a>\u00a0f\u00fcr mehr\u00a0<strong>Unsichtbare H\u00f6rger\u00e4te Factory Custom<\/strong>.<\/p>\n<h2 data-v-md-heading=\"quick-facts-table\" data-v-md-line=\"89\"><strong>Tabelle mit Kurzinformationen<\/strong><\/h2>\n\n<table id=\"tablepress-24\" class=\"tablepress tablepress-id-24\">\n<thead>\n<tr class=\"row-1\">\n\t<th class=\"column-1\">Besonderheit<\/th><th class=\"column-2\">Z19 Einzelheiten<\/th>\n<\/tr>\n<\/thead>\n<tbody class=\"row-striping row-hover\">\n<tr class=\"row-2\">\n\t<td class=\"column-1\">Typ<\/td><td class=\"column-2\">Im Ohr, ITE, CIC<\/td>\n<\/tr>\n<tr class=\"row-3\">\n\t<td class=\"column-1\">Unsichtbar?<\/td><td class=\"column-2\">Ja<\/td>\n<\/tr>\n<tr class=\"row-4\">\n\t<td class=\"column-1\">Sonderanfertigung?<\/td><td class=\"column-2\">Ja<\/td>\n<\/tr>\n<tr class=\"row-5\">\n\t<td class=\"column-1\">Batterie<\/td><td class=\"column-2\">Wiederaufladbar, 38 Stunden<\/td>\n<\/tr>\n<tr class=\"row-6\">\n\t<td class=\"column-1\">Ladezeit<\/td><td class=\"column-2\">3 Stunden<\/td>\n<\/tr>\n<tr class=\"row-7\">\n\t<td class=\"column-1\">Wasser-\/Schwei\u00dfbest\u00e4ndig<\/td><td class=\"column-2\">Ja (sicher im Freien zu tragen)<\/td>\n<\/tr>\n<tr class=\"row-8\">\n\t<td class=\"column-1\">Digital?<\/td><td class=\"column-2\">Ja, mit AI Noise Block<\/td>\n<\/tr>\n<tr class=\"row-9\">\n\t<td class=\"column-1\">Wer kann sie nutzen?<\/td><td class=\"column-2\">Kinder, Erwachsene, Senioren<\/td>\n<\/tr>\n<tr class=\"row-10\">\n\t<td class=\"column-1\">Auswahl der Farben<\/td><td class=\"column-2\">6<\/td>\n<\/tr>\n<\/tbody>\n<\/table>\n<!-- #tablepress-24 from cache -->\n<p data-v-md-line=\"104\"><strong>Z19 CIC H\u00f6rger\u00e4te In Ear ITE Wiederaufladbar Fabrik Custom<\/strong>\u00a0ist Ihr bester Freund beim H\u00f6ren.<br \/>\nDas geht \u00fcberall.<br \/>\nEr ist unsichtbar, intelligent, leicht und nur f\u00fcr Sie gemacht.<\/p>\n<p data-v-md-line=\"108\"><a href=\"https:\/\/chinahearingaid.com\/de\/z19-cic-hearing-aids-in-ear-ite-rechargeable-factory-custom\/\" target=\"_blank\" rel=\"noopener\">Entdecken Sie mehr In Ear Hearing Aids Factory Custom<\/a><br \/>\n<a href=\"https:\/\/chinahearingaid.com\/de\/z19-cic-hearing-aids-in-ear-ite-rechargeable-factory-custom\/\" target=\"_blank\" rel=\"noopener\">Shop CIC H\u00f6rger\u00e4te Fabrik Custom<\/a><br \/>\n<a href=\"https:\/\/chinahearingaid.com\/de\/z19-cic-hearing-aids-in-ear-ite-rechargeable-factory-custom\/\" target=\"_blank\" rel=\"noopener\">Finden Sie wiederaufladbare H\u00f6rger\u00e4te Factory Custom<\/a><\/p>","protected":false},"excerpt":{"rendered":"<p>Unsichtbare IO\/CIC-H\u00f6rger\u00e4te, die werkseitig f\u00fcr eine perfekte, private Anpassung angepasst werden. Die digitale Technologie sorgt f\u00fcr einen klaren, hellen Klang, so dass W\u00f6rter leicht zu verstehen sind. Wiederaufladbare Li-Ionen-Batterie mit 38 Stunden Betriebsdauer - kein Austausch mehr! AI Noise Block verbessert die Sprachverst\u00e4ndlichkeit. Wasserdicht, leicht und bequem f\u00fcr den ganzt\u00e4gigen Gebrauch. Z19: Diskretes, intelligentes H\u00f6ren, f\u00fcr Sie gemacht.<\/p>","protected":false},"featured_media":3146,"template":"","meta":{"_kad_post_transparent":"default","_kad_post_title":"","_kad_post_layout":"default","_kad_post_sidebar_id":"","_kad_post_content_style":"default","_kad_post_vertical_padding":"default","_kad_post_feature":"","_kad_post_feature_position":"","_kad_post_header":false,"_kad_post_footer":false,"_kad_post_classname":""},"product_brand":[],"product_cat":[15,545,561,559,568,560,549,563],"product_tag":[708,705,703,704,707,706],"class_list":{"0":"post-2306","1":"product","2":"type-product","3":"status-publish","4":"has-post-thumbnail","6":"product_cat-hearing-aid-by-types","7":"product_cat-cic-hearing-aids","8":"product_cat-digital-hearing-aids","9":"product_cat-hearing-aid-by-features","10":"product_cat-in-ear-hearing-aids","11":"product_cat-invisible-hearing-aids","12":"product_cat-ite-hearing-aids","13":"product_cat-rechargeable-hearing-aids","14":"product_tag-cic-hearing-aids-factory-custom","15":"product_tag-digital-hearing-aids-factory-custom","16":"product_tag-in-ear-hearing-aids-factory-custom","17":"product_tag-invisible-hearing-aids-factory-custom","18":"product_tag-ite-hearing-aids-factory-custom","19":"product_tag-rechargeable-hearing-aids-factory-custom","21":"first","22":"instock","23":"shipping-taxable","24":"product-type-simple","25":"entry","26":"content-bg","27":"loop-entry"},"_links":{"self":[{"href":"https:\/\/chinahearingaid.com\/de\/wp-json\/wp\/v2\/product\/2306","targetHints":{"allow":["GET"]}}],"collection":[{"href":"https:\/\/chinahearingaid.com\/de\/wp-json\/wp\/v2\/product"}],"about":[{"href":"https:\/\/chinahearingaid.com\/de\/wp-json\/wp\/v2\/types\/product"}],"wp:featuredmedia":[{"embeddable":true,"href":"https:\/\/chinahearingaid.com\/de\/wp-json\/wp\/v2\/media\/3146"}],"wp:attachment":[{"href":"https:\/\/chinahearingaid.com\/de\/wp-json\/wp\/v2\/media?parent=2306"}],"wp:term":[{"taxonomy":"product_brand","embeddable":true,"href":"https:\/\/chinahearingaid.com\/de\/wp-json\/wp\/v2\/product_brand?post=2306"},{"taxonomy":"product_cat","embeddable":true,"href":"https:\/\/chinahearingaid.com\/de\/wp-json\/wp\/v2\/product_cat?post=2306"},{"taxonomy":"product_tag","embeddable":true,"href":"https:\/\/chinahearingaid.com\/de\/wp-json\/wp\/v2\/product_tag?post=2306"}],"curies":[{"name":"wp","href":"https:\/\/api.w.org\/{rel}","templated":true}]}}