{"id":2307,"date":"2025-05-23T02:45:06","date_gmt":"2025-05-23T02:45:06","guid":{"rendered":"https:\/\/chinahearingaid.com\/?post_type=product&#038;p=2307"},"modified":"2025-06-12T11:48:53","modified_gmt":"2025-06-12T11:48:53","slug":"bx360bt-bte-bluetooth-hearing-aids-over-the-counter-oem","status":"publish","type":"product","link":"https:\/\/chinahearingaid.com\/de\/bx360bt-bte-bluetooth-hearing-aids-over-the-counter-oem\/","title":{"rendered":"BX360BT BTE Bluetooth-H\u00f6rger\u00e4te Over The Counter OEM"},"content":{"rendered":"<h2 data-v-md-heading=\"hear-better-today-with-smart-technology\" data-v-md-line=\"3\"><strong>Heute besser h\u00f6ren mit intelligenter Technologie!<\/strong><\/h2>\n<p data-v-md-line=\"5\">Haben Sie H\u00f6rprobleme? Die\u00a0<strong>BX360BT<\/strong>\u00a0hilft Ihnen, wieder klare T\u00f6ne zu h\u00f6ren. Diese sind\u00a0<strong><a href=\"https:\/\/chinahearingaid.com\/de\/bluetooth-hearing-aids\/\" target=\"_blank\" rel=\"noopener\">Bluetooth-H\u00f6rger\u00e4te Over The Counter OEM<\/a><\/strong>\u00a0die hervorragend funktionieren. Kein Arztbesuch n\u00f6tig!<\/p>\n<h2 data-v-md-heading=\"what-makes-bx360bt-special\" data-v-md-line=\"8\"><strong>Was ist das Besondere an BX360BT?<\/strong><\/h2>\n<h3 data-v-md-heading=\"easy-bluetooth-connection\" data-v-md-line=\"10\"><strong>Einfache Bluetooth-Verbindung<\/strong><\/h3>\n<ul data-v-md-line=\"11\">\n<li><strong>Bluetooth 5.3<\/strong>\u00a0erm\u00f6glicht die Verbindung mit Telefonen<\/li>\n<li>Funktioniert mit iPhone und Android<\/li>\n<li>Streamen Sie Anrufe und Musik direkt auf Ihr Ohr<\/li>\n<li>Keine Dr\u00e4hte erforderlich!<\/li>\n<\/ul>\n<h3 data-v-md-heading=\"long-battery-life\" data-v-md-line=\"16\"><strong>Lange Akkulaufzeit<\/strong><\/h3>\n<ul data-v-md-line=\"17\">\n<li><strong>20+ Stunden<\/strong>\u00a0mit einer Ladung<\/li>\n<li>Ladung Fall gibt\u00a0<strong>60+ weitere Stunden<\/strong><\/li>\n<li>Volle Ladung in nur\u00a0<strong>2 Stunden<\/strong><\/li>\n<li>Keine Angst vor leeren Batterien<\/li>\n<\/ul>\n<h3 data-v-md-heading=\"smart-features\" data-v-md-line=\"22\"><strong>Intelligente Funktionen<\/strong><\/h3>\n\n<table id=\"tablepress-21\" class=\"tablepress tablepress-id-21\">\n<thead>\n<tr class=\"row-1\">\n\t<th class=\"column-1\">Besonderheit<\/th><th class=\"column-2\">Was es bewirkt<\/th>\n<\/tr>\n<\/thead>\n<tbody class=\"row-striping row-hover\">\n<tr class=\"row-2\">\n\t<td class=\"column-1\">AI-Rauschunterdr\u00fcckung<\/td><td class=\"column-2\">Reduziert Hintergrundger\u00e4usche um 50 dB<\/td>\n<\/tr>\n<tr class=\"row-3\">\n\t<td class=\"column-1\">Mobile App-Steuerung<\/td><td class=\"column-2\">Einstellungen auf dem Handy \u00e4ndern<\/td>\n<\/tr>\n<tr class=\"row-4\">\n\t<td class=\"column-1\">4 Ton-Modi<\/td><td class=\"column-2\">Innen, Au\u00dfen, TV, Musik<\/td>\n<\/tr>\n<tr class=\"row-5\">\n\t<td class=\"column-1\">Tinnitus-Maskierung<\/td><td class=\"column-2\">Hilft bei Ohrger\u00e4uschen<\/td>\n<\/tr>\n<\/tbody>\n<\/table>\n<!-- #tablepress-21 from cache -->\n<h2 data-v-md-heading=\"perfect-design-for-daily-use\" data-v-md-line=\"31\"><strong>Perfektes Design f\u00fcr den t\u00e4glichen Gebrauch<\/strong><\/h2>\n<h3 data-v-md-heading=\"behind-the-ear-bte-style\" data-v-md-line=\"33\"><strong>Hinter dem Ohr (HdO) Stil<\/strong><\/h3>\n<p data-v-md-line=\"34\">Der\u00a0<strong><a href=\"https:\/\/chinahearingaid.com\/de\/bte-hearing-aids\/\" target=\"_blank\" rel=\"noopener\">H\u00f6rger\u00e4te HdO OEM<\/a><\/strong>\u00a0Design passt hervorragend:<\/p>\n<ul data-v-md-line=\"35\">\n<li>Klein und leicht<\/li>\n<li>Funktioniert mit Brille<\/li>\n<li>Wasserfest f\u00fcr Regen<\/li>\n<li>Weiche Ohrst\u00f6psel f\u00fchlen sich gut an<\/li>\n<\/ul>\n<h3 data-v-md-heading=\"fda-registered-safe\" data-v-md-line=\"40\"><strong>FDA-registriert &amp; sicher<\/strong><\/h3>\n<ul data-v-md-line=\"41\">\n<li><strong>OTC<\/strong>\u00a0- kein Rezept erforderlich<\/li>\n<li><strong>HSA\/FSA<\/strong>\u00a0f\u00f6rderf\u00e4hig - nutzen Sie Ihr Gesundheitssparen<\/li>\n<li><strong>45-Tage-Testversion<\/strong>\u00a0- risikofrei testen<\/li>\n<li><strong>1 Jahr Garantie<\/strong>\u00a0inklusive<\/li>\n<\/ul>\n<h2 data-v-md-heading=\"how-you-ll-use-your-bx360bt\" data-v-md-line=\"47\"><strong>Wie Sie Ihr BX360BT verwenden werden<\/strong><\/h2>\n<h3 data-v-md-heading=\"morning-coffee-\u2615\" data-v-md-line=\"49\"><strong>Morgenkaffee \u2615<\/strong><\/h3>\n<p data-v-md-line=\"50\">\"<em>Schalten Sie Ihre H\u00f6rger\u00e4te ein. Die Welt klingt wieder klar. Drau\u00dfen singen die V\u00f6gel. Die Kaffeemaschine blubbert. Sie h\u00f6ren alles!<\/em>\"<\/p>\n<h3 data-v-md-heading=\"phone-calls-\ud83d\udcf1\" data-v-md-line=\"52\"><strong>Telefonanrufe \ud83d\udcf1.<\/strong><\/h3>\n<p data-v-md-line=\"53\">\"<em>Die Enkelkinder rufen an? Ihre Stimmen dringen direkt in Ihre Ohren. Keine Frage mehr: \"Was? Sie sprechen jedes Mal kristallklar.<\/em>\"<\/p>\n<h3 data-v-md-heading=\"watching-tv-\ud83d\udcfa\" data-v-md-line=\"55\"><strong>Fernsehen \ud83d\udcfa<\/strong><\/h3>\n<p data-v-md-line=\"56\">\"<em>Lautst\u00e4rke niedrig halten. Familie gl\u00fccklich. Man h\u00f6rt immer noch jedes Wort.\u00a0<strong>Bluetooth-Streaming<\/strong>\u00a0macht Fernsehen wieder Spa\u00df.<\/em>\"<\/p>\n<h3 data-v-md-heading=\"restaurants-\ud83c\udf7d\ufe0f\" data-v-md-line=\"58\"><strong>Restaurants \ud83c\udf7d\ufe0f<\/strong><\/h3>\n<p data-v-md-line=\"59\">\"<em>Laute Orte? Kein Problem!\u00a0<strong>AI-Rauschunterdr\u00fcckung<\/strong>\u00a0Bl\u00f6cke klappern. Man h\u00f6rt Freunde deutlich reden.<\/em>\"<\/p>\n<h2 data-v-md-heading=\"easy-setup-in-3-steps\" data-v-md-line=\"62\"><strong>Einfache Einrichtung in 3 Schritten<\/strong><\/h2>\n<ol data-v-md-line=\"64\">\n<li>\n<p data-v-md-line=\"64\"><strong>Die App herunterladen<\/strong>\u00a0\ud83d\udcf2<\/p>\n<ul data-v-md-line=\"65\">\n<li>Kostenlos auf iPhone\/Android<\/li>\n<li>Einfache Anleitung zur Einrichtung<\/li>\n<\/ul>\n<\/li>\n<li>\n<p data-v-md-line=\"68\"><strong>Mit Telefon koppeln<\/strong>\u00a0\ud83d\udd17<\/p>\n<ul data-v-md-line=\"69\">\n<li>Bluetooth einschalten<\/li>\n<li>Taste am H\u00f6rger\u00e4t dr\u00fccken<\/li>\n<li>Verbunden in Sekunden!<\/li>\n<\/ul>\n<\/li>\n<li>\n<p data-v-md-line=\"73\"><strong>Einstellen des Tons<\/strong>\u00a0\ud83c\udfb5<\/p>\n<ul data-v-md-line=\"74\">\n<li>W\u00e4hlen Sie Ihre Einstellung<\/li>\n<li>Volumen \u00e4ndern<\/li>\n<li>Favoriten speichern<\/li>\n<\/ul>\n<\/li>\n<\/ol>\n<h2 data-v-md-heading=\"real-people-love-bx360bt\" data-v-md-line=\"79\"><strong>Echte Menschen lieben BX360BT<\/strong><\/h2>\n<blockquote data-v-md-line=\"81\">\n<p data-v-md-line=\"81\">\"<em>Ich trage eine Brille. Diese passen perfekt hinter meine Ohren. Also\u00a0<strong>bequem<\/strong>!<\/em>\" - Maria, 72<\/p>\n<\/blockquote>\n<blockquote data-v-md-line=\"83\">\n<p data-v-md-line=\"83\">\"<em>Der\u00a0<strong>wiederaufladbare Batterie<\/strong>\u00a0H\u00e4lt den ganzen Tag. Ich liebe die kleine Ladetasche.<\/em>\" - Johannes, 68<\/p>\n<\/blockquote>\n<blockquote data-v-md-line=\"85\">\n<p data-v-md-line=\"85\">\"<em><strong>Bluetooth-Musik<\/strong>\u00a0klingt erstaunlich. Als h\u00e4tte ich kleine Lautsprecher in den Ohren!<\/em>\" - Susan, 65<\/p>\n<\/blockquote>\n<h2 data-v-md-heading=\"compare-bx360bt-features\" data-v-md-line=\"88\"><strong>BX360BT Merkmale vergleichen<\/strong><\/h2>\n\n<table id=\"tablepress-20\" class=\"tablepress tablepress-id-20\">\n<thead>\n<tr class=\"row-1\">\n\t<th class=\"column-1\">BX360BT hat:<\/th><th class=\"column-2\">Andere nicht:<\/th>\n<\/tr>\n<\/thead>\n<tbody class=\"row-striping row-hover\">\n<tr class=\"row-2\">\n\t<td class=\"column-1\">\u2705 Bluetooth 5.3<\/td><td class=\"column-2\">\u274c Altes Bluetooth<\/td>\n<\/tr>\n<tr class=\"row-3\">\n\t<td class=\"column-1\">\u2705 20+ Stunden Akku<\/td><td class=\"column-2\">\u274c nur 8-12 Stunden<\/td>\n<\/tr>\n<tr class=\"row-4\">\n\t<td class=\"column-1\">\u2705 AI-Rauschunterdr\u00fcckung<\/td><td class=\"column-2\">\u274c Grundlegende Filter<\/td>\n<\/tr>\n<tr class=\"row-5\">\n\t<td class=\"column-1\">\u2705 Steuerung der mobilen App<\/td><td class=\"column-2\">\u274c Nur Handbuch<\/td>\n<\/tr>\n<tr class=\"row-6\">\n\t<td class=\"column-1\">\u2705 Wasserfest<\/td><td class=\"column-2\">\u274c Nicht gesch\u00fctzt<\/td>\n<\/tr>\n<tr class=\"row-7\">\n\t<td class=\"column-1\">\u2705 45-Tage-Testversion<\/td><td class=\"column-2\">\u274c 30 Tage oder weniger<\/td>\n<\/tr>\n<\/tbody>\n<\/table>\n<!-- #tablepress-20 from cache -->\n<h2 data-v-md-heading=\"perfect-for\" data-v-md-line=\"100\"><strong>Perfekt f\u00fcr:<\/strong><\/h2>\n<h3 data-v-md-heading=\"work-business-\ud83d\udcbc\" data-v-md-line=\"102\"><strong>Arbeit &amp; Business<\/strong>\u00a0\ud83d\udcbc<\/h3>\n<ul data-v-md-line=\"103\">\n<li>Anrufe l\u00f6schen<\/li>\n<li>Bessere Sitzungen<\/li>\n<li>Konzentration auf Aufgaben<\/li>\n<\/ul>\n<h3 data-v-md-heading=\"active-living-\ud83d\udeb6\" data-v-md-line=\"107\"><strong>Aktives Leben<\/strong>\u00a0\ud83d\udeb6<\/h3>\n<ul data-v-md-line=\"108\">\n<li>Wandern im Freien<\/li>\n<li>Sportunterricht<\/li>\n<li>Einkaufsfahrten<\/li>\n<\/ul>\n<h3 data-v-md-heading=\"home-life-\ud83c\udfe0\" data-v-md-line=\"112\"><strong>Leben zu Hause<\/strong>\u00a0\ud83c\udfe0<\/h3>\n<ul data-v-md-line=\"113\">\n<li>Familienabendessen<\/li>\n<li>TV schauen<\/li>\n<li>Ruhiges Lesen<\/li>\n<\/ul>\n<h2 data-v-md-heading=\"why-choose-rechargeable-oem-hearing-aids-https-chinahearingaid-com-rechargeable-hearing-aids\" data-v-md-line=\"118\"><strong>Warum w\u00e4hlen\u00a0<a href=\"https:\/\/chinahearingaid.com\/de\/rechargeable-hearing-aids\/\" target=\"_blank\" rel=\"noopener\">Wiederaufladbare OEM-H\u00f6rger\u00e4te<\/a>?<\/strong><\/h2>\n<h3 data-v-md-heading=\"save-money-\ud83d\udcb0\" data-v-md-line=\"120\"><strong>Geld sparen<\/strong>\u00a0\ud83d\udcb0<\/h3>\n<ul data-v-md-line=\"121\">\n<li>Keine Batteriekosten<\/li>\n<li>Keine Geb\u00fchren f\u00fcr Audiologen<\/li>\n<li>HSA\/FSA-f\u00e4hig<\/li>\n<li>Unter $300!<\/li>\n<\/ul>\n<h3 data-v-md-heading=\"get-support-\ud83e\udd1d\" data-v-md-line=\"126\"><strong>Unterst\u00fctzung erhalten<\/strong>\u00a0\ud83e\udd1d<\/h3>\n<ul data-v-md-line=\"127\">\n<li>24\/7 App-Hilfe<\/li>\n<li>Ferneinstellungen<\/li>\n<li>Kostenloses Reinigungsset<\/li>\n<li>Unterst\u00fctzung auf Lebenszeit<\/li>\n<\/ul>\n<h2 data-v-md-heading=\"order-your-bx360bt-today\" data-v-md-line=\"133\"><strong>Bestellen Sie Ihr BX360BT noch heute!<\/strong><\/h2>\n<h3 data-v-md-heading=\"what-s-included\" data-v-md-line=\"135\"><strong>Was enthalten ist:<\/strong><\/h3>\n<ul data-v-md-line=\"136\">\n<li><strong>2 HdO-H\u00f6rger\u00e4te<\/strong>\u00a0(links &amp; rechts)<\/li>\n<li><strong>Tragbarer Ladekoffer<\/strong><\/li>\n<li><strong>5 Ohrmuschelgr\u00f6\u00dfen<\/strong><\/li>\n<li><strong>Reinigungswerkzeuge<\/strong><\/li>\n<li><strong>Schnellstart-Anleitung<\/strong><\/li>\n<\/ul>\n<h3 data-v-md-heading=\"special-offer\" data-v-md-line=\"142\"><strong>Sonderangebot:<\/strong><\/h3>\n<ul data-v-md-line=\"143\">\n<li><strong>Kostenloser Versand<\/strong><\/li>\n<li><strong>45 Tage Geld zur\u00fcck<\/strong><\/li>\n<li><strong>1 Jahr Garantie<\/strong><\/li>\n<li><strong>Unterst\u00fctzung auf Lebenszeit<\/strong><\/li>\n<\/ul>\n<h2 data-v-md-heading=\"technical-details\" data-v-md-line=\"149\"><strong>Technische Details<\/strong><\/h2>\n\n<table id=\"tablepress-22\" class=\"tablepress tablepress-id-22\">\n<thead>\n<tr class=\"row-1\">\n\t<th class=\"column-1\">Spezifikationen<\/th><th class=\"column-2\">Einzelheiten<\/th>\n<\/tr>\n<\/thead>\n<tbody class=\"row-striping row-hover\">\n<tr class=\"row-2\">\n\t<td class=\"column-1\">Typ<\/td><td class=\"column-2\">Hinter dem Ohr (HdO)<\/td>\n<\/tr>\n<tr class=\"row-3\">\n\t<td class=\"column-1\">Bluetooth<\/td><td class=\"column-2\">Version 5.3<\/td>\n<\/tr>\n<tr class=\"row-4\">\n\t<td class=\"column-1\">Batterie<\/td><td class=\"column-2\">Wiederaufladbare Lithium-Ionen<\/td>\n<\/tr>\n<tr class=\"row-5\">\n\t<td class=\"column-1\">Laufzeit<\/td><td class=\"column-2\">20+ Stunden pro Ladung<\/td>\n<\/tr>\n<tr class=\"row-6\">\n\t<td class=\"column-1\">Gewinnen Sie<\/td><td class=\"column-2\">Bis zu 50 dB<\/td>\n<\/tr>\n<tr class=\"row-7\">\n\t<td class=\"column-1\">Modi<\/td><td class=\"column-2\">4 Umgebungseinstellungen<\/td>\n<\/tr>\n<tr class=\"row-8\">\n\t<td class=\"column-1\">Wasser Bewertung<\/td><td class=\"column-2\">IP-gesch\u00fctzt resistent<\/td>\n<\/tr>\n<tr class=\"row-9\">\n\t<td class=\"column-1\">Gewicht<\/td><td class=\"column-2\">Ultraleichtes Design<\/td>\n<\/tr>\n<\/tbody>\n<\/table>\n<!-- #tablepress-22 from cache -->\n<h2 data-v-md-heading=\"join-thousands-who-hear-better\" data-v-md-line=\"163\"><strong>Schlie\u00dfen Sie sich Tausenden an, die besser h\u00f6ren!<\/strong><\/h2>\n<p data-v-md-line=\"165\">Der\u00a0<strong>BX360BT<\/strong>\u00a0gibt Ihnen:<\/p>\n<ul data-v-md-line=\"166\">\n<li>Klares H\u00f6ren den ganzen Tag<\/li>\n<li>Einfaches Telefonieren<\/li>\n<li>Musik- und TV-Streaming<\/li>\n<li>Bequeme Passform<\/li>\n<li>Intelligente App-Steuerung<\/li>\n<\/ul>\n<p data-v-md-line=\"172\"><strong>Warten Sie nicht!<\/strong>\u00a0Holen Sie sich Ihr\u00a0<strong>Bluetooth-H\u00f6rger\u00e4te Over The Counter OEM<\/strong>\u00a0heute. H\u00f6ren Sie, was Sie verpasst haben!<\/p>\n<h3 data-v-md-heading=\"\ud83d\udc42-order-now-limited-stock-available\" data-v-md-line=\"174\"><strong>\ud83d\udc42 Jetzt bestellen - Begrenzter Vorrat verf\u00fcgbar!<\/strong><\/h3>\n<p data-v-md-line=\"176\"><em>FDA-registriert. HSA\/FSA-f\u00e4hig. 45 Tage Probezeit. Kostenloser Versand.<\/em><\/p>","protected":false},"excerpt":{"rendered":"<p>Haben Sie Probleme mit dem H\u00f6ren? Die BX360BT Bluetooth-H\u00f6rger\u00e4te helfen Ihnen, wieder klar zu h\u00f6ren - rezeptfrei und ohne Arztbesuch! Streamen Sie Anrufe und Musik von iPhone\/Android \u00fcber BT 5.3. Genie\u00dfen Sie eine lange Akkulaufzeit von 20+ Stunden (60+ mit Etui). Die intelligente AI-Rauschunterdr\u00fcckung reduziert Hintergrundger\u00e4usche um 50 dB. Die mobile App steuert 4 Sound-Modi (Indoor, Outdoor, TV, Musik) und Tinnitus-Maskierung. Bequemes, wasserfestes HdO-Design. FDA-registriert, HSA\/FSA. 1 Jahr Garantie. H\u00f6ren Sie besser!<\/p>","protected":false},"featured_media":3126,"template":"","meta":{"_kad_post_transparent":"default","_kad_post_title":"","_kad_post_layout":"default","_kad_post_sidebar_id":"","_kad_post_content_style":"default","_kad_post_vertical_padding":"default","_kad_post_feature":"","_kad_post_feature_position":"","_kad_post_header":false,"_kad_post_footer":false,"_kad_post_classname":""},"product_brand":[],"product_cat":[15,564,544,559,563],"product_tag":[711,709,710],"class_list":{"0":"post-2307","1":"product","2":"type-product","3":"status-publish","4":"has-post-thumbnail","6":"product_cat-hearing-aid-by-types","7":"product_cat-bluetooth-hearing-aids","8":"product_cat-bte-hearing-aids","9":"product_cat-hearing-aid-by-features","10":"product_cat-rechargeable-hearing-aids","11":"product_tag-bluetooth-hearing-aids-over-the-counter-oem","12":"product_tag-hearing-aids-bte-oem","13":"product_tag-rechargeable-oem-hearing-aids","15":"first","16":"instock","17":"shipping-taxable","18":"product-type-simple","19":"entry","20":"content-bg","21":"loop-entry"},"_links":{"self":[{"href":"https:\/\/chinahearingaid.com\/de\/wp-json\/wp\/v2\/product\/2307","targetHints":{"allow":["GET"]}}],"collection":[{"href":"https:\/\/chinahearingaid.com\/de\/wp-json\/wp\/v2\/product"}],"about":[{"href":"https:\/\/chinahearingaid.com\/de\/wp-json\/wp\/v2\/types\/product"}],"wp:featuredmedia":[{"embeddable":true,"href":"https:\/\/chinahearingaid.com\/de\/wp-json\/wp\/v2\/media\/3126"}],"wp:attachment":[{"href":"https:\/\/chinahearingaid.com\/de\/wp-json\/wp\/v2\/media?parent=2307"}],"wp:term":[{"taxonomy":"product_brand","embeddable":true,"href":"https:\/\/chinahearingaid.com\/de\/wp-json\/wp\/v2\/product_brand?post=2307"},{"taxonomy":"product_cat","embeddable":true,"href":"https:\/\/chinahearingaid.com\/de\/wp-json\/wp\/v2\/product_cat?post=2307"},{"taxonomy":"product_tag","embeddable":true,"href":"https:\/\/chinahearingaid.com\/de\/wp-json\/wp\/v2\/product_tag?post=2307"}],"curies":[{"name":"wp","href":"https:\/\/api.w.org\/{rel}","templated":true}]}}