{"id":2309,"date":"2025-05-23T02:47:00","date_gmt":"2025-05-23T02:47:00","guid":{"rendered":"https:\/\/chinahearingaid.com\/?post_type=product&#038;p=2309"},"modified":"2025-06-12T13:37:50","modified_gmt":"2025-06-12T13:37:50","slug":"bx04-low-cost-rechargeable-hearing-aids-bluetooth-bte-maker","status":"publish","type":"product","link":"https:\/\/chinahearingaid.com\/de\/bx04-low-cost-rechargeable-hearing-aids-bluetooth-bte-maker\/","title":{"rendered":"BX04 Preiswerte wiederaufladbare H\u00f6rger\u00e4te Bluetooth HdO-Hersteller"},"content":{"rendered":"<h2 data-v-md-heading=\"easy-hearing-help\" data-v-md-line=\"5\"><strong>Einfache H\u00f6rhilfe<\/strong><\/h2>\n<ul data-v-md-line=\"7\">\n<li><strong>Hersteller von HdO-H\u00f6rger\u00e4ten<\/strong>\u00a0macht BX04.<\/li>\n<li><strong>Kosteng\u00fcnstiger Hersteller von wiederaufladbaren H\u00f6rger\u00e4ten<\/strong>\u00a0bedeutet, dass Sie Geld sparen.<\/li>\n<li><strong>Hersteller von Bluetooth-H\u00f6rger\u00e4ten<\/strong>\u00a0bedeutet, dass Sie Ihr Telefon benutzen k\u00f6nnen.<\/li>\n<\/ul>\n<h2 data-v-md-heading=\"why-pick-bx04\" data-v-md-line=\"14\"><strong>Warum BX04?<\/strong><\/h2>\n<p data-v-md-line=\"16\"><strong>BX04 HdO-H\u00f6rger\u00e4thersteller<\/strong>\u00a0ist f\u00fcr Sie da!<br \/>\n<strong>Kosteng\u00fcnstiger Hersteller von wiederaufladbaren H\u00f6rger\u00e4ten<\/strong>\u00a0ist gut und einfach.<br \/>\n<strong>Hersteller von Bluetooth-H\u00f6rger\u00e4ten<\/strong>\u00a0k\u00f6nnen Sie telefonieren, fernsehen und Musik h\u00f6ren.<\/p>\n<h2 data-v-md-heading=\"what-is-special\" data-v-md-line=\"23\"><strong>Was ist das Besondere?<\/strong><\/h2>\n<p data-v-md-line=\"25\"><strong>BX04 H\u00f6rger\u00e4t<\/strong>\u00a0wird von den Besten gemacht\u00a0<strong>Hersteller von HdO-H\u00f6rger\u00e4ten<\/strong>.<br \/>\nEs ist ein\u00a0<strong>Kosteng\u00fcnstiger Hersteller von wiederaufladbaren H\u00f6rger\u00e4ten<\/strong>\u00a0Produkt.<br \/>\nEs ist ein\u00a0<strong>Hersteller von Bluetooth-H\u00f6rger\u00e4ten<\/strong>\u00a0Ger\u00e4t.<\/p>\n<h3 data-v-md-heading=\"product-table\" data-v-md-line=\"32\"><strong>Produkt-Tabelle<\/strong><\/h3>\n\n<table id=\"tablepress-16\" class=\"tablepress tablepress-id-16\">\n<thead>\n<tr class=\"row-1\">\n\t<th class=\"column-1\">Name<\/th><th class=\"column-2\">BX04 von BTE-H\u00f6rger\u00e4tehersteller<\/th>\n<\/tr>\n<\/thead>\n<tbody class=\"row-striping row-hover\">\n<tr class=\"row-2\">\n\t<td class=\"column-1\">Batterie<\/td><td class=\"column-2\">Wiederaufladbar, 20+ Stunden<\/td>\n<\/tr>\n<tr class=\"row-3\">\n\t<td class=\"column-1\">Laden Sie<\/td><td class=\"column-2\">USB-Schnellladung<\/td>\n<\/tr>\n<tr class=\"row-4\">\n\t<td class=\"column-1\">Bluetooth<\/td><td class=\"column-2\">Ja, f\u00fcr Anrufe und Musik<\/td>\n<\/tr>\n<tr class=\"row-5\">\n\t<td class=\"column-1\">Gewicht<\/td><td class=\"column-2\">3,5g leicht<\/td>\n<\/tr>\n<tr class=\"row-6\">\n\t<td class=\"column-1\">Wasserbest\u00e4ndig<\/td><td class=\"column-2\">Ja (IPX4)<\/td>\n<\/tr>\n<tr class=\"row-7\">\n\t<td class=\"column-1\">Unterst\u00fctzung bei H\u00f6rverlust<\/td><td class=\"column-2\">Mild bis schwer<\/td>\n<\/tr>\n<tr class=\"row-8\">\n\t<td class=\"column-1\">Einstellungen<\/td><td class=\"column-2\">Einfache Anpassung der App<\/td>\n<\/tr>\n<tr class=\"row-9\">\n\t<td class=\"column-1\">Garantie<\/td><td class=\"column-2\">1 Jahr<\/td>\n<\/tr>\n<tr class=\"row-10\">\n\t<td class=\"column-1\">Zertifizierungen<\/td><td class=\"column-2\">CE, FCC, RoHS<\/td>\n<\/tr>\n<\/tbody>\n<\/table>\n<!-- #tablepress-16 from cache -->\n<h2 data-v-md-heading=\"bright-features\" data-v-md-line=\"49\"><strong>Helle Eigenschaften!<\/strong><\/h2>\n<ul data-v-md-line=\"51\">\n<li><strong>Geringe Kosten<\/strong><\/li>\n<li><strong>Wiederaufladbar<\/strong><\/li>\n<li><strong>Bluetooth<\/strong><\/li>\n<li><strong>Leicht<\/strong><\/li>\n<li><strong>App-Steuerung<\/strong><\/li>\n<li><strong>Wasserdicht<\/strong><\/li>\n<li><strong>F\u00fcr alle Altersgruppen<\/strong><\/li>\n<li><strong>Bequem<\/strong><\/li>\n<\/ul>\n<h2 data-v-md-heading=\"where-to-use-bx04\" data-v-md-line=\"68\"><strong>Wo wird BX04 verwendet?<\/strong><\/h2>\n<ul data-v-md-line=\"70\">\n<li><strong>Schule<\/strong><\/li>\n<li><strong>Heim<\/strong><\/li>\n<li><strong>Park<\/strong><\/li>\n<li><strong>Gespr\u00e4che mit Freunden<\/strong><\/li>\n<li><strong>Fernsehen gucken<\/strong><\/li>\n<li><strong>Am Telefon<\/strong><\/li>\n<li><strong>Musik Zeit<\/strong><\/li>\n<\/ul>\n<h2 data-v-md-heading=\"compare-table\" data-v-md-line=\"81\"><strong>Tabelle vergleichen<\/strong><\/h2>\n\n<table id=\"tablepress-17\" class=\"tablepress tablepress-id-17\">\n<thead>\n<tr class=\"row-1\">\n\t<th class=\"column-1\">Besonderheit<\/th><th class=\"column-2\">BX04<\/th><th class=\"column-3\">Andere<\/th>\n<\/tr>\n<\/thead>\n<tbody class=\"row-striping row-hover\">\n<tr class=\"row-2\">\n\t<td class=\"column-1\">Kosten<\/td><td class=\"column-2\">Niedrig<\/td><td class=\"column-3\">Hoch<\/td>\n<\/tr>\n<tr class=\"row-3\">\n\t<td class=\"column-1\">Batterie<\/td><td class=\"column-2\">Wiederaufladbar<\/td><td class=\"column-3\">Einmaliger Gebrauch<\/td>\n<\/tr>\n<tr class=\"row-4\">\n\t<td class=\"column-1\">Bluetooth<\/td><td class=\"column-2\">Ja<\/td><td class=\"column-3\">NEIN<\/td>\n<\/tr>\n<tr class=\"row-5\">\n\t<td class=\"column-1\">Kontrolliert<\/td><td class=\"column-2\">App, Schaltfl\u00e4che<\/td><td class=\"column-3\">Hart<\/td>\n<\/tr>\n<tr class=\"row-6\">\n\t<td class=\"column-1\">Gewicht<\/td><td class=\"column-2\">Licht<\/td><td class=\"column-3\">Schwer<\/td>\n<\/tr>\n<\/tbody>\n<\/table>\n<!-- #tablepress-17 from cache -->\n<h2 data-v-md-heading=\"more-info-internal-links\" data-v-md-line=\"94\"><strong>Weitere Informationen - Interne Links<\/strong><\/h2>\n<ul data-v-md-line=\"96\">\n<li>Alle sehen\u00a0<strong><a href=\"https:\/\/chinahearingaid.com\/de\/bte-hearing-aids\/\" target=\"_blank\" rel=\"noopener\">HdO-H\u00f6rger\u00e4te hier<\/a><\/strong>.<\/li>\n<li>Testen Sie unsere\u00a0<a href=\"https:\/\/chinahearingaid.com\/de\/bluetooth-hearing-aids\/\" target=\"_blank\" rel=\"noopener\">Bluetooth-H\u00f6rger\u00e4te<\/a>\u00a0f\u00fcr weitere drahtlose Hilfe.<\/li>\n<li>finden.\u00a0<a href=\"https:\/\/chinahearingaid.com\/de\/rechargeable-hearing-aids\/\" target=\"_blank\" rel=\"noopener\">Wiederaufladbare H\u00f6rger\u00e4te<\/a>\u00a0f\u00fcr einfaches Aufladen.<\/li>\n<\/ul>\n<h2 data-v-md-heading=\"faq\" data-v-md-line=\"103\"><strong>FAQ<\/strong><\/h2>\n<p data-v-md-line=\"105\">Wer stellt BX04 her?<br \/>\n<strong>Hersteller von HdO-H\u00f6rger\u00e4ten, Hersteller von preiswerten wiederaufladbaren H\u00f6rger\u00e4ten, Hersteller von Bluetooth-H\u00f6rger\u00e4ten<\/strong>.<\/p>\n<p data-v-md-line=\"108\">Ist es einfach zu bedienen?<br \/>\nJa! Einfach aufsetzen und los.<\/p>\n<p data-v-md-line=\"111\">Hilft es bei der Musik?<br \/>\nJa! Sie k\u00f6nnen mit Bluetooth Musik h\u00f6ren.<\/p>\n<h2 data-v-md-heading=\"order-bx04-today\" data-v-md-line=\"117\"><strong>Bestellen Sie BX04 noch heute!<\/strong><\/h2>\n<p data-v-md-line=\"119\"><strong>Hersteller von HdO-H\u00f6rger\u00e4ten<\/strong>\u00a0gibt Ihnen :<\/p>\n<ul data-v-md-line=\"121\">\n<li>Bester Preis<\/li>\n<li>Intelligente Funktionen<\/li>\n<li>Bluetooth-Spa\u00df<\/li>\n<li>Wiederaufladbar f\u00fcr ganzt\u00e4gigen Gebrauch<\/li>\n<li>Einfach f\u00fcr jedermann<\/li>\n<\/ul>","protected":false},"excerpt":{"rendered":"<p class=\"ng-star-inserted\"><span class=\"ng-star-inserted\">Einfache H\u00f6rhilfe! Das BX04 von BTE Hearing Aids Maker ist Ihre kosteng\u00fcnstige, wiederaufladbare L\u00f6sung. Genie\u00dfen Sie Bluetooth f\u00fcr Anrufe, Musik und Fernsehen. Leicht (3,5 g), wasserdicht nach IPX4 und App-gesteuert f\u00fcr einfache Anpassungen. Erleben Sie mehr als 20 Stunden klaren Klang bei leichtem bis hochgradigem H\u00f6rverlust. Sparen Sie Geld und h\u00f6ren Sie \u00fcberall besser. Bestellen Sie BX04 f\u00fcr intelligente Funktionen und ganzt\u00e4gigen Gebrauch!<\/span><\/p>","protected":false},"featured_media":3162,"template":"","meta":{"_kad_post_transparent":"default","_kad_post_title":"","_kad_post_layout":"default","_kad_post_sidebar_id":"","_kad_post_content_style":"default","_kad_post_vertical_padding":"default","_kad_post_feature":"","_kad_post_feature_position":"","_kad_post_header":false,"_kad_post_footer":false,"_kad_post_classname":""},"product_brand":[],"product_cat":[15,564,544,559,563],"product_tag":[717,715,716],"class_list":{"0":"post-2309","1":"product","2":"type-product","3":"status-publish","4":"has-post-thumbnail","6":"product_cat-hearing-aid-by-types","7":"product_cat-bluetooth-hearing-aids","8":"product_cat-bte-hearing-aids","9":"product_cat-hearing-aid-by-features","10":"product_cat-rechargeable-hearing-aids","11":"product_tag-bluetooth-hearing-aids-maker","12":"product_tag-bte-hearing-aids-maker","13":"product_tag-low-cost-rechargeable-hearing-aids-maker","15":"first","16":"instock","17":"shipping-taxable","18":"product-type-simple","19":"entry","20":"content-bg","21":"loop-entry"},"_links":{"self":[{"href":"https:\/\/chinahearingaid.com\/de\/wp-json\/wp\/v2\/product\/2309","targetHints":{"allow":["GET"]}}],"collection":[{"href":"https:\/\/chinahearingaid.com\/de\/wp-json\/wp\/v2\/product"}],"about":[{"href":"https:\/\/chinahearingaid.com\/de\/wp-json\/wp\/v2\/types\/product"}],"wp:featuredmedia":[{"embeddable":true,"href":"https:\/\/chinahearingaid.com\/de\/wp-json\/wp\/v2\/media\/3162"}],"wp:attachment":[{"href":"https:\/\/chinahearingaid.com\/de\/wp-json\/wp\/v2\/media?parent=2309"}],"wp:term":[{"taxonomy":"product_brand","embeddable":true,"href":"https:\/\/chinahearingaid.com\/de\/wp-json\/wp\/v2\/product_brand?post=2309"},{"taxonomy":"product_cat","embeddable":true,"href":"https:\/\/chinahearingaid.com\/de\/wp-json\/wp\/v2\/product_cat?post=2309"},{"taxonomy":"product_tag","embeddable":true,"href":"https:\/\/chinahearingaid.com\/de\/wp-json\/wp\/v2\/product_tag?post=2309"}],"curies":[{"name":"wp","href":"https:\/\/api.w.org\/{rel}","templated":true}]}}