{"id":2310,"date":"2025-05-23T02:47:48","date_gmt":"2025-05-23T02:47:48","guid":{"rendered":"https:\/\/chinahearingaid.com\/?post_type=product&#038;p=2310"},"modified":"2025-06-12T11:55:43","modified_gmt":"2025-06-12T11:55:43","slug":"bx360-mini-rechargeable-digital-bte-hearing-aids-solutions","status":"publish","type":"product","link":"https:\/\/chinahearingaid.com\/de\/bx360-mini-rechargeable-digital-bte-hearing-aids-solutions\/","title":{"rendered":"BX360 Mini Wiederaufladbare digitale HdO-H\u00f6rger\u00e4te L\u00f6sungen"},"content":{"rendered":"<h2 data-v-md-heading=\"what-are-mini-bte-hearing-aids-solutions\" data-v-md-line=\"7\"><strong>Was sind Mini-HdO-H\u00f6rger\u00e4tel\u00f6sungen?<\/strong><\/h2>\n<p data-v-md-line=\"9\">Mini-HdO-H\u00f6rger\u00e4te Solutions sind klein. Sie passen hinter Ihr Ohr. Das Kabel wird direkt in Ihr Ohr eingef\u00fchrt. Sie helfen Ihnen, Familie, Freunde und Fernsehen besser zu h\u00f6ren. Diese digitalen H\u00f6rger\u00e4tel\u00f6sungen verwenden den neuen digitalen Klang. Sie sind einfach zu tragen und k\u00f6nnen den ganzen Tag \u00fcber verwendet werden.<\/p>\n<h2 data-v-md-heading=\"why-choose-bx360-mini-bte-hearing-aids\" data-v-md-line=\"12\"><strong>Warum sollten Sie sich f\u00fcr BX360 Mini HdO-H\u00f6rger\u00e4te entscheiden?<\/strong><\/h2>\n<ul data-v-md-line=\"14\">\n<li><strong>Klein und leicht<\/strong><\/li>\n<li><strong>Leicht zu verstecken<\/strong><\/li>\n<li><strong>Starker Klang<\/strong><\/li>\n<li><strong>Wiederaufladbare H\u00f6rger\u00e4te L\u00f6sungen<\/strong><\/li>\n<li><strong>Einfache Tasten<\/strong><\/li>\n<li><strong>Sicherer digitaler Ton<\/strong><\/li>\n<li><strong>Gut f\u00fcr \u00e4ltere Menschen<\/strong><\/li>\n<li><strong>Digitale H\u00f6rger\u00e4tel\u00f6sungen, denen Tausende vertrauen<\/strong><\/li>\n<\/ul>\n<h2 data-v-md-heading=\"product-features-table\" data-v-md-line=\"24\"><strong>Produktmerkmale Tabelle<\/strong><\/h2>\n\n<table id=\"tablepress-15\" class=\"tablepress tablepress-id-15\">\n<thead>\n<tr class=\"row-1\">\n\t<th class=\"column-1\">Besonderheit<\/th><th class=\"column-2\">BX360 Mini-HdO-H\u00f6rger\u00e4te L\u00f6sungen<\/th>\n<\/tr>\n<\/thead>\n<tbody class=\"row-striping row-hover\">\n<tr class=\"row-2\">\n\t<td class=\"column-1\">Typ<\/td><td class=\"column-2\">Digitale HdO-H\u00f6rger\u00e4te, wiederaufladbare H\u00f6rger\u00e4tel\u00f6sungen<\/td>\n<\/tr>\n<tr class=\"row-3\">\n\t<td class=\"column-1\">Gr\u00f6\u00dfe<\/td><td class=\"column-2\">Mini, leicht, einfach zu verstecken<\/td>\n<\/tr>\n<tr class=\"row-4\">\n\t<td class=\"column-1\">Fit<\/td><td class=\"column-2\">Verstellbarer Ohrb\u00fcgel, passt f\u00fcr die meisten Ohren<\/td>\n<\/tr>\n<tr class=\"row-5\">\n\t<td class=\"column-1\">Leistung<\/td><td class=\"column-2\">Wiederaufladbarer Akku, bis zu 24 Stunden pro Ladung<\/td>\n<\/tr>\n<tr class=\"row-6\">\n\t<td class=\"column-1\">Klang<\/td><td class=\"column-2\">Digitale Rauschunterdr\u00fcckung, Klangregelung, Sprachverst\u00e4rkung<\/td>\n<\/tr>\n<tr class=\"row-7\">\n\t<td class=\"column-1\">Operation<\/td><td class=\"column-2\">Einfacher Gebrauch mit einem Knopfdruck<\/td>\n<\/tr>\n<tr class=\"row-8\">\n\t<td class=\"column-1\">F\u00fcr wen<\/td><td class=\"column-2\">Gut f\u00fcr \u00e4ltere Menschen mit leichtem bis mittlerem H\u00f6rverlust<\/td>\n<\/tr>\n<tr class=\"row-9\">\n\t<td class=\"column-1\">Komfort<\/td><td class=\"column-2\">Weiche Spitzen, keine Schmerzen im Ohr, gut f\u00fcr den ganzt\u00e4gigen Gebrauch<\/td>\n<\/tr>\n<tr class=\"row-10\">\n\t<td class=\"column-1\">Zubeh\u00f6r<\/td><td class=\"column-2\">Ladebox, Reinigungsset, 4 Ohrst\u00f6psel, Handbuch<\/td>\n<\/tr>\n<\/tbody>\n<\/table>\n<!-- #tablepress-15 from cache -->\n<h2 data-v-md-heading=\"what-can-you-do-with-bx360-digital-hearing-aids-solutions\" data-v-md-line=\"39\"><strong>Was k\u00f6nnen Sie mit BX360 Digital Hearing Aids Solutions tun?<\/strong><\/h2>\n<ul data-v-md-line=\"41\">\n<li>H\u00f6re die V\u00f6gel<\/li>\n<li>TV anschauen<\/li>\n<li>Gespr\u00e4che beim Familienessen<\/li>\n<li>Telefonieren Sie<\/li>\n<li>Nach drau\u00dfen gehen und sichere Ger\u00e4usche h\u00f6ren<\/li>\n<li>Freunden in der Schule oder bei der Arbeit zuh\u00f6ren<\/li>\n<\/ul>\n<h2 data-v-md-heading=\"why-rechargeable-hearing-aids-solutions\" data-v-md-line=\"51\"><strong>Warum wiederaufladbare H\u00f6rger\u00e4tel\u00f6sungen?<\/strong><\/h2>\n<ul data-v-md-line=\"53\">\n<li>Keine kleinen Batterien mehr kaufen<\/li>\n<li>Freundlich zur Erde<\/li>\n<li>Langfristig Geld sparen<\/li>\n<li>Mit Schnellladung den ganzen Tag einsatzbereit<\/li>\n<li>Verwendung zu Hause, beim Einkaufen oder auf Reisen<\/li>\n<\/ul>\n<h2 data-v-md-heading=\"safe-for-everyone\" data-v-md-line=\"60\"><strong>Sicher f\u00fcr alle<\/strong><\/h2>\n<p data-v-md-line=\"62\">Mini-HdO-H\u00f6rger\u00e4tel\u00f6sungen werden auf Sicherheit und Komfort gepr\u00fcft. Diese digitalen H\u00f6rger\u00e4tel\u00f6sungen haben weiche, leicht zu reinigende Spitzen. Sicher f\u00fcr alte und junge Menschen.<\/p>\n<h2 data-v-md-heading=\"real-people-happy-ears\" data-v-md-line=\"65\"><strong>Echte Menschen, gl\u00fcckliche Ohren<\/strong><\/h2>\n<blockquote data-v-md-line=\"67\">\n<p data-v-md-line=\"67\">\"Diese H\u00f6rger\u00e4te sind so einfach! Mein Opa benutzt sie jeden Tag. Jetzt lacht er wieder bei Tisch.\"<br \/>\n- Emma, 10 Jahre<\/p>\n<\/blockquote>\n<h2 data-v-md-heading=\"learn-about-more-hearing-aids\" data-v-md-line=\"72\"><strong>Erfahren Sie mehr \u00fcber H\u00f6rger\u00e4te<\/strong><\/h2>\n<ul data-v-md-line=\"74\">\n<li><a href=\"https:\/\/chinahearingaid.com\/de\/bte-hearing-aids\/\" target=\"_blank\" rel=\"noopener\">Alle HdO-H\u00f6rger\u00e4te f\u00fcr alle Altersgruppen anzeigen<\/a><\/li>\n<li><a href=\"https:\/\/chinahearingaid.com\/de\/digital-hearing-aids\/\" target=\"_blank\" rel=\"noopener\">Alle digitalen H\u00f6rger\u00e4te erkunden<\/a><\/li>\n<li><a href=\"https:\/\/chinahearingaid.com\/de\/rechargeable-hearing-aids\/\" target=\"_blank\" rel=\"noopener\">Wiederaufladbare H\u00f6rger\u00e4te zum besten Preis kaufen<\/a><\/li>\n<li><a href=\"https:\/\/chinahearingaid.com\/de\/bx360-mini-rechargeable-digital-bte-hearing-aids-solutions\/\" target=\"_blank\" rel=\"noopener\">Jetzt Mini-HdO-H\u00f6rger\u00e4tel\u00f6sungen finden<\/a><\/li>\n<\/ul>\n<h2 data-v-md-heading=\"questions-and-answers\" data-v-md-line=\"80\"><strong>Fragen und Antworten<\/strong><\/h2>\n<p data-v-md-line=\"82\">Kann ein Kind es benutzen?<br \/>\nJa, diese Mini-HdO-H\u00f6rger\u00e4tel\u00f6sungen sind f\u00fcr die meisten Altersgruppen geeignet.<\/p>\n<p>Passt er f\u00fcr gro\u00dfe und kleine Ohren?<br \/>\nJa, er wird mit Spitzen f\u00fcr alle Ohren geliefert.<\/p>\n<p>Wie kann ich sie reinigen?<br \/>\nVerwenden Sie die B\u00fcrste in der Schachtel. Vorsichtig abwischen.<\/p>\n<p>Was ist, wenn es mir nicht gef\u00e4llt?<br \/>\n45 Tage R\u00fcckgabegarantie. 1 Jahr Garantie.<\/p>\n<h2 data-v-md-heading=\"ready-to-hear-more\" data-v-md-line=\"92\"><strong>Wollen Sie mehr h\u00f6ren?<\/strong><\/h2>\n<p data-v-md-line=\"94\">Holen Sie sich Ihre BX360 Mini HdO-H\u00f6rger\u00e4tel\u00f6sungen noch heute!<br \/>\nTesten Sie jetzt diese digitalen H\u00f6rger\u00e4te und wiederaufladbaren H\u00f6rger\u00e4te.<\/p>\n<p data-v-md-line=\"97\">Sie werden begeistert sein, wie einfach es zu h\u00f6ren ist.<\/p>","protected":false},"excerpt":{"rendered":"<p class=\"ng-star-inserted\"><span class=\"ng-star-inserted\">Mini-HdO-H\u00f6rger\u00e4te: kleine, diskrete Hinter-dem-Ohr-Ger\u00e4te f\u00fcr klareres H\u00f6ren. Genie\u00dfen Sie Gespr\u00e4che, Fernsehen und die Kl\u00e4nge des Lebens mit digitaler Technologie. Das BX360 ist leicht, wiederaufladbar (24 Stunden Betriebsdauer) und einfach zu bedienen. Die digitale Rauschunterdr\u00fcckung sorgt f\u00fcr einen klaren Klang. Ideal f\u00fcr leichte bis mittelschwere H\u00f6rverluste und Senioren. Bequemer Tragekomfort den ganzen Tag. 45 Tage R\u00fcckgaberecht, 1 Jahr Garantie. H\u00f6ren Sie besser!<\/span><\/p>","protected":false},"featured_media":3141,"template":"","meta":{"_kad_post_transparent":"default","_kad_post_title":"","_kad_post_layout":"default","_kad_post_sidebar_id":"","_kad_post_content_style":"default","_kad_post_vertical_padding":"default","_kad_post_feature":"","_kad_post_feature_position":"","_kad_post_header":false,"_kad_post_footer":false,"_kad_post_classname":""},"product_brand":[],"product_cat":[15,544,561,559,563],"product_tag":[719,718,720],"class_list":{"0":"post-2310","1":"product","2":"type-product","3":"status-publish","4":"has-post-thumbnail","6":"product_cat-hearing-aid-by-types","7":"product_cat-bte-hearing-aids","8":"product_cat-digital-hearing-aids","9":"product_cat-hearing-aid-by-features","10":"product_cat-rechargeable-hearing-aids","11":"product_tag-digital-hearing-aids-solutions","12":"product_tag-mini-bte-hearing-aids-solutions","13":"product_tag-rechargeable-hearing-aids-solutions","15":"first","16":"instock","17":"shipping-taxable","18":"product-type-simple","19":"entry","20":"content-bg","21":"loop-entry"},"_links":{"self":[{"href":"https:\/\/chinahearingaid.com\/de\/wp-json\/wp\/v2\/product\/2310","targetHints":{"allow":["GET"]}}],"collection":[{"href":"https:\/\/chinahearingaid.com\/de\/wp-json\/wp\/v2\/product"}],"about":[{"href":"https:\/\/chinahearingaid.com\/de\/wp-json\/wp\/v2\/types\/product"}],"wp:featuredmedia":[{"embeddable":true,"href":"https:\/\/chinahearingaid.com\/de\/wp-json\/wp\/v2\/media\/3141"}],"wp:attachment":[{"href":"https:\/\/chinahearingaid.com\/de\/wp-json\/wp\/v2\/media?parent=2310"}],"wp:term":[{"taxonomy":"product_brand","embeddable":true,"href":"https:\/\/chinahearingaid.com\/de\/wp-json\/wp\/v2\/product_brand?post=2310"},{"taxonomy":"product_cat","embeddable":true,"href":"https:\/\/chinahearingaid.com\/de\/wp-json\/wp\/v2\/product_cat?post=2310"},{"taxonomy":"product_tag","embeddable":true,"href":"https:\/\/chinahearingaid.com\/de\/wp-json\/wp\/v2\/product_tag?post=2310"}],"curies":[{"name":"wp","href":"https:\/\/api.w.org\/{rel}","templated":true}]}}