{"id":2314,"date":"2025-05-23T02:54:34","date_gmt":"2025-05-23T02:54:34","guid":{"rendered":"https:\/\/chinahearingaid.com\/?post_type=product&#038;p=2314"},"modified":"2025-06-12T10:35:10","modified_gmt":"2025-06-12T10:35:10","slug":"z04-bte-inexpensive-rechargeable-hearing-aids-wholesale","status":"publish","type":"product","link":"https:\/\/chinahearingaid.com\/de\/z04-bte-inexpensive-rechargeable-hearing-aids-wholesale\/","title":{"rendered":"Z04 BTE Preiswerte wiederaufladbare H\u00f6rger\u00e4te Gro\u00dfhandel"},"content":{"rendered":"<h2 data-v-md-heading=\"product-highlights\" data-v-md-line=\"7\">Produkt-Highlights<\/h2>\n\n<table id=\"tablepress-9\" class=\"tablepress tablepress-id-9\">\n<thead>\n<tr class=\"row-1\">\n\t<th class=\"column-1\">Besonderheit<\/th><th class=\"column-2\">Beschreibung<\/th>\n<\/tr>\n<\/thead>\n<tbody class=\"row-striping row-hover\">\n<tr class=\"row-2\">\n\t<td class=\"column-1\">Typ<\/td><td class=\"column-2\">HdO-H\u00f6rger\u00e4te-Gro\u00dfhandel<\/td>\n<\/tr>\n<tr class=\"row-3\">\n\t<td class=\"column-1\">Leistung<\/td><td class=\"column-2\">Wiederaufladbare Batterie, h\u00e4lt bis zu 60 Stunden pro voller Ladung<\/td>\n<\/tr>\n<tr class=\"row-4\">\n\t<td class=\"column-1\">Fit<\/td><td class=\"column-2\">Sitzt hinter dem Ohr, bequem f\u00fcr langen Gebrauch<\/td>\n<\/tr>\n<tr class=\"row-5\">\n\t<td class=\"column-1\">Rauschunterdr\u00fcckung<\/td><td class=\"column-2\">Ja, filtert Hintergrundger\u00e4usche<\/td>\n<\/tr>\n<tr class=\"row-6\">\n\t<td class=\"column-1\">Lautst\u00e4rkeregelung<\/td><td class=\"column-2\">Einfache Lautst\u00e4rkeregelung, einfach dr\u00fccken<\/td>\n<\/tr>\n<tr class=\"row-7\">\n\t<td class=\"column-1\">Ladeger\u00e4t<\/td><td class=\"column-2\">USB-Tasche zum Aufladen \u00fcberall<\/td>\n<\/tr>\n<tr class=\"row-8\">\n\t<td class=\"column-1\">Farboptionen<\/td><td class=\"column-2\">Beige oder kundenspezifisch OEM<\/td>\n<\/tr>\n<tr class=\"row-9\">\n\t<td class=\"column-1\">Zertifizierung<\/td><td class=\"column-2\">FDA, CE, ISO13485, ROHS<\/td>\n<\/tr>\n<tr class=\"row-10\">\n\t<td class=\"column-1\">Garantie<\/td><td class=\"column-2\">1 Jahr Standard-Garantie<\/td>\n<\/tr>\n<tr class=\"row-11\">\n\t<td class=\"column-1\">Paket<\/td><td class=\"column-2\">Verkaufsfertige Box, inklusive aller Werkzeuge<\/td>\n<\/tr>\n<tr class=\"row-12\">\n\t<td class=\"column-1\">MOQ<\/td><td class=\"column-2\">Nur Gro\u00dfbestellung\/Gro\u00dfhandel<\/td>\n<\/tr>\n<\/tbody>\n<\/table>\n<!-- #tablepress-9 from cache -->\n<h2 data-v-md-heading=\"why-pick-z04\" data-v-md-line=\"25\">Warum die Z04?<\/h2>\n<p data-v-md-line=\"27\"><strong>Einfach zu benutzen:<\/strong><br \/>\nJeder kann sie benutzen! Setzen Sie die HdO-H\u00f6rger\u00e4te einfach hinter Ihr Ohr, stellen Sie die Lautst\u00e4rke ein, und los geht's. Keine umst\u00e4ndlichen Einstellungen.<\/p>\n<p data-v-md-line=\"30\"><strong>All-Day Power:<\/strong><br \/>\nDie preiswerten wiederaufladbaren H\u00f6rger\u00e4te f\u00fcr den Gro\u00dfhandel laden sich schnell auf und halten den ganzen Tag (und noch mehr!) - perfekt f\u00fcr Arbeit, Spiel und Schlaf.<\/p>\n<p data-v-md-line=\"33\"><strong>Klarer Klang:<\/strong><br \/>\nHervorragend geeignet f\u00fcr Gespr\u00e4che mit Menschen, zum Fernsehen oder an lauten Orten. Genie\u00dfen Sie jedes Wort, jeden Tag.<\/p>\n<p data-v-md-line=\"36\"><strong>Gro\u00dfe Ersparnisse:<\/strong><br \/>\nKaufen Sie HdO-H\u00f6rger\u00e4te im Gro\u00dfhandel direkt und sparen Sie. Perfekt f\u00fcr Pflegeheime, Kliniken oder f\u00fcr den Familiengebrauch.<\/p>\n<p data-v-md-line=\"39\"><strong>Zertifiziert sicher:<\/strong><br \/>\nGetestet und genehmigt von globalen Gesundheitsbeh\u00f6rden - kaufen Sie mit ruhigem Gewissen.<\/p>\n<h2 data-v-md-heading=\"simple-use-table\" data-v-md-line=\"43\">Tabelle zur einfachen Verwendung<\/h2>\n\n<table id=\"tablepress-8\" class=\"tablepress tablepress-id-8\">\n<thead>\n<tr class=\"row-1\">\n\t<th class=\"column-1\">Besonderheit<\/th><th class=\"column-2\">Beschreibung<\/th>\n<\/tr>\n<\/thead>\n<tbody class=\"row-striping row-hover\">\n<tr class=\"row-2\">\n\t<td class=\"column-1\">Typ<\/td><td class=\"column-2\">HdO-H\u00f6rger\u00e4te-Gro\u00dfhandel<\/td>\n<\/tr>\n<tr class=\"row-3\">\n\t<td class=\"column-1\">Leistung<\/td><td class=\"column-2\">Wiederaufladbare Batterie, h\u00e4lt bis zu 60 Stunden pro voller Ladung<\/td>\n<\/tr>\n<tr class=\"row-4\">\n\t<td class=\"column-1\">Fit<\/td><td class=\"column-2\">Sitzt hinter dem Ohr, bequem f\u00fcr langen Gebrauch<\/td>\n<\/tr>\n<tr class=\"row-5\">\n\t<td class=\"column-1\">Rauschunterdr\u00fcckung<\/td><td class=\"column-2\">Ja, filtert Hintergrundger\u00e4usche<\/td>\n<\/tr>\n<tr class=\"row-6\">\n\t<td class=\"column-1\">Lautst\u00e4rkeregelung<\/td><td class=\"column-2\">Einfache Lautst\u00e4rkeregelung, einfach dr\u00fccken<\/td>\n<\/tr>\n<tr class=\"row-7\">\n\t<td class=\"column-1\">Ladeger\u00e4t<\/td><td class=\"column-2\">USB-Tasche zum Aufladen \u00fcberall<\/td>\n<\/tr>\n<tr class=\"row-8\">\n\t<td class=\"column-1\">Farboptionen<\/td><td class=\"column-2\">Beige oder kundenspezifisch OEM<\/td>\n<\/tr>\n<tr class=\"row-9\">\n\t<td class=\"column-1\">Zertifizierung<\/td><td class=\"column-2\">FDA, CE, ISO13485, ROHS<\/td>\n<\/tr>\n<tr class=\"row-10\">\n\t<td class=\"column-1\">Garantie<\/td><td class=\"column-2\">1 Jahr Standard-Garantie<\/td>\n<\/tr>\n<tr class=\"row-11\">\n\t<td class=\"column-1\">Paket<\/td><td class=\"column-2\">Verkaufsfertige Box, inklusive aller Werkzeuge<\/td>\n<\/tr>\n<tr class=\"row-12\">\n\t<td class=\"column-1\">MOQ<\/td><td class=\"column-2\">Nur Gro\u00dfbestellung\/Gro\u00dfhandel<\/td>\n<\/tr>\n<\/tbody>\n<\/table>\n<!-- #tablepress-8 from cache -->\n<h2 data-v-md-heading=\"where-and-when-to-use\" data-v-md-line=\"55\">Wo und wann zu verwenden<\/h2>\n<ul data-v-md-line=\"57\">\n<li><strong>Zu Hause:<\/strong>\u00a0H\u00f6ren Sie die Familie, die T\u00fcrklingel und den Fernseher.<\/li>\n<li><strong>Bei der Arbeit oder in der Schule:<\/strong>\u00a0Bei Sitzungen oder im Unterricht besser zuh\u00f6ren.<\/li>\n<li><strong>In Bewegung:<\/strong>\u00a0Im Park spazieren gehen oder einkaufen, ohne ein Ger\u00e4usch zu verpassen.<\/li>\n<li><strong>\u00dcberf\u00fcllte Orte:<\/strong>\u00a0L\u00e4rm in Restaurants oder Bussen filtern.<\/li>\n<li><strong>F\u00fcr alle Altersgruppen:<\/strong>\u00a0Erwachsene, \u00e4ltere Kinder und Senioren k\u00f6nnen es bequem benutzen.<\/li>\n<\/ul>\n<h2 data-v-md-heading=\"helpful-links\" data-v-md-line=\"66\">Hilfreiche Links<\/h2>\n<ul data-v-md-line=\"68\">\n<li><a href=\"https:\/\/chinahearingaid.com\/de\/bte-hearing-aids\/\" target=\"_blank\" rel=\"noopener\">Weitere HdO-H\u00f6rger\u00e4te-Optionen anzeigen<\/a><\/li>\n<li><a href=\"https:\/\/chinahearingaid.com\/de\/rechargeable-hearing-aids\/\" target=\"_blank\" rel=\"noopener\">Entdecken Sie wiederaufladbare H\u00f6rger\u00e4te<\/a><\/li>\n<li><a href=\"https:\/\/chinahearingaid.com\/de\/noise-reduction-hearing-aids\/\" target=\"_blank\" rel=\"noopener\">H\u00f6rger\u00e4te mit L\u00e4rmreduzierung finden<\/a><\/li>\n<li><a href=\"https:\/\/chinahearingaid.com\/de\/z04-bte-inexpensive-rechargeable-hearing-aids-wholesale\/\" target=\"_blank\" rel=\"noopener\">Entdecken Sie alle G\u00fcnstige wiederaufladbare H\u00f6rger\u00e4te Gro\u00dfhandel Modelle<\/a><\/li>\n<\/ul>\n<h2 data-v-md-heading=\"engaging-description\" data-v-md-line=\"74\">Fesselnde Beschreibung<\/h2>\n<p data-v-md-line=\"76\"><strong>H\u00f6re jeden Tag besser.<\/strong><br \/>\nDie Z04 HdO-H\u00f6rger\u00e4te im Gro\u00dfhandel sind f\u00fcr einfaches H\u00f6ren gemacht. Anstecken, schnell aufladen und l\u00e4nger h\u00f6ren.<br \/>\nKeine winzigen Batterien erforderlich - einfach aufladen!<\/p>\n<p data-v-md-line=\"80\"><strong>Passt f\u00fcr alle Ohren, f\u00fchlt sich weich an, l\u00e4sst sich leicht reinigen.<\/strong><br \/>\nDrehen Sie die Lautst\u00e4rke auf, wenn Sie sie brauchen.<br \/>\nIdeal f\u00fcr zu Hause, drau\u00dfen oder auf Reisen.<br \/>\nPflegekr\u00e4fte, Kliniken oder Familien: Kaufen Sie preiswerte wiederaufladbare H\u00f6rger\u00e4te im Gro\u00dfhandel und sparen Sie kr\u00e4ftig.<\/p>\n<p data-v-md-line=\"85\"><em>Genie\u00dfen Sie den Klang. Das Leben genie\u00dfen.<\/em><\/p>\n<p data-v-md-line=\"88\"><strong>\u00c4hnliche Produkte<\/strong>:<\/p>\n<ul data-v-md-line=\"89\">\n<li><a href=\"https:\/\/chinahearingaid.com\/de\/bx360-mini-rechargeable-digital-bte-hearing-aids-solutions\/\" target=\"_blank\" rel=\"noopener\">Mini-HdO-H\u00f6rger\u00e4te L\u00f6sungen<\/a><\/li>\n<li><a href=\"https:\/\/chinahearingaid.com\/de\/bluetooth-hearing-aids\/\" target=\"_blank\" rel=\"noopener\">Bluetooth-H\u00f6rger\u00e4te<\/a><\/li>\n<li><a href=\"https:\/\/chinahearingaid.com\/de\/digital-hearing-aids\/\" target=\"_blank\" rel=\"noopener\">Digitale H\u00f6rger\u00e4te<\/a><\/li>\n<\/ul>\n<p data-v-md-line=\"93\"><strong>Entscheiden Sie sich f\u00fcr Z04 - Ihre intelligente Wahl f\u00fcr erschwinglichen Sound!<\/strong><\/p>","protected":false},"excerpt":{"rendered":"<p><span class=\"ng-star-inserted\">Z04 HdO-H\u00f6rger\u00e4te (Gro\u00dfhandel): Wiederaufladbar (60 Stunden Lebensdauer), bequemer Sitz hinter dem Ohr. Filtert Hintergrundger\u00e4usche; einfache Lautst\u00e4rkeregelung per Tastendruck. USB-Etui zum Aufladen. FDA\/CE-zertifiziert. Einfach zu bedienen: tragen, einstellen, loslegen! Perfekt f\u00fcr Pflegeheime, Kliniken oder Familiengro\u00dfeink\u00e4ufe, die einen erschwinglichen, klaren Klang suchen. Sparen Sie viel mit dem direkten Gro\u00dfhandel. Genie\u00dfen Sie jedes Wort!<\/span><\/p>","protected":false},"featured_media":3096,"template":"","meta":{"_kad_post_transparent":"default","_kad_post_title":"","_kad_post_layout":"default","_kad_post_sidebar_id":"","_kad_post_content_style":"default","_kad_post_vertical_padding":"default","_kad_post_feature":"","_kad_post_feature_position":"","_kad_post_header":false,"_kad_post_footer":false,"_kad_post_classname":""},"product_brand":[],"product_cat":[15,544,559,563],"product_tag":[656,727],"class_list":{"0":"post-2314","1":"product","2":"type-product","3":"status-publish","4":"has-post-thumbnail","6":"product_cat-hearing-aid-by-types","7":"product_cat-bte-hearing-aids","8":"product_cat-hearing-aid-by-features","9":"product_cat-rechargeable-hearing-aids","10":"product_tag-bte-hearing-aids-wholesale","11":"product_tag-inexpensive-rechargeable-hearing-aids-wholesale","13":"first","14":"instock","15":"shipping-taxable","16":"product-type-simple","17":"entry","18":"content-bg","19":"loop-entry"},"_links":{"self":[{"href":"https:\/\/chinahearingaid.com\/de\/wp-json\/wp\/v2\/product\/2314","targetHints":{"allow":["GET"]}}],"collection":[{"href":"https:\/\/chinahearingaid.com\/de\/wp-json\/wp\/v2\/product"}],"about":[{"href":"https:\/\/chinahearingaid.com\/de\/wp-json\/wp\/v2\/types\/product"}],"wp:featuredmedia":[{"embeddable":true,"href":"https:\/\/chinahearingaid.com\/de\/wp-json\/wp\/v2\/media\/3096"}],"wp:attachment":[{"href":"https:\/\/chinahearingaid.com\/de\/wp-json\/wp\/v2\/media?parent=2314"}],"wp:term":[{"taxonomy":"product_brand","embeddable":true,"href":"https:\/\/chinahearingaid.com\/de\/wp-json\/wp\/v2\/product_brand?post=2314"},{"taxonomy":"product_cat","embeddable":true,"href":"https:\/\/chinahearingaid.com\/de\/wp-json\/wp\/v2\/product_cat?post=2314"},{"taxonomy":"product_tag","embeddable":true,"href":"https:\/\/chinahearingaid.com\/de\/wp-json\/wp\/v2\/product_tag?post=2314"}],"curies":[{"name":"wp","href":"https:\/\/api.w.org\/{rel}","templated":true}]}}