{"id":2315,"date":"2025-05-23T02:55:41","date_gmt":"2025-05-23T02:55:41","guid":{"rendered":"https:\/\/chinahearingaid.com\/?post_type=product&#038;p=2315"},"modified":"2025-06-12T10:02:38","modified_gmt":"2025-06-12T10:02:38","slug":"z04d-cheapest-rechargeable-hearing-aids-bte-vendor-order","status":"publish","type":"product","link":"https:\/\/chinahearingaid.com\/de\/z04d-cheapest-rechargeable-hearing-aids-bte-vendor-order\/","title":{"rendered":"Z04D G\u00fcnstigste wiederaufladbare H\u00f6rger\u00e4te HdO Hersteller Bestellung"},"content":{"rendered":"<h2 data-v-md-heading=\"why-get-z04d-bte-hearing-aids-vendor-order\" data-v-md-line=\"5\"><strong>Warum sollten Sie Z04D HdO-H\u00f6rger\u00e4te beim Hersteller bestellen?<\/strong><\/h2>\n<p data-v-md-line=\"7\"><strong>Z04D<\/strong>\u00a0ist die\u00a0<em>G\u00fcnstigste wiederaufladbare H\u00f6rger\u00e4te Hersteller Bestellung<\/em>\u00a0k\u00f6nnen Sie bekommen.<br \/>\nSie helfen Ihnen, jeden Tag besser zu h\u00f6ren.<br \/>\nSie sind einfach zu bedienen und sparen Geld.<br \/>\nWenn Sie die\u00a0<strong>HdO-H\u00f6rger\u00e4te Lieferantenauftrag<\/strong>Sie helfen vielen Menschen, wieder zu h\u00f6ren!<br \/>\nMenschen wie Senioren, Kliniken und Gesch\u00e4fte w\u00e4hlen dieses Produkt.<\/p>\n<h2 data-v-md-heading=\"key-product-features\" data-v-md-line=\"15\"><strong>Wichtigste Produktmerkmale<\/strong><\/h2>\n\n<table id=\"tablepress-7\" class=\"tablepress tablepress-id-7\">\n<thead>\n<tr class=\"row-1\">\n\t<th class=\"column-1\">Besonderheit<\/th><th class=\"column-2\">Was Sie bekommen<\/th>\n<\/tr>\n<\/thead>\n<tbody class=\"row-striping row-hover\">\n<tr class=\"row-2\">\n\t<td class=\"column-1\">Gestaltung<\/td><td class=\"column-2\">HdO (Hinter dem Ohr)<\/td>\n<\/tr>\n<tr class=\"row-3\">\n\t<td class=\"column-1\">Batterie<\/td><td class=\"column-2\">H\u00e4lt 1 Tag lang. Schnelles USB-Laden!<\/td>\n<\/tr>\n<tr class=\"row-4\">\n\t<td class=\"column-1\">Klang<\/td><td class=\"column-2\">Klarer Klang, weniger L\u00e4rm und Rauschen<\/td>\n<\/tr>\n<tr class=\"row-5\">\n\t<td class=\"column-1\">Fit<\/td><td class=\"column-2\">Bequem, leicht zu tragen, hypoallergen<\/td>\n<\/tr>\n<tr class=\"row-6\">\n\t<td class=\"column-1\">Wasserdicht<\/td><td class=\"column-2\">Kann im Freien und f\u00fcr \u00dcbungen verwendet werden<\/td>\n<\/tr>\n<tr class=\"row-7\">\n\t<td class=\"column-1\">Preis<\/td><td class=\"column-2\">Niedrige Kosten bei Gro\u00dfauftr\u00e4gen<\/td>\n<\/tr>\n<tr class=\"row-8\">\n\t<td class=\"column-1\">Garantie<\/td><td class=\"column-2\">1 Jahr. Hilfe, wenn Sie sie brauchen<\/td>\n<\/tr>\n<tr class=\"row-9\">\n\t<td class=\"column-1\">Zertifizierung<\/td><td class=\"column-2\">Zugelassen f\u00fcr den sicheren Gebrauch (FDA, CE, ISO)<\/td>\n<\/tr>\n<\/tbody>\n<\/table>\n<!-- #tablepress-7 from cache -->\n<h2 data-v-md-heading=\"who-needs-the-cheapest-rechargeable-hearing-aids-vendor-order\" data-v-md-line=\"30\"><strong>Wer braucht den g\u00fcnstigsten Anbieter von wiederaufladbaren H\u00f6rger\u00e4ten?<\/strong><\/h2>\n<ul data-v-md-line=\"31\">\n<li><strong>Senioren<\/strong>\u00a0- T\u00e4gliche Anwendung, leicht, sanft zur Haut<\/li>\n<li><strong>Krankenh\u00e4user und Kliniken<\/strong>\u00a0- Gro\u00dfbestellung, Abgabe an viele Patienten<\/li>\n<li><strong>L\u00e4den und Verk\u00e4ufer<\/strong>\u00a0- zu einem guten Preis weiterverkaufen<\/li>\n<li><strong>Menschen mit weniger Geld<\/strong>\u00a0- Gutes H\u00f6ren, keine hohen Kosten<\/li>\n<\/ul>\n<h2 data-v-md-heading=\"how-z04d-cheapest-rechargeable-hearing-aids-vendor-order-helps-you\" data-v-md-line=\"38\"><strong>Wie Z04D Billigste Wiederaufladbare H\u00f6rger\u00e4te Hersteller Bestellung Ihnen hilft<\/strong><\/h2>\n<ul data-v-md-line=\"40\">\n<li>Sie k\u00f6nnen\u00a0<strong>in gro\u00dfen Mengen bestellen<\/strong>\u00a0und mehr Geld sparen<\/li>\n<li>Jedes Ger\u00e4t wird gepr\u00fcft auf\u00a0<strong>hohe Qualit\u00e4t<\/strong>klarer Klang und starker Akku<\/li>\n<li><strong>Leicht zu laden<\/strong>\u00a0mit einem USB-Kabel, wie Ihr Telefon!<\/li>\n<li>Sehr\u00a0<strong>leichtes, bequemes und sicheres Material<\/strong><\/li>\n<li><strong>Rabatt<\/strong>\u00a0wenn Sie mehr bestellen!<\/li>\n<li>Schneller Versand fast \u00fcberall<\/li>\n<\/ul>\n<h2 data-v-md-heading=\"all-about-the-z04d-bte-hearing-aids-vendor-order\" data-v-md-line=\"48\"><strong>Alles \u00fcber die Z04D HdO-H\u00f6rger\u00e4te - Herstellerbestellung<\/strong><\/h2>\n<h3 data-v-md-heading=\"what-is-in-the-box\" data-v-md-line=\"50\"><strong>Was ist in der Schachtel?<\/strong><\/h3>\n<ul data-v-md-line=\"51\">\n<li>1 oder mehr wiederaufladbare H\u00f6rger\u00e4te Z04D BTE<\/li>\n<li>Ladekabel<\/li>\n<li>Weiche Ohrst\u00f6psel<\/li>\n<li>Einfacher Leitfaden<\/li>\n<\/ul>\n<h3 data-v-md-heading=\"see-the-benefits-in-a-table\" data-v-md-line=\"58\"><strong>Sehen Sie die Vorteile in einer Tabelle<\/strong><\/h3>\n\n<table id=\"tablepress-6\" class=\"tablepress tablepress-id-6\">\n<thead>\n<tr class=\"row-1\">\n\t<th class=\"column-1\">Nutzen Sie<\/th><th class=\"column-2\">So funktioniert es<\/th>\n<\/tr>\n<\/thead>\n<tbody class=\"row-striping row-hover\">\n<tr class=\"row-2\">\n\t<td class=\"column-1\">G\u00fcnstiger Mengenpreis<\/td><td class=\"column-2\">Mehr bestellen, weniger bezahlen<\/td>\n<\/tr>\n<tr class=\"row-3\">\n\t<td class=\"column-1\">24-Stunden-Akku<\/td><td class=\"column-2\">Keine Sorge f\u00fcr ganzt\u00e4gigen Klang<\/td>\n<\/tr>\n<tr class=\"row-4\">\n\t<td class=\"column-1\">Bequem f\u00fcr jedes Ohr<\/td><td class=\"column-2\">Eine Gr\u00f6\u00dfe passt am besten<\/td>\n<\/tr>\n<tr class=\"row-5\">\n\t<td class=\"column-1\">Bek\u00e4mpft L\u00e4rm und Rauschen<\/td><td class=\"column-2\">Klarer Klang \u00fcberall<\/td>\n<\/tr>\n<tr class=\"row-6\">\n\t<td class=\"column-1\">Langlebig und sicher<\/td><td class=\"column-2\">Bleibt trocken, funktioniert auch bei Regen<\/td>\n<\/tr>\n<\/tbody>\n<\/table>\n<!-- #tablepress-6 from cache -->\n<h2 data-v-md-heading=\"why-bte-hearing-aids-vendor-order-is-smart\" data-v-md-line=\"70\"><strong>Warum die Bestellung von HdO-H\u00f6rger\u00e4ten beim Hersteller klug ist<\/strong><\/h2>\n<ul data-v-md-line=\"72\">\n<li>Kliniken auf der ganzen Welt vertrauen bei Gro\u00dfbestellungen auf uns<\/li>\n<li>Am besten f\u00fcr Gesch\u00e4fte, die schnell verkaufen wollen<\/li>\n<li>Eltern und alte Familienmitglieder lieben sie!<\/li>\n<li>Funktioniert immer, Tag f\u00fcr Tag, jedes Mal, wenn Sie es brauchen<\/li>\n<\/ul>\n<h2 data-v-md-heading=\"want-more-explore-these-links\" data-v-md-line=\"79\"><strong>M\u00f6chten Sie mehr erfahren? Entdecken Sie diese Links<\/strong><\/h2>\n<ul data-v-md-line=\"80\">\n<li>Alle sehen\u00a0<a href=\"https:\/\/chinahearingaid.com\/de\/bte-hearing-aids\/\" target=\"_blank\" rel=\"noopener\">Auswahl an HdO-H\u00f6rger\u00e4ten hier<\/a>.<\/li>\n<li>Mehr finden\u00a0<a href=\"https:\/\/chinahearingaid.com\/de\/rechargeable-hearing-aids\/\" target=\"_blank\" rel=\"noopener\">Wiederaufladbare H\u00f6rger\u00e4te f\u00fcr alle<\/a>.<\/li>\n<li>Erfahren Sie mehr \u00fcber\u00a0<a href=\"https:\/\/chinahearingaid.com\/de\/z04d-cheapest-rechargeable-hearing-aids-bte-vendor-order\/\" target=\"_blank\" rel=\"noopener\">G\u00fcnstigste wiederaufladbare H\u00f6rger\u00e4te Anbieter Angebote bestellen<\/a>.<\/li>\n<li>Andere erforschen\u00a0<a href=\"https:\/\/chinahearingaid.com\/de\/z04d-cheapest-rechargeable-hearing-aids-bte-vendor-order\/\" target=\"_blank\" rel=\"noopener\">HdO-H\u00f6rger\u00e4te Hersteller Produkte bestellen<\/a>.<\/li>\n<\/ul>\n<h2 data-v-md-heading=\"order-z04d-cheapest-rechargeable-hearing-aids-vendor-order-now\" data-v-md-line=\"86\"><strong>Bestellen Sie Z04D Billigste wiederaufladbare H\u00f6rger\u00e4te Anbieter Bestellen Sie jetzt!<\/strong><\/h2>\n<ul data-v-md-line=\"88\">\n<li>Bestellen Sie Ihre HdO-H\u00f6rger\u00e4te noch heute.<\/li>\n<li>Fragen Sie nach einem Sonderpreis f\u00fcr Ihre Bestellung beim Hersteller der billigsten wiederaufladbaren H\u00f6rger\u00e4te, wenn Sie viele ben\u00f6tigen!<\/li>\n<li>Wir verpacken und versenden schnell. Sie beginnen bald besser zu h\u00f6ren!<\/li>\n<li>Einfacher Bestellvorgang. Freundliche Hilfe auf dem ganzen Weg.<\/li>\n<\/ul>\n<p data-v-md-line=\"94\"><strong>Die Z04D HdO-H\u00f6rger\u00e4te und die billigsten wiederaufladbaren H\u00f6rger\u00e4te sind die intelligente, einfache und erschwingliche Wahl!<\/strong><\/p>\n<p data-v-md-line=\"97\"><strong>Bereit zum Ausprobieren? Bestellen Sie Ihre HdO-H\u00f6rger\u00e4te jetzt und genie\u00dfen Sie die g\u00fcnstigste wiederaufladbare H\u00f6rger\u00e4te-Bestellung!<\/strong><\/p>\n<p data-v-md-line=\"99\"><a href=\"https:\/\/chinahearingaid.com\/de\/z04d-cheapest-rechargeable-hearing-aids-bte-vendor-order\/\" target=\"_blank\" rel=\"noopener\">Bestellen Sie noch heute und sparen Sie kr\u00e4ftig!<\/a><\/p>\n<p data-v-md-line=\"102\"><em>Ihr bestes H\u00f6ren, f\u00fcr weniger Geld. Die HdO-H\u00f6rger\u00e4te-Anbieter-Bestellung und die g\u00fcnstigste wiederaufladbare H\u00f6rger\u00e4te-Anbieter-Bestellung warten schon!<\/em><\/p>","protected":false},"excerpt":{"rendered":"<div class=\"chat-container\">\n<div class=\"chat-view-container ng-star-inserted\">\n<div>\n<div class=\"chat-turn-container model render cdk-focused cdk-mouse-focused\" tabindex=\"-1\">\n<div class=\"model-prompt-container\" data-turn-role=\"Model\">\n<div class=\"turn-content\">\n<p class=\"ng-star-inserted\"><span class=\"ng-star-inserted\">Entscheiden Sie sich f\u00fcr Z04D HdO-H\u00f6rger\u00e4te f\u00fcr Ihren H\u00e4ndlerauftrag: die g\u00fcnstigste wiederaufladbare L\u00f6sung. Sie verbessern das t\u00e4gliche H\u00f6ren, sind einfach zu bedienen und senken die Kosten. Perfekt f\u00fcr Senioren, Kliniken und Einzelhandelsgesch\u00e4fte. Die wichtigsten Merkmale sind: HdO-Design, Akku f\u00fcr einen ganzen Tag mit schneller USB-Ladung, kristallklarer Klang mit Rauschunterdr\u00fcckung, bequeme, hypoallergene Passform und wasserdichte Best\u00e4ndigkeit f\u00fcr den Einsatz im Freien. Zertifiziert (FDA, CE, ISO). Gro\u00dfbestellungen bedeuten gr\u00f6\u00dfere Einsparungen. Helfen Sie mehr Menschen wieder zu h\u00f6ren!<\/span><\/p>\n<\/div>\n<\/div>\n<\/div>\n<\/div>\n<\/div>\n<\/div>","protected":false},"featured_media":3092,"template":"","meta":{"_kad_post_transparent":"default","_kad_post_title":"","_kad_post_layout":"default","_kad_post_sidebar_id":"","_kad_post_content_style":"default","_kad_post_vertical_padding":"default","_kad_post_feature":"","_kad_post_feature_position":"","_kad_post_header":false,"_kad_post_footer":false,"_kad_post_classname":""},"product_brand":[],"product_cat":[15,544,559,563],"product_tag":[734,735],"class_list":{"0":"post-2315","1":"product","2":"type-product","3":"status-publish","4":"has-post-thumbnail","6":"product_cat-hearing-aid-by-types","7":"product_cat-bte-hearing-aids","8":"product_cat-hearing-aid-by-features","9":"product_cat-rechargeable-hearing-aids","10":"product_tag-bte-hearing-aids-vendor-order","11":"product_tag-cheapest-rechargeable-hearing-aids-vendor-order","13":"first","14":"instock","15":"shipping-taxable","16":"product-type-simple","17":"entry","18":"content-bg","19":"loop-entry"},"_links":{"self":[{"href":"https:\/\/chinahearingaid.com\/de\/wp-json\/wp\/v2\/product\/2315","targetHints":{"allow":["GET"]}}],"collection":[{"href":"https:\/\/chinahearingaid.com\/de\/wp-json\/wp\/v2\/product"}],"about":[{"href":"https:\/\/chinahearingaid.com\/de\/wp-json\/wp\/v2\/types\/product"}],"wp:featuredmedia":[{"embeddable":true,"href":"https:\/\/chinahearingaid.com\/de\/wp-json\/wp\/v2\/media\/3092"}],"wp:attachment":[{"href":"https:\/\/chinahearingaid.com\/de\/wp-json\/wp\/v2\/media?parent=2315"}],"wp:term":[{"taxonomy":"product_brand","embeddable":true,"href":"https:\/\/chinahearingaid.com\/de\/wp-json\/wp\/v2\/product_brand?post=2315"},{"taxonomy":"product_cat","embeddable":true,"href":"https:\/\/chinahearingaid.com\/de\/wp-json\/wp\/v2\/product_cat?post=2315"},{"taxonomy":"product_tag","embeddable":true,"href":"https:\/\/chinahearingaid.com\/de\/wp-json\/wp\/v2\/product_tag?post=2315"}],"curies":[{"name":"wp","href":"https:\/\/api.w.org\/{rel}","templated":true}]}}