{"id":2316,"date":"2025-05-23T02:55:42","date_gmt":"2025-05-23T02:55:42","guid":{"rendered":"https:\/\/chinahearingaid.com\/?post_type=product&#038;p=2316"},"modified":"2025-06-15T06:57:54","modified_gmt":"2025-06-15T06:57:54","slug":"z06-low-cost-bte-rechargeable-hearing-aids-dealers","status":"publish","type":"product","link":"https:\/\/chinahearingaid.com\/de\/z06-low-cost-bte-rechargeable-hearing-aids-dealers\/","title":{"rendered":"Z06 H\u00e4ndler f\u00fcr preiswerte wiederaufladbare HdO-H\u00f6rger\u00e4te"},"content":{"rendered":"<h2 data-v-md-heading=\"discover-it\" data-v-md-line=\"3\"><strong>Entdecken Sie es<\/strong><\/h2>\n<p data-v-md-line=\"5\"><strong>M\u00f6chten Sie jeden Tag besser h\u00f6ren?<\/strong><br \/>\n<strong>Sie wollen etwas Sicheres, Einfaches, das f\u00fcr Menschen wie Sie gemacht ist?<\/strong><br \/>\nTesten Sie unsere\u00a0<strong>HdO-H\u00f6rger\u00e4te-Anbieter H\u00e4ndler<\/strong>. Diese sind\u00a0<strong>H\u00e4ndler f\u00fcr kosteng\u00fcnstige wiederaufladbare H\u00f6rger\u00e4te<\/strong>\u00a0f\u00fcr Sie gemacht!<br \/>\n<strong>Es wird Ihnen oder jemandem, den Sie lieben, helfen, wieder zu h\u00f6ren.<\/strong><\/p>\n<h2 data-v-md-heading=\"why-pick-it\" data-v-md-line=\"11\"><strong>Warum w\u00e4hlen Sie es?<\/strong><\/h2>\n<ul data-v-md-line=\"13\">\n<li><strong>Geringe Kosten:<\/strong>\u00a0Sparen Sie viel Geld! Sie zahlen damit viel weniger.<\/li>\n<li><strong>Wiederaufladbar:<\/strong>\u00a0Keine kleinen Batterien. Einfach \u00fcber Nacht aufladen und den ganzen Tag nutzen!<\/li>\n<li><strong>Sicher:<\/strong>\u00a0Unsere H\u00f6rger\u00e4te sind FDA-registriert und CE\/ISO-zertifiziert.<\/li>\n<li><strong>Komfort:<\/strong>\u00a0Leichtes HdO-Modell. Sitzt hinter dem Ohr. F\u00fchlt sich den ganzen Tag gut an!<\/li>\n<li><strong>Einfach zu verwenden:<\/strong>\u00a0Einfache Tasten. W\u00e4hlen Sie den besten Sound-Modus. Einfach tragen und los geht's!<\/li>\n<\/ul>\n<h2 data-v-md-heading=\"cool-features-from-it\" data-v-md-line=\"20\"><strong>Coole Features davon<\/strong><\/h2>\n\n<table id=\"tablepress-5\" class=\"tablepress tablepress-id-5\">\n<thead>\n<tr class=\"row-1\">\n\t<th class=\"column-1\">Besonderheit<\/th><th class=\"column-2\">Was es bewirkt<\/th>\n<\/tr>\n<\/thead>\n<tbody class=\"row-striping row-hover\">\n<tr class=\"row-2\">\n\t<td class=\"column-1\">Wiederaufladbare Energie<\/td><td class=\"column-2\">Funktioniert 16-24 Stunden mit einer Ladung. Laden Sie Ihre H\u00f6rger\u00e4te \u00fcber Nacht auf. Keine winzigen Batterien!<\/td>\n<\/tr>\n<tr class=\"row-3\">\n\t<td class=\"column-1\">Einstellbare Lautst\u00e4rke<\/td><td class=\"column-2\">Mit einem einfachen Druckknopf k\u00f6nnen Sie den Ton lauter oder leiser stellen.<\/td>\n<\/tr>\n<tr class=\"row-4\">\n\t<td class=\"column-1\">Rauschunterdr\u00fcckung<\/td><td class=\"column-2\">Unterdr\u00fcckt Hintergrundger\u00e4usche, damit Sie Menschen und Fernsehen besser h\u00f6ren.<\/td>\n<\/tr>\n<tr class=\"row-5\">\n\t<td class=\"column-1\">Feedback-Block<\/td><td class=\"column-2\">Keine Quietsch- oder Klingelger\u00e4usche mehr im Ohr.<\/td>\n<\/tr>\n<tr class=\"row-6\">\n\t<td class=\"column-1\">Ganzt\u00e4giger Komfort<\/td><td class=\"column-2\">Sehr leicht. Kommt mit kleinen, mittleren oder gro\u00dfen Ohrst\u00f6pseln f\u00fcr die beste Passform.<\/td>\n<\/tr>\n<tr class=\"row-7\">\n\t<td class=\"column-1\">Tragbares Aufladen<\/td><td class=\"column-2\">Nehmen Sie Ihr Ladeger\u00e4t \u00fcberallhin mit. Laden Sie Ihre H\u00f6rger\u00e4te auch unterwegs auf.<\/td>\n<\/tr>\n<\/tbody>\n<\/table>\n<!-- #tablepress-5 from cache -->\n<p data-v-md-line=\"31\"><strong>Es macht das H\u00f6ren zu Hause, in der Schule, im Freien oder \u00fcberall leicht.<\/strong><\/p>\n<h2 data-v-md-heading=\"where-can-you-use-it\" data-v-md-line=\"34\"><strong>Wo k\u00f6nnen Sie es verwenden?<\/strong><\/h2>\n<ul data-v-md-line=\"36\">\n<li><strong>Mit der Familie sprechen<\/strong><\/li>\n<li><strong>Fernsehen oder Filme ansehen<\/strong><\/li>\n<li><strong>In Klassenzimmern oder Sitzungen<\/strong><\/li>\n<li><strong>Auf dem Spielplatz<\/strong><\/li>\n<li><strong>Einkaufen oder Reisen<\/strong><\/li>\n<li><strong>Jeder Ort, an dem Sie gut h\u00f6ren wollen!<\/strong><\/li>\n<\/ul>\n<h2 data-v-md-heading=\"who-should-use-it\" data-v-md-line=\"44\"><strong>Wer sollte es benutzen?<\/strong><\/h2>\n<ul data-v-md-line=\"45\">\n<li>Kinder mit leichtem oder mittlerem H\u00f6rverlust<\/li>\n<li>Erwachsene, die einfacher und besser h\u00f6ren wollen<\/li>\n<li>Jeder, der ein g\u00fcnstiges H\u00f6rger\u00e4t mit Top-Funktionen sucht<\/li>\n<\/ul>\n<h2 data-v-md-heading=\"real-reviews-for-it\" data-v-md-line=\"50\"><strong>Echte Bewertungen f\u00fcr it<\/strong><\/h2>\n<blockquote data-v-md-line=\"52\">\n<p data-v-md-line=\"52\"><strong>\"Ich h\u00f6re jetzt meine Enkelkinder. Leicht aufzuladen. No fuss. Ich liebe meine HdO-H\u00f6rger\u00e4te von Vendor Dealers!\"<\/strong><br \/>\n- Zufriedener Kunde<\/p>\n<\/blockquote>\n<blockquote data-v-md-line=\"55\">\n<p data-v-md-line=\"55\"><strong>\"Ich kann beim Mittagessen wieder mit meinen Freunden reden. Ich f\u00fchle mich einbezogen!\"<\/strong><br \/>\n- Freudiger Student<\/p>\n<\/blockquote>\n<h2 data-v-md-heading=\"strong-brands-you-know\" data-v-md-line=\"59\"><strong>Starke Marken, die Sie kennen<\/strong><\/h2>\n<p data-v-md-line=\"61\">es bringt Ihnen vertrauensw\u00fcrdige Namen:<br \/>\n<strong>MDHearing, Jabra Enhance, Signia, Oticon, Phonak, Resound, Eargo, Kirkland, Audien, Elehear, Lexie, Audicus und viele mehr.<\/strong><br \/>\nW\u00e4hlen Sie aus vielen bew\u00e4hrten HdO-Designs und -Farben, nur f\u00fcr Sie!<\/p>\n<h2 data-v-md-heading=\"trusted-dealer-table\" data-v-md-line=\"66\"><strong>Tabelle der vertrauensw\u00fcrdigen H\u00e4ndler<\/strong><\/h2>\n\n<table id=\"tablepress-4\" class=\"tablepress tablepress-id-4\">\n<thead>\n<tr class=\"row-1\">\n\t<th class=\"column-1\">Marke\/Modell<\/th><th class=\"column-2\">Akkulaufzeit<\/th><th class=\"column-3\">Rauschunterdr\u00fcckung<\/th><th class=\"column-4\">Garantie<\/th><th class=\"column-5\">T\u00e4glicher Preis<\/th>\n<\/tr>\n<\/thead>\n<tbody class=\"row-striping row-hover\">\n<tr class=\"row-2\">\n\t<td class=\"column-1\">MDHearing AIR<\/td><td class=\"column-2\">24 Stunden<\/td><td class=\"column-3\">Ja<\/td><td class=\"column-4\">1 Jahr<\/td><td class=\"column-5\">Sehr niedrig<\/td>\n<\/tr>\n<tr class=\"row-3\">\n\t<td class=\"column-1\">Jabra Enhance<\/td><td class=\"column-2\">30 Stunden<\/td><td class=\"column-3\">Ja<\/td><td class=\"column-4\">3 Jahre<\/td><td class=\"column-5\">Niedrig<\/td>\n<\/tr>\n<tr class=\"row-4\">\n\t<td class=\"column-1\">Signia Pure Charge<\/td><td class=\"column-2\">24 Stunden<\/td><td class=\"column-3\">Ja<\/td><td class=\"column-4\">2 Jahre<\/td><td class=\"column-5\">Niedrig<\/td>\n<\/tr>\n<tr class=\"row-5\">\n\t<td class=\"column-1\">Eargo Link<\/td><td class=\"column-2\">9 Stunden<\/td><td class=\"column-3\">Ja<\/td><td class=\"column-4\">1 Jahr<\/td><td class=\"column-5\">Niedrig<\/td>\n<\/tr>\n<\/tbody>\n<\/table>\n<!-- #tablepress-4 from cache -->\n<h2 data-v-md-heading=\"many-great-choices-from-it\" data-v-md-line=\"76\"><strong>Viele gro\u00dfe Auswahlm\u00f6glichkeiten davon<\/strong><\/h2>\n<ul data-v-md-line=\"78\">\n<li><strong>Digitale H\u00f6rger\u00e4te<\/strong>\u00a0- f\u00fcr klaren Klang<\/li>\n<li><strong>Mini-HdO-H\u00f6rger\u00e4te<\/strong>\u00a0- klein und gem\u00fctlich hinter dem Ohr<\/li>\n<li><strong>H\u00f6rger\u00e4te mit L\u00e4rmreduzierung<\/strong>\u00a0- laute Orte ausblenden<\/li>\n<\/ul>\n<h2 data-v-md-heading=\"want-to-see-more\" data-v-md-line=\"84\"><strong>M\u00f6chten Sie mehr sehen?<\/strong><\/h2>\n<ul data-v-md-line=\"86\">\n<li><a href=\"https:\/\/chinahearingaid.com\/de\/bte-hearing-aids\/\" target=\"_blank\" rel=\"noopener\">Alle HdO-H\u00f6rger\u00e4te finden Sie hier!<\/a><\/li>\n<li><a href=\"https:\/\/chinahearingaid.com\/de\/new\/\" target=\"_blank\" rel=\"noopener\">Testen Sie NEUE H\u00f6rger\u00e4te von der f\u00fchrenden H\u00f6rger\u00e4tefabrik in China!<\/a><\/li>\n<li><a href=\"https:\/\/chinahearingaid.com\/de\/rechargeable-hearing-aids\/\" target=\"_blank\" rel=\"noopener\">Sehen Sie sich jetzt die Kollektion wiederaufladbarer H\u00f6rger\u00e4te an!<\/a><\/li>\n<li><a href=\"https:\/\/chinahearingaid.com\/de\/z06-low-cost-bte-rechargeable-hearing-aids-dealers\/\" target=\"_blank\" rel=\"noopener\">Auf dieser Seite finden Sie Anbieter von HdO-H\u00f6rger\u00e4ten zu g\u00fcnstigen Preisen!<\/a><\/li>\n<\/ul>\n<h2 data-v-md-heading=\"why-buy-from-it\" data-v-md-line=\"92\"><strong>Warum bei ihm kaufen?<\/strong><\/h2>\n<ul data-v-md-line=\"94\">\n<li>Direkt von\u00a0<strong>HdO-H\u00f6rger\u00e4te-Anbieter H\u00e4ndler<\/strong>\u00a0Und\u00a0<strong>H\u00e4ndler f\u00fcr kosteng\u00fcnstige wiederaufladbare H\u00f6rger\u00e4te<\/strong>So sparen Sie noch mehr!<\/li>\n<li>Alle Funktionen, Sicherheit und Unterst\u00fctzung, die Sie w\u00fcnschen - immer einfach, immer leicht.<\/li>\n<\/ul>\n<h2 data-v-md-heading=\"ready-for-simple-better-hearing\" data-v-md-line=\"98\"><strong>Bereit f\u00fcr einfach besseres H\u00f6ren?<\/strong><\/h2>\n<p data-v-md-line=\"100\"><strong>Versuchen Sie es noch heute!<\/strong><br \/>\nEinfach zu verwenden. Sicher und stark.<br \/>\nH\u00e4ndler f\u00fcr preiswerte wiederaufladbare H\u00f6rger\u00e4te sind f\u00fcr Sie da.<br \/>\nSei gl\u00fccklich, sei laut - h\u00f6r das Leben mit uns!<\/p>\n<blockquote data-v-md-line=\"106\">\n<p data-v-md-line=\"106\"><strong>Besuchen Sie jetzt die besten HdO-H\u00f6rger\u00e4te-H\u00e4ndler:<\/strong><br \/>\n<a href=\"https:\/\/chinahearingaid.com\/de\/z06-low-cost-bte-rechargeable-hearing-aids-dealers\/\" target=\"_blank\" rel=\"noopener\">HdO-H\u00f6rger\u00e4te-Anbieter H\u00e4ndler<\/a><br \/>\n<a href=\"https:\/\/chinahearingaid.com\/de\/z06-low-cost-bte-rechargeable-hearing-aids-dealers\/\" target=\"_blank\" rel=\"noopener\">H\u00e4ndler f\u00fcr kosteng\u00fcnstige wiederaufladbare H\u00f6rger\u00e4te<\/a><br \/>\n<a href=\"https:\/\/chinahearingaid.com\/de\/bte-hearing-aids\/\" target=\"_blank\" rel=\"noopener\">HdO-H\u00f6rger\u00e4te<\/a><br \/>\n<a href=\"https:\/\/chinahearingaid.com\/de\/rechargeable-hearing-aids\/\" target=\"_blank\" rel=\"noopener\">Wiederaufladbare H\u00f6rger\u00e4te<\/a><\/p>\n<\/blockquote>\n<p data-v-md-line=\"113\"><strong>Gro\u00dfer Klang. Kleiner Preis. Alle l\u00e4cheln. es f\u00fcr Sie!<\/strong><\/p>","protected":false},"excerpt":{"rendered":"<p><span class=\"ng-star-inserted\">H\u00f6ren Sie t\u00e4glich besser mit unseren preiswerten wiederaufladbaren HdO-H\u00f6rger\u00e4ten! Sicher, einfach und f\u00fcr Sie gemacht, damit Sie oder ein geliebter Mensch wieder h\u00f6ren k\u00f6nnen. Sparen Sie kr\u00e4ftig! Keine kleinen Batterien - \u00fcber Nacht aufgeladen f\u00fcr 16-24 Stunden ganzt\u00e4gigen Gebrauch. FDA-registriert und CE\/ISO-zertifiziert. Leichtes, bequemes HdO-Modell, das hinter dem Ohr sitzt. Einfache Tasten f\u00fcr Klangmodi und Rauschunterdr\u00fcckung. Klarer Klang \u00fcberall! Besuchen Sie HdO-H\u00f6rger\u00e4te-H\u00e4ndler. Gro\u00dfer Klang, kleiner Preis, alle l\u00e4cheln!<\/span><\/p>","protected":false},"featured_media":3120,"template":"","meta":{"_kad_post_transparent":"default","_kad_post_title":"","_kad_post_layout":"default","_kad_post_sidebar_id":"","_kad_post_content_style":"default","_kad_post_vertical_padding":"default","_kad_post_feature":"","_kad_post_feature_position":"","_kad_post_header":false,"_kad_post_footer":false,"_kad_post_classname":""},"product_brand":[],"product_cat":[15,544,559,563],"product_tag":[732,733],"class_list":{"0":"post-2316","1":"product","2":"type-product","3":"status-publish","4":"has-post-thumbnail","6":"product_cat-hearing-aid-by-types","7":"product_cat-bte-hearing-aids","8":"product_cat-hearing-aid-by-features","9":"product_cat-rechargeable-hearing-aids","10":"product_tag-bte-hearing-aids-vendor-dealers","11":"product_tag-low-cost-rechargeable-hearing-aids-dealers","13":"first","14":"instock","15":"shipping-taxable","16":"product-type-simple","17":"entry","18":"content-bg","19":"loop-entry"},"_links":{"self":[{"href":"https:\/\/chinahearingaid.com\/de\/wp-json\/wp\/v2\/product\/2316","targetHints":{"allow":["GET"]}}],"collection":[{"href":"https:\/\/chinahearingaid.com\/de\/wp-json\/wp\/v2\/product"}],"about":[{"href":"https:\/\/chinahearingaid.com\/de\/wp-json\/wp\/v2\/types\/product"}],"wp:featuredmedia":[{"embeddable":true,"href":"https:\/\/chinahearingaid.com\/de\/wp-json\/wp\/v2\/media\/3120"}],"wp:attachment":[{"href":"https:\/\/chinahearingaid.com\/de\/wp-json\/wp\/v2\/media?parent=2316"}],"wp:term":[{"taxonomy":"product_brand","embeddable":true,"href":"https:\/\/chinahearingaid.com\/de\/wp-json\/wp\/v2\/product_brand?post=2316"},{"taxonomy":"product_cat","embeddable":true,"href":"https:\/\/chinahearingaid.com\/de\/wp-json\/wp\/v2\/product_cat?post=2316"},{"taxonomy":"product_tag","embeddable":true,"href":"https:\/\/chinahearingaid.com\/de\/wp-json\/wp\/v2\/product_tag?post=2316"}],"curies":[{"name":"wp","href":"https:\/\/api.w.org\/{rel}","templated":true}]}}