{"id":2317,"date":"2025-05-23T02:55:43","date_gmt":"2025-05-23T02:55:43","guid":{"rendered":"https:\/\/chinahearingaid.com\/?post_type=product&#038;p=2317"},"modified":"2025-06-15T06:54:31","modified_gmt":"2025-06-15T06:54:31","slug":"z07-amazon-bte-rechargeable-hearing-aids-factory-supply","status":"publish","type":"product","link":"https:\/\/chinahearingaid.com\/de\/z07-amazon-bte-rechargeable-hearing-aids-factory-supply\/","title":{"rendered":"Z07 Amazon BTE Wiederaufladbare H\u00f6rger\u00e4te Fabrikversorgung"},"content":{"rendered":"<h2 data-v-md-heading=\"what-are-bte-hearing-aids-factory-supply\" data-v-md-line=\"6\"><strong>Was sind HdO-H\u00f6rger\u00e4te, die von der Fabrik geliefert werden?<\/strong><\/h2>\n<ul data-v-md-line=\"7\">\n<li><strong>HdO bedeutet Hinter dem Ohr.<\/strong><\/li>\n<li><strong>Sie tragen HdO-H\u00f6rger\u00e4te hinter Ihrem Ohr.<\/strong><\/li>\n<li><strong>Sie helfen Ihnen, Ger\u00e4usche in ruhigen und lauten Umgebungen besser zu h\u00f6ren.<\/strong><\/li>\n<\/ul>\n<h2 data-v-md-heading=\"main-features\" data-v-md-line=\"12\"><strong>Hauptmerkmale<\/strong><\/h2>\n\n<table id=\"tablepress-2\" class=\"tablepress tablepress-id-2\">\n<thead>\n<tr class=\"row-1\">\n\t<th class=\"column-1\">Besonderheit<\/th><th class=\"column-2\">Warum es Ihnen hilft<\/th>\n<\/tr>\n<\/thead>\n<tbody class=\"row-striping row-hover\">\n<tr class=\"row-2\">\n\t<td class=\"column-1\">Wiederaufladbar<\/td><td class=\"column-2\">Sie m\u00fcssen keine neuen Batterien kaufen. Nachts aufladen, den ganzen Tag nutzen.<\/td>\n<\/tr>\n<tr class=\"row-3\">\n\t<td class=\"column-1\">Lange Akkulaufzeit<\/td><td class=\"column-2\">H\u00e4lt bis zu 24 Stunden mit einer Ladung.<\/td>\n<\/tr>\n<tr class=\"row-4\">\n\t<td class=\"column-1\">Leicht<\/td><td class=\"column-2\">F\u00fchlt sich leicht und bequem hinter dem Ohr an.<\/td>\n<\/tr>\n<tr class=\"row-5\">\n\t<td class=\"column-1\">Rauschunterdr\u00fcckung<\/td><td class=\"column-2\">Macht Stimmen und Ger\u00e4usche klar. Weniger Hintergrundger\u00e4usche.<\/td>\n<\/tr>\n<tr class=\"row-6\">\n\t<td class=\"column-1\">Einfache Modi<\/td><td class=\"column-2\">W\u00e4hlen Sie \"H\" f\u00fcr Gruppenchats. W\u00e4hlen Sie \"L\" f\u00fcr Fernsehen oder Ruhezeit.<\/td>\n<\/tr>\n<tr class=\"row-7\">\n\t<td class=\"column-1\">FDA-konform<\/td><td class=\"column-2\">Es ist sicher und entspricht allen Vorschriften.<\/td>\n<\/tr>\n<tr class=\"row-8\">\n\t<td class=\"column-1\">Passt den meisten Menschen<\/td><td class=\"column-2\">Geeignet f\u00fcr leichte, mittlere und starke H\u00f6rverluste.<\/td>\n<\/tr>\n<tr class=\"row-9\">\n\t<td class=\"column-1\">Bulk Factory Supply<\/td><td class=\"column-2\">Bestellen Sie 50 oder mehr. Gut f\u00fcr Gesch\u00e4fte oder Wiederverk\u00e4ufer.<\/td>\n<\/tr>\n<\/tbody>\n<\/table>\n<!-- #tablepress-2 from cache -->\n<h2 data-v-md-heading=\"why-pick-amazon-rechargeable-hearing-aids-factory-supply\" data-v-md-line=\"28\"><strong>Warum Amazon wiederaufladbare H\u00f6rger\u00e4te Factory Supply?<\/strong><\/h2>\n<p data-v-md-line=\"30\"><strong>Sehen Sie, was sie besonders macht:<\/strong><\/p>\n<ul data-v-md-line=\"31\">\n<li>Voroptimiert f\u00fcr\u00a0<a href=\"https:\/\/chinahearingaid.com\/de\/z07-amazon-bte-rechargeable-hearing-aids-factory-supply\/\" target=\"_blank\" rel=\"noopener\">Amazon FBA<\/a>.<\/li>\n<li>Bringen Sie Ihre Marke mit White-Label-Optionen auf die Verpackung.<\/li>\n<li>Vertraut von vielen Gesch\u00e4ften. Schnell versandbereit.<\/li>\n<\/ul>\n<h2 data-v-md-heading=\"how-to-use\" data-v-md-line=\"38\"><strong>Wie zu verwenden<\/strong><\/h2>\n<ol data-v-md-line=\"40\">\n<li><strong>Setzen Sie das HdO-H\u00f6rger\u00e4t Factory Supply auf Ihr Ohr.<\/strong><\/li>\n<li><strong>W\u00e4hlen Sie den Modus:<\/strong>\n<ul data-v-md-line=\"42\">\n<li>H = f\u00fcr Gruppen<\/li>\n<li>L = f\u00fcr TV oder leise Ger\u00e4usche<\/li>\n<\/ul>\n<\/li>\n<li><strong>Stellen Sie den Ton nach Belieben ein.<\/strong><\/li>\n<li><strong>Laden Sie es im Schlaf auf. Verwenden Sie es am n\u00e4chsten Tag.<\/strong><\/li>\n<\/ol>\n<h2 data-v-md-heading=\"who-should-use-these\" data-v-md-line=\"50\"><strong>Wer sollte diese verwenden?<\/strong><\/h2>\n<ul data-v-md-line=\"52\">\n<li><strong>Kinder und Erwachsene<\/strong>\u00a0mit H\u00f6rverlust<\/li>\n<li><strong>Menschen, die eine Brille tragen<\/strong><\/li>\n<li><strong>Senioren, die eine einfache H\u00f6rversorgung w\u00fcnschen<\/strong><\/li>\n<li><strong>Ladenbesitzer auf Amazon<\/strong><\/li>\n<\/ul>\n<h2 data-v-md-heading=\"usage-scenarios\" data-v-md-line=\"60\"><strong>Verwendungsszenarien<\/strong><\/h2>\n<ul data-v-md-line=\"62\">\n<li>Zu Hause vor dem Fernseher<\/li>\n<li>Gespr\u00e4che mit Freunden in Gruppen<\/li>\n<li>In der Schule oder bei der Arbeit<\/li>\n<li>Einkaufen auf belebten M\u00e4rkten<\/li>\n<\/ul>\n<h2 data-v-md-heading=\"more-about-hearing-aids\" data-v-md-line=\"70\"><strong>Mehr \u00fcber H\u00f6rger\u00e4te<\/strong><\/h2>\n<p data-v-md-line=\"72\">Sehen Sie mehr \u00fcber HdO-H\u00f6rger\u00e4te auf\u00a0<a href=\"https:\/\/chinahearingaid.com\/de\/bte-hearing-aids\/\" target=\"_blank\" rel=\"noopener\">HdO-H\u00f6rger\u00e4te Seite<\/a><br \/>\nInformationen \u00fcber wiederaufladbare Ger\u00e4te finden Sie unter\u00a0<a href=\"https:\/\/chinahearingaid.com\/de\/rechargeable-hearing-aids\/\" target=\"_blank\" rel=\"noopener\">Wiederaufladbare H\u00f6rger\u00e4te<\/a><br \/>\nLesen Sie mehr \u00fcber alle Amazon FBA-H\u00f6rl\u00f6sungen unter\u00a0<a href=\"https:\/\/chinahearingaid.com\/de\/z07-amazon-bte-rechargeable-hearing-aids-factory-supply\/\" target=\"_blank\" rel=\"noopener\">Amazon Wiederaufladbare H\u00f6rger\u00e4te Factory Supply<\/a><\/p>\n<h2 data-v-md-heading=\"quick-feature-table\" data-v-md-line=\"79\"><strong>Quick Feature Tabelle<\/strong><\/h2>\n\n<table id=\"tablepress-3\" class=\"tablepress tablepress-id-3\">\n<thead>\n<tr class=\"row-1\">\n\t<th class=\"column-1\">Produktname<\/th><td class=\"column-2\"><\/td>\n<\/tr>\n<\/thead>\n<tbody class=\"row-striping row-hover\">\n<tr class=\"row-2\">\n\t<td class=\"column-1\"><\/td><td class=\"column-2\"><\/td>\n<\/tr>\n<tr class=\"row-3\">\n\t<td class=\"column-1\">Akkulaufzeit<\/td><td class=\"column-2\">24 Stunden<\/td>\n<\/tr>\n<tr class=\"row-4\">\n\t<td class=\"column-1\">Aufladung Weg<\/td><td class=\"column-2\">USB-C<\/td>\n<\/tr>\n<tr class=\"row-5\">\n\t<td class=\"column-1\">Modi<\/td><td class=\"column-2\">Gruppe (H) &amp; Leise (L)<\/td>\n<\/tr>\n<tr class=\"row-6\">\n\t<td class=\"column-1\">Rauschunterdr\u00fcckung<\/td><td class=\"column-2\">Ja<\/td>\n<\/tr>\n<tr class=\"row-7\">\n\t<td class=\"column-1\">Gestaltung<\/td><td class=\"column-2\">Hinter-dem-Ohr-H\u00f6rer (HdO)<\/td>\n<\/tr>\n<tr class=\"row-8\">\n\t<td class=\"column-1\">Konform<\/td><td class=\"column-2\">FDA, OTC<\/td>\n<\/tr>\n<tr class=\"row-9\">\n\t<td class=\"column-1\">Mindestbestellung<\/td><td class=\"column-2\">50 Einheiten (lose)<\/td>\n<\/tr>\n<tr class=\"row-10\">\n\t<td class=\"column-1\">Garantie<\/td><td class=\"column-2\">1 Jahr<\/td>\n<\/tr>\n<\/tbody>\n<\/table>\n<!-- #tablepress-3 from cache -->\n<h2 data-v-md-heading=\"why-buy-from-a-hearing-aid-factory\" data-v-md-line=\"95\"><strong>Warum bei einer H\u00f6rger\u00e4tefabrik kaufen?<\/strong><\/h2>\n<ul data-v-md-line=\"97\">\n<li>Beste Preise f\u00fcr Gro\u00dfauftr\u00e4ge<\/li>\n<li>Schneller Versand weltweit<\/li>\n<li>Individuelles Branding f\u00fcr Ihren Shop<\/li>\n<li>Vertrauensw\u00fcrdige wiederaufladbare Amazon-H\u00f6rger\u00e4te Fabrikversorgung<\/li>\n<\/ul>\n<p data-v-md-line=\"105\"><strong>Bestellen Sie noch heute Ihre HdO-H\u00f6rger\u00e4te bei Factory Supply. Machen Sie H\u00f6ren einfach!<\/strong><\/p>","protected":false},"excerpt":{"rendered":"<p>HdO-H\u00f6rger\u00e4te (Hinter-dem-Ohr-H\u00f6rger\u00e4te) Fabriklieferung! Verbessert das H\u00f6ren in ruhigen und lauten Umgebungen. Hauptmerkmale: Wiederaufladbar (kein Batteriewechsel, ganzt\u00e4gige Nutzung), 24-Stunden-Batterie, leicht und bequem, L\u00e4rmreduzierung f\u00fcr klaren Klang, einfache H\/L-Modi (Gruppen\/TV), FDA-konform. F\u00fcr leichte bis starke H\u00f6rverluste; Kinder, Erwachsene, Senioren. Ideal f\u00fcr Wiederverk\u00e4ufer: Gro\u00dfmengenlieferung (50+ Einheiten), Amazon FBA bereit, White-Label-Branding. Zuverl\u00e4ssig, schnelle Lieferung. Bestellen Sie noch heute!<\/p>","protected":false},"featured_media":3233,"template":"","meta":{"_kad_post_transparent":"default","_kad_post_title":"","_kad_post_layout":"default","_kad_post_sidebar_id":"","_kad_post_content_style":"default","_kad_post_vertical_padding":"default","_kad_post_feature":"","_kad_post_feature_position":"","_kad_post_header":false,"_kad_post_footer":false,"_kad_post_classname":""},"product_brand":[],"product_cat":[15,544,559,563],"product_tag":[731,730],"class_list":{"0":"post-2317","1":"product","2":"type-product","3":"status-publish","4":"has-post-thumbnail","6":"product_cat-hearing-aid-by-types","7":"product_cat-bte-hearing-aids","8":"product_cat-hearing-aid-by-features","9":"product_cat-rechargeable-hearing-aids","10":"product_tag-amazon-rechargeable-hearing-aids-factory-supply","11":"product_tag-bte-hearing-aids-factory-supply","13":"first","14":"instock","15":"shipping-taxable","16":"product-type-simple","17":"entry","18":"content-bg","19":"loop-entry"},"_links":{"self":[{"href":"https:\/\/chinahearingaid.com\/de\/wp-json\/wp\/v2\/product\/2317","targetHints":{"allow":["GET"]}}],"collection":[{"href":"https:\/\/chinahearingaid.com\/de\/wp-json\/wp\/v2\/product"}],"about":[{"href":"https:\/\/chinahearingaid.com\/de\/wp-json\/wp\/v2\/types\/product"}],"wp:featuredmedia":[{"embeddable":true,"href":"https:\/\/chinahearingaid.com\/de\/wp-json\/wp\/v2\/media\/3233"}],"wp:attachment":[{"href":"https:\/\/chinahearingaid.com\/de\/wp-json\/wp\/v2\/media?parent=2317"}],"wp:term":[{"taxonomy":"product_brand","embeddable":true,"href":"https:\/\/chinahearingaid.com\/de\/wp-json\/wp\/v2\/product_brand?post=2317"},{"taxonomy":"product_cat","embeddable":true,"href":"https:\/\/chinahearingaid.com\/de\/wp-json\/wp\/v2\/product_cat?post=2317"},{"taxonomy":"product_tag","embeddable":true,"href":"https:\/\/chinahearingaid.com\/de\/wp-json\/wp\/v2\/product_tag?post=2317"}],"curies":[{"name":"wp","href":"https:\/\/api.w.org\/{rel}","templated":true}]}}