{"id":2318,"date":"2025-05-23T02:55:44","date_gmt":"2025-05-23T02:55:44","guid":{"rendered":"https:\/\/chinahearingaid.com\/?post_type=product&#038;p=2318"},"modified":"2025-06-15T06:46:56","modified_gmt":"2025-06-15T06:46:56","slug":"zf4-small-rechargeable-hearing-aids-bte-exporting-custom","status":"publish","type":"product","link":"https:\/\/chinahearingaid.com\/de\/zf4-small-rechargeable-hearing-aids-bte-exporting-custom\/","title":{"rendered":"ZF4 Kleine wiederaufladbare H\u00f6rger\u00e4te HdO Export von Kunden"},"content":{"rendered":"<h2 data-v-md-heading=\"what-is-zf4\" data-v-md-line=\"9\"><strong>Was ist ZF4?<\/strong><\/h2>\n<p data-v-md-line=\"11\">ZF4 Kleine wiederaufladbare H\u00f6rger\u00e4te Export von Kunden sind\u00a0<strong>klein<\/strong>sitzen\u00a0<strong>hinter Ihrem Ohr<\/strong>und verwenden\u00a0<strong>Batterien, die Sie aufladen k\u00f6nnen<\/strong>.<br \/>\nSie k\u00f6nnen sie f\u00fcr eine Person, f\u00fcr Ihr Gesch\u00e4ft oder f\u00fcr Ihr Krankenhaus bestellen.<\/p>\n<h2 data-v-md-heading=\"great-things-about-zf4\" data-v-md-line=\"16\"><strong>Gro\u00dfartige Dinge \u00fcber ZF4<\/strong><\/h2>\n<h3 data-v-md-heading=\"_1-easiest-to-use\" data-v-md-line=\"18\"><strong>1. Am einfachsten zu benutzen<\/strong><\/h3>\n<ul data-v-md-line=\"19\">\n<li><strong>Legen Sie es hinter Ihr Ohr.<\/strong><\/li>\n<li><strong>Kein Batteriewechsel.<\/strong>\u00a0Laden Sie es einfach nachts auf!<\/li>\n<li><strong>Ber\u00fchren Sie , um den Ton lauter oder leiser zu machen.<\/strong><\/li>\n<li><strong>Sehr, sehr leicht.<\/strong>\u00a0Nur 2,2 Gramm.<\/li>\n<\/ul>\n<h3 data-v-md-heading=\"_2-so-many-features\" data-v-md-line=\"25\"><strong>2. So viele Funktionen!<\/strong><\/h3>\n<ul data-v-md-line=\"26\">\n<li><strong>H\u00e4lt 30 Stunden mit einer Ladung.<\/strong><\/li>\n<li><strong>Sch\u00fctzt vor lauten Ger\u00e4uschen.<\/strong>\u00a0L\u00e4sst Sie Stimmen besser h\u00f6ren, selbst an belebten Orten.<\/li>\n<li><strong>Farben f\u00fcr alle.<\/strong><\/li>\n<\/ul>\n<h3 data-v-md-heading=\"_3-for-every-place\" data-v-md-line=\"33\"><strong>3. F\u00fcr jeden Ort<\/strong><\/h3>\n<ul data-v-md-line=\"34\">\n<li><strong>Zu Hause, in der Schule, bei der Arbeit.<\/strong><\/li>\n<li><strong>Toll f\u00fcr Kinder und Erwachsene.<\/strong><\/li>\n<li><strong>Sie k\u00f6nnen viele f\u00fcr Ihr Gesch\u00e4ft bekommen.<\/strong><\/li>\n<\/ul>\n<h3 data-v-md-heading=\"_4-best-for-export\" data-v-md-line=\"39\"><strong>4. Am besten f\u00fcr den Export<\/strong><\/h3>\n<ul data-v-md-line=\"40\">\n<li><strong>Bereit f\u00fcr den Versand in jedes Land.<\/strong><\/li>\n<li><strong>Verf\u00fcgt \u00fcber alles, was f\u00fcr die Einhaltung von Vorschriften erforderlich ist (CE, FDA, ISO 13485).<\/strong><\/li>\n<li><strong>Hat Reisef\u00fchrer in vielen Sprachen.<\/strong><\/li>\n<li><strong>Einfache Verpackung f\u00fcr gro\u00dfe Bestellungen.<\/strong><\/li>\n<\/ul>\n<h2 data-v-md-heading=\"see-zf4-in-action\" data-v-md-line=\"47\"><strong>ZF4 in Aktion sehen<\/strong><\/h2>\n\n<table id=\"tablepress-1\" class=\"tablepress tablepress-id-1\">\n<thead>\n<tr class=\"row-1\">\n\t<th class=\"column-1\">Besonderheit<\/th><th class=\"column-2\">Warum es Ihnen hilft<\/th>\n<\/tr>\n<\/thead>\n<tbody class=\"row-striping row-hover\">\n<tr class=\"row-2\">\n\t<td class=\"column-1\">Kleine Gr\u00f6\u00dfe, leicht<\/td><td class=\"column-2\">Man vergisst, dass sie da ist.<\/td>\n<\/tr>\n<tr class=\"row-3\">\n\t<td class=\"column-1\">Wiederaufladbare Batterie, 30+ Stunden<\/td><td class=\"column-2\">Den ganzen Tag im Einsatz, nachts aufladen. Kein Auswechseln der Batterien.<\/td>\n<\/tr>\n<tr class=\"row-4\">\n\t<td class=\"column-1\">Bluetooth<\/td><td class=\"column-2\">Nutzen Sie Ihr Telefon, Ihren Fernseher oder Ihre Musik - ganz ohne Kabel.<\/td>\n<\/tr>\n<tr class=\"row-5\">\n\t<td class=\"column-1\">Rauschunterdr\u00fcckung, intelligente AI-Technologie<\/td><td class=\"column-2\">H\u00f6ren Sie nur das, was Sie wollen, blockieren Sie Wind und Stadtger\u00e4usche.<\/td>\n<\/tr>\n<tr class=\"row-6\">\n\t<td class=\"column-1\">Wasser- und staubdicht (IP68)<\/td><td class=\"column-2\">Tragen Sie sie im Park, bei Regen oder beim Sport.<\/td>\n<\/tr>\n<tr class=\"row-7\">\n\t<td class=\"column-1\">Individuelle Farbe, Passform und Logo<\/td><td class=\"column-2\">W\u00e4hlen Sie Ihren eigenen Look. Bringen Sie den Namen Ihres Gesch\u00e4fts an.<\/td>\n<\/tr>\n<tr class=\"row-8\">\n\t<td class=\"column-1\">F\u00fcr den Export zertifiziert<\/td><td class=\"column-2\">Kaufen Sie f\u00fcr Ihr Land, verabschieden Sie alle Gesetze.<\/td>\n<\/tr>\n<\/tbody>\n<\/table>\n<!-- #tablepress-1 from cache -->\n<p><strong style=\"font-family: inherit; font-size: 28px;\">Wer verwendet ZF4?<\/strong><\/p>\n<ul data-v-md-line=\"63\">\n<li><strong>Kinder und Erwachsene<\/strong>\u00a0mit H\u00f6rverlust<\/li>\n<li><strong>L\u00e4den und Kliniken<\/strong>\u00a0die H\u00f6rger\u00e4te verkaufen<\/li>\n<li><strong>Krankenh\u00e4user und Gruppen<\/strong>\u00a0f\u00fcr viele Menschen<\/li>\n<li><strong>HdO-H\u00f6rger\u00e4te Export von Kunden<\/strong><\/li>\n<li><strong>Menschen, die kleine wiederaufladbare H\u00f6rger\u00e4te exportieren m\u00f6chten Custom<\/strong><\/li>\n<\/ul>\n<h2 data-v-md-heading=\"why-pick-zf4\" data-v-md-line=\"70\"><strong>Warum ZF4?<\/strong><\/h2>\n<ul data-v-md-line=\"72\">\n<li><strong>Ganzt\u00e4giger Komfort<\/strong><\/li>\n<li><strong>Spart Geld<\/strong>\u00a0(aufladen, keine Batterien)<\/li>\n<li><strong>Super klarer Klang<\/strong><\/li>\n<li><strong>Schiffe \u00fcberall<\/strong><\/li>\n<\/ul>\n<h2 data-v-md-heading=\"want-to-learn-more\" data-v-md-line=\"78\"><strong>M\u00f6chten Sie mehr erfahren?<\/strong><\/h2>\n<ul data-v-md-line=\"80\">\n<li>Entdecken Sie\u00a0<a href=\"https:\/\/chinahearingaid.com\/de\/zf4-small-rechargeable-hearing-aids-bte-exporting-custom\/\" target=\"_blank\" rel=\"noopener\">HdO-H\u00f6rger\u00e4te Exportieren nach Ma\u00df - siehe vollst\u00e4ndige Produktdetails.<\/a><\/li>\n<li>Entdecken Sie mehr n\u00fctzliche\u00a0<a href=\"https:\/\/chinahearingaid.com\/de\/zf4-small-rechargeable-hearing-aids-bte-exporting-custom\/\" target=\"_blank\" rel=\"noopener\">Kleine wiederaufladbare H\u00f6rger\u00e4te Export von Custom.<\/a><\/li>\n<li>Alle Typen finden Sie unter\u00a0<a href=\"https:\/\/chinahearingaid.com\/de\/bte-hearing-aids\/\" target=\"_blank\" rel=\"noopener\">HdO-H\u00f6rger\u00e4te.<\/a><\/li>\n<li>Shop\u00a0<a href=\"https:\/\/chinahearingaid.com\/de\/rechargeable-hearing-aids\/\" target=\"_blank\" rel=\"noopener\">Wiederaufladbare H\u00f6rger\u00e4te f\u00fcr mehr Optionen!<\/a><\/li>\n<\/ul>\n<p data-v-md-line=\"88\"><strong>Alle Informationen stammen aus zuverl\u00e4ssigen Quellen und von f\u00fchrenden H\u00f6rger\u00e4teherstellern.<\/strong><br \/>\nNoch mehr Informationen finden Sie unter\u00a0<a href=\"https:\/\/chinahearingaid.com\/de\/hearing-aid-by-types\/\" target=\"_blank\" rel=\"noopener\">H\u00f6rger\u00e4te nach Typ<\/a>\u00a0Und\u00a0<a href=\"https:\/\/chinahearingaid.com\/de\/bluetooth-hearing-aids\/\" target=\"_blank\" rel=\"noopener\">Bluetooth-H\u00f6rger\u00e4te<\/a>\u00a0f\u00fcr verschiedene Auswahlm\u00f6glichkeiten.<\/p>","protected":false},"excerpt":{"rendered":"<p>ZF4: Kleine, wiederaufladbare Hinter-dem-Ohr-H\u00f6rger\u00e4te. Individuell und exportf\u00e4hig. Einfach zu bedienen: n\u00e4chtliches Aufladen. Geringes Gewicht (2,2 g) f\u00fcr ganzt\u00e4gigen Tragekomfort. 30 Stunden Akkulaufzeit und fortschrittliche Ger\u00e4uschunterdr\u00fcckung f\u00fcr klaren Klang. Anpassbar. CE-, FDA- und ISO-zertifiziert f\u00fcr den weltweiten Export. Ideal f\u00fcr Privatpersonen, Gesch\u00e4fte und Krankenh\u00e4user.<\/p>","protected":false},"featured_media":3076,"template":"","meta":{"_kad_post_transparent":"default","_kad_post_title":"","_kad_post_layout":"default","_kad_post_sidebar_id":"","_kad_post_content_style":"default","_kad_post_vertical_padding":"default","_kad_post_feature":"","_kad_post_feature_position":"","_kad_post_header":false,"_kad_post_footer":false,"_kad_post_classname":""},"product_brand":[],"product_cat":[15,544,559,563],"product_tag":[728,729],"class_list":{"0":"post-2318","1":"product","2":"type-product","3":"status-publish","4":"has-post-thumbnail","6":"product_cat-hearing-aid-by-types","7":"product_cat-bte-hearing-aids","8":"product_cat-hearing-aid-by-features","9":"product_cat-rechargeable-hearing-aids","10":"product_tag-bte-hearing-aids-exporting-custom","11":"product_tag-small-rechargeable-hearing-aids-exporting-custom","13":"first","14":"instock","15":"shipping-taxable","16":"product-type-simple","17":"entry","18":"content-bg","19":"loop-entry"},"_links":{"self":[{"href":"https:\/\/chinahearingaid.com\/de\/wp-json\/wp\/v2\/product\/2318","targetHints":{"allow":["GET"]}}],"collection":[{"href":"https:\/\/chinahearingaid.com\/de\/wp-json\/wp\/v2\/product"}],"about":[{"href":"https:\/\/chinahearingaid.com\/de\/wp-json\/wp\/v2\/types\/product"}],"wp:featuredmedia":[{"embeddable":true,"href":"https:\/\/chinahearingaid.com\/de\/wp-json\/wp\/v2\/media\/3076"}],"wp:attachment":[{"href":"https:\/\/chinahearingaid.com\/de\/wp-json\/wp\/v2\/media?parent=2318"}],"wp:term":[{"taxonomy":"product_brand","embeddable":true,"href":"https:\/\/chinahearingaid.com\/de\/wp-json\/wp\/v2\/product_brand?post=2318"},{"taxonomy":"product_cat","embeddable":true,"href":"https:\/\/chinahearingaid.com\/de\/wp-json\/wp\/v2\/product_cat?post=2318"},{"taxonomy":"product_tag","embeddable":true,"href":"https:\/\/chinahearingaid.com\/de\/wp-json\/wp\/v2\/product_tag?post=2318"}],"curies":[{"name":"wp","href":"https:\/\/api.w.org\/{rel}","templated":true}]}}