{"id":2273,"date":"2025-05-22T15:30:17","date_gmt":"2025-05-22T15:30:17","guid":{"rendered":"https:\/\/chinahearingaid.com\/?post_type=product&#038;p=2273"},"modified":"2025-06-02T06:53:50","modified_gmt":"2025-06-02T06:53:50","slug":"z68-best-ite-rechargeable-digital-hearing-aid-amazon-agency","status":"publish","type":"product","link":"https:\/\/chinahearingaid.com\/es\/z68-best-ite-rechargeable-digital-hearing-aid-amazon-agency\/","title":{"rendered":"Z68 Mejor Aud\u00edfono Digital Recargable ITE Agencia Amazon"},"content":{"rendered":"<h2 data-v-md-heading=\"do-you-want-to-hear-better-every-day\" data-v-md-line=\"3\"><strong>\u00bfQuiere o\u00edr mejor cada d\u00eda?<\/strong><\/h2>\n<p data-v-md-line=\"4\">\u00a1Hag\u00e1moslo f\u00e1cil! Con el\u00a0<strong>Z68 Best ITE Aud\u00edfono digital recargable<\/strong>Disfrutar\u00e1 de un sonido n\u00edtido, funciones inteligentes y una carga sencilla, todo ello en un paquete diminuto y discreto.<\/p>\n<h2 data-v-md-heading=\"why-pick-the-z68\" data-v-md-line=\"7\">\u00bfPor qu\u00e9 elegir el Z68?<\/h2>\n<p data-v-md-line=\"9\"><strong>El Z68 es un tipo especial de aud\u00edfono digital.<\/strong><br \/>\nSe adapta perfectamente a la oreja.<br \/>\nEs f\u00e1cil de usar.<br \/>\nY te ayuda a escuchar el mundo de una forma que te parece adecuada.<\/p>\n<blockquote data-v-md-line=\"14\">\n<p data-v-md-line=\"14\">Esta es una verdadera\u00a0<strong>Aud\u00edfonos digitales Agencia Amazon<\/strong>\u00a0modelo hecho a su medida con la \u00faltima tecnolog\u00eda: \u00a1se acabaron los viejos y grandes aud\u00edfonos beige!<\/p>\n<\/blockquote>\n<h2 data-v-md-heading=\"key-features\" data-v-md-line=\"17\">Caracter\u00edsticas principales<\/h2>\n<p data-v-md-line=\"19\"><strong>\u00bfQu\u00e9 hace de Z68 el mejor aud\u00edfono ITE que puede ofrecer la agencia?<\/strong><br \/>\n<strong>Mira qu\u00e9 cosas tan chulas hace:<\/strong><\/p>\n<ul data-v-md-line=\"22\">\n<li>\n<p data-v-md-line=\"22\"><strong>Bater\u00eda recargable:<\/strong><br \/>\nNada de botoncitos ni de cambiar las pilas. En lugar de eso, \u00a1con\u00e9ctalo y listo!<\/p>\n<ul data-v-md-line=\"24\">\n<li>Carga r\u00e1pida de 2 horas para 24 horas de audici\u00f3n.<\/li>\n<li>Viene con un pr\u00e1ctico estuche de carga que puedes llevar a cualquier parte.<\/li>\n<\/ul>\n<\/li>\n<li>\n<p data-v-md-line=\"27\"><strong>Discreto y ligero:<\/strong><br \/>\nEl Z68 es peque\u00f1o.<br \/>\nSe coloca dentro de la oreja y es casi invisible.<\/p>\n<\/li>\n<li>\n<p data-v-md-line=\"31\"><strong>Funciones digitales inteligentes:<\/strong><br \/>\nDisfruta del discurso.<br \/>\nEscucha m\u00fasica.<br \/>\nVer la televisi\u00f3n.<\/p>\n<ul data-v-md-line=\"35\">\n<li>Procesamiento digital avanzado para un sonido n\u00edtido.<\/li>\n<li>La potente reducci\u00f3n de ruido te ayuda a o\u00edr a quien quieras, \u00a1incluso en lugares ruidosos!<\/li>\n<\/ul>\n<\/li>\n<li>\n<p data-v-md-line=\"38\"><strong>Resistente al agua:<\/strong><br \/>\nPonte el Z68 cuando camines, vayas de compras o corras bajo la lluvia.<\/p>\n<\/li>\n<li>\n<p data-v-md-line=\"41\"><strong>Conexi\u00f3n Bluetooth:<\/strong><br \/>\nConecta el tel\u00e9fono o la televisi\u00f3n directamente al aud\u00edfono.<\/p>\n<ul data-v-md-line=\"43\">\n<li>Haz llamadas o escucha tu programa favorito.<\/li>\n<\/ul>\n<\/li>\n<li>\n<p data-v-md-line=\"45\"><strong>Controles f\u00e1ciles:<\/strong><br \/>\nDos modos de audici\u00f3n: uno para lugares silenciosos y otro para lugares concurridos.<\/p>\n<ul data-v-md-line=\"47\">\n<li>S\u00f3lo tienes que pulsar \u00a1ya!<\/li>\n<\/ul>\n<\/li>\n<li>\n<p data-v-md-line=\"49\"><strong>Funci\u00f3n de memoria:<\/strong><br \/>\nEl Z68 recuerda tus ajustes favoritos.<\/p>\n<\/li>\n<\/ul>\n<h3 data-v-md-heading=\"see-the-details\" data-v-md-line=\"53\">Ver los detalles<\/h3>\n\n<table id=\"tablepress-64\" class=\"tablepress tablepress-id-64\">\n<thead>\n<tr class=\"row-1\">\n\t<th class=\"column-1\">Caracter\u00edstica<\/th><th class=\"column-2\">Lo que obtienes<\/th>\n<\/tr>\n<\/thead>\n<tbody class=\"row-striping row-hover\">\n<tr class=\"row-2\">\n\t<td class=\"column-1\">Battery Life<\/td><td class=\"column-2\">Autonom\u00eda de 24 horas, carga r\u00e1pida en 2 horas, estuche de carga port\u00e1til<\/td>\n<\/tr>\n<tr class=\"row-3\">\n\t<td class=\"column-1\">Talla<\/td><td class=\"column-2\">Peque\u00f1o, ITE (In The Ear), casi invisible<\/td>\n<\/tr>\n<tr class=\"row-4\">\n\t<td class=\"column-1\">Peso<\/td><td class=\"column-2\">\u00a1Ligero! Menos que un clip<\/td>\n<\/tr>\n<tr class=\"row-5\">\n\t<td class=\"column-1\">Technology<\/td><td class=\"column-2\">Digital, reducci\u00f3n de ruido, supresi\u00f3n de realimentaci\u00f3n<\/td>\n<\/tr>\n<tr class=\"row-6\">\n\t<td class=\"column-1\">Resistencia al agua<\/td><td class=\"column-2\">IP68, a salvo de la lluvia ligera y el sudor<\/td>\n<\/tr>\n<tr class=\"row-7\">\n\t<td class=\"column-1\">Bluetooth<\/td><td class=\"column-2\">S\u00ed, para m\u00fasica y llamadas<\/td>\n<\/tr>\n<tr class=\"row-8\">\n\t<td class=\"column-1\">Adaptar<\/td><td class=\"column-2\">4 tama\u00f1os de almohadillas, c\u00f3modas para cualquier o\u00eddo<\/td>\n<\/tr>\n<tr class=\"row-9\">\n\t<td class=\"column-1\">Ayuda<\/td><td class=\"column-2\">1 a\u00f1o de garant\u00eda y 60 d\u00edas de devoluci\u00f3n en Amazon<\/td>\n<\/tr>\n<tr class=\"row-10\">\n\t<td class=\"column-1\">Modos<\/td><td class=\"column-2\">2 modos de escucha: uno para hablar y otro para el ruido<\/td>\n<\/tr>\n<tr class=\"row-11\">\n\t<td class=\"column-1\">Aplicaci\u00f3n<\/td><td class=\"column-2\">Control desde el tel\u00e9fono (iOS y Android)<\/td>\n<\/tr>\n<\/tbody>\n<\/table>\n<!-- #tablepress-64 from cache -->\n<h2 data-v-md-heading=\"when-to-use\" data-v-md-line=\"69\">Cu\u00e1ndo utilizarlo<\/h2>\n<p data-v-md-line=\"71\"><strong>Puedes usar Z68 para muchas cosas:<\/strong><\/p>\n<ul data-v-md-line=\"72\">\n<li>\u00bfIr a clase o al trabajo? S\u00cd<\/li>\n<li>\u00bfHablar con amigos en una cafeter\u00eda ruidosa? S\u00cd<\/li>\n<li>\u00bfEscucha a su profesor, la televisi\u00f3n o m\u00fasica? S\u00cd<\/li>\n<li>\u00bfLlevarlo al gimnasio, salir a la calle o viajar? S\u00cd<\/li>\n<\/ul>\n<p data-v-md-line=\"77\"><strong>El dise\u00f1o de la Agencia de Aud\u00edfonos Z68 Best ITE es perfecto para todas las partes del d\u00eda.<\/strong><br \/>\nDisfrute tambi\u00e9n de las reuniones, las comidas y los momentos de tranquilidad.<\/p>\n<h2 data-v-md-heading=\"how-z68-beats-other-digital-hearing-aids-amazon-agency-options\" data-v-md-line=\"82\">C\u00f3mo Z68 supera a otros aud\u00edfonos digitales Opciones de la Agencia Amazon<\/h2>\n<p data-v-md-line=\"84\"><strong>Con Z68:<\/strong><\/p>\n<ul data-v-md-line=\"85\">\n<li>Sin complicaciones<\/li>\n<li>Sin cables<\/li>\n<li>Sin cambio de pilas diminutas<\/li>\n<li>No te preocupes.<\/li>\n<\/ul>\n<p data-v-md-line=\"90\"><strong>Es la respuesta de la Agencia de Aud\u00edfonos Digitales Recargables para adultos ocupados, personas mayores y cualquiera que desee o\u00edr bien en cualquier momento.<\/strong><br \/>\nObtendr\u00e1 un sonido excelente, un ajuste perfecto y un soporte Amazon sencillo.<\/p>\n<h2 data-v-md-heading=\"real-stories\" data-v-md-line=\"94\">Historias reales<\/h2>\n<ul data-v-md-line=\"96\">\n<li>\"Los pongo y puedo volver a hablar con mis amigos y mi familia\".<\/li>\n<li>\"\u00a1Son tan peque\u00f1os que nadie sabe que los llevo!\".<\/li>\n<li>\"Puedo transmitir llamadas desde mi tel\u00e9fono cuando paseo a mi perro\".<\/li>\n<\/ul>\n<h3 data-v-md-heading=\"helpful-resources\" data-v-md-line=\"101\">Recursos \u00fatiles<\/h3>\n<p data-v-md-line=\"103\">M\u00e1s informaci\u00f3n\u00a0<a href=\"https:\/\/chinahearingaid.com\/es\/ite-hearing-aids\/\" target=\"_blank\" rel=\"noopener\">Aud\u00edfonos ITE<\/a>-y ver todos los\u00a0<a href=\"https:\/\/chinahearingaid.com\/es\/digital-hearing-aids\/\" target=\"_blank\" rel=\"noopener\">Aud\u00edfonos digitales<\/a>\u00a0modelos disponibles.<\/p>\n<p data-v-md-line=\"105\">Curiosidad por todo\u00a0<a href=\"https:\/\/chinahearingaid.com\/es\/rechargeable-hearing-aids\/\" target=\"_blank\" rel=\"noopener\">Aud\u00edfonos recargables<\/a>? Averig\u00fce qu\u00e9 tipo es el m\u00e1s adecuado para usted.<\/p>\n<p data-v-md-line=\"107\">\u00bfQuiere algo a\u00fan m\u00e1s peque\u00f1o? Echa un vistazo a\u00a0<a href=\"https:\/\/chinahearingaid.com\/es\/cic-hearing-aids\/\" target=\"_blank\" rel=\"noopener\">Aud\u00edfonos CIC<\/a>\u00a0para opciones invisibles.<\/p>\n<h2 data-v-md-heading=\"frequently-asked-questions\" data-v-md-line=\"110\">Preguntas frecuentes<\/h2>\n<p data-v-md-line=\"112\"><strong>Q. \u00bfEs Z68 f\u00e1cil para las personas mayores?<\/strong><br \/>\nA. S\u00ed. La facilidad de carga y los botones grandes lo hacen apto para personas mayores.<\/p>\n<p data-v-md-line=\"115\"><strong>Q. \u00bfCu\u00e1nto dura la bater\u00eda?<\/strong><br \/>\nA. Hasta 24 horas. S\u00f3lo 2 horas para cargar.<\/p>\n<p data-v-md-line=\"118\"><strong>Q. \u00bfPuedo utilizarlo en ambos o\u00eddos?<\/strong><br \/>\nA. S\u00ed. Usted recibe un par en una caja para la derecha y la izquierda.<\/p>\n<p data-v-md-line=\"121\"><strong>Q. \u00bfEs seguro hacer pedidos a Amazon?<\/strong><br \/>\nA. S\u00ed. Z68 est\u00e1 respaldado por el servicio de atenci\u00f3n al cliente de Amazon y una pol\u00edtica de devoluci\u00f3n de 60 d\u00edas.<\/p>\n<h2 data-v-md-heading=\"ready-for-clear-hearing\" data-v-md-line=\"125\">\u00bfListo para una audici\u00f3n clara?<\/h2>\n<p data-v-md-line=\"127\">El\u00a0<strong>Z68 Mejor Aud\u00edfono Digital Recargable ITE Agencia Amazon<\/strong>\u00a0modelo est\u00e1 hecho para usted si lo necesita:<\/p>\n<ul data-v-md-line=\"128\">\n<li>Gran sonido<\/li>\n<li>En El O\u00eddo (ITE)<\/li>\n<li>Carga f\u00e1cil<\/li>\n<li>Controles sencillos<\/li>\n<li>Apoyo de Amazon<\/li>\n<\/ul>\n<p data-v-md-line=\"134\">No deje de explorar tambi\u00e9n\u00a0<a href=\"https:\/\/chinahearingaid.com\/es\/z68-best-ite-rechargeable-digital-hearing-aid-amazon-agency\/\" target=\"_blank\" rel=\"noopener\">Mejor modelo de Agencia de Aud\u00edfonos ITE<\/a>\u00a0y compruebe lo f\u00e1cil que es o\u00edr mejor.<\/p>\n<p data-v-md-line=\"138\"><strong>Aud\u00edfonos Digitales Amazon Agencia | Aud\u00edfonos Digitales Recargables Agencia | Mejores Aud\u00edfonos ITE Agencia<\/strong>-no son s\u00f3lo palabras rimbombantes.<br \/>\nSignifican una mejor audici\u00f3n, simplificada, para usted.<\/p>","protected":false},"excerpt":{"rendered":"<div class=\"model-prompt-container\" data-turn-role=\"Model\">\n<div class=\"turn-content\">\n<p class=\"ng-star-inserted\"><span class=\"ng-star-inserted\">O\u00edr mejor cada d\u00eda, \u00a1f\u00e1cilmente! El aud\u00edfono digital recargable Z68 ITE ofrece un sonido n\u00edtido y funciones inteligentes (reducci\u00f3n de ruido, Bluetooth) con una carga sencilla en un paquete peque\u00f1o y discreto. Sin complicaciones con las pilas: 24 horas de uso con una carga de 2 horas, con un estuche port\u00e1til. Procesamiento digital avanzado para un habla\/m\u00fasica n\u00edtidos. Resistente al agua. Controles sencillos, ajuste c\u00f3modo. Z68: audici\u00f3n moderna, simplificada.<\/span><\/p>\n<\/div>\n<\/div>","protected":false},"featured_media":2612,"template":"","meta":{"_kad_post_transparent":"default","_kad_post_title":"","_kad_post_layout":"default","_kad_post_sidebar_id":"","_kad_post_content_style":"default","_kad_post_vertical_padding":"default","_kad_post_feature":"","_kad_post_feature_position":"","_kad_post_header":false,"_kad_post_footer":false,"_kad_post_classname":""},"product_brand":[],"product_cat":[15,561,559,549,563],"product_tag":[606,604,605],"class_list":{"0":"post-2273","1":"product","2":"type-product","3":"status-publish","4":"has-post-thumbnail","6":"product_cat-hearing-aid-by-types","7":"product_cat-digital-hearing-aids","8":"product_cat-hearing-aid-by-features","9":"product_cat-ite-hearing-aids","10":"product_cat-rechargeable-hearing-aids","11":"product_tag-best-ite-hearing-aid-agency","12":"product_tag-digital-hearing-aids-amazon-agency","13":"product_tag-rechargeable-digital-hearing-aid-agency","15":"first","16":"instock","17":"shipping-taxable","18":"product-type-simple","19":"entry","20":"content-bg","21":"loop-entry"},"_links":{"self":[{"href":"https:\/\/chinahearingaid.com\/es\/wp-json\/wp\/v2\/product\/2273","targetHints":{"allow":["GET"]}}],"collection":[{"href":"https:\/\/chinahearingaid.com\/es\/wp-json\/wp\/v2\/product"}],"about":[{"href":"https:\/\/chinahearingaid.com\/es\/wp-json\/wp\/v2\/types\/product"}],"wp:featuredmedia":[{"embeddable":true,"href":"https:\/\/chinahearingaid.com\/es\/wp-json\/wp\/v2\/media\/2612"}],"wp:attachment":[{"href":"https:\/\/chinahearingaid.com\/es\/wp-json\/wp\/v2\/media?parent=2273"}],"wp:term":[{"taxonomy":"product_brand","embeddable":true,"href":"https:\/\/chinahearingaid.com\/es\/wp-json\/wp\/v2\/product_brand?post=2273"},{"taxonomy":"product_cat","embeddable":true,"href":"https:\/\/chinahearingaid.com\/es\/wp-json\/wp\/v2\/product_cat?post=2273"},{"taxonomy":"product_tag","embeddable":true,"href":"https:\/\/chinahearingaid.com\/es\/wp-json\/wp\/v2\/product_tag?post=2273"}],"curies":[{"name":"wp","href":"https:\/\/api.w.org\/{rel}","templated":true}]}}