{"id":2274,"date":"2025-05-22T15:30:18","date_gmt":"2025-05-22T15:30:18","guid":{"rendered":"https:\/\/chinahearingaid.com\/?post_type=product&#038;p=2274"},"modified":"2025-06-02T04:15:33","modified_gmt":"2025-06-02T04:15:33","slug":"z390b-best-digital-hearing-aids-ite-rechargeable-solutions","status":"publish","type":"product","link":"https:\/\/chinahearingaid.com\/es\/z390b-best-digital-hearing-aids-ite-rechargeable-solutions\/","title":{"rendered":"Z390B mejores aud\u00edfonos digitales ite soluciones recargables"},"content":{"rendered":"<p data-v-md-line=\"3\"><strong>\u00a1Prep\u00e1rese para o\u00edr mejor! Descubre Z390B mejores aud\u00edfonos digitales ITE soluciones recargables.<\/strong><\/p>\n<h2 data-v-md-heading=\"features\" data-v-md-line=\"5\"><strong>Caracter\u00edsticas<\/strong><\/h2>\n<ul data-v-md-line=\"7\">\n<li><strong>Dise\u00f1o moldeado a medida<\/strong><\/li>\n<li><strong>Bater\u00eda de larga duraci\u00f3n<\/strong><\/li>\n<li><strong>Capacidad de carga r\u00e1pida<\/strong><\/li>\n<li><strong>Procesamiento inteligente del sonido<\/strong><\/li>\n<li><strong>Grado de impermeabilidad<\/strong><\/li>\n<li><strong>Controles de una pulsaci\u00f3n<\/strong><\/li>\n<li><strong>Conectividad Bluetooth<\/strong><\/li>\n<li><strong>Kit completo de accesorios<\/strong><\/li>\n<li><strong>Cumplimiento de la FDA<\/strong><\/li>\n<\/ul>\n<h2 data-v-md-heading=\"specifications\" data-v-md-line=\"17\"><strong>Especificaciones<\/strong><\/h2>\n<table data-v-md-line=\"19\">\n<thead>\n<tr>\n<th><strong>Par\u00e1metro<\/strong><\/th>\n<th><strong>Detalles<\/strong><\/th>\n<\/tr>\n<\/thead>\n<tbody>\n<tr>\n<td><strong>Battery Life<\/strong><\/td>\n<td>35 horas por carga + 8-10 cargas mediante estuche port\u00e1til<\/td>\n<\/tr>\n<tr>\n<td><strong>Tiempo de carga<\/strong><\/td>\n<td>2 horas de carga completa \/ 30 minutos de carga r\u00e1pida = 6 horas<\/td>\n<\/tr>\n<tr>\n<td><strong>Tratamiento del sonido<\/strong><\/td>\n<td>30\u00b15 dB de ganancia + \u22643% de distorsi\u00f3n + chip de reducci\u00f3n de ruido<\/td>\n<\/tr>\n<tr>\n<td><strong>Grado de impermeabilidad<\/strong><\/td>\n<td>IP68 (resistente al sudor y la lluvia)<\/td>\n<\/tr>\n<tr>\n<td><strong>Dise\u00f1o<\/strong><\/td>\n<td>Carcasa ITE moldeada a medida, auriculares de 5 tama\u00f1os<\/td>\n<\/tr>\n<tr>\n<td><strong>Conectividad<\/strong><\/td>\n<td>Bluetooth LE para streaming de tel\u00e9fono\/TV<\/td>\n<\/tr>\n<tr>\n<td><strong>Controla<\/strong><\/td>\n<td>Ajuste de volumen con una pulsaci\u00f3n, tecnolog\u00eda de arranque retardado<\/td>\n<\/tr>\n<tr>\n<td><strong>Accesorios<\/strong><\/td>\n<td>Estuche de carga, 10 auriculares, cepillos de limpieza, cord\u00f3n de sujeci\u00f3n<\/td>\n<\/tr>\n<tr>\n<td><strong>Cumplimiento de la FDA<\/strong><\/td>\n<td>Certificado OTC para p\u00e9rdidas auditivas leves-moderadas<\/td>\n<\/tr>\n<\/tbody>\n<\/table>\n<h3 data-v-md-heading=\"benefits\" data-v-md-line=\"31\"><strong>Beneficios<\/strong><\/h3>\n<ul data-v-md-line=\"33\">\n<li>\n<p data-v-md-line=\"33\"><strong>Dise\u00f1o moldeado a medida<\/strong><br \/>\nLos aud\u00edfonos Z390B ITE se moldean a medida para adaptarse perfectamente a su o\u00eddo. Vienen con cinco tama\u00f1os diferentes de terminal para garantizar la m\u00e1xima comodidad y un ajuste seguro.<\/p>\n<\/li>\n<li>\n<p data-v-md-line=\"36\"><strong>Bater\u00eda de larga duraci\u00f3n<\/strong><br \/>\nLa bater\u00eda recargable proporciona 35 horas de utilizaci\u00f3n con una carga completa. El caso port\u00e1til ofrece ocho-10 ciclos de carga adicionales, por lo que puede energ\u00eda a trav\u00e9s de pinturas, viajes y eventos sociales resultados f\u00e1cilmente.<\/p>\n<\/li>\n<li>\n<p data-v-md-line=\"40\"><strong>Capacidad de carga r\u00e1pida<\/strong><br \/>\n\u00bfNecesita un aumento breve? Los aud\u00edfonos pueden cargarse completamente en 2 horas. Adem\u00e1s, una tarifa breve de 30 minutos le ofrece 6 horas de uso. Esto es ideal para emergencias pinnacle-americaearlier de llamadas o reuniones cruciales.<\/p>\n<\/li>\n<li>\n<p data-v-md-line=\"44\"><strong>Procesamiento inteligente del sonido<\/strong><br \/>\nDisfrute de conversaciones claras incluso en entornos ruidosos. Con 30\u00b15 dB beneficio, \u2264three% distorsi\u00f3n, y chips de descuento de ruido superior, estos aud\u00edfonos decorar la claridad del habla y disminuir el ruido de la herencia correctamente.<\/p>\n<\/li>\n<li>\n<p data-v-md-line=\"48\"><strong>Grado de impermeabilidad<\/strong><br \/>\nLos aud\u00edfonos Z390B cuentan con la clasificaci\u00f3n IP68, lo que significa que son capaces de resistir el sudor, la lluvia y la exposici\u00f3n a la luz. Perfecto para ejercicios, jardiner\u00eda, y los desplazamientos lluviosos, que est\u00e1n construidos para manejar la existencia real.<\/p>\n<\/li>\n<li>\n<p data-v-md-line=\"51\"><strong>Controles de una pulsaci\u00f3n<\/strong><br \/>\nAjuste f\u00e1cilmente la cantidad con un toque f\u00e1cil, manera a la caracter\u00edstica del ajuste de la extensi\u00f3n del solo-contacto. El progresivo no en la generaci\u00f3n de inicio de tiempo asegura una transici\u00f3n suave en las conversaciones.<\/p>\n<\/li>\n<li>\n<p data-v-md-line=\"55\"><strong>Conectividad Bluetooth<\/strong><br \/>\nTransmita melod\u00edas, podcasts o audio de TV inmediatamente en sus aud\u00edfonos a trav\u00e9s de Bluetooth LE. Es ideal para hacer ejercicio mientras escuchas tus canciones favoritas o participas en pel\u00edculas con un sonido m\u00e1s n\u00edtido en casa.<\/p>\n<\/li>\n<li>\n<p data-v-md-line=\"59\"><strong>Kit completo de accesorios<\/strong><br \/>\nCada compra incluye un estuche de carga, 10 c\u00e1psulas auriculares, cepillos de limpieza y un cord\u00f3n. Este completo kit garantiza que sus aud\u00edfonos est\u00e9n preparados para cualquier viaje.<\/p>\n<\/li>\n<li>\n<p data-v-md-line=\"62\"><strong>Cumplimiento de la FDA<\/strong><br \/>\nEstos aud\u00edfonos con certificaci\u00f3n OTC est\u00e1n adaptados para p\u00e9rdidas auditivas de leves a moderadas, ofreciendo una mejor accesibilidad y facilidad de uso sin necesidad de prescripci\u00f3n m\u00e9dica.<\/p>\n<\/li>\n<\/ul>\n<h3 data-v-md-heading=\"usage-scenarios\" data-v-md-line=\"65\"><strong>Escenarios de uso<\/strong><\/h3>\n<ul data-v-md-line=\"67\">\n<li>\n<p data-v-md-line=\"67\"><strong>Ajustes profesionales<\/strong><br \/>\nIdeal para mantener conversaciones n\u00edtidas durante reuniones de negocios. El dise\u00f1o a medida garantiza que sus compa\u00f1eros se fijen en su confianza, no en sus aud\u00edfonos. M\u00e1s informaci\u00f3n\u00a0<a href=\"https:\/\/chinahearingaid.com\/es\/ite-hearing-aids\/\" target=\"_blank\" rel=\"noopener\">Aud\u00edfonos ITE<\/a>.<\/p>\n<\/li>\n<li>\n<p data-v-md-line=\"70\"><strong>Reuniones familiares<\/strong><br \/>\nDisfr\u00fatelo despacio con su propia familia y amigos mejorando su capacidad de escuchar cada palabra realmente al mismo tiempo que reduce los ruidos de fondo.<\/p>\n<\/li>\n<li>\n<p data-v-md-line=\"74\"><strong>Entrenamientos<\/strong><br \/>\nMant\u00e9ngase en\u00e9rgico sin tener que preocuparse por sus aud\u00edfonos. El enfoque de clasificaci\u00f3n IP68 que pueden seguir existiendo el sudor y la lluvia, por lo que son ideales para el gimnasio, caminar, o cualquier deporte al aire libre. M\u00e1s informaci\u00f3n\u00a0<a href=\"https:\/\/chinahearingaid.com\/es\/rechargeable-hearing-aids\/\" target=\"_blank\" rel=\"noopener\">Aud\u00edfonos recargables<\/a>.<\/p>\n<\/li>\n<li>\n<p data-v-md-line=\"77\"><strong>Viajar<\/strong><br \/>\nCon pilas de larga duraci\u00f3n y capacidad de carga r\u00e1pida, estos aud\u00edfonos son ideales para viajar. Garantizan una audici\u00f3n ininterrumpida durante todo el viaje.<\/p>\n<\/li>\n<li>\n<p data-v-md-line=\"80\"><strong>Entretenimiento<\/strong><br \/>\nCada adquisici\u00f3n incluye un estuche de carga, una c\u00fapula de 10 a\u00f1os, un cepillo de limpieza y un cable. Todo este kit garantiza que tu aud\u00edfono est\u00e9 listo para cualquier aventura.<\/p>\n<\/li>\n<\/ul>\n<h3 data-v-md-heading=\"why-choose-z390b\" data-v-md-line=\"83\"><strong>\u00bfPor qu\u00e9 elegir Z390B?<\/strong><\/h3>\n<p data-v-md-line=\"85\">Los aud\u00edfonos Z390B ITE combinan las mejores soluciones de aud\u00edfonos digitales con tecnolog\u00eda recargable para ofrecer una claridad y comodidad inigualables. Experimente un procesamiento de sonido avanzado, un control de volumen sencillo y una conectividad perfecta en un dise\u00f1o discreto y c\u00f3modo.<\/p>\n<p data-v-md-line=\"87\">Para m\u00e1s informaci\u00f3n, visite<\/p>\n<ul data-v-md-line=\"88\">\n<li><a href=\"https:\/\/chinahearingaid.com\/es\/bx360-mini-rechargeable-digital-bte-hearing-aids-solutions\/\" target=\"_blank\" rel=\"noopener\">Soluciones en aud\u00edfonos recargables<\/a><\/li>\n<li><a href=\"https:\/\/chinahearingaid.com\/es\/z390b-best-digital-hearing-aids-ite-rechargeable-solutions\/\" target=\"_blank\" rel=\"noopener\">Las mejores soluciones en aud\u00edfonos digitales<\/a><\/li>\n<li><a href=\"https:\/\/chinahearingaid.com\/es\/ite-hearing-aids\/\" target=\"_blank\" rel=\"noopener\">Aud\u00edfonos ITE<\/a><\/li>\n<\/ul>\n<p data-v-md-line=\"92\">Consiga hoy mismo sus aud\u00edfonos Z390B y disfrute de una mejor audici\u00f3n con una comodidad y un confort inigualables.<\/p>","protected":false},"excerpt":{"rendered":"<p>\u00a1Oiga mejor con los aud\u00edfonos digitales Z390B ITE! Nuestra mejor soluci\u00f3n recargable ofrece comodidad de ajuste personalizado (5 tama\u00f1os de terminal), 35 horas de bater\u00eda + carga r\u00e1pida, procesamiento de sonido inteligente para un sonido n\u00edtido y reducci\u00f3n de ruido, resistencia al agua IP68, controles de un solo toque, transmisi\u00f3n Bluetooth y conformidad con la FDA OTC. Incluye un completo kit de accesorios.<\/p>","protected":false},"featured_media":2582,"template":"","meta":{"_kad_post_transparent":"default","_kad_post_title":"","_kad_post_layout":"default","_kad_post_sidebar_id":"","_kad_post_content_style":"default","_kad_post_vertical_padding":"default","_kad_post_feature":"","_kad_post_feature_position":"","_kad_post_header":false,"_kad_post_footer":false,"_kad_post_classname":""},"product_brand":[],"product_cat":[15,561,559,549,563],"product_tag":[601,602,603],"class_list":{"0":"post-2274","1":"product","2":"type-product","3":"status-publish","4":"has-post-thumbnail","6":"product_cat-hearing-aid-by-types","7":"product_cat-digital-hearing-aids","8":"product_cat-hearing-aid-by-features","9":"product_cat-ite-hearing-aids","10":"product_cat-rechargeable-hearing-aids","11":"product_tag-best-digital-hearing-aid-solutions","12":"product_tag-hearing-aids-rechargeable-solutions","13":"product_tag-ite-hearing-aids-solutions","15":"first","16":"instock","17":"shipping-taxable","18":"product-type-simple","19":"entry","20":"content-bg","21":"loop-entry"},"_links":{"self":[{"href":"https:\/\/chinahearingaid.com\/es\/wp-json\/wp\/v2\/product\/2274","targetHints":{"allow":["GET"]}}],"collection":[{"href":"https:\/\/chinahearingaid.com\/es\/wp-json\/wp\/v2\/product"}],"about":[{"href":"https:\/\/chinahearingaid.com\/es\/wp-json\/wp\/v2\/types\/product"}],"wp:featuredmedia":[{"embeddable":true,"href":"https:\/\/chinahearingaid.com\/es\/wp-json\/wp\/v2\/media\/2582"}],"wp:attachment":[{"href":"https:\/\/chinahearingaid.com\/es\/wp-json\/wp\/v2\/media?parent=2274"}],"wp:term":[{"taxonomy":"product_brand","embeddable":true,"href":"https:\/\/chinahearingaid.com\/es\/wp-json\/wp\/v2\/product_brand?post=2274"},{"taxonomy":"product_cat","embeddable":true,"href":"https:\/\/chinahearingaid.com\/es\/wp-json\/wp\/v2\/product_cat?post=2274"},{"taxonomy":"product_tag","embeddable":true,"href":"https:\/\/chinahearingaid.com\/es\/wp-json\/wp\/v2\/product_tag?post=2274"}],"curies":[{"name":"wp","href":"https:\/\/api.w.org\/{rel}","templated":true}]}}