{"id":2280,"date":"2025-05-23T01:41:02","date_gmt":"2025-05-23T01:41:02","guid":{"rendered":"https:\/\/chinahearingaid.com\/?post_type=product&#038;p=2280"},"modified":"2025-06-02T07:28:47","modified_gmt":"2025-06-02T07:28:47","slug":"z22a-invisible-rechargeable-in-ear-hearing-aids-noise-oem","status":"publish","type":"product","link":"https:\/\/chinahearingaid.com\/es\/z22a-invisible-rechargeable-in-ear-hearing-aids-noise-oem\/","title":{"rendered":"Z22A Invisible Recargable En el O\u00eddo Aud\u00edfonos Ruido OEM"},"content":{"rendered":"<h2 data-v-md-heading=\"z22a-invisible-rechargeable-in-ear-hearing-aids-noise-oem\" data-v-md-line=\"1\">Z22A Invisible Recargable In-Ear Aud\u00edfonos Ruido OEM<\/h2>\n<p data-v-md-line=\"3\">El aud\u00edfono recargable invisible Z22A est\u00e1 dise\u00f1ado para que pueda o\u00edr mejor sin dejar de ser racional. Estos aud\u00edfonos son peque\u00f1os, se adaptan al o\u00eddo y son pr\u00e1cticamente invisibles para los dem\u00e1s. Adem\u00e1s, vienen con caracter\u00edsticas recargables, por lo que no tiene que preocuparse de cambiar la bater\u00eda.<\/p>\n<h3 data-v-md-heading=\"key-benefits\" data-v-md-line=\"6\"><strong>Principales ventajas<\/strong><\/h3>\n<p data-v-md-line=\"8\"><strong>Dise\u00f1o invisible<\/strong><\/p>\n<ul data-v-md-line=\"9\">\n<li>Los aud\u00edfonos Z22A son\u00a0<strong>completamente en canal (CIC)<\/strong>.<\/li>\n<li>Se introducen profundamente en el o\u00eddo y no se ven f\u00e1cilmente.<\/li>\n<li>Esto los hace ideales para cualquiera que desee una soluci\u00f3n auditiva discreta.<\/li>\n<\/ul>\n<p data-v-md-line=\"13\"><strong>Rechargeable<\/strong><\/p>\n<ul data-v-md-line=\"14\">\n<li>Estos aud\u00edfonos tienen un\u00a0<strong>long battery life<\/strong>.<\/li>\n<li>Puede utilizarlos para\u00a0<strong>24 horas<\/strong>\u00a0con una sola carga.<\/li>\n<li>Vienen con un\u00a0<strong>Estuche de carga USB-C<\/strong>para que puedas recargarlos r\u00e1pida y f\u00e1cilmente.<\/li>\n<\/ul>\n<p data-v-md-line=\"18\"><strong>Reducci\u00f3n del ruido<\/strong><\/p>\n<ul data-v-md-line=\"19\">\n<li>El Z22A utiliza\u00a0<strong>Supresi\u00f3n de ruido mediante IA<\/strong>\u00a0para reducir el ruido de fondo.<\/li>\n<li>Esto le ayuda a o\u00edr las conversaciones con mayor claridad, incluso en lugares ruidosos.<\/li>\n<\/ul>\n<p data-v-md-line=\"22\"><strong>Ajuste c\u00f3modo<\/strong><\/p>\n<ul data-v-md-line=\"23\">\n<li>Los aud\u00edfonos incluyen\u00a0<strong>almohadillas de silicona hipoalerg\u00e9nica<\/strong>.<\/li>\n<li>Estas puntas son suaves y c\u00f3modas, por lo que podr\u00e1s llevarlas todo el d\u00eda sin ninguna molestia.<\/li>\n<\/ul>\n<p data-v-md-line=\"26\"><strong>Opciones personalizadas para OEM<\/strong><\/p>\n<ul data-v-md-line=\"27\">\n<li>Los aud\u00edfonos Z22A son ideales para\u00a0<strong>Socios OEM (fabricantes de equipos originales)<\/strong>.<\/li>\n<li>Puede personalizar el dise\u00f1o, la marca y el software para adaptarlos a sus necesidades.<\/li>\n<\/ul>\n<h3 data-v-md-heading=\"specifications-table\" data-v-md-line=\"31\"><strong>Tabla de especificaciones<\/strong><\/h3>\n<table data-v-md-line=\"33\">\n<thead>\n<tr>\n<th><strong>Tipo de par\u00e1metro<\/strong><\/th>\n<th><strong>Detalles<\/strong><\/th>\n<th><strong>Escenarios de uso<\/strong><\/th>\n<th><strong>Descripci\u00f3n atractiva<\/strong><\/th>\n<\/tr>\n<\/thead>\n<tbody>\n<tr>\n<td><strong>Especificaciones t\u00e9cnicas<\/strong><\/td>\n<td>-\u00a0<strong>Bater\u00eda:<\/strong>\u00a035mAh Li-ion (24 horas de autonom\u00eda, 2 horas de carga USB-C\/Wireless Qi).<br \/>\n-\u00a0<strong>Reducci\u00f3n del ruido:<\/strong>\u00a0SNR de 25 dB, supresi\u00f3n adaptativa controlada por IA.<br \/>\n-\u00a0<strong>Conectividad:<\/strong>\u00a0Bluetooth 5.3 opcional para control de aplicaciones.<br \/>\n-\u00a0<strong>Resistencia al agua:<\/strong>\u00a0IPX4 (a prueba de sudor y salpicaduras).<br \/>\n-\u00a0<strong>Compatibilidad:<\/strong>\u00a0Aplicaciones iOS\/Android para ajustes.<\/td>\n<td>Estilos de vida activos, entornos ruidosos, viajes al aire libre.<\/td>\n<td>\"Mantente conectado a los momentos de la vida con\u00a0<strong>24 horas de potencia y sonido n\u00edtido<\/strong>incluso en entornos bulliciosos\".<\/td>\n<\/tr>\n<tr>\n<td><strong>Dise\u00f1o y confort<\/strong><\/td>\n<td>-\u00a0<strong>Fit:<\/strong>\u00a0Dise\u00f1o CIC, almohadillas de silicona hipoalerg\u00e9nica.<br \/>\n-\u00a0<strong>Peso:<\/strong>\u00a01,2 g por auricular.<br \/>\n-\u00a0<strong>Personalizaci\u00f3n:<\/strong>\u00a0Moldes auriculares opcionales para socios OEM.<\/td>\n<td>Entornos profesionales, reuniones sociales, ropa de diario.<\/td>\n<td>\"<strong>Dise\u00f1o invisible<\/strong>\u00a0asegura que nadie note tu aud\u00edfono, s\u00f3lo tu confianza\".<\/td>\n<\/tr>\n<tr>\n<td><strong>Especificaciones OEM<\/strong><\/td>\n<td>-\u00a0<strong>Marca personalizada:<\/strong>\u00a0Grabado de logotipo, variantes de color.<br \/>\n-\u00a0<strong>Embalaje:<\/strong>\u00a0Cajas a medida para minoristas\/mayoristas.<br \/>\n-\u00a0<strong>Software:<\/strong>\u00a0Ajustes de firmware (perfiles de ruido, integraci\u00f3n de aplicaciones).<br \/>\n-\u00a0<strong>MOQ:<\/strong>\u00a01.000 unidades, plazo de entrega de 6 semanas.<\/td>\n<td>Asociaciones B2B, distribuidores de marca blanca, audi\u00f3logos.<\/td>\n<td>\"Construya su marca con un\u00a0<strong>soluci\u00f3n auditiva lista para usar y personalizable<\/strong>\u00a0de confianza por su claridad y fiabilidad\".<\/td>\n<\/tr>\n<tr>\n<td><strong>Caracter\u00edsticas de rendimiento<\/strong><\/td>\n<td>-\u00a0<strong>Procesamiento de sonido:<\/strong>\u00a0DSP con 4 modos predefinidos (silencio, ruido, m\u00fasica, voz).<br \/>\n-\u00a0<strong>Micr\u00f3fonos:<\/strong>\u00a0Micr\u00f3fonos direccionales dobles para enfocar la voz.<br \/>\n-\u00a0<strong>Meer informatie<\/strong>\u00a0Zie meer over<\/td>\n<td>Reuniones, conciertos, llamadas telef\u00f3nicas\/videollamadas.<\/td>\n<td>\"<strong>O\u00edr voces, no ruido<\/strong>-la tecnolog\u00eda inteligente se adapta a tu entorno en tiempo real\".<\/td>\n<\/tr>\n<tr>\n<td><strong>Certificaciones<\/strong><\/td>\n<td>Cumple con la FDA Clase II, CE, RoHS.<\/td>\n<td>Pros<\/td>\n<td>\"Cumplir los estrictos\u00a0<strong>normas internacionales de seguridad y rendimiento<\/strong>.\u201d<\/td>\n<\/tr>\n<\/tbody>\n<\/table>\n<h2 data-v-md-heading=\"why-choose-z22a-invisible-rechargeable-in-ear-hearing-aids-noise-oem\" data-v-md-line=\"42\"><strong>Por qu\u00e9 elegir Z22A Invisible recargable en el o\u00eddo aud\u00edfonos ruido OEM<\/strong><\/h2>\n<h3 data-v-md-heading=\"business-meetings\" data-v-md-line=\"44\"><strong>Reuniones de trabajo<\/strong><\/h3>\n<ul data-v-md-line=\"45\">\n<li>Contras<\/li>\n<li>Su\u00a0<strong>dise\u00f1o invisible<\/strong>\u00a0y\u00a0<strong>supresi\u00f3n del ruido<\/strong>\u00a0le ayudan a o\u00edr con claridad durante las llamadas o presentaciones .<\/li>\n<\/ul>\n<h3 data-v-md-heading=\"outdoor-activities\" data-v-md-line=\"48\"><strong>Actividades al aire libre<\/strong><\/h3>\n<ul data-v-md-line=\"49\">\n<li>Perfecto para corredores y viajeros.<\/li>\n<li>Son\u00a0<strong>Clasificaci\u00f3n IPX4<\/strong>Para que aguanten el sudor y la lluvia ligera sin moverse de su sitio.<\/li>\n<\/ul>\n<h3 data-v-md-heading=\"social-events\" data-v-md-line=\"52\"><strong>Eventos sociales<\/strong><\/h3>\n<ul data-v-md-line=\"53\">\n<li>Ideal para personas mayores o cualquier persona que asista a reuniones sociales.<\/li>\n<li><strong>Micr\u00f3fonos direccionales<\/strong>\u00a0centrarse en la persona que le habla, facilitando el seguimiento de las conversaciones .<\/li>\n<\/ul>\n<h3 data-v-md-heading=\"oem-partnerships\" data-v-md-line=\"56\"><strong>Asociaciones OEM<\/strong><\/h3>\n<ul data-v-md-line=\"57\">\n<li>Ideal para cl\u00ednicas auditivas y minoristas.<\/li>\n<li><strong>Marca personalizada<\/strong>\u00a0y las opciones de envasado ayudan a combinar el aspecto de su marca.<\/li>\n<\/ul>\n<h3 data-v-md-heading=\"frequently-asked-questions-faqs\" data-v-md-line=\"61\"><strong>Preguntas m\u00e1s frecuentes (FAQ)<\/strong><\/h3>\n<p data-v-md-line=\"63\"><strong>\u00bfEstos aud\u00edfonos son adecuados para p\u00e9rdidas auditivas severas?<\/strong><\/p>\n<ul data-v-md-line=\"64\">\n<li>El Z22A est\u00e1 dise\u00f1ado para p\u00e9rdidas auditivas de leves a moderadas. Para p\u00e9rdidas auditivas severas, consulte a un audi\u00f3logo .<\/li>\n<\/ul>\n<p data-v-md-line=\"66\"><strong>\u00bfCu\u00e1nto dura la bater\u00eda recargable?<\/strong><\/p>\n<ul data-v-md-line=\"67\">\n<li>La bater\u00eda dura hasta 24 horas con una sola carga y se puede recargar r\u00e1pidamente con el estuche de carga inal\u00e1mbrica o USB-C incluido .<\/li>\n<\/ul>\n<p data-v-md-line=\"69\"><strong>\u00bfPueden los socios OEM modificar los ajustes de cancelaci\u00f3n de ruido?<\/strong><\/p>\n<ul data-v-md-line=\"70\">\n<li>S\u00ed, los socios OEM pueden personalizar los perfiles de ruido y otros ajustes del software para satisfacer necesidades espec\u00edficas .<\/li>\n<\/ul>\n<p data-v-md-line=\"72\"><strong>\u00bfQu\u00e9 garant\u00edas se incluyen?<\/strong><\/p>\n<ul data-v-md-line=\"73\">\n<li>El Z22A viene con una garant\u00eda est\u00e1ndar de 1 a\u00f1o, con opciones de ampliaci\u00f3n basadas en el acuerdo OEM .<\/li>\n<\/ul>\n<h2 data-v-md-heading=\"where-to-learn-more\" data-v-md-line=\"76\"><strong>M\u00e1s informaci\u00f3n<\/strong><\/h2>\n<p data-v-md-line=\"78\">Para obtener informaci\u00f3n m\u00e1s detallada, puede visitar<\/p>\n<ul data-v-md-line=\"79\">\n<li><a href=\"https:\/\/chinahearingaid.com\/es\/invisible-hearing-aids\/\" target=\"_blank\" rel=\"noopener\">Aud\u00edfonos invisibles<\/a><\/li>\n<li><a href=\"https:\/\/chinahearingaid.com\/es\/in-ear-hearing-aids\/\" target=\"_blank\" rel=\"noopener\">Aud\u00edfonos intraauriculares<\/a><\/li>\n<li><a href=\"https:\/\/chinahearingaid.com\/es\/rechargeable-hearing-aids\/\" target=\"_blank\" rel=\"noopener\">Aud\u00edfonos recargables<\/a><\/li>\n<\/ul>\n<p data-v-md-line=\"83\">Estos enlaces ofrecen m\u00e1s recursos sobre los distintos tipos de aud\u00edfonos, como los invisibles, los intraauriculares y los recargables.<\/p>\n<h2 data-v-md-heading=\"conclusion\" data-v-md-line=\"86\"><strong>Conclusi\u00f3n<\/strong><\/h2>\n<p data-v-md-line=\"88\">Los aud\u00edfonos intraauriculares recargables invisibles Z22A Noise OEM ofrecen una soluci\u00f3n discreta, c\u00f3moda y personalizable para o\u00edr mejor. Tanto si es un usuario final que busca un aud\u00edfono fiable como si es un socio OEM que busca un producto personalizable, el Z22A satisface sus necesidades con una avanzada reducci\u00f3n del ruido, una bater\u00eda de larga duraci\u00f3n y una excelente calidad de sonido.<\/p>\n<p data-v-md-line=\"90\">Si desea m\u00e1s informaci\u00f3n sobre nuestros productos, consulte nuestro\u00a0<a href=\"https:\/\/chinahearingaid.com\/es\/new\/\" target=\"_blank\" rel=\"noopener\">\u00faltimos aud\u00edfonos<\/a>Rango De Precios<\/p>","protected":false},"excerpt":{"rendered":"<p class=\"ng-star-inserted\"><span class=\"ng-star-inserted\">Z22A Aud\u00edfonos intraauriculares recargables invisibles: Potencia tu audici\u00f3n de forma discreta. Estos aud\u00edfonos CIC ofrecen alimentaci\u00f3n las 24 horas con carga USB-C\/Qi. La reducci\u00f3n de ruido AI aclara el sonido en entornos ruidosos. C\u00f3modos e hipoalerg\u00e9nicos. Ideales para socios OEM que buscan una marca, un dise\u00f1o y un software personalizados para una soluci\u00f3n auditiva a medida.<\/span><\/p>","protected":false},"featured_media":2635,"template":"","meta":{"_kad_post_transparent":"default","_kad_post_title":"","_kad_post_layout":"default","_kad_post_sidebar_id":"","_kad_post_content_style":"default","_kad_post_vertical_padding":"default","_kad_post_feature":"","_kad_post_feature_position":"","_kad_post_header":false,"_kad_post_footer":false,"_kad_post_classname":""},"product_brand":[],"product_cat":[15,561,559,568,560,565,563],"product_tag":[620,569,617,619,618],"class_list":{"0":"post-2280","1":"product","2":"type-product","3":"status-publish","4":"has-post-thumbnail","6":"product_cat-hearing-aid-by-types","7":"product_cat-digital-hearing-aids","8":"product_cat-hearing-aid-by-features","9":"product_cat-in-ear-hearing-aids","10":"product_cat-invisible-hearing-aids","11":"product_cat-noise-reduction-hearing-aids","12":"product_cat-rechargeable-hearing-aids","13":"product_tag-hearing-aid-noise-oem","14":"product_tag-in-ear-hearing-aids-oem","15":"product_tag-invisible-hearing-aids-oem","16":"product_tag-rechargeable-in-ear-hearing-aids-oem","17":"product_tag-rechargeable-invisible-hearing-aids-oem","19":"first","20":"instock","21":"shipping-taxable","22":"product-type-simple","23":"entry","24":"content-bg","25":"loop-entry"},"_links":{"self":[{"href":"https:\/\/chinahearingaid.com\/es\/wp-json\/wp\/v2\/product\/2280","targetHints":{"allow":["GET"]}}],"collection":[{"href":"https:\/\/chinahearingaid.com\/es\/wp-json\/wp\/v2\/product"}],"about":[{"href":"https:\/\/chinahearingaid.com\/es\/wp-json\/wp\/v2\/types\/product"}],"wp:featuredmedia":[{"embeddable":true,"href":"https:\/\/chinahearingaid.com\/es\/wp-json\/wp\/v2\/media\/2635"}],"wp:attachment":[{"href":"https:\/\/chinahearingaid.com\/es\/wp-json\/wp\/v2\/media?parent=2280"}],"wp:term":[{"taxonomy":"product_brand","embeddable":true,"href":"https:\/\/chinahearingaid.com\/es\/wp-json\/wp\/v2\/product_brand?post=2280"},{"taxonomy":"product_cat","embeddable":true,"href":"https:\/\/chinahearingaid.com\/es\/wp-json\/wp\/v2\/product_cat?post=2280"},{"taxonomy":"product_tag","embeddable":true,"href":"https:\/\/chinahearingaid.com\/es\/wp-json\/wp\/v2\/product_tag?post=2280"}],"curies":[{"name":"wp","href":"https:\/\/api.w.org\/{rel}","templated":true}]}}