{"id":2288,"date":"2025-05-23T02:00:14","date_gmt":"2025-05-23T02:00:14","guid":{"rendered":"https:\/\/chinahearingaid.com\/?post_type=product&#038;p=2288"},"modified":"2025-06-09T00:04:01","modified_gmt":"2025-06-09T00:04:01","slug":"z-109td-best-rechargeable-bte-hearing-aids-vendor-order","status":"publish","type":"product","link":"https:\/\/chinahearingaid.com\/es\/z-109td-best-rechargeable-bte-hearing-aids-vendor-order\/","title":{"rendered":"Z-109TD Los mejores aud\u00edfonos retroauriculares recargables Pedido del proveedor"},"content":{"rendered":"<h2 data-v-md-heading=\"z-109td-rechargeable-bte-hearing-aids\" data-v-md-line=\"1\">Z-109TD Aud\u00edfonos retroauriculares recargables<\/h2>\n<p data-v-md-line=\"3\">El\u00a0<strong>Z-109TD Aud\u00edfonos retroauriculares recargables<\/strong>\u00a0son la mejor opci\u00f3n para\u00a0<strong>vendedores<\/strong> Estos aud\u00edfonos retroauriculares (BTE) est\u00e1n dise\u00f1ados para ofrecer una claridad de sonido y un confort satisfactorios. Tanto si los compra para uso personal como\u00a0<strong>pedidos al por mayor<\/strong>\u00a0para su\u00a0<strong>cl\u00ednica<\/strong>\u00a0o\u00a0<strong>tienda<\/strong>La Z-109TD ofrece un rendimiento inigualable.<\/p>\n<h2 data-v-md-heading=\"key-features\" data-v-md-line=\"5\">Caracter\u00edsticas principales<\/h2>\n<p>Bater\u00eda recargable: La Z-109TD dispone de una bater\u00eda de iones de litio que proporciona 24 horas de uso con una sola carga. Tarda s\u00f3lo 2 horas en recargarse, lo que la hace perfecta para el uso diario y elimina la necesidad de pilas desechables.<br \/>\nConectividad Bluetooth: Empareja f\u00e1cilmente tus aud\u00edfonos con smartphones, televisores y otros dispositivos para disfrutar de una transmisi\u00f3n de audio n\u00edtida y al mismo tiempo en tus o\u00eddos.<br \/>\nReducci\u00f3n de ruido avanzada: Disfrute de conversaciones limpias incluso en entornos ruidosos gracias a la tecnolog\u00eda superior de procesamiento digital de se\u00f1ales (DSP).<br \/>\nDise\u00f1o ergon\u00f3mico: Los moldes personalizables y las alternativas de tubo fino garantizan un ajuste c\u00f3modo durante todo el d\u00eda.<\/p>\n<h2 data-v-md-heading=\"product-parameters\" data-v-md-line=\"12\">Par\u00e1metros del producto<\/h2>\n\n<table id=\"tablepress-52\" class=\"tablepress tablepress-id-52\">\n<thead>\n<tr class=\"row-1\">\n\t<th class=\"column-1\">Category<\/th><th class=\"column-2\">Detalles<\/th>\n<\/tr>\n<\/thead>\n<tbody class=\"row-striping row-hover\">\n<tr class=\"row-2\">\n\t<td class=\"column-1\">Battery Life<\/td><td class=\"column-2\">Recargable de iones de litio (24 horas de autonom\u00eda, 2 horas de carga)<\/td>\n<\/tr>\n<tr class=\"row-3\">\n\t<td class=\"column-1\">Salida de sonido<\/td><td class=\"column-2\">\u2264130 dB SPL \u00b13 dB<\/td>\n<\/tr>\n<tr class=\"row-4\">\n\t<td class=\"column-1\">Gane<\/td><td class=\"column-2\">37 dB \u00b15 dB<\/td>\n<\/tr>\n<tr class=\"row-5\">\n\t<td class=\"column-1\">Gama de frecuencias<\/td><td class=\"column-2\">300 Hz - 6.500 Hz<\/td>\n<\/tr>\n<tr class=\"row-6\">\n\t<td class=\"column-1\">THD<\/td><td class=\"column-2\"><5%<\/td>\n<\/tr>\n<tr class=\"row-7\">\n\t<td class=\"column-1\">Was es bedeutet<\/td><td class=\"column-2\">Autorizado por la FDA 510(k), certificado CE, ISO 13485<\/td>\n<\/tr>\n<\/tbody>\n<\/table>\n<!-- #tablepress-52 from cache -->\n<h2 data-v-md-heading=\"usage-scenarios\" data-v-md-line=\"23\">Escenarios de uso<\/h2>\n<ul data-v-md-line=\"25\">\n<li><strong>Mayores<\/strong>: Perfecto para el uso diario de las personas con p\u00e9rdida auditiva de moderada a extrema.<\/li>\n<li><strong>Profesionales<\/strong>: Ideal para reuniones y lugares de trabajo ruidosos.<\/li>\n<li><strong>Vendedores<\/strong>: Los pedidos a granel lo hacen perfecto para cl\u00ednicas y hospitales.<\/li>\n<li><strong>Viajeros<\/strong>: Ligera y port\u00e1til, ideal para llevarla encima.<\/li>\n<\/ul>\n<h2 data-v-md-heading=\"benefits-for-vendors\" data-v-md-line=\"30\">Ventajas para los vendedores<\/h2>\n<ul data-v-md-line=\"32\">\n<li><strong>Precios competitivos<\/strong>: Disfrute de reducciones escalonadas para pedidos al por mayor, a partir de una cantidad m\u00ednima de pedido (MOQ) de 100 dispositivos.<\/li>\n<li><strong>Marca blanca<\/strong>: Disponemos de opciones personalizadas de marca y envasado para aumentar la credibilidad de su cl\u00ednica o tienda.<\/li>\n<li><strong>Entrega r\u00e1pida<\/strong>: Fabricaci\u00f3n a granel con un plazo de entrega de cuatro a seis semanas.<\/li>\n<li><strong>Asistencia posventa<\/strong>: Cada pedido cuenta con una garant\u00eda de 1 a\u00f1o y una asistencia t\u00e9cnica dedicada.<\/li>\n<\/ul>\n<h2 data-v-md-heading=\"why-choose-the-z-109td\" data-v-md-line=\"37\">waterdicht<\/h2>\n<p data-v-md-line=\"39\">El\u00a0<strong>Z-109TD Aud\u00edfonos retroauriculares recargables<\/strong>\u00a0destacar entre competidores como\u00a0<strong>Phonak<\/strong>\u00a0y\u00a0<strong>Oticon<\/strong>. Ofrecen la mejor relaci\u00f3n coste-eficacia para los compradores al por mayor y cuentan con una duraci\u00f3n superior de la bater\u00eda. Esto las convierte en una opci\u00f3n excelente para asociaciones B2B y uso personal.<\/p>\n<h2 data-v-md-heading=\"related-products-and-resources\" data-v-md-line=\"42\">Productos y recursos relacionados<\/h2>\n<p data-v-md-line=\"44\">M\u00e1s informaci\u00f3n\u00a0<a href=\"https:\/\/chinahearingaid.com\/es\/bte-hearing-aids\/\" target=\"_blank\" rel=\"noopener\">Aud\u00edfonos BTE<\/a>\u00a0o explore los distintos tipos de aud\u00edfonos de nuestra amplia selecci\u00f3n:<\/p>\n<ul data-v-md-line=\"46\">\n<li><a href=\"https:\/\/chinahearingaid.com\/es\/rechargeable-hearing-aids\/\" target=\"_blank\" rel=\"noopener\">Aud\u00edfonos recargables<\/a><\/li>\n<li><a href=\"https:\/\/chinahearingaid.com\/es\/bluetooth-hearing-aids\/\" target=\"_blank\" rel=\"noopener\">Aud\u00edfonos Bluetooth<\/a><\/li>\n<li><a href=\"https:\/\/chinahearingaid.com\/es\/noise-reduction-hearing-aids\/\" target=\"_blank\" rel=\"noopener\">Aud\u00edfonos con reducci\u00f3n de ruido<\/a><\/li>\n<li><a href=\"https:\/\/chinahearingaid.com\/es\/digital-hearing-aids\/\" target=\"_blank\" rel=\"noopener\">Aud\u00edfonos digitales<\/a><\/li>\n<\/ul>\n<p data-v-md-line=\"51\">Para m\u00e1s informaci\u00f3n sobre pedidos, visite nuestra\u00a0<a href=\"https:\/\/chinahearingaid.com\/es\/z-109td-best-rechargeable-bte-hearing-aids-vendor-order\/\" target=\"_blank\" rel=\"noopener\">Mejor pedido de proveedores de aud\u00edfonos retroauriculares<\/a>\u00a0p\u00e1gina.<\/p>\n<p data-v-md-line=\"54\">Z-109TD es la soluci\u00f3n ideal para obtener una calidad de sonido superior y un rendimiento fiable. Haga su pedido al por mayor hoy mismo y experimente lo mejor en tecnolog\u00eda de aud\u00edfonos.<\/p>","protected":false},"excerpt":{"rendered":"<p class=\"ng-star-inserted\"><span class=\"ng-star-inserted\">Aud\u00edfonos retroauriculares recargables Z-109TD: La mejor elecci\u00f3n para vendedores y particulares que buscan una audici\u00f3n fiable y de alta calidad. Estos aud\u00edfonos retroauriculares ofrecen una claridad de sonido y un confort superiores. Disfrute de 24 horas de uso con una carga de 2 horas, transmisi\u00f3n Bluetooth y reducci\u00f3n de ruido avanzada. Ideales para uso personal o pedidos al por mayor para cl\u00ednicas\/tiendas, ofrecen un valor y un rendimiento excelentes.<\/span><\/p>","protected":false},"featured_media":3052,"template":"","meta":{"_kad_post_transparent":"default","_kad_post_title":"","_kad_post_layout":"default","_kad_post_sidebar_id":"","_kad_post_content_style":"default","_kad_post_vertical_padding":"default","_kad_post_feature":"","_kad_post_feature_position":"","_kad_post_header":false,"_kad_post_footer":false,"_kad_post_classname":""},"product_brand":[],"product_cat":[15,544,559,563],"product_tag":[635,636],"class_list":{"0":"post-2288","1":"product","2":"type-product","3":"status-publish","4":"has-post-thumbnail","6":"product_cat-hearing-aid-by-types","7":"product_cat-bte-hearing-aids","8":"product_cat-hearing-aid-by-features","9":"product_cat-rechargeable-hearing-aids","10":"product_tag-best-bte-hearing-aid-vendor-order","11":"product_tag-best-rechargeable-hearing-aids-vendor-order","13":"first","14":"instock","15":"shipping-taxable","16":"product-type-simple","17":"entry","18":"content-bg","19":"loop-entry"},"_links":{"self":[{"href":"https:\/\/chinahearingaid.com\/es\/wp-json\/wp\/v2\/product\/2288","targetHints":{"allow":["GET"]}}],"collection":[{"href":"https:\/\/chinahearingaid.com\/es\/wp-json\/wp\/v2\/product"}],"about":[{"href":"https:\/\/chinahearingaid.com\/es\/wp-json\/wp\/v2\/types\/product"}],"wp:featuredmedia":[{"embeddable":true,"href":"https:\/\/chinahearingaid.com\/es\/wp-json\/wp\/v2\/media\/3052"}],"wp:attachment":[{"href":"https:\/\/chinahearingaid.com\/es\/wp-json\/wp\/v2\/media?parent=2288"}],"wp:term":[{"taxonomy":"product_brand","embeddable":true,"href":"https:\/\/chinahearingaid.com\/es\/wp-json\/wp\/v2\/product_brand?post=2288"},{"taxonomy":"product_cat","embeddable":true,"href":"https:\/\/chinahearingaid.com\/es\/wp-json\/wp\/v2\/product_cat?post=2288"},{"taxonomy":"product_tag","embeddable":true,"href":"https:\/\/chinahearingaid.com\/es\/wp-json\/wp\/v2\/product_tag?post=2288"}],"curies":[{"name":"wp","href":"https:\/\/api.w.org\/{rel}","templated":true}]}}