{"id":2292,"date":"2025-05-23T02:10:55","date_gmt":"2025-05-23T02:10:55","guid":{"rendered":"https:\/\/chinahearingaid.com\/?post_type=product&#038;p=2292"},"modified":"2025-06-08T14:41:26","modified_gmt":"2025-06-08T14:41:26","slug":"z128-digital-hearing-aids-bte-noise-reduction-brand-custom","status":"publish","type":"product","link":"https:\/\/chinahearingaid.com\/es\/z128-digital-hearing-aids-bte-noise-reduction-brand-custom\/","title":{"rendered":"Z128 Aud\u00edfonos Digitales BTE Reducci\u00f3n de Ruido Marca Personalizada"},"content":{"rendered":"<h2 data-v-md-heading=\"rediscover-the-joy-of-clear-hearing\" data-v-md-line=\"3\"><strong>Redescubra la alegr\u00eda de o\u00edr bien<\/strong><\/h2>\n<p data-v-md-line=\"5\">Im-Ohr (ITE)\u00a0<strong>Aud\u00edfonos digitales Z128<\/strong>. Estos avanzados\u00a0<strong>BTE (retroauricular)<\/strong>\u00a0dispositivos est\u00e1n dise\u00f1ados con\u00a0<strong>reducci\u00f3n de ruido<\/strong>\u00a0y funciones personalizables, que garantizan una experiencia auditiva excepcional adaptada a sus necesidades \u00fanicas.<\/p>\n<h2 data-v-md-heading=\"key-features\" data-v-md-line=\"7\">Caracter\u00edsticas principales<\/h2>\n<h3 data-v-md-heading=\"noise-reduction-technology\" data-v-md-line=\"9\"><strong>Tecnolog\u00eda de reducci\u00f3n del ruido<\/strong><\/h3>\n<p data-v-md-line=\"10\">Nuestra\u00a0<strong>aud\u00edfonos con reducci\u00f3n de ruido<\/strong>\u00a0utilizan filtrado basado en inteligencia artificial para ayudarle a o\u00edr exactamente lo que necesita. Tanto si est\u00e1s en un restaurante ruidoso como disfrutando de la naturaleza, la avanzada tecnolog\u00eda WindScreen minimizar\u00e1 las interferencias del viento.<\/p>\n<h3 data-v-md-heading=\"comfort-and-discreet-design\" data-v-md-line=\"12\"><strong>Comodidad y dise\u00f1o discreto<\/strong><\/h3>\n<p data-v-md-line=\"13\">El Z128 se ajusta c\u00f3modamente detr\u00e1s de la oreja. Su\u00a0<strong>resistente al cerumen<\/strong>\u00a0significa menos limpiezas y un rendimiento m\u00e1s duradero. Su elegante dise\u00f1o se funde a la perfecci\u00f3n con su tono de piel para ofrecerle un aspecto discreto.<\/p>\n<h3 data-v-md-heading=\"rechargeable-battery\" data-v-md-line=\"15\"><strong>Bater\u00eda recargable<\/strong><\/h3>\n<p data-v-md-line=\"16\">Disfruta de hasta 24 horas de bater\u00eda con el\u00a0<strong>bater\u00eda recargable<\/strong>. Carga r\u00e1pida en s\u00f3lo 4 horas para que nunca te quedes sin sonido.<\/p>\n<h3 data-v-md-heading=\"brand-customization\" data-v-md-line=\"18\"><strong>Personalizaci\u00f3n de la marca<\/strong><\/h3>\n<p data-v-md-line=\"19\">Adapte su experiencia auditiva con\u00a0<strong>ajustes de volumen, bandas de frecuencia y perfiles de audio personalizables<\/strong>\u00a0a trav\u00e9s de nuestra aplicaci\u00f3n. Esto convierte a Z128 no solo en un dispositivo de alto rendimiento, sino tambi\u00e9n en uno que se adapta perfectamente a tus necesidades auditivas espec\u00edficas...<\/p>\n<h3 data-v-md-heading=\"seamless-connectivity\" data-v-md-line=\"21\"><strong>Conectividad sin fisuras<\/strong><\/h3>\n<p data-v-md-line=\"22\"><strong>Con Bluetooth<\/strong>\u00a0permite la transmisi\u00f3n de llamadas telef\u00f3nicas, m\u00fasica y TV directamente a los aud\u00edfonos. Mant\u00e9ngase conectado sin esfuerzo con\u00a0<strong>Aud\u00edfonos digitales Z128<\/strong>\u00a0.<\/p>\n<h2 data-v-md-heading=\"technical-specifications\" data-v-md-line=\"25\">Especificaciones t\u00e9cnicas<\/h2>\n\n<table id=\"tablepress-48\" class=\"tablepress tablepress-id-48\">\n<thead>\n<tr class=\"row-1\">\n\t<th class=\"column-1\">Par\u00e1metro<\/th><th class=\"column-2\">Detalles<\/th>\n<\/tr>\n<\/thead>\n<tbody class=\"row-striping row-hover\">\n<tr class=\"row-2\">\n\t<td class=\"column-1\">Tipo<\/td><td class=\"column-2\">Dise\u00f1o retroauricular con procesamiento digital<\/td>\n<\/tr>\n<tr class=\"row-3\">\n\t<td class=\"column-1\">Reducci\u00f3n del ruido<\/td><td class=\"column-2\">Filtrado de ruido avanzado basado en IA y tecnolog\u00eda WindScreen para reducir el ruido del viento<\/td>\n<\/tr>\n<tr class=\"row-4\">\n\t<td class=\"column-1\">Personalizaci\u00f3n<\/td><td class=\"column-2\">Preajustes espec\u00edficos de marca, bandas de frecuencia ajustables, moldes de carcasa personalizados<\/td>\n<\/tr>\n<tr class=\"row-5\">\n\t<td class=\"column-1\">Conectividad<\/td><td class=\"column-2\">Bluetooth 5.0 para un emparejamiento perfecto con smartphones\/tablets<\/td>\n<\/tr>\n<tr class=\"row-6\">\n\t<td class=\"column-1\">Battery Life<\/td><td class=\"column-2\">Recargable de iones de litio (24 horas de autonom\u00eda, 4 horas de carga r\u00e1pida)<\/td>\n<\/tr>\n<tr class=\"row-7\">\n\t<td class=\"column-1\">Sound Quality<\/td><td class=\"column-2\">Audio de alta fidelidad con supresi\u00f3n din\u00e1mica de la realimentaci\u00f3n<\/td>\n<\/tr>\n<tr class=\"row-8\">\n\t<td class=\"column-1\">Apoyo al tinnitus<\/td><td class=\"column-2\">Tonos de enmascaramiento integrados para aliviar el tinnitus<\/td>\n<\/tr>\n<tr class=\"row-9\">\n\t<td class=\"column-1\">Durabilidad<\/td><td class=\"column-2\">Revestimiento impermeable (clasificaci\u00f3n IP) para resistir a la humedad<\/td>\n<\/tr>\n<tr class=\"row-10\">\n\t<td class=\"column-1\">Garant\u00eda<\/td><td class=\"column-2\">3 a\u00f1os de garant\u00eda con ajustes gratuitos<\/td>\n<\/tr>\n<\/tbody>\n<\/table>\n<!-- #tablepress-48 from cache -->\n<h2 data-v-md-heading=\"usage-scenarios\" data-v-md-line=\"40\">Escenarios de uso<\/h2>\n<h3 data-v-md-heading=\"everyday-life\" data-v-md-line=\"42\"><strong>La vida cotidiana<\/strong><\/h3>\n<ul data-v-md-line=\"43\">\n<li><strong>Entornos ruidosos<\/strong>: Perfecto para lugares concurridos como restaurantes o mercados. La tecnolog\u00eda de reducci\u00f3n de ruido se centra en el habla, por lo que las conversaciones claras .<\/li>\n<li><strong>Actividades al aire libre<\/strong>: La tecnolog\u00eda WindScreen es ideal para exteriores, ya que reduce considerablemente el ruido del viento .<\/li>\n<li><strong>Reuniones sociales<\/strong>: Mejora tu experiencia de escucha en grupo con\u00a0<strong>modos de enfoque de voz<\/strong>\u00a0.<\/li>\n<li><strong>Viajar<\/strong>: La bater\u00eda de larga duraci\u00f3n garantiza el rendimiento durante todo el d\u00eda, ya sea en un vuelo largo o en un viaje por carretera .<\/li>\n<\/ul>\n<h3 data-v-md-heading=\"technical\" data-v-md-line=\"48\"><strong>T\u00e9cnico<\/strong><\/h3>\n<ul data-v-md-line=\"50\">\n<li><strong>Recreo<\/strong>: M\u00fasica y televisi\u00f3n en streaming con\u00a0<strong>Conectividad Bluetooth<\/strong>Disfrute de un sonido de alta calidad sin interrupciones.<\/li>\n<li><strong>Trabajo<\/strong>: Participe en conferencias telef\u00f3nicas directamente a trav\u00e9s de sus aud\u00edfonos, sin perderse ni una palabra .<\/li>\n<\/ul>\n<h2 data-v-md-heading=\"why-choose-z128\" data-v-md-line=\"54\">\u00bfPor qu\u00e9 elegir Z128?<\/h2>\n<p data-v-md-line=\"56\">Elegir un aud\u00edfono es una decisi\u00f3n importante. Z128 ofrece una soluci\u00f3n asequible sin renunciar a la calidad, la comodidad o las funciones avanzadas:<\/p>\n<p data-v-md-line=\"59\">\u2705\u00a0<strong>Rendimiento probado<\/strong>: Combina la asequibilidad de los equipos retroauriculares con la tecnolog\u00eda de IA m\u00e1s avanzada<br \/>\n\u2705\u00a0<strong>Personalizaci\u00f3n espec\u00edfica de la marca<\/strong>: Adapta los ajustes a las necesidades de tu estilo de vida<br \/>\n\u2705\u00a0<strong>Apoyo de confianza<\/strong>: El dise\u00f1o aprobado por audi\u00f3logos garantiza fiabilidad y comodidad<\/p>\n<p data-v-md-line=\"63\">M\u00e1s informaci\u00f3n\u00a0<a href=\"https:\/\/chinahearingaid.com\/es\/bte-hearing-aids\/\" target=\"_blank\" rel=\"noopener\">Aud\u00edfonos BTE<\/a><a href=\"https:\/\/chinahearingaid.com\/es\/digital-hearing-aids\/\" target=\"_blank\" rel=\"noopener\">Aud\u00edfonos digitales<\/a>, y\u00a0<a href=\"https:\/\/chinahearingaid.com\/es\/noise-reduction-hearing-aids\/\" target=\"_blank\" rel=\"noopener\">Aud\u00edfonos con reducci\u00f3n de ruido<\/a>\u00a0para conocer mejor nuestra oferta de alta calidad.<\/p>\n<h2 data-v-md-heading=\"faq-section\" data-v-md-line=\"66\">Secci\u00f3n FAQ<\/h2>\n<p data-v-md-line=\"68\"><strong>P: \u00bfSon visibles las ayudas retroauriculares cuando se llevan puestas?<\/strong><br \/>\n<em>R: El elegante dise\u00f1o de la Z128 se adapta a los tonos de pelo y piel, ofreciendo discreci\u00f3n sin renunciar a la funcionalidad.<\/em>\u00a0.<\/p>\n<p data-v-md-line=\"71\"><strong>P: \u00bfC\u00f3mo gestiona el ruido del viento en el exterior?<\/strong><br \/>\n<em>R: Nuestra innovadora tecnolog\u00eda WindScreen reduce significativamente el ruido del viento, garantizando una audici\u00f3n clara en exteriores.<\/em>\u00a0.<\/p>\n<p data-v-md-line=\"74\"><strong>P: \u00bfPuedo ajustar la configuraci\u00f3n sin un audi\u00f3logo?<\/strong><br \/>\n<em>R: \u00a1S\u00ed! Utilice la aplicaci\u00f3n espec\u00edfica para crear y ajustar sus perfiles auditivos personalizados para distintos entornos.<\/em>\u00a0.<\/p>\n<p data-v-md-line=\"78\">Redescubra\u00a0<strong>una audici\u00f3n clara<\/strong>\u00a0y abraza la vida con confianza con el\u00a0<strong>Z128 Aud\u00edfonos digitales retroauriculares<\/strong>. Visite\u00a0<a href=\"https:\/\/chinahearingaid.com\/es\" target=\"_blank\" rel=\"noopener\">Aud\u00edfonos en China<\/a>\u00a0para encontrar la soluci\u00f3n perfecta para sus necesidades auditivas.<\/p>","protected":false},"excerpt":{"rendered":"<div class=\"model-prompt-container\" data-turn-role=\"Model\">\n<div class=\"turn-content\">\n<p class=\"ng-star-inserted\"><span class=\"ng-star-inserted\">Redescubre una audici\u00f3n clara con los aud\u00edfonos digitales retroauriculares Z128. Experimenta el mundo de nuevo con la tecnolog\u00eda de reducci\u00f3n de ruido AI-powered y WindScreen para una claridad excepcional en restaurantes ruidosos o en exteriores con viento. Aud\u00edfonos c\u00f3modos, discretos y resistentes al cerumen con bater\u00eda recargable 24 h (carga r\u00e1pida 4 h). Personal\u00edcelos con la aplicaci\u00f3n: ajuste el volumen, los perfiles y mucho m\u00e1s. Transmite llamadas y m\u00fasica directamente con Bluetooth.<\/span><\/p>\n<\/div>\n<\/div>","protected":false},"featured_media":3028,"template":"","meta":{"_kad_post_transparent":"default","_kad_post_title":"","_kad_post_layout":"default","_kad_post_sidebar_id":"","_kad_post_content_style":"default","_kad_post_vertical_padding":"default","_kad_post_feature":"","_kad_post_feature_position":"","_kad_post_header":false,"_kad_post_footer":false,"_kad_post_classname":""},"product_brand":[],"product_cat":[15,544,561,559,565,563],"product_tag":[649,650,652,651],"class_list":{"0":"post-2292","1":"product","2":"type-product","3":"status-publish","4":"has-post-thumbnail","6":"product_cat-hearing-aid-by-types","7":"product_cat-bte-hearing-aids","8":"product_cat-digital-hearing-aids","9":"product_cat-hearing-aid-by-features","10":"product_cat-noise-reduction-hearing-aids","11":"product_cat-rechargeable-hearing-aids","12":"product_tag-bte-hearing-aids-brand-custom","13":"product_tag-digital-hearing-aids-brand-custom","14":"product_tag-noise-reduction-hearing-aids-brand-custom","15":"product_tag-rechargeable-hearing-aids-brand-custom","17":"first","18":"instock","19":"shipping-taxable","20":"product-type-simple","21":"entry","22":"content-bg","23":"loop-entry"},"_links":{"self":[{"href":"https:\/\/chinahearingaid.com\/es\/wp-json\/wp\/v2\/product\/2292","targetHints":{"allow":["GET"]}}],"collection":[{"href":"https:\/\/chinahearingaid.com\/es\/wp-json\/wp\/v2\/product"}],"about":[{"href":"https:\/\/chinahearingaid.com\/es\/wp-json\/wp\/v2\/types\/product"}],"wp:featuredmedia":[{"embeddable":true,"href":"https:\/\/chinahearingaid.com\/es\/wp-json\/wp\/v2\/media\/3028"}],"wp:attachment":[{"href":"https:\/\/chinahearingaid.com\/es\/wp-json\/wp\/v2\/media?parent=2292"}],"wp:term":[{"taxonomy":"product_brand","embeddable":true,"href":"https:\/\/chinahearingaid.com\/es\/wp-json\/wp\/v2\/product_brand?post=2292"},{"taxonomy":"product_cat","embeddable":true,"href":"https:\/\/chinahearingaid.com\/es\/wp-json\/wp\/v2\/product_cat?post=2292"},{"taxonomy":"product_tag","embeddable":true,"href":"https:\/\/chinahearingaid.com\/es\/wp-json\/wp\/v2\/product_tag?post=2292"}],"curies":[{"name":"wp","href":"https:\/\/api.w.org\/{rel}","templated":true}]}}