{"id":2293,"date":"2025-05-23T02:11:44","date_gmt":"2025-05-23T02:11:44","guid":{"rendered":"https:\/\/chinahearingaid.com\/?post_type=product&#038;p=2293"},"modified":"2025-06-17T07:07:18","modified_gmt":"2025-06-17T07:07:18","slug":"z128bt-bluetooth-hearing-aids-bte-noise-reduction-vendor","status":"publish","type":"product","link":"https:\/\/chinahearingaid.com\/es\/z128bt-bluetooth-hearing-aids-bte-noise-reduction-vendor\/","title":{"rendered":"Z128BT Aud\u00edfonos Bluetooth BTE Reductor de ruido Vendedor"},"content":{"rendered":"<p data-v-md-line=\"3\"><strong>Escucha cada palabra. Escucha cada risa. Escucha la vida. El Z128BT est\u00e1 hecho para ti.<\/strong><\/p>\n<h2 data-v-md-heading=\"what-is-the-z128bt-hearing-aid\" data-v-md-line=\"6\">\u00bfQu\u00e9 es el aud\u00edfono Z128BT?<\/h2>\n<p data-v-md-line=\"8\">El\u00a0<strong>Z128BT Aud\u00edfono retroauricular Bluetooth<\/strong>\u00a0es un peque\u00f1o dispositivo inteligente para el o\u00eddo. Le ayuda a o\u00edr mejor en todo tipo de lugares. Es la mejor elecci\u00f3n de una\u00a0<a href=\"https:\/\/chinahearingaid.com\/es\/z128bt-bluetooth-hearing-aids-bte-noise-reduction-vendor\/\" target=\"_blank\" rel=\"noopener\">Proveedor de aud\u00edfonos retroauriculares<\/a>conocido por\u00a0<strong>Proveedor de aud\u00edfonos digitales<\/strong>\u00a0calidad y servicio.<\/p>\n<h2 data-v-md-heading=\"main-features\" data-v-md-line=\"11\">Caracter\u00edsticas principales<\/h2>\n<p data-v-md-line=\"13\"><strong>F\u00e1cil de usar:<\/strong><\/p>\n<ul data-v-md-line=\"14\">\n<li>Un bot\u00f3n. F\u00e1cil de ajustar hacia arriba o hacia abajo.<\/li>\n<li>F\u00e1cil de cargar. Sin pilas diminutas.<\/li>\n<\/ul>\n<p data-v-md-line=\"17\"><strong>Hecho a medida:<\/strong><\/p>\n<ul data-v-md-line=\"18\">\n<li>Se coloca detr\u00e1s de la oreja. Suave y ligero.<\/li>\n<li>Bueno para ni\u00f1os, ni\u00f1as, hombres y mujeres.<\/li>\n<\/ul>\n<p data-v-md-line=\"21\"><strong>Sonido inteligente:<\/strong><\/p>\n<ul data-v-md-line=\"22\">\n<li>Aclara las voces.<\/li>\n<li>Reduce el ruido en lugares concurridos.<\/li>\n<li>Transmite llamadas, m\u00fasica o TV con\u00a0<strong>Bluetooth<\/strong>.<\/li>\n<\/ul>\n<p data-v-md-line=\"26\"><strong>Seguro y fuerte:<\/strong><\/p>\n<ul data-v-md-line=\"27\">\n<li>El agua no le har\u00e1 da\u00f1o.<\/li>\n<li>Nada de sonidos fuertes y aterradores.<\/li>\n<\/ul>\n<h2 data-v-md-heading=\"key-product-details\" data-v-md-line=\"31\">Detalles clave del producto<\/h2>\n\n<table id=\"tablepress-47\" class=\"tablepress tablepress-id-47\">\n<thead>\n<tr class=\"row-1\">\n\t<th class=\"column-1\">Caracter\u00edstica<\/th><th class=\"column-2\">Lo que obtienes<\/th>\n<\/tr>\n<\/thead>\n<tbody class=\"row-striping row-hover\">\n<tr class=\"row-2\">\n\t<td class=\"column-1\">Tipo<\/td><td class=\"column-2\">Retroauriculares (retroauriculares)<\/td>\n<\/tr>\n<tr class=\"row-3\">\n\t<td class=\"column-1\">Bluetooth<\/td><td class=\"column-2\">S\u00ed (5.0), se empareja con tel\u00e9fono, TV, tableta, etc.<\/td>\n<\/tr>\n<tr class=\"row-4\">\n\t<td class=\"column-1\">Reducci\u00f3n del ruido<\/td><td class=\"column-2\">la p\u00e9rdida de la audici\u00f3n<\/td>\n<\/tr>\n<tr class=\"row-5\">\n\t<td class=\"column-1\">Battery Life<\/td><td class=\"column-2\">Recargable, funciona todo el d\u00eda (24 horas)<\/td>\n<\/tr>\n<tr class=\"row-6\">\n\t<td class=\"column-1\">Cargando<\/td><td class=\"column-2\">Viene con un estuche f\u00e1cil de transportar<\/td>\n<\/tr>\n<tr class=\"row-7\">\n\t<td class=\"column-1\">Resistente al agua<\/td><td class=\"column-2\">S\u00ed (IP68)<\/td>\n<\/tr>\n<tr class=\"row-8\">\n\t<td class=\"column-1\">Configurar<\/td><td class=\"column-2\">Listo para usar, sin visita al m\u00e9dico<\/td>\n<\/tr>\n<tr class=\"row-9\">\n\t<td class=\"column-1\">Garant\u00eda<\/td><td class=\"column-2\">1 a\u00f1o<\/td>\n<\/tr>\n<tr class=\"row-10\">\n\t<td class=\"column-1\">Peso<\/td><td class=\"column-2\">Tan ligero, que puedes olvidar que est\u00e1 ah\u00ed<\/td>\n<\/tr>\n<tr class=\"row-11\">\n\t<td class=\"column-1\">Sonido personalizado<\/td><td class=\"column-2\">Lo configuras como quieras con una aplicaci\u00f3n<\/td>\n<\/tr>\n<tr class=\"row-12\">\n\t<td class=\"column-1\">Precio<\/td><td class=\"column-2\">Justo y directo de f\u00e1brica<\/td>\n<\/tr>\n<tr class=\"row-13\">\n\t<td class=\"column-1\">Vendedor<\/td><td class=\"column-2\">Proveedor de aud\u00edfonos Bluetooth de confianza<\/td>\n<\/tr>\n<\/tbody>\n<\/table>\n<!-- #tablepress-47 from cache -->\n<p data-v-md-line=\"48\"><a href=\"https:\/\/chinahearingaid.com\/es\/bte-hearing-aids\/\" target=\"_blank\" rel=\"noopener\">Ver todos los aud\u00edfonos retroauriculares<\/a><\/p>\n<h2 data-v-md-heading=\"how-does-it-help\" data-v-md-line=\"51\">\u00bfC\u00f3mo ayuda?<\/h2>\n<h3 data-v-md-heading=\"_1-talking-with-friends-and-family\" data-v-md-line=\"53\">1.\u00a0<strong>Hablar con amigos y familiares<\/strong><\/h3>\n<ul data-v-md-line=\"54\">\n<li>En una habitaci\u00f3n silenciosa, las voces son claras.<\/li>\n<li>En una fiesta familiar, elimina el ruido adicional.<\/li>\n<li>Los ni\u00f1os y los nietos suenan brillantes y reales.<\/li>\n<\/ul>\n<h3 data-v-md-heading=\"_2-on-the-phone-or-watching-tv\" data-v-md-line=\"58\">2.\u00a0<strong>Al tel\u00e9fono o viendo la televisi\u00f3n<\/strong><\/h3>\n<ul data-v-md-line=\"59\">\n<li>Bluetooth te permite conectarte y escuchar tus programas y llamadas directamente en la oreja.<\/li>\n<li>Compatible con dispositivos Android y Apple.<\/li>\n<\/ul>\n<h3 data-v-md-heading=\"_3-in-loud-and-busy-places\" data-v-md-line=\"62\">3.\u00a0<strong>En lugares ruidosos y concurridos<\/strong><\/h3>\n<ul data-v-md-line=\"63\">\n<li>\u00bfEn la tienda o en una cafeter\u00eda? No se preocupe.<\/li>\n<li>Los micr\u00f3fonos especiales y los chips digitales se centran en las personas que hablan, no en el ruido de fondo.<\/li>\n<\/ul>\n<h3 data-v-md-heading=\"_4-going-outside\" data-v-md-line=\"66\">4.\u00a0<strong>Salir al exterior<\/strong><\/h3>\n<ul data-v-md-line=\"67\">\n<li>Caminar, hacer deporte o jugar: la lluvia o el sudor son compatibles con este aud\u00edfono.<\/li>\n<\/ul>\n<p data-v-md-line=\"69\"><a href=\"https:\/\/chinahearingaid.com\/es\/noise-reduction-hearing-aids\/\" target=\"_blank\" rel=\"noopener\">M\u00e1s informaci\u00f3n sobre los aud\u00edfonos reductores de ruido<\/a><\/p>\n<h2 data-v-md-heading=\"why-pick-the-z128bt\" data-v-md-line=\"72\">\u00bfPor qu\u00e9 elegir el Z128BT?<\/h2>\n<ul data-v-md-line=\"74\">\n<li>Obtenga lo \u00faltimo en\u00a0<strong>Proveedor de aud\u00edfonos digitales<\/strong>\u00a0dise\u00f1o.<\/li>\n<li>Mobiele app-bediening\u00a0<a href=\"https:\/\/chinahearingaid.com\/es\/rechargeable-hearing-aids\/\" target=\"_blank\" rel=\"noopener\">Proveedor de aud\u00edfonos recargables<\/a>\u00a0Avanzado<\/li>\n<li>Se acabaron los silbidos y los chirridos.<\/li>\n<li>Mant\u00e9ngase activo, en casa o fuera, con lo mejor\u00a0<strong>Proveedor de aud\u00edfonos retroauriculares<\/strong>\u00a0puede hacer.<\/li>\n<li>\u00a1T\u00fa controlas tu sonido!<\/li>\n<\/ul>\n<p data-v-md-line=\"80\"><a href=\"https:\/\/chinahearingaid.com\/es\/digital-hearing-aids\/\" target=\"_blank\" rel=\"noopener\">Ver otros aud\u00edfonos digitales<\/a><\/p>\n<h2 data-v-md-heading=\"what-s-in-the-box\" data-v-md-line=\"83\">\u00bfQu\u00e9 hay en la caja?<\/h2>\n<ul data-v-md-line=\"85\">\n<li>1x Aud\u00edfono retroauricular Bluetooth<\/li>\n<li>Estuche de carga y cable USB<\/li>\n<li>C\u00fapulas auriculares de diferentes tama\u00f1os<\/li>\n<li>Manual del usuario (f\u00e1cil de leer)<\/li>\n<li>Tarjeta de garant\u00eda<\/li>\n<\/ul>\n<h2 data-v-md-heading=\"why-buy-from-a-trusted-vendor\" data-v-md-line=\"91\">\u00bfPor qu\u00e9 comprar a un proveedor de confianza?<\/h2>\n<p data-v-md-line=\"93\">Comprar a verdaderos\u00a0<strong>Proveedor de aud\u00edfonos con reducci\u00f3n de ruido<\/strong>\u00a0o\u00a0<strong>Proveedor de aud\u00edfonos Bluetooth<\/strong>\u00a0significa:<\/p>\n<ul data-v-md-line=\"94\">\n<li>Recibes ayuda de verdad si la necesitas.<\/li>\n<li>Encontrar\u00e1s opiniones reales y devoluciones f\u00e1ciles.<\/li>\n<li>Usted sabe que el producto es seguro, probado y resistente.<\/li>\n<\/ul>\n<p data-v-md-line=\"98\"><a href=\"https:\/\/chinahearingaid.com\/es\/bte-hearing-aids\/\" target=\"_blank\" rel=\"noopener\">Ver m\u00e1s aud\u00edfonos retroauriculares<\/a><\/p>\n<h2 data-v-md-heading=\"quick-comparison-table\" data-v-md-line=\"101\">Cuadro comparativo r\u00e1pido<\/h2>\n\n<table id=\"tablepress-46\" class=\"tablepress tablepress-id-46\">\n<thead>\n<tr class=\"row-1\">\n\t<td class=\"column-1\"><\/td><td class=\"column-2\"><\/td>\n<\/tr>\n<\/thead>\n<tbody class=\"row-striping row-hover\">\n<tr class=\"row-2\">\n\t<td class=\"column-1\"><\/td><td class=\"column-2\">Aud\u00edfono Z128BT BTE<\/td>\n<\/tr>\n<tr class=\"row-3\">\n\t<td class=\"column-1\">Bluetooth<\/td><td class=\"column-2\">S\u00ed<\/td>\n<\/tr>\n<tr class=\"row-4\">\n\t<td class=\"column-1\">Rechargeable<\/td><td class=\"column-2\">S\u00ed<\/td>\n<\/tr>\n<tr class=\"row-5\">\n\t<td class=\"column-1\">Reducci\u00f3n del ruido<\/td><td class=\"column-2\">S\u00ed<\/td>\n<\/tr>\n<tr class=\"row-6\">\n\t<td class=\"column-1\">F\u00e1cil para mayores<\/td><td class=\"column-2\">S\u00ed<\/td>\n<\/tr>\n<tr class=\"row-7\">\n\t<td class=\"column-1\">Alta claridad de sonido<\/td><td class=\"column-2\">S\u00ed<\/td>\n<\/tr>\n<tr class=\"row-8\">\n\t<td class=\"column-1\">Resistente al agua<\/td><td class=\"column-2\">S\u00ed<\/td>\n<\/tr>\n<tr class=\"row-9\">\n\t<td class=\"column-1\">M\u00faltiples modos<\/td><td class=\"column-2\">S\u00ed<\/td>\n<\/tr>\n<tr class=\"row-10\">\n\t<td class=\"column-1\">Bater\u00eda de larga duraci\u00f3n<\/td><td class=\"column-2\">S\u00ed<\/td>\n<\/tr>\n<tr class=\"row-11\">\n\t<td class=\"column-1\">Asistencia a proveedores<\/td><td class=\"column-2\">S\u00ed<\/td>\n<\/tr>\n<\/tbody>\n<\/table>\n<!-- #tablepress-46 from cache -->\n<h2 data-v-md-heading=\"experience-every-sound\" data-v-md-line=\"116\">Experimenta cada sonido<\/h2>\n<p data-v-md-line=\"118\">Elija el\u00a0<strong>Z128BT Aud\u00edfono retroauricular Bluetooth<\/strong>\u00a0hoy mismo y \u00fanase a muchos usuarios satisfechos. Haga su pedido en\u00a0<a href=\"https:\/\/chinahearingaid.com\/es\/z128bt-bluetooth-hearing-aids-bte-noise-reduction-vendor\/\" target=\"_blank\" rel=\"noopener\">Proveedor de aud\u00edfonos retroauriculares<\/a>\u00a0por el env\u00edo r\u00e1pido y el gran servicio.<\/p>\n<p data-v-md-line=\"120\">F\u00e1cil de cargar. F\u00e1cil de usar. Vuelve a o\u00edr tu mundo.<\/p>\n<p data-v-md-line=\"124\"><em>O\u00edr mejor. Vive mejor. Con Z128BT.<\/em><br \/>\n<em>Se acabaron las p\u00e9rdidas. Sonido claro y sencillo, \u00a1siempre!<\/em><\/p>\n<p data-v-md-line=\"128\"><a href=\"https:\/\/chinahearingaid.com\/es\/hearing-aid-by-types\/\" target=\"_blank\" rel=\"noopener\">Conozca todos los tipos de aud\u00edfonos<\/a><br \/>\n<a href=\"https:\/\/chinahearingaid.com\/es\/bluetooth-hearing-aids\/\" target=\"_blank\" rel=\"noopener\">Explorar los aud\u00edfonos Bluetooth<\/a><br \/>\n<a href=\"https:\/\/chinahearingaid.com\/es\/rechargeable-hearing-aids\/\" target=\"_blank\" rel=\"noopener\">Ver opciones de aud\u00edfonos recargables<\/a><\/p>\n<p><script src=\"chrome-extension:\/\/fpelahbljekknahkcaegamhcndkfpfnc\/iFrame.js\" type=\"text\/javascript\"><\/script><\/p>","protected":false},"excerpt":{"rendered":"<p><span class=\"ng-star-inserted\">Escucha los momentos de la vida con el aud\u00edfono retroauricular Bluetooth Z128BT. Peque\u00f1o, inteligente y f\u00e1cil de usar con un solo bot\u00f3n de control y carga sencilla. Se adapta c\u00f3modamente detr\u00e1s de la oreja, ofrece voces claras, reducci\u00f3n de ruido y Bluetooth para llamadas\/m\u00fasica. Bater\u00eda recargable para todo el d\u00eda, resistente al agua. Redescubra un sonido n\u00edtido con esta selecci\u00f3n de un proveedor de confianza.<\/span><\/p>\n<p><script src=\"chrome-extension:\/\/fpelahbljekknahkcaegamhcndkfpfnc\/iFrame.js\" type=\"text\/javascript\"><\/script><\/p>","protected":false},"featured_media":3019,"template":"","meta":{"_kad_post_transparent":"default","_kad_post_title":"","_kad_post_layout":"default","_kad_post_sidebar_id":"","_kad_post_content_style":"default","_kad_post_vertical_padding":"default","_kad_post_feature":"","_kad_post_feature_position":"","_kad_post_header":false,"_kad_post_footer":false,"_kad_post_classname":""},"product_brand":[],"product_cat":[15,544,561,559,565,563],"product_tag":[655,653,576,654,577],"class_list":{"0":"post-2293","1":"product","2":"type-product","3":"status-publish","4":"has-post-thumbnail","6":"product_cat-hearing-aid-by-types","7":"product_cat-bte-hearing-aids","8":"product_cat-digital-hearing-aids","9":"product_cat-hearing-aid-by-features","10":"product_cat-noise-reduction-hearing-aids","11":"product_cat-rechargeable-hearing-aids","12":"product_tag-bluetooth-hearing-aids-vendor","13":"product_tag-bte-hearing-aids-vendor","14":"product_tag-digital-hearing-aids-vendor","15":"product_tag-noise-reduction-hearing-aids-vendor","16":"product_tag-rechargeable-hearing-aids-vendor","18":"first","19":"instock","20":"shipping-taxable","21":"product-type-simple","22":"entry","23":"content-bg","24":"loop-entry"},"_links":{"self":[{"href":"https:\/\/chinahearingaid.com\/es\/wp-json\/wp\/v2\/product\/2293","targetHints":{"allow":["GET"]}}],"collection":[{"href":"https:\/\/chinahearingaid.com\/es\/wp-json\/wp\/v2\/product"}],"about":[{"href":"https:\/\/chinahearingaid.com\/es\/wp-json\/wp\/v2\/types\/product"}],"wp:featuredmedia":[{"embeddable":true,"href":"https:\/\/chinahearingaid.com\/es\/wp-json\/wp\/v2\/media\/3019"}],"wp:attachment":[{"href":"https:\/\/chinahearingaid.com\/es\/wp-json\/wp\/v2\/media?parent=2293"}],"wp:term":[{"taxonomy":"product_brand","embeddable":true,"href":"https:\/\/chinahearingaid.com\/es\/wp-json\/wp\/v2\/product_brand?post=2293"},{"taxonomy":"product_cat","embeddable":true,"href":"https:\/\/chinahearingaid.com\/es\/wp-json\/wp\/v2\/product_cat?post=2293"},{"taxonomy":"product_tag","embeddable":true,"href":"https:\/\/chinahearingaid.com\/es\/wp-json\/wp\/v2\/product_tag?post=2293"}],"curies":[{"name":"wp","href":"https:\/\/api.w.org\/{rel}","templated":true}]}}