{"id":2296,"date":"2025-05-23T02:18:38","date_gmt":"2025-05-23T02:18:38","guid":{"rendered":"https:\/\/chinahearingaid.com\/?post_type=product&#038;p=2296"},"modified":"2025-06-17T03:03:55","modified_gmt":"2025-06-17T03:03:55","slug":"z129-rechargeable-bte-digital-hearing-aids-manufacturing","status":"publish","type":"product","link":"https:\/\/chinahearingaid.com\/es\/z129-rechargeable-bte-digital-hearing-aids-manufacturing\/","title":{"rendered":"Z129 Fabricaci\u00f3n de aud\u00edfonos digitales BTE recargables"},"content":{"rendered":"<h2 data-v-md-heading=\"easy-hearing-for-everyone\" data-v-md-line=\"5\"><strong>Audici\u00f3n f\u00e1cil para todos<\/strong><\/h2>\n<p data-v-md-line=\"6\">El\u00a0<strong>Z129 Aud\u00edfono digital retroauricular recargable<\/strong>\u00a0le ayuda a o\u00edr mejor. Est\u00e1 hecho con esmero en una f\u00e1brica de alta calidad. Est\u00e1 hecho para que lo use todo el d\u00eda todo tipo de gente, en todas partes.<br \/>\nForma parte de la mejor fabricaci\u00f3n de aud\u00edfonos retroauriculares y utiliza las nuevas tecnolog\u00edas para la fabricaci\u00f3n de los mejores aud\u00edfonos digitales y aud\u00edfonos recargables, lo que lo convierte en una elecci\u00f3n inteligente para facilitar la vida diaria.<\/p>\n<h2 data-v-md-heading=\"why-choose-the-z129\" data-v-md-line=\"10\"><strong>\u00bfPor qu\u00e9 elegir la Z129?<\/strong><\/h2>\n<ul data-v-md-line=\"12\">\n<li><strong>Bater\u00eda de larga duraci\u00f3n<\/strong><br \/>\n- No hay que comprar pilas peque\u00f1as<br \/>\n- F\u00e1cil carga USB-C<br \/>\n- Una carga dura hasta 40 horas.<\/li>\n<li><strong>Sonido supern\u00edtido<\/strong><br \/>\n- 16 bandas de frecuencia<br \/>\n- Reducci\u00f3n del ruido y corte de la realimentaci\u00f3n<br \/>\n- Escuchar conversaciones o m\u00fasica incluso en lugares concurridos<\/li>\n<li><strong>Gran potencia para grandes necesidades<\/strong><br \/>\n- Ideal para p\u00e9rdidas auditivas leves, moderadas o severas<br \/>\n- Ganancia m\u00e1xima de hasta 65 dB y una amplia gama sonora<\/li>\n<\/ul>\n<h2 data-v-md-heading=\"see-what-the-z129-can-do\" data-v-md-line=\"25\"><strong>Vea lo que puede hacer el Z129<\/strong><\/h2>\n\n<table id=\"tablepress-40\" class=\"tablepress tablepress-id-40\">\n<thead>\n<tr class=\"row-1\">\n\t<th class=\"column-1\">Caracter\u00edstica<\/th><th class=\"column-2\">Qu\u00e9 significa para usted<\/th><th class=\"column-3\">Seite.<\/th>\n<\/tr>\n<\/thead>\n<tbody class=\"row-striping row-hover\">\n<tr class=\"row-2\">\n\t<td class=\"column-1\">Bater\u00eda recargable de iones de litio<\/td><td class=\"column-2\">Cobrar una vez por un d\u00eda completo de audiencia<\/td><td class=\"column-3\">Escuela, trabajo, viajes<\/td>\n<\/tr>\n<tr class=\"row-3\">\n\t<td class=\"column-1\">16 bandas con reducci\u00f3n de ruido<\/td><td class=\"column-2\">Escuchar palabras, no ruidos<\/td><td class=\"column-3\">Restaurantes, parques, centros comerciales<\/td>\n<\/tr>\n<tr class=\"row-4\">\n\t<td class=\"column-1\">Hasta 135 dB de potencia de pico<\/td><td class=\"column-2\">Facilita la audici\u00f3n incluso de voces bajas<\/td><td class=\"column-3\">Tiempo en familia, Sala de reuniones<\/td>\n<\/tr>\n<tr class=\"row-5\">\n\t<td class=\"column-1\">Resistente al agua y al polvo (IP68)<\/td><td class=\"column-2\">Sigue funcionando incluso en lugares pegajosos o polvorientos<\/td><td class=\"column-3\">Al aire libre, Gimnasio, Paseo<\/td>\n<\/tr>\n<tr class=\"row-6\">\n\t<td class=\"column-1\">4 modos de sonido sencillos<\/td><td class=\"column-2\">Un clic para silencio, TV, exterior o conversaci\u00f3n<\/td><td class=\"column-3\">Casa, Biblioteca, Exteriores<\/td>\n<\/tr>\n<tr class=\"row-7\">\n\t<td class=\"column-1\">Dise\u00f1o ergon\u00f3mico BTE<\/td><td class=\"column-2\">Se siente ligero, se adapta a ni\u00f1os o adultos<\/td><td class=\"column-3\">Para todo el d\u00eda<\/td>\n<\/tr>\n<tr class=\"row-8\">\n\t<td class=\"column-1\">Certificaci\u00f3n: CE, FDA, RoHS, ISO 13485<\/td><td class=\"column-2\">Tecnolog\u00eda segura y fiable<\/td><td class=\"column-3\">Cl\u00ednicas, hospitales<\/td>\n<\/tr>\n<tr class=\"row-9\">\n\t<td class=\"column-1\">Marcas, accesorios y pedidos al por mayor opcionales<\/td><td class=\"column-2\">Hazlo tuyo, compra uno o muchos<\/td><td class=\"column-3\">Tiendas, marcas, cl\u00ednicas<\/td>\n<\/tr>\n<\/tbody>\n<\/table>\n<!-- #tablepress-40 from cache -->\n<h2 data-v-md-heading=\"how-to-use-your-z129-hearing-aid\" data-v-md-line=\"39\"><strong>C\u00f3mo utilizar su aud\u00edfono Z129<\/strong><\/h2>\n<ol data-v-md-line=\"41\">\n<li><strong>Carga<\/strong>\u00a0con cable USB-C<\/li>\n<li><strong>Elige un modo de sonido<\/strong>-Silencio, Reducci\u00f3n de ruido, Exterior, M\u00fasica<\/li>\n<li><strong>Poner detr\u00e1s de la oreja<\/strong>\u00a0y ajustar el volumen<\/li>\n<li><strong>Disfruta de tu mundo<\/strong>-\u00a1los sonidos cobran vida!<\/li>\n<li><strong>Recarga<\/strong>\u00a0cuando sea necesario (aproximadamente cada 30-40 horas)<\/li>\n<\/ol>\n<h3 data-v-md-heading=\"engaging-scenarios\" data-v-md-line=\"49\"><strong>Escenarios atractivos<\/strong><\/h3>\n<ul data-v-md-line=\"50\">\n<li>Est\u00e1s en una fiesta familiar. El Z129 te permite o\u00edr todas las risas, incluso cuando muchas personas hablan a la vez.<\/li>\n<li>En la tienda, puedes o\u00edr al cajero, no s\u00f3lo las ruidosas m\u00e1quinas.<\/li>\n<li>Sales a la calle y oyes los p\u00e1jaros y los coches, pero el viento no es tan fuerte.<\/li>\n<li>Ll\u00e9valo al colegio o al trabajo todo el d\u00eda y c\u00e1rgalo por la noche.<\/li>\n<\/ul>\n<h2 data-v-md-heading=\"why-industry-professionals-love-z129\" data-v-md-line=\"56\"><strong>Por qu\u00e9 los profesionales del sector adoran Z129<\/strong><\/h2>\n<ul data-v-md-line=\"57\">\n<li>Calidad de f\u00e1brica con certificaci\u00f3n ISO y CE<\/li>\n<li>Envases a granel, de marca blanca y personalizados<\/li>\n<li>Cadena de suministro fiable y env\u00edo r\u00e1pido<\/li>\n<\/ul>\n<h2 data-v-md-heading=\"ready-to-try-want-oem-or-bulk\" data-v-md-line=\"62\"><strong>\u00bfListo para probar? \u00bfQuiere OEM o a granel?<\/strong><\/h2>\n<p data-v-md-line=\"64\">Z129 es el nuevo est\u00e1ndar para la fabricaci\u00f3n de los mejores aud\u00edfonos digitales y de aud\u00edfonos recargables fiables.<br \/>\nM\u00e1s informaci\u00f3n\u00a0<a href=\"https:\/\/chinahearingaid.com\/es\/z129-rechargeable-bte-digital-hearing-aids-manufacturing\/\" target=\"_blank\" rel=\"noopener\">Fabricaci\u00f3n de aud\u00edfonos retroauriculares<\/a>\u00a0o descubrir otros\u00a0<a href=\"https:\/\/chinahearingaid.com\/es\/noise-reduction-hearing-aids\/\" target=\"_blank\" rel=\"noopener\">aud\u00edfonos con reducci\u00f3n de ruido<\/a>\u00a0y\u00a0<a href=\"https:\/\/chinahearingaid.com\/es\/bx360-mini-rechargeable-digital-bte-hearing-aids-solutions\/\" target=\"_blank\" rel=\"noopener\">soluciones digitales para aud\u00edfonos<\/a>.<\/p>\n<p data-v-md-line=\"67\">Para conocer m\u00e1s tipos de aud\u00edfonos, consulte\u00a0<a href=\"https:\/\/chinahearingaid.com\/es\/bte-hearing-aids\/\" target=\"_blank\" rel=\"noopener\">Aud\u00edfonos retroauriculares<\/a>\u00a0para el mejor ajuste.<\/p>\n<h2 data-v-md-heading=\"summary-table\" data-v-md-line=\"70\"><strong>Cuadro sin\u00f3ptico<\/strong><\/h2>\n\n<table id=\"tablepress-41\" class=\"tablepress tablepress-id-41\">\n<thead>\n<tr class=\"row-1\">\n\t<th class=\"column-1\">Par\u00e1metro<\/th><th class=\"column-2\">Valor<\/th>\n<\/tr>\n<\/thead>\n<tbody class=\"row-striping row-hover\">\n<tr class=\"row-2\">\n\t<td class=\"column-1\">Battery Life<\/td><td class=\"column-2\">30-40 horas\/uso<\/td>\n<\/tr>\n<tr class=\"row-3\">\n\t<td class=\"column-1\">Cargando<\/td><td class=\"column-2\">USB-C recargable<\/td>\n<\/tr>\n<tr class=\"row-4\">\n\t<td class=\"column-1\">Bandas de frecuencia<\/td><td class=\"column-2\">16<\/td>\n<\/tr>\n<tr class=\"row-5\">\n\t<td class=\"column-1\">Potencia de sonido<\/td><td class=\"column-2\">Hasta 135 dB<\/td>\n<\/tr>\n<tr class=\"row-6\">\n\t<td class=\"column-1\">Resistente al agua y al polvo<\/td><td class=\"column-2\">Veelgestelde vragen<\/td>\n<\/tr>\n<tr class=\"row-7\">\n\t<td class=\"column-1\">Garant\u00eda<\/td><td class=\"column-2\">1 a\u00f1o<\/td>\n<\/tr>\n<tr class=\"row-8\">\n\t<td class=\"column-1\">Ajustes<\/td><td class=\"column-2\">4 modos f\u00e1ciles de usar<\/td>\n<\/tr>\n<tr class=\"row-9\">\n\t<td class=\"column-1\">For<\/td><td class=\"column-2\">P\u00e9rdida leve-severa<\/td>\n<\/tr>\n<tr class=\"row-10\">\n\t<td class=\"column-1\">Certificaci\u00f3n<\/td><td class=\"column-2\">CE, FDA, RoHS<\/td>\n<\/tr>\n<\/tbody>\n<\/table>\n<!-- #tablepress-41 from cache -->\n<p data-v-md-line=\"85\"><strong>Escuchar simple. Vive mejor. Z129 hace que o\u00edr sea f\u00e1cil y claro para todos.<\/strong><\/p>\n<p data-v-md-line=\"88\"><em>\u00bfDesea realizar pedidos, marcas blancas o ventas al por mayor? Elija Z129: el futuro de la fabricaci\u00f3n de aud\u00edfonos retroauriculares, aud\u00edfonos recargables y aud\u00edfonos con reducci\u00f3n de ruido en todo el mundo.<\/em><\/p>\n<p><script src=\"chrome-extension:\/\/fpelahbljekknahkcaegamhcndkfpfnc\/iFrame.js\" type=\"text\/javascript\"><\/script><\/p>","protected":false},"excerpt":{"rendered":"<div class=\"model-prompt-container\" data-turn-role=\"Model\">\n<div class=\"turn-content\">\n<p class=\"ng-star-inserted\"><span class=\"ng-star-inserted\">\u00a1Audici\u00f3n f\u00e1cil para todos! El aud\u00edfono digital BTE recargable Z129 te ayuda a o\u00edr mejor, ahora con una bater\u00eda USB-C de 40 h y reducci\u00f3n de ruido. Hecho con cuidado en una f\u00e1brica de calidad, est\u00e1 construido para el uso durante todo el d\u00eda. Aprovechando la tecnolog\u00eda avanzada de los principales fabricantes de aud\u00edfonos retroauriculares, digitales y recargables, es una elecci\u00f3n inteligente para facilitar la vida diaria y obtener un sonido m\u00e1s claro para todos.<\/span><\/p>\n<div class=\"turn-information ng-star-inserted\"><\/div>\n<\/div>\n<\/div>\n<p><script src=\"chrome-extension:\/\/fpelahbljekknahkcaegamhcndkfpfnc\/iFrame.js\" type=\"text\/javascript\"><\/script><\/p>","protected":false},"featured_media":3011,"template":"","meta":{"_kad_post_transparent":"default","_kad_post_title":"","_kad_post_layout":"default","_kad_post_sidebar_id":"","_kad_post_content_style":"default","_kad_post_vertical_padding":"default","_kad_post_feature":"","_kad_post_feature_position":"","_kad_post_header":false,"_kad_post_footer":false,"_kad_post_classname":""},"product_brand":[],"product_cat":[15,544,561,559,550,565,563],"product_tag":[666,665,668,667],"class_list":{"0":"post-2296","1":"product","2":"type-product","3":"status-publish","4":"has-post-thumbnail","6":"product_cat-hearing-aid-by-types","7":"product_cat-bte-hearing-aids","8":"product_cat-digital-hearing-aids","9":"product_cat-hearing-aid-by-features","10":"product_cat-new","11":"product_cat-noise-reduction-hearing-aids","12":"product_cat-rechargeable-hearing-aids","13":"product_tag-best-digital-hearing-aids-manufacturing","14":"product_tag-bte-hearing-aids-manufacturing","15":"product_tag-noise-reduction-hearing-aids-manufacturing","16":"product_tag-rechargeable-hearing-aids-manufacturing","18":"first","19":"instock","20":"shipping-taxable","21":"product-type-simple","22":"entry","23":"content-bg","24":"loop-entry"},"_links":{"self":[{"href":"https:\/\/chinahearingaid.com\/es\/wp-json\/wp\/v2\/product\/2296","targetHints":{"allow":["GET"]}}],"collection":[{"href":"https:\/\/chinahearingaid.com\/es\/wp-json\/wp\/v2\/product"}],"about":[{"href":"https:\/\/chinahearingaid.com\/es\/wp-json\/wp\/v2\/types\/product"}],"wp:featuredmedia":[{"embeddable":true,"href":"https:\/\/chinahearingaid.com\/es\/wp-json\/wp\/v2\/media\/3011"}],"wp:attachment":[{"href":"https:\/\/chinahearingaid.com\/es\/wp-json\/wp\/v2\/media?parent=2296"}],"wp:term":[{"taxonomy":"product_brand","embeddable":true,"href":"https:\/\/chinahearingaid.com\/es\/wp-json\/wp\/v2\/product_brand?post=2296"},{"taxonomy":"product_cat","embeddable":true,"href":"https:\/\/chinahearingaid.com\/es\/wp-json\/wp\/v2\/product_cat?post=2296"},{"taxonomy":"product_tag","embeddable":true,"href":"https:\/\/chinahearingaid.com\/es\/wp-json\/wp\/v2\/product_tag?post=2296"}],"curies":[{"name":"wp","href":"https:\/\/api.w.org\/{rel}","templated":true}]}}