{"id":2299,"date":"2025-05-23T02:26:16","date_gmt":"2025-05-23T02:26:16","guid":{"rendered":"https:\/\/chinahearingaid.com\/?post_type=product&#038;p=2299"},"modified":"2025-06-17T08:43:10","modified_gmt":"2025-06-17T08:43:10","slug":"z109cx-mini-bte-hearing-aids-digital-binaural-distributor","status":"publish","type":"product","link":"https:\/\/chinahearingaid.com\/es\/z109cx-mini-bte-hearing-aids-digital-binaural-distributor\/","title":{"rendered":"Z109CX Mini Aud\u00edfonos BTE Distribuidor digital binaural"},"content":{"rendered":"<h2 data-v-md-heading=\"_1-authorized-distributors-by-region\" data-v-md-line=\"4\"><strong>Distribuidores autorizados por regi\u00f3n<\/strong><\/h2>\n<p data-v-md-line=\"5\">El\u00a0<strong>Z109CX Mini Aud\u00edfonos Digitales Binaurales BTE<\/strong>\u00a0est\u00e1n disponibles a trav\u00e9s de una red mundial de distribuidores certificados. A continuaci\u00f3n se detallan los principales socios de ventas por regi\u00f3n:<\/p>\n<ul data-v-md-line=\"7\">\n<li>\n<p data-v-md-line=\"7\"><strong>Norteam\u00e9rica<\/strong>:<\/p>\n<\/li>\n<li>\n<p data-v-md-line=\"8\">Distribuidores autorizados en EE.UU. y Canad\u00e1 con cobertura en m\u00e1s de 30 estados.<\/p>\n<\/li>\n<li>\n<p data-v-md-line=\"9\">Centrarse en las cadenas de audiolog\u00eda y las ventas en plataformas como\u00a0<strong>Amazon<\/strong>\u00a0(<a href=\"https:\/\/chinahearingaid.com\/es\/z160cx-amazon-bte-digital-hearing-aids-rechargeable-dealer\/\" target=\"_blank\" rel=\"noopener\">Aud\u00edfonos BTE Distribuidor Amazon<\/a>).<\/p>\n<\/li>\n<li>\n<p data-v-md-line=\"11\"><strong>Europa<\/strong>:<\/p>\n<\/li>\n<li>\n<p data-v-md-line=\"12\">Distribuidores en Alemania, Francia y Espa\u00f1a, cumpliendo con\u00a0<strong>CE<\/strong>\u00a0reglamentos.<\/p>\n<\/li>\n<li>\n<p data-v-md-line=\"13\">Asociaciones con cl\u00ednicas auditivas y mayoristas especializados (<a href=\"https:\/\/chinahearingaid.com\/es\/z04-bte-inexpensive-rechargeable-hearing-aids-wholesale\/\" target=\"_blank\" rel=\"noopener\">Venta al por mayor de aud\u00edfonos retroauriculares<\/a>).<\/p>\n<\/li>\n<li>\n<p data-v-md-line=\"15\"><strong>Asia-Pac\u00edfico<\/strong>:<\/p>\n<\/li>\n<li>\n<p data-v-md-line=\"16\">Red de distribuidores en Jap\u00f3n, Australia y Corea del Sur, con log\u00edstica optimizada desde China (BTE Hearing Aids China Wholesale).<\/p>\n<\/li>\n<\/ul>\n<p data-v-md-line=\"18\"><strong>Requisitos de los distribuidores<\/strong>:<\/p>\n<ul data-v-md-line=\"19\">\n<li>Certificaci\u00f3n en la venta de productos sanitarios (por ejemplo,\u00a0<strong>FDA 510(k)<\/strong>\u00a0para Estados Unidos).<\/li>\n<li>Capacidad para cumplir\u00a0<strong>MOQs<\/strong>\u00a0(m\u00ednimo 100 unidades por pedido).<\/li>\n<\/ul>\n<h2 data-v-md-heading=\"_2-technical-requirements-and-certifications\" data-v-md-line=\"23\"><strong>Requisitos t\u00e9cnicos y certificaciones<\/strong><\/h2>\n<p data-v-md-line=\"24\">El\u00a0<strong>Z109CX<\/strong>\u00a0cumple las normas internacionales m\u00e1s exigentes:<\/p>\n\n<table id=\"tablepress-32\" class=\"tablepress tablepress-id-32\">\n<thead>\n<tr class=\"row-1\">\n\t<th class=\"column-1\">Certificaci\u00f3n<\/th><th class=\"column-2\">Descripci\u00f3n<\/th>\n<\/tr>\n<\/thead>\n<tbody class=\"row-striping row-hover\">\n<tr class=\"row-2\">\n\t<td class=\"column-1\">FDA (EE.UU.)<\/td><td class=\"column-2\">Aprobado para la venta bajo el c\u00f3digo FDA 874.3300.<\/td>\n<\/tr>\n<tr class=\"row-3\">\n\t<td class=\"column-1\">CE (UE)<\/td><td class=\"column-2\">Cumple la Directiva 93\/42\/CEE.<\/td>\n<\/tr>\n<tr class=\"row-4\">\n\t<td class=\"column-1\">RoHS<\/td><td class=\"column-2\">Sin plomo ni materiales peligrosos.<\/td>\n<\/tr>\n<\/tbody>\n<\/table>\n<!-- #tablepress-32 from cache -->\n<p data-v-md-line=\"32\"><strong>Especificaciones t\u00e9cnicas<\/strong>:<\/p>\n<ul data-v-md-line=\"33\">\n<li><strong>Technology<\/strong>: Procesamiento digital de se\u00f1ales (DSP) con\u00a0<strong>reducci\u00f3n adaptativa del ruido<\/strong>.<\/li>\n<li><strong>Battery Life<\/strong>: Recargable mediante\u00a0<strong>USB-C<\/strong>Duraci\u00f3n de la bater\u00eda: 24 horas.<\/li>\n<li><strong>Conectividad<\/strong>:\u00a0<strong>Bluetooth 5.2<\/strong>\u00a0para el emparejamiento con tel\u00e9fonos inteligentes (<a href=\"https:\/\/chinahearingaid.com\/es\/bx04-low-cost-rechargeable-hearing-aids-bluetooth-bte-maker\/\" target=\"_blank\" rel=\"noopener\">Fabricante de aud\u00edfonos Bluetooth<\/a>).<\/li>\n<\/ul>\n<h2 data-v-md-heading=\"_3-business-model-for-distributors\" data-v-md-line=\"38\"><strong>Modelo de negocio para distribuidores<\/strong><\/h2>\n<p data-v-md-line=\"39\"><strong>Precios y condiciones<\/strong>:<\/p>\n<ul data-v-md-line=\"40\">\n<li><strong>Precios al por mayor<\/strong>: A partir de\u00a0<strong>$85\/unidad<\/strong>\u00a0(pedidos de m\u00e1s de 100 unidades).<\/li>\n<li><strong>Descuentos<\/strong>:<\/li>\n<li>5% para pedidos de 200-500 unidades.<\/li>\n<li>Uses<\/li>\n<li><strong>Condiciones de pago<\/strong>:\u00a0<strong>NET 30<\/strong>\u00a0o\u00a0<strong>50% avance<\/strong>\u00a0para nuevos distribuidores.<\/li>\n<\/ul>\n<p data-v-md-line=\"46\"><strong>CMP y log\u00edstica<\/strong>:<\/p>\n<ul data-v-md-line=\"47\">\n<li><strong>Env\u00edo<\/strong>:\u00a0<strong>FOB China<\/strong>\u00a0o\u00a0<strong>CIF<\/strong>\u00a0opciones en funci\u00f3n del destino.<\/li>\n<li><strong>Plazo<\/strong>: Entrega en\u00a0<strong>15-20 d\u00edas<\/strong>\u00a0para pedidos est\u00e1ndar (<a href=\"https:\/\/chinahearingaid.com\/es\/z04d-cheapest-rechargeable-hearing-aids-bte-vendor-order\/\" target=\"_blank\" rel=\"noopener\">Pedido de proveedores de aud\u00edfonos retroauriculares<\/a>).<\/li>\n<\/ul>\n<h2 data-v-md-heading=\"_4-after-sales-support-and-warranties\" data-v-md-line=\"51\"><strong>Asistencia posventa y garant\u00edas<\/strong><\/h2>\n<ul data-v-md-line=\"52\">\n<li><strong>Garant\u00eda<\/strong>:\u00a0<strong>1 a\u00f1o<\/strong>\u00a0contra defectos de fabricaci\u00f3n.<\/li>\n<li><strong>Asistencia t\u00e9cnica<\/strong>:<\/li>\n<li>Asistencia a distancia mediante\u00a0<strong>Zoom\/Visor de equipo<\/strong>.<\/li>\n<li>Manuales en 12 idiomas (<a href=\"https:\/\/chinahearingaid.com\/es\/bx360-mini-rechargeable-digital-bte-hearing-aids-solutions\/\" target=\"_blank\" rel=\"noopener\">Soluciones de aud\u00edfonos digitales<\/a>).<\/li>\n<li><strong>Formaci\u00f3n<\/strong>: Seminarios web mensuales para distribuidores.<\/li>\n<\/ul>\n<h2 data-v-md-heading=\"_5-bte-model-comparison\" data-v-md-line=\"59\"><strong>Comparaci\u00f3n de modelos BTE<\/strong><\/h2>\n<p data-v-md-line=\"60\"><strong>Comparaci\u00f3n con la competencia<\/strong>:<\/p>\n\n<table id=\"tablepress-33\" class=\"tablepress tablepress-id-33\">\n<thead>\n<tr class=\"row-1\">\n\t<th class=\"column-1\">Modelo<\/th><th class=\"column-2\">Z109CX<\/th><th class=\"column-3\">Competidor A<\/th><th class=\"column-4\">Competidor B<\/th>\n<\/tr>\n<\/thead>\n<tbody class=\"row-striping row-hover\">\n<tr class=\"row-2\">\n\t<td class=\"column-1\">Precio<\/td><td class=\"column-2\">$85<\/td><td class=\"column-3\">$120<\/td><td class=\"column-4\">$95<\/td>\n<\/tr>\n<tr class=\"row-3\">\n\t<td class=\"column-1\">Battery Life<\/td><td class=\"column-2\">24h<\/td><td class=\"column-3\">18h<\/td><td class=\"column-4\">20h<\/td>\n<\/tr>\n<tr class=\"row-4\">\n\t<td class=\"column-1\">Bluetooth<\/td><td class=\"column-2\">S\u00ed<\/td><td class=\"column-3\">No<\/td><td class=\"column-4\">S\u00ed<\/td>\n<\/tr>\n<\/tbody>\n<\/table>\n<!-- #tablepress-33 from cache -->\n<p data-v-md-line=\"68\"><strong>Principales ventajas del Z109CX<\/strong>:<\/p>\n<ul data-v-md-line=\"69\">\n<li><strong>Sincronizaci\u00f3n binaural<\/strong>: Sincronizaci\u00f3n autom\u00e1tica entre ambos aud\u00edfonos.<\/li>\n<li><strong>Aplicaci\u00f3n de control<\/strong>\u00a0para ajustes personalizados (<a href=\"https:\/\/chinahearingaid.com\/es\/app-control-hearing-aids\/\" target=\"_blank\" rel=\"noopener\">Aud\u00edfonos con control de APP<\/a>).<\/li>\n<\/ul>\n<h2 data-v-md-heading=\"_6-logistics-and-operations\" data-v-md-line=\"73\"><strong>Log\u00edstica y Operaciones<\/strong><\/h2>\n<p data-v-md-line=\"74\"><strong>Cadena de suministro<\/strong>:<\/p>\n<ul data-v-md-line=\"75\">\n<li><strong>Fabricaci\u00f3n<\/strong>: Planta en\u00a0<strong>Shenzhen<\/strong>con una capacidad de 50.000 unidades al mes.<\/li>\n<li><strong>Env\u00edo<\/strong>:<\/li>\n<li><strong>DHL\/FedEx<\/strong>\u00a0para pedidos urgentes.<\/li>\n<li><strong>Oc\u00e9ano<\/strong>\u00a0para grandes vol\u00famenes (<a href=\"https:\/\/chinahearingaid.com\/es\/zf4-small-rechargeable-hearing-aids-bte-exporting-custom\/\" target=\"_blank\" rel=\"noopener\">Aud\u00edfonos retroauriculares Exportaci\u00f3n personalizada<\/a>).<\/li>\n<\/ul>\n<p data-v-md-line=\"80\"><strong>Devoluciones<\/strong>:<\/p>\n<ul data-v-md-line=\"81\">\n<li><strong>30 d\u00edas<\/strong>\u00a0para productos sin abrir.<\/li>\n<\/ul>\n<h2 data-v-md-heading=\"_7-target-market-and-trends-optional\" data-v-md-line=\"84\"><strong>Mercado destinatario y tendencias<\/strong>\u00a0<em>(Opcional)<\/em><\/h2>\n<p data-v-md-line=\"85\"><strong>Demanda mundial<\/strong>:<\/p>\n<ul data-v-md-line=\"86\">\n<li><strong>6,2% crecimiento anual<\/strong>\u00a0en aud\u00edfonos digitales (2023-2030).<\/li>\n<li>Centrarse en los adultos mayores y los usuarios con\u00a0<strong>p\u00e9rdida de audici\u00f3n leve-moderada<\/strong>.<\/li>\n<\/ul>\n<p data-v-md-line=\"89\"><strong>Tendencias<\/strong>:<\/p>\n<ul data-v-md-line=\"90\">\n<li>Aumento de la preferencia por\u00a0<strong>recargable y discreto<\/strong>\u00a0dispositivos (<a href=\"https:\/\/chinahearingaid.com\/es\/z22a-invisible-rechargeable-in-ear-hearing-aids-noise-oem\/\" target=\"_blank\" rel=\"noopener\">Aud\u00edfonos invisibles OEM<\/a>).<\/li>\n<\/ul>\n<p><script src=\"chrome-extension:\/\/fpelahbljekknahkcaegamhcndkfpfnc\/iFrame.js\" type=\"text\/javascript\"><\/script><\/p>","protected":false},"excerpt":{"rendered":"<p class=\"ng-star-inserted\"><span class=\"ng-star-inserted\">Presentamos los aud\u00edfonos retroauriculares digitales binaurales Z109CX Mini. Con certificaci\u00f3n FDA\/CE, estos aud\u00edfonos cuentan con una bater\u00eda recargable USB-C de 24 horas, Bluetooth 5.2, control APP y sincronizaci\u00f3n binaural. Disponibles a trav\u00e9s de nuestra red mundial de distribuidores en Norteam\u00e9rica, Europa y Asia-Pac\u00edfico. Los precios al por mayor comienzan en $85\/unidad (MOQ 100) con descuentos por volumen. Ofrecemos env\u00edo FOB China\/CIF, 1 a\u00f1o de garant\u00eda y asistencia t\u00e9cnica completa.<\/span><\/p>\n<p><script src=\"chrome-extension:\/\/fpelahbljekknahkcaegamhcndkfpfnc\/iFrame.js\" type=\"text\/javascript\"><\/script><\/p>","protected":false},"featured_media":2994,"template":"","meta":{"_kad_post_transparent":"default","_kad_post_title":"","_kad_post_layout":"default","_kad_post_sidebar_id":"","_kad_post_content_style":"default","_kad_post_vertical_padding":"default","_kad_post_feature":"","_kad_post_feature_position":"","_kad_post_header":false,"_kad_post_footer":false,"_kad_post_classname":""},"product_brand":[],"product_cat":[15,544,561,559,563],"product_tag":[678,677,647],"class_list":{"0":"post-2299","1":"product","2":"type-product","3":"status-publish","4":"has-post-thumbnail","6":"product_cat-hearing-aid-by-types","7":"product_cat-bte-hearing-aids","8":"product_cat-digital-hearing-aids","9":"product_cat-hearing-aid-by-features","10":"product_cat-rechargeable-hearing-aids","11":"product_tag-hearing-aid-digital-binaural-bte-distributor","12":"product_tag-mini-bte-hearing-aids-distributor","13":"product_tag-rechargeable-hearing-aids-distributor","15":"first","16":"instock","17":"shipping-taxable","18":"product-type-simple","19":"entry","20":"content-bg","21":"loop-entry"},"_links":{"self":[{"href":"https:\/\/chinahearingaid.com\/es\/wp-json\/wp\/v2\/product\/2299","targetHints":{"allow":["GET"]}}],"collection":[{"href":"https:\/\/chinahearingaid.com\/es\/wp-json\/wp\/v2\/product"}],"about":[{"href":"https:\/\/chinahearingaid.com\/es\/wp-json\/wp\/v2\/types\/product"}],"wp:featuredmedia":[{"embeddable":true,"href":"https:\/\/chinahearingaid.com\/es\/wp-json\/wp\/v2\/media\/2994"}],"wp:attachment":[{"href":"https:\/\/chinahearingaid.com\/es\/wp-json\/wp\/v2\/media?parent=2299"}],"wp:term":[{"taxonomy":"product_brand","embeddable":true,"href":"https:\/\/chinahearingaid.com\/es\/wp-json\/wp\/v2\/product_brand?post=2299"},{"taxonomy":"product_cat","embeddable":true,"href":"https:\/\/chinahearingaid.com\/es\/wp-json\/wp\/v2\/product_cat?post=2299"},{"taxonomy":"product_tag","embeddable":true,"href":"https:\/\/chinahearingaid.com\/es\/wp-json\/wp\/v2\/product_tag?post=2299"}],"curies":[{"name":"wp","href":"https:\/\/api.w.org\/{rel}","templated":true}]}}