{"id":2301,"date":"2025-05-23T02:28:51","date_gmt":"2025-05-23T02:28:51","guid":{"rendered":"https:\/\/chinahearingaid.com\/?post_type=product&#038;p=2301"},"modified":"2025-06-08T09:04:53","modified_gmt":"2025-06-08T09:04:53","slug":"z122d-sourcing-invisible-ite-hearing-aids-noise-reduction","status":"publish","type":"product","link":"https:\/\/chinahearingaid.com\/es\/z122d-sourcing-invisible-ite-hearing-aids-noise-reduction\/","title":{"rendered":"Z122D Sourcing Invisible ITE Aud\u00edfonos Reducci\u00f3n de ruido"},"content":{"rendered":"<h2 data-v-md-heading=\"what-is-z122d\" data-v-md-line=\"4\"><strong>\u00bfQu\u00e9 es el Z122D?<\/strong><\/h2>\n<p data-v-md-line=\"5\"><strong>Z122D<\/strong>\u00a0es un inteligente\u00a0<em>B\u00fasqueda de aud\u00edfonos intraauriculares<\/em>. Cabe dentro de la oreja. La gente no puede verlo. Puedes sentirte bien y tener buen aspecto. Se puede llevar todo el d\u00eda. Es peque\u00f1o y resistente. Z122D puede ayudarte a o\u00edr el mundo.<\/p>\n<h2 data-v-md-heading=\"why-z122d-is-the-best\" data-v-md-line=\"9\"><strong>\u00bfPor qu\u00e9 el Z122D es el mejor?<\/strong><\/h2>\n<h3 data-v-md-heading=\"invisible-design\" data-v-md-line=\"11\"><strong>Dise\u00f1o invisible<\/strong><\/h3>\n<ul data-v-md-line=\"12\">\n<li>Z122D es un\u00a0<em>B\u00fasqueda de aud\u00edfonos invisibles<\/em>\u00a0.<\/li>\n<li>Va en tu oreja. Nadie lo ver\u00e1.<\/li>\n<li>Muy seguro. Muy suave.<\/li>\n<\/ul>\n<h3 data-v-md-heading=\"strong-noise-block\" data-v-md-line=\"16\"><strong>directional microphones<\/strong><\/h3>\n<ul data-v-md-line=\"17\">\n<li>Se trata de un\u00a0<em>B\u00fasqueda de aud\u00edfonos antirruido<\/em>\u00a0.<\/li>\n<li>El corte de ruido AI mantiene alejados los sonidos fuertes. Te ayuda a escuchar a las personas, no el ruido.<\/li>\n<li>Bueno para hablar en la escuela, el trabajo o en casa.<\/li>\n<\/ul>\n<h3 data-v-md-heading=\"clear-digital-sound\" data-v-md-line=\"21\"><strong>Sonido digital n\u00edtido<\/strong><\/h3>\n<ul data-v-md-line=\"22\">\n<li>Z122D es un\u00a0<em>B\u00fasqueda de aud\u00edfonos digitales<\/em>\u00a0.<\/li>\n<li>Facilita la audici\u00f3n de las voces.<\/li>\n<li>Sin zumbidos ni silbidos en el o\u00eddo.<\/li>\n<\/ul>\n<h3 data-v-md-heading=\"long-battery-life\" data-v-md-line=\"26\"><strong>Bater\u00eda de larga duraci\u00f3n<\/strong><\/h3>\n<ul data-v-md-line=\"27\">\n<li>Z122D es un\u00a0<em>B\u00fasqueda de aud\u00edfonos recargables<\/em>\u00a0.<\/li>\n<li>La bater\u00eda dura 22 horas.<\/li>\n<li>Carga r\u00e1pida en una hora.<\/li>\n<\/ul>\n<h3 data-v-md-heading=\"easy-for-many-places\" data-v-md-line=\"31\"><strong>F\u00e1cil para muchos lugares<\/strong><\/h3>\n<ul data-v-md-line=\"32\">\n<li>\u00dasalo en una fiesta, de paseo, en la escuela, en reuniones o en llamadas.<\/li>\n<li>Bueno para estar dentro o fuera.<\/li>\n<\/ul>\n<h2 data-v-md-heading=\"how-does-z122d-help-you\" data-v-md-line=\"36\"><strong>\u00bfC\u00f3mo le ayuda Z122D?<\/strong><\/h2>\n<h3 data-v-md-heading=\"usage-scenarios-table\" data-v-md-line=\"38\"><strong>Tabla de escenarios de uso<\/strong><\/h3>\n\n<table id=\"tablepress-30\" class=\"tablepress tablepress-id-30\">\n<thead>\n<tr class=\"row-1\">\n\t<th class=\"column-1\">\u00bfD\u00f3nde puedo utilizarlo?<\/th><th class=\"column-2\">\u00bfEn qu\u00e9 me ayuda?<\/th>\n<\/tr>\n<\/thead>\n<tbody class=\"row-striping row-hover\">\n<tr class=\"row-2\">\n\t<td class=\"column-1\">Escuela o reuniones<\/td><td class=\"column-2\">Escucha la voz de tu profesor o de tus amigos.<\/td>\n<\/tr>\n<tr class=\"row-3\">\n\t<td class=\"column-1\">Parques o exteriores<\/td><td class=\"column-2\">Bloquea el viento, los coches y los sonidos fuertes.<\/td>\n<\/tr>\n<tr class=\"row-4\">\n\t<td class=\"column-1\">Familia y amigos<\/td><td class=\"column-2\">Escucha a la gente que te habla.<\/td>\n<\/tr>\n<tr class=\"row-5\">\n\t<td class=\"column-1\">En el coche o de viaje<\/td><td class=\"column-2\">Escucha sonidos divertidos.<\/td>\n<\/tr>\n<\/tbody>\n<\/table>\n<!-- #tablepress-30 from cache -->\n<h3 data-v-md-heading=\"product-parameters-table\" data-v-md-line=\"47\"><strong>Tabla de par\u00e1metros del producto<\/strong><\/h3>\n\n<table id=\"tablepress-31\" class=\"tablepress tablepress-id-31\">\n<thead>\n<tr class=\"row-1\">\n\t<th class=\"column-1\">Nombre<\/th><th class=\"column-2\">Detalle<\/th>\n<\/tr>\n<\/thead>\n<tbody class=\"row-striping row-hover\">\n<tr class=\"row-2\">\n\t<td class=\"column-1\">Tipo de aud\u00edfono<\/td><td class=\"column-2\">B\u00fasqueda de aud\u00edfonos ITE<\/td>\n<\/tr>\n<tr class=\"row-3\">\n\t<td class=\"column-1\">Dise\u00f1o<\/td><td class=\"column-2\">100% en la oreja, invisible<\/td>\n<\/tr>\n<tr class=\"row-4\">\n\t<td class=\"column-1\">Funci\u00f3n principal<\/td><td class=\"column-2\">Reducci\u00f3n del ruido<\/td>\n<\/tr>\n<tr class=\"row-5\">\n\t<td class=\"column-1\">Canales<\/td><td class=\"column-2\">DSP de 12 canales<\/td>\n<\/tr>\n<tr class=\"row-6\">\n\t<td class=\"column-1\">Battery Life<\/td><td class=\"column-2\">Recargable, 22 horas de uso<\/td>\n<\/tr>\n<tr class=\"row-7\">\n\t<td class=\"column-1\">Carga r\u00e1pida<\/td><td class=\"column-2\">1 hora<\/td>\n<\/tr>\n<tr class=\"row-8\">\n\t<td class=\"column-1\">Conexi\u00f3n inteligente<\/td><td class=\"column-2\">Bluetooth 5.3<\/td>\n<\/tr>\n<tr class=\"row-9\">\n\t<td class=\"column-1\">Agua segura<\/td><td class=\"column-2\">IP67 a prueba de polvo y agua<\/td>\n<\/tr>\n<tr class=\"row-10\">\n\t<td class=\"column-1\">Bueno para<\/td><td class=\"column-2\">Mild to moderate hearing loss<\/td>\n<\/tr>\n<tr class=\"row-11\">\n\t<td class=\"column-1\">Garant\u00eda<\/td><td class=\"column-2\">1 a\u00f1o<\/td>\n<\/tr>\n<\/tbody>\n<\/table>\n<!-- #tablepress-31 from cache -->\n<h2 data-v-md-heading=\"cool-features-with-real\" data-v-md-line=\"63\"><strong>Funciones geniales con<\/strong><\/h2>\n<ul data-v-md-line=\"65\">\n<li><strong>Invisible<\/strong>\u00a0(<em>B\u00fasqueda de aud\u00edfonos invisibles<\/em>)<\/li>\n<li><strong>Ayuda para sonido digital<\/strong>\u00a0(<em>B\u00fasqueda de aud\u00edfonos digitales<\/em>)<\/li>\n<li><strong>Rechargeable<\/strong>\u00a0(<em>B\u00fasqueda de aud\u00edfonos recargables<\/em>)<\/li>\n<li><strong>Bloque de ruido<\/strong>\u00a0(<em>B\u00fasqueda de aud\u00edfonos antirruido<\/em>)<\/li>\n<li><strong>Ajuste c\u00f3modo<\/strong>\u00a0(<em>B\u00fasqueda de aud\u00edfonos intraauriculares<\/em>)<\/li>\n<li><strong>Estilo ITE<\/strong>\u00a0(<em>B\u00fasqueda de aud\u00edfonos ITE<\/em>)<\/li>\n<\/ul>\n<h3 data-v-md-heading=\"hear-the-world-stay-invisible\" data-v-md-line=\"73\"><strong>Escucha al mundo, permanece invisible<\/strong><\/h3>\n<ul data-v-md-line=\"74\">\n<li>S\u00e9 feliz cada d\u00eda.<\/li>\n<li>F\u00e1cil de usar. No se siente nada en el o\u00eddo.<\/li>\n<li>Mantente a salvo, luce bien, suena claro.<\/li>\n<\/ul>\n<h2 data-v-md-heading=\"find-more-easy-hearing-help\" data-v-md-line=\"79\"><strong>M\u00e1s ayuda para una audici\u00f3n f\u00e1cil<\/strong><\/h2>\n<ul data-v-md-line=\"80\">\n<li>Explore\u00a0<strong><a href=\"https:\/\/chinahearingaid.com\/es\/in-ear-hearing-aids\/\" target=\"_blank\" rel=\"noopener\">Aud\u00edfonos intraauriculares<\/a><\/strong>\u00a0para tipos peque\u00f1os y blandos.<\/li>\n<li>Ver lo mejor\u00a0<strong><a href=\"https:\/\/chinahearingaid.com\/es\/invisible-hearing-aids\/\" target=\"_blank\" rel=\"noopener\">Aud\u00edfonos invisibles<\/a><\/strong>\u00a0para el dise\u00f1o oculto.<\/li>\n<li>\u00bfQuiere nuevas tecnolog\u00edas? Visite\u00a0<strong><a href=\"https:\/\/chinahearingaid.com\/es\/digital-hearing-aids\/\" target=\"_blank\" rel=\"noopener\">Aud\u00edfonos digitales<\/a><\/strong>\u00a0para m\u00e1s informaci\u00f3n .<\/li>\n<li>\u00bfNecesitas bater\u00eda? Mira en\u00a0<strong><a href=\"https:\/\/chinahearingaid.com\/es\/rechargeable-hearing-aids\/\" target=\"_blank\" rel=\"noopener\">Aud\u00edfonos recargables<\/a><\/strong>\u00a0para opciones resistentes y ecol\u00f3gicas.<\/li>\n<\/ul>\n<p data-v-md-line=\"86\"><strong>Z122D Sourcing Invisible ITE Aud\u00edfonos Reducci\u00f3n de ruido<\/strong>\u00a0te trae una vida inteligente siempre<\/p>","protected":false},"excerpt":{"rendered":"<p class=\"ng-star-inserted\"><span class=\"ng-star-inserted\">Z122D Aud\u00edfonos ITE Invisibles: Oiga claro, si\u00e9ntase libre Dise\u00f1o intraauricular inteligente e invisible para una mayor comodidad durante todo el d\u00eda. La reducci\u00f3n de ruido AI aclara el habla, bloqueando las distracciones. Disfrute de un sonido digital n\u00edtido, sin zumbidos. Recargable: 22 h de bater\u00eda, 1 h de carga r\u00e1pida. Ideal para la escuela, el trabajo y el hogar. Escuche al mundo y mant\u00e9ngase invisible.<\/span><\/p>","protected":false},"featured_media":2971,"template":"","meta":{"_kad_post_transparent":"default","_kad_post_title":"","_kad_post_layout":"default","_kad_post_sidebar_id":"","_kad_post_content_style":"default","_kad_post_vertical_padding":"default","_kad_post_feature":"","_kad_post_feature_position":"","_kad_post_header":false,"_kad_post_footer":false,"_kad_post_classname":""},"product_brand":[],"product_cat":[15,561,559,568,560,549,565,563],"product_tag":[684,682,683,687,686,685],"class_list":{"0":"post-2301","1":"product","2":"type-product","3":"status-publish","4":"has-post-thumbnail","6":"product_cat-hearing-aid-by-types","7":"product_cat-digital-hearing-aids","8":"product_cat-hearing-aid-by-features","9":"product_cat-in-ear-hearing-aids","10":"product_cat-invisible-hearing-aids","11":"product_cat-ite-hearing-aids","12":"product_cat-noise-reduction-hearing-aids","13":"product_cat-rechargeable-hearing-aids","14":"product_tag-sourcing-digital-hearing-aids","15":"product_tag-sourcing-in-ear-hearing-aids","16":"product_tag-sourcing-invisible-hearing-aids","17":"product_tag-sourcing-ite-hearing-aids","18":"product_tag-sourcing-noise-reduction-hearing-aids","19":"product_tag-sourcing-rechargeable-hearing-aids","21":"first","22":"instock","23":"shipping-taxable","24":"product-type-simple","25":"entry","26":"content-bg","27":"loop-entry"},"_links":{"self":[{"href":"https:\/\/chinahearingaid.com\/es\/wp-json\/wp\/v2\/product\/2301","targetHints":{"allow":["GET"]}}],"collection":[{"href":"https:\/\/chinahearingaid.com\/es\/wp-json\/wp\/v2\/product"}],"about":[{"href":"https:\/\/chinahearingaid.com\/es\/wp-json\/wp\/v2\/types\/product"}],"wp:featuredmedia":[{"embeddable":true,"href":"https:\/\/chinahearingaid.com\/es\/wp-json\/wp\/v2\/media\/2971"}],"wp:attachment":[{"href":"https:\/\/chinahearingaid.com\/es\/wp-json\/wp\/v2\/media?parent=2301"}],"wp:term":[{"taxonomy":"product_brand","embeddable":true,"href":"https:\/\/chinahearingaid.com\/es\/wp-json\/wp\/v2\/product_brand?post=2301"},{"taxonomy":"product_cat","embeddable":true,"href":"https:\/\/chinahearingaid.com\/es\/wp-json\/wp\/v2\/product_cat?post=2301"},{"taxonomy":"product_tag","embeddable":true,"href":"https:\/\/chinahearingaid.com\/es\/wp-json\/wp\/v2\/product_tag?post=2301"}],"curies":[{"name":"wp","href":"https:\/\/api.w.org\/{rel}","templated":true}]}}