{"id":2306,"date":"2025-05-23T02:41:49","date_gmt":"2025-05-23T02:41:49","guid":{"rendered":"https:\/\/chinahearingaid.com\/?post_type=product&#038;p=2306"},"modified":"2025-06-12T13:22:19","modified_gmt":"2025-06-12T13:22:19","slug":"z19-cic-hearing-aids-in-ear-ite-rechargeable-factory-custom","status":"publish","type":"product","link":"https:\/\/chinahearingaid.com\/es\/z19-cic-hearing-aids-in-ear-ite-rechargeable-factory-custom\/","title":{"rendered":"Z19 CIC aud\u00edfonos en el o\u00eddo ITE recargable personalizada de f\u00e1brica"},"content":{"rendered":"<h2 data-v-md-heading=\"why-pick-z19\" data-v-md-line=\"6\"><strong>\u00bfPor qu\u00e9 elegir Z19?<\/strong><\/h2>\n<ul data-v-md-line=\"8\">\n<li><strong>Ja<\/strong>: Nadie puede verlos en tus o\u00eddos. Esto es bueno si quieres mantenerlo privado\u00a0<a href=\"https:\/\/chinahearingaid.com\/es\/z19-cic-hearing-aids-in-ear-ite-rechargeable-factory-custom\/\" target=\"_blank\" rel=\"noopener\">Ja<\/a>.<\/li>\n<li><strong>Aud\u00edfonos digitales F\u00e1brica a medida<\/strong>: Los sonidos son claros y brillantes. Las palabras se oyen con facilidad\u00a0<a href=\"https:\/\/chinahearingaid.com\/es\/z19-cic-hearing-aids-in-ear-ite-rechargeable-factory-custom\/\" target=\"_blank\" rel=\"noopener\">Aud\u00edfonos digitales F\u00e1brica a medida<\/a>.<\/li>\n<li><strong>Aud\u00edfonos recargables personalizados de f\u00e1brica<\/strong>: No te preocupes por las pilas. Llevan incorporadas unas potentes pilas de iones de litio. Puedes usarlos todo el d\u00eda y toda la noche\u00a0<a href=\"https:\/\/chinahearingaid.com\/es\/z19-cic-hearing-aids-in-ear-ite-rechargeable-factory-custom\/\" target=\"_blank\" rel=\"noopener\">Aud\u00edfonos recargables personalizados de f\u00e1brica<\/a>.<\/li>\n<li><strong>La aplicaci\u00f3n m\u00f3vil de control<\/strong>: Se adaptan a tu oreja. Hechos a tu medida\u00a0<a href=\"https:\/\/chinahearingaid.com\/es\/z19-cic-hearing-aids-in-ear-ite-rechargeable-factory-custom\/\" target=\"_blank\" rel=\"noopener\">La aplicaci\u00f3n m\u00f3vil de control<\/a>.<\/li>\n<li><strong>CIC Aud\u00edfonos F\u00e1brica a medida<\/strong>: Son los m\u00e1s peque\u00f1os. Se introducen profundamente en el o\u00eddo\u00a0<a href=\"https:\/\/chinahearingaid.com\/es\/z19-cic-hearing-aids-in-ear-ite-rechargeable-factory-custom\/\" target=\"_blank\" rel=\"noopener\">CIC Aud\u00edfonos F\u00e1brica a medida<\/a>.<\/li>\n<\/ul>\n<h2 data-v-md-heading=\"how-it-helps-you\" data-v-md-line=\"15\"><strong>C\u00f3mo le ayuda<\/strong><\/h2>\n<p data-v-md-line=\"17\"><strong>Z19 CIC Aud\u00edfonos De F\u00e1brica Personalizados<\/strong>\u00a0ayudarle cada d\u00eda.<\/p>\n<ul data-v-md-line=\"19\">\n<li><strong>Escuchar a amigos y familiares<\/strong><\/li>\n<li><strong>Ver la televisi\u00f3n con un sonido n\u00edtido<\/strong><\/li>\n<li><strong>Juega al aire libre, aunque llueva<\/strong><\/li>\n<li><strong>Corre, salta, mu\u00e9vete todo el d\u00eda. No se cae<\/strong><\/li>\n<li><strong>Sin cables, sin problemas<\/strong><\/li>\n<\/ul>\n<h2 data-v-md-heading=\"best-for\" data-v-md-line=\"26\"><strong>Lo mejor para...<\/strong><\/h2>\n<ul data-v-md-line=\"28\">\n<li>Todas las edades<\/li>\n<li>Personas con orejas peque\u00f1as o grandes (\u00a1es costumbre!)<\/li>\n<li>Cualquiera que desee unos aud\u00edfonos supersilenciosos y superseguros<\/li>\n<\/ul>\n<h2 data-v-md-heading=\"key-features-table\" data-v-md-line=\"33\"><strong>Caracter\u00edsticas principales Cuadro<\/strong><\/h2>\n\n<table id=\"tablepress-23\" class=\"tablepress tablepress-id-23\">\n<thead>\n<tr class=\"row-1\">\n\t<td class=\"column-1\"><\/td><th class=\"column-2\">Qu\u00e9 significa<\/th>\n<\/tr>\n<\/thead>\n<tbody class=\"row-striping row-hover\">\n<tr class=\"row-2\">\n\t<td class=\"column-1\">Muy peque\u00f1o<\/td><td class=\"column-2\">Apenas se ven en el o\u00eddo (Aud\u00edfonos invisibles personalizados de f\u00e1brica)<\/td>\n<\/tr>\n<tr class=\"row-3\">\n\t<td class=\"column-1\">Impermeable<\/td><td class=\"column-2\">Sin preocupaciones en la piscina o bajo la lluvia<\/td>\n<\/tr>\n<tr class=\"row-4\">\n\t<td class=\"column-1\">Larga vida<\/td><td class=\"column-2\">Uso durante todo el d\u00eda (38 horas) (Aud\u00edfonos recargables personalizados de f\u00e1brica)<\/td>\n<\/tr>\n<tr class=\"row-5\">\n\t<td class=\"column-1\">Calidad De Sonido<\/td><td class=\"column-2\">Forma hecha para usted (In Ear Hearing Aids Factory Custom)<\/td>\n<\/tr>\n<tr class=\"row-6\">\n\t<td class=\"column-1\">Sin cambio de bater\u00eda<\/td><td class=\"column-2\">S\u00f3lo tiene que cargar, no necesita pilas nuevas<\/td>\n<\/tr>\n<tr class=\"row-7\">\n\t<td class=\"column-1\">Elecci\u00f3n del color<\/td><td class=\"column-2\">Elige el color que m\u00e1s te guste<\/td>\n<\/tr>\n<tr class=\"row-8\">\n\t<td class=\"column-1\">Lightweight<\/td><td class=\"column-2\">Tan ligero que puedes olvidar que est\u00e1 ah\u00ed<\/td>\n<\/tr>\n<tr class=\"row-9\">\n\t<td class=\"column-1\">Bloque de ruido<\/td><td class=\"column-2\">Aclara el habla y bloquea los zumbidos (Aud\u00edfonos digitales personalizados de f\u00e1brica)<\/td>\n<\/tr>\n<\/tbody>\n<\/table>\n<!-- #tablepress-23 from cache -->\n<h2 data-v-md-heading=\"what-is-inside\" data-v-md-line=\"47\"><strong>Lo que hay dentro<\/strong><\/h2>\n<ul data-v-md-line=\"49\">\n<li><strong>Bater\u00eda de iones de litio<\/strong>\u00a0(hasta 38 horas)<\/li>\n<li><strong>Chip digital con IA<\/strong><\/li>\n<li><strong>Opciones de conchas de colores<\/strong><\/li>\n<li><strong>Malet\u00edn de carga<\/strong>\u00a0para llevar<\/li>\n<li><strong>F\u00e1cil manejo<\/strong>\u00a0para sacar<\/li>\n<\/ul>\n<h2 data-v-md-heading=\"use-anywhere\" data-v-md-line=\"56\"><strong>Util\u00edzalo donde quieras<\/strong><\/h2>\n<ul data-v-md-line=\"58\">\n<li><strong>Escuela<\/strong><\/li>\n<li><strong>Hogar<\/strong><\/li>\n<li><strong>Ejecutar<\/strong><\/li>\n<li><strong>Trabajo<\/strong><\/li>\n<li><strong>Compras<\/strong><\/li>\n<li><strong>Hablar con los amigos<\/strong><\/li>\n<li><strong>Escuchar m\u00fasica<\/strong><\/li>\n<\/ul>\n<h2 data-v-md-heading=\"how-to-use\" data-v-md-line=\"67\"><strong>C\u00f3mo utilizarlo<\/strong><\/h2>\n<ol data-v-md-line=\"69\">\n<li>Cargue su\u00a0<strong>Aud\u00edfonos intraauriculares F\u00e1brica a medida<\/strong>\u00a0en el caso.<\/li>\n<li>P\u00f3ntelos en las orejas al empezar el d\u00eda.<\/li>\n<li>\u00a1Disfruta del sonido!<\/li>\n<li>Vu\u00e9lvelos a meter en la maleta por la noche.<\/li>\n<\/ol>\n<h2 data-v-md-heading=\"extra-smart-stuff\" data-v-md-line=\"75\"><strong>Cosas extra inteligentes<\/strong><\/h2>\n<ul data-v-md-line=\"77\">\n<li><strong>Aud\u00edfonos digitales F\u00e1brica a medida<\/strong>\u00a0cambia el sonido para adaptarlo a tus necesidades.<\/li>\n<li>La IA hace que el habla sea clara, incluso cuando hay ruido.<\/li>\n<li>Forma personalizada, suave y c\u00f3moda.<\/li>\n<li>Se mantiene en su sitio cuando corres o saltas.<\/li>\n<li>Bueno para\u00a0<strong>CIC Aud\u00edfonos F\u00e1brica a medida<\/strong>\u00a0ventiladores y\u00a0<strong>La aplicaci\u00f3n m\u00f3vil de control<\/strong>\u00a0usuarios.<\/li>\n<\/ul>\n<h2 data-v-md-heading=\"order-now\" data-v-md-line=\"84\"><strong>Pedir ahora<\/strong><\/h2>\n<p data-v-md-line=\"86\">\u00bfQuiere m\u00e1s opciones? Visite\u00a0<a href=\"https:\/\/chinahearingaid.com\/es\/cic-hearing-aids\/\" target=\"_blank\" rel=\"noopener\">Aud\u00edfonos CIC<\/a><a href=\"https:\/\/chinahearingaid.com\/es\/in-ear-hearing-aids\/\" target=\"_blank\" rel=\"noopener\">Aud\u00edfonos intraauriculares<\/a>, y\u00a0<a href=\"https:\/\/chinahearingaid.com\/es\/digital-hearing-aids\/\" target=\"_blank\" rel=\"noopener\">Aud\u00edfonos digitales<\/a>\u00a0para saber m\u00e1s\u00a0<strong>Ja<\/strong>.<\/p>\n<h2 data-v-md-heading=\"quick-facts-table\" data-v-md-line=\"89\"><strong>Cuadro de datos r\u00e1pidos<\/strong><\/h2>\n\n<table id=\"tablepress-24\" class=\"tablepress tablepress-id-24\">\n<thead>\n<tr class=\"row-1\">\n\t<th class=\"column-1\">Caracter\u00edstica<\/th><th class=\"column-2\">Z19 Detalles<\/th>\n<\/tr>\n<\/thead>\n<tbody class=\"row-striping row-hover\">\n<tr class=\"row-2\">\n\t<td class=\"column-1\">Tipo<\/td><td class=\"column-2\">En O\u00eddo, ITE, CIC<\/td>\n<\/tr>\n<tr class=\"row-3\">\n\t<td class=\"column-1\">\u00bfInvisible?<\/td><td class=\"column-2\">S\u00ed<\/td>\n<\/tr>\n<tr class=\"row-4\">\n\t<td class=\"column-1\">\u00bfA medida?<\/td><td class=\"column-2\">S\u00ed<\/td>\n<\/tr>\n<tr class=\"row-5\">\n\t<td class=\"column-1\">Battery Life<\/td><td class=\"column-2\">Recargable, 38 horas<\/td>\n<\/tr>\n<tr class=\"row-6\">\n\t<td class=\"column-1\">Tiempo de carga<\/td><td class=\"column-2\">3 horas<\/td>\n<\/tr>\n<tr class=\"row-7\">\n\t<td class=\"column-1\">Resistente al agua y al sudor<\/td><td class=\"column-2\">S\u00ed (se puede llevar en el exterior)<\/td>\n<\/tr>\n<tr class=\"row-8\">\n\t<td class=\"column-1\">\u00bfDigital?<\/td><td class=\"column-2\">S\u00ed, con bloqueo de ruido AI<\/td>\n<\/tr>\n<tr class=\"row-9\">\n\t<td class=\"column-1\">\u00bfQui\u00e9n puede utilizarlo?<\/td><td class=\"column-2\">Ni\u00f1os, adultos, mayores<\/td>\n<\/tr>\n<tr class=\"row-10\">\n\t<td class=\"column-1\">Elecci\u00f3n de colores<\/td><td class=\"column-2\">6<\/td>\n<\/tr>\n<\/tbody>\n<\/table>\n<!-- #tablepress-24 from cache -->\n<p data-v-md-line=\"104\"><strong>Z19 CIC aud\u00edfonos en el o\u00eddo ITE recargable personalizada de f\u00e1brica<\/strong>\u00a0es tu mejor amigo para o\u00edr.<br \/>\nVa a cualquier parte.<br \/>\nEs invisible, inteligente, ligera y est\u00e1 hecha para ti.<\/p>\n<p data-v-md-line=\"108\"><a href=\"https:\/\/chinahearingaid.com\/es\/z19-cic-hearing-aids-in-ear-ite-rechargeable-factory-custom\/\" target=\"_blank\" rel=\"noopener\">Explore m\u00e1s Aud\u00edfonos en el o\u00eddo personalizados de f\u00e1brica<\/a><br \/>\n<a href=\"https:\/\/chinahearingaid.com\/es\/z19-cic-hearing-aids-in-ear-ite-rechargeable-factory-custom\/\" target=\"_blank\" rel=\"noopener\">Comprar aud\u00edfonos CIC personalizados de f\u00e1brica<\/a><br \/>\n<a href=\"https:\/\/chinahearingaid.com\/es\/z19-cic-hearing-aids-in-ear-ite-rechargeable-factory-custom\/\" target=\"_blank\" rel=\"noopener\">Encuentre aud\u00edfonos recargables personalizados de f\u00e1brica<\/a><\/p>","protected":false},"excerpt":{"rendered":"<p>Aud\u00edfonos ITE\/CIC invisibles, personalizados en f\u00e1brica para una adaptaci\u00f3n perfecta y privada. La tecnolog\u00eda digital garantiza un sonido claro y brillante que facilita la audici\u00f3n de las palabras. La pila recargable de i\u00f3n-litio ofrece 38 horas de uso: \u00a1se acabaron los recambios! El bloqueo de ruido AI mejora el habla. Resistente al agua, ligero y c\u00f3modo de llevar durante todo el d\u00eda. Z19: audici\u00f3n discreta e inteligente, hecha para ti.<\/p>","protected":false},"featured_media":3146,"template":"","meta":{"_kad_post_transparent":"default","_kad_post_title":"","_kad_post_layout":"default","_kad_post_sidebar_id":"","_kad_post_content_style":"default","_kad_post_vertical_padding":"default","_kad_post_feature":"","_kad_post_feature_position":"","_kad_post_header":false,"_kad_post_footer":false,"_kad_post_classname":""},"product_brand":[],"product_cat":[15,545,561,559,568,560,549,563],"product_tag":[708,705,703,704,707,706],"class_list":{"0":"post-2306","1":"product","2":"type-product","3":"status-publish","4":"has-post-thumbnail","6":"product_cat-hearing-aid-by-types","7":"product_cat-cic-hearing-aids","8":"product_cat-digital-hearing-aids","9":"product_cat-hearing-aid-by-features","10":"product_cat-in-ear-hearing-aids","11":"product_cat-invisible-hearing-aids","12":"product_cat-ite-hearing-aids","13":"product_cat-rechargeable-hearing-aids","14":"product_tag-cic-hearing-aids-factory-custom","15":"product_tag-digital-hearing-aids-factory-custom","16":"product_tag-in-ear-hearing-aids-factory-custom","17":"product_tag-invisible-hearing-aids-factory-custom","18":"product_tag-ite-hearing-aids-factory-custom","19":"product_tag-rechargeable-hearing-aids-factory-custom","21":"first","22":"instock","23":"shipping-taxable","24":"product-type-simple","25":"entry","26":"content-bg","27":"loop-entry"},"_links":{"self":[{"href":"https:\/\/chinahearingaid.com\/es\/wp-json\/wp\/v2\/product\/2306","targetHints":{"allow":["GET"]}}],"collection":[{"href":"https:\/\/chinahearingaid.com\/es\/wp-json\/wp\/v2\/product"}],"about":[{"href":"https:\/\/chinahearingaid.com\/es\/wp-json\/wp\/v2\/types\/product"}],"wp:featuredmedia":[{"embeddable":true,"href":"https:\/\/chinahearingaid.com\/es\/wp-json\/wp\/v2\/media\/3146"}],"wp:attachment":[{"href":"https:\/\/chinahearingaid.com\/es\/wp-json\/wp\/v2\/media?parent=2306"}],"wp:term":[{"taxonomy":"product_brand","embeddable":true,"href":"https:\/\/chinahearingaid.com\/es\/wp-json\/wp\/v2\/product_brand?post=2306"},{"taxonomy":"product_cat","embeddable":true,"href":"https:\/\/chinahearingaid.com\/es\/wp-json\/wp\/v2\/product_cat?post=2306"},{"taxonomy":"product_tag","embeddable":true,"href":"https:\/\/chinahearingaid.com\/es\/wp-json\/wp\/v2\/product_tag?post=2306"}],"curies":[{"name":"wp","href":"https:\/\/api.w.org\/{rel}","templated":true}]}}