{"id":2307,"date":"2025-05-23T02:45:06","date_gmt":"2025-05-23T02:45:06","guid":{"rendered":"https:\/\/chinahearingaid.com\/?post_type=product&#038;p=2307"},"modified":"2025-06-12T11:48:53","modified_gmt":"2025-06-12T11:48:53","slug":"bx360bt-bte-bluetooth-hearing-aids-over-the-counter-oem","status":"publish","type":"product","link":"https:\/\/chinahearingaid.com\/es\/bx360bt-bte-bluetooth-hearing-aids-over-the-counter-oem\/","title":{"rendered":"BX360BT BTE Aud\u00edfonos Bluetooth de venta libre OEM"},"content":{"rendered":"<h2 data-v-md-heading=\"hear-better-today-with-smart-technology\" data-v-md-line=\"3\"><strong>Oiga mejor con la tecnolog\u00eda inteligente<\/strong><\/h2>\n<p data-v-md-line=\"5\">\u00bfTiene problemas de audici\u00f3n? En\u00a0<strong>BX360BT<\/strong>\u00a0le ayuda a volver a o\u00edr sonidos claros. Estos son\u00a0<strong><a href=\"https:\/\/chinahearingaid.com\/es\/bluetooth-hearing-aids\/\" target=\"_blank\" rel=\"noopener\">Aud\u00edfonos Bluetooth de venta libre OEM<\/a><\/strong>\u00a0Sound Quality<\/p>\n<h2 data-v-md-heading=\"what-makes-bx360bt-special\" data-v-md-line=\"8\"><strong>\u00bfQu\u00e9 hace especial al BX360BT?<\/strong><\/h2>\n<h3 data-v-md-heading=\"easy-bluetooth-connection\" data-v-md-line=\"10\"><strong>F\u00e1cil conexi\u00f3n Bluetooth<\/strong><\/h3>\n<ul data-v-md-line=\"11\">\n<li><strong>Bluetooth 5.3<\/strong>\u00a0te permite conectarte a tel\u00e9fonos<\/li>\n<li>Funciona con iPhone y Android<\/li>\n<li>Transmite llamadas y m\u00fasica directamente a tus o\u00eddos<\/li>\n<li>No necesita cables.<\/li>\n<\/ul>\n<h3 data-v-md-heading=\"long-battery-life\" data-v-md-line=\"16\"><strong>Bater\u00eda de larga duraci\u00f3n<\/strong><\/h3>\n<ul data-v-md-line=\"17\">\n<li><strong>M\u00e1s de 20 horas<\/strong>\u00a0con una sola carga<\/li>\n<li>El caso de los cargos da\u00a0<strong>M\u00e1s de 60 horas<\/strong><\/li>\n<li>Carga completa en s\u00f3lo\u00a0<strong>2 horas<\/strong><\/li>\n<li>No te preocupes por las pilas gastadas<\/li>\n<\/ul>\n<h3 data-v-md-heading=\"smart-features\" data-v-md-line=\"22\"><strong>Funciones inteligentes<\/strong><\/h3>\n\n<table id=\"tablepress-21\" class=\"tablepress tablepress-id-21\">\n<thead>\n<tr class=\"row-1\">\n\t<th class=\"column-1\">Caracter\u00edstica<\/th><th class=\"column-2\">Qu\u00e9 hace<\/th>\n<\/tr>\n<\/thead>\n<tbody class=\"row-striping row-hover\">\n<tr class=\"row-2\">\n\t<td class=\"column-1\">Reducci\u00f3n de ruido AI<\/td><td class=\"column-2\">Reduce el ruido de fondo en 50 dB<\/td>\n<\/tr>\n<tr class=\"row-3\">\n\t<td class=\"column-1\">Control de aplicaciones m\u00f3viles<\/td><td class=\"column-2\">Cambiar la configuraci\u00f3n del tel\u00e9fono<\/td>\n<\/tr>\n<tr class=\"row-4\">\n\t<td class=\"column-1\">4 modos de sonido<\/td><td class=\"column-2\">Interior, Exterior, TV, M\u00fasica<\/td>\n<\/tr>\n<tr class=\"row-5\">\n\t<td class=\"column-1\">Steuerung \u00fcber mobile Apps<\/td><td class=\"column-2\">Ayuda con el zumbido de o\u00eddos<\/td>\n<\/tr>\n<\/tbody>\n<\/table>\n<!-- #tablepress-21 from cache -->\n<h2 data-v-md-heading=\"perfect-design-for-daily-use\" data-v-md-line=\"31\"><strong>Dise\u00f1o perfecto para el uso diario<\/strong><\/h2>\n<h3 data-v-md-heading=\"behind-the-ear-bte-style\" data-v-md-line=\"33\"><strong>Estilo retroauricular (BTE)<\/strong><\/h3>\n<p data-v-md-line=\"34\">El\u00a0<strong><a href=\"https:\/\/chinahearingaid.com\/es\/bte-hearing-aids\/\" target=\"_blank\" rel=\"noopener\">Aud\u00edfonos retroauriculares OEM<\/a><\/strong>\u00a0El dise\u00f1o se adapta muy bien:<\/p>\n<ul data-v-md-line=\"35\">\n<li>Peque\u00f1o y ligero<\/li>\n<li>Funciona con gafas<\/li>\n<li>Resistente a la lluvia<\/li>\n<li>Almohadillas blandas de buen tacto<\/li>\n<\/ul>\n<h3 data-v-md-heading=\"fda-registered-safe\" data-v-md-line=\"40\"><strong>Seguro y registrado por la FDA<\/strong><\/h3>\n<ul data-v-md-line=\"41\">\n<li><strong>cuerpos de cadetes militares<\/strong>\u00a0- sin receta<\/li>\n<li><strong>HSA\/FSA<\/strong>\u00a0elegible - utilice sus ahorros sanitarios<\/li>\n<li><strong>45 d\u00edas de prueba<\/strong>\u00a0- pru\u00e9balo sin riesgo<\/li>\n<li><strong>1 a\u00f1o de garant\u00eda<\/strong>\u00a0incluido<\/li>\n<\/ul>\n<h2 data-v-md-heading=\"how-you-ll-use-your-bx360bt\" data-v-md-line=\"47\"><strong>C\u00f3mo utilizar\u00e1 su BX360BT<\/strong><\/h2>\n<h3 data-v-md-heading=\"morning-coffee-\u2615\" data-v-md-line=\"49\"><strong>Caf\u00e9 matinal \u2615<\/strong><\/h3>\n<p data-v-md-line=\"50\">\"<em>Enciende tus aud\u00edfonos. El mundo vuelve a sonar claro. Los p\u00e1jaros cantan fuera. La cafetera burbujea. Lo oyes todo.<\/em>\"<\/p>\n<h3 data-v-md-heading=\"phone-calls-\ud83d\udcf1\" data-v-md-line=\"52\"><strong>Llamadas telef\u00f3nicas \ud83d\udcf1<\/strong><\/h3>\n<p data-v-md-line=\"53\">\"<em>\u00bfLlaman los nietos? Sus voces llegan directamente a tus o\u00eddos. Se acab\u00f3 preguntar \"\u00bfQu\u00e9? Habla siempre con claridad cristalina.<\/em>\"<\/p>\n<h3 data-v-md-heading=\"watching-tv-\ud83d\udcfa\" data-v-md-line=\"55\"><strong>Ver la tele \ud83d\udcfa<\/strong><\/h3>\n<p data-v-md-line=\"56\">\"<em>Mantener el volumen bajo. Familia feliz. Todav\u00eda se oye cada palabra.\u00a0<strong>Transmisi\u00f3n por Bluetooth<\/strong>\u00a0hace que la televisi\u00f3n vuelva a ser divertida.<\/em>\"<\/p>\n<h3 data-v-md-heading=\"restaurants-\ud83c\udf7d\ufe0f\" data-v-md-line=\"58\"><strong>Restaurantes \ud83c\udf7d\ufe0f<\/strong><\/h3>\n<p data-v-md-line=\"59\">\"<em>\u00bfLugares ruidosos? No hay problema.\u00a0<strong>Reducci\u00f3n de ruido AI<\/strong>\u00a0los bloques traquetean. Se oye hablar claramente a los amigos.<\/em>\"<\/p>\n<h2 data-v-md-heading=\"easy-setup-in-3-steps\" data-v-md-line=\"62\"><strong>F\u00e1cil configuraci\u00f3n en 3 pasos<\/strong><\/h2>\n<ol data-v-md-line=\"64\">\n<li>\n<p data-v-md-line=\"64\"><strong>Descargar la aplicaci\u00f3n<\/strong>\u00a0\ud83d\udcf2<\/p>\n<ul data-v-md-line=\"65\">\n<li>Gratis en iPhone\/Android<\/li>\n<li>Gu\u00eda de configuraci\u00f3n sencilla<\/li>\n<\/ul>\n<\/li>\n<li>\n<p data-v-md-line=\"68\"><strong>Emparejar con el tel\u00e9fono<\/strong>\u00a0\ud83d\udd17<\/p>\n<ul data-v-md-line=\"69\">\n<li>Activar Bluetooth<\/li>\n<li>Pulsar el bot\u00f3n del aud\u00edfono<\/li>\n<li>\u00a1Conectado en segundos!<\/li>\n<\/ul>\n<\/li>\n<li>\n<p data-v-md-line=\"73\"><strong>Ajuste el sonido<\/strong>\u00a0\ud83c\udfb5<\/p>\n<ul data-v-md-line=\"74\">\n<li>Elige tu escenario<\/li>\n<li>Cambiar el volumen<\/li>\n<li>Guardar favoritos<\/li>\n<\/ul>\n<\/li>\n<\/ol>\n<h2 data-v-md-heading=\"real-people-love-bx360bt\" data-v-md-line=\"79\"><strong>A la gente le encanta BX360BT<\/strong><\/h2>\n<blockquote data-v-md-line=\"81\">\n<p data-v-md-line=\"81\">\"<em>Llevo gafas. Me quedan perfectas detr\u00e1s de las orejas. As\u00ed que\u00a0<strong>c\u00f3modo<\/strong>!<\/em>\" - Mary, 72 a\u00f1os<\/p>\n<\/blockquote>\n<blockquote data-v-md-line=\"83\">\n<p data-v-md-line=\"83\">\"<em>El\u00a0<strong>bater\u00eda recargable<\/strong>\u00a0dura todo el d\u00eda. Me encanta el peque\u00f1o estuche de carga.<\/em>\" - John, 68<\/p>\n<\/blockquote>\n<blockquote data-v-md-line=\"85\">\n<p data-v-md-line=\"85\">\"<em><strong>M\u00fasica Bluetooth<\/strong>\u00a0suena incre\u00edble. Es como tener altavoces diminutos en los o\u00eddos.<\/em>\"Susan, 65 a\u00f1os<\/p>\n<\/blockquote>\n<h2 data-v-md-heading=\"compare-bx360bt-features\" data-v-md-line=\"88\"><strong>Comparar BX360BT Caracter\u00edsticas<\/strong><\/h2>\n\n<table id=\"tablepress-20\" class=\"tablepress tablepress-id-20\">\n<thead>\n<tr class=\"row-1\">\n\t<th class=\"column-1\">BX360BT Tiene:<\/th><th class=\"column-2\">Otros no:<\/th>\n<\/tr>\n<\/thead>\n<tbody class=\"row-striping row-hover\">\n<tr class=\"row-2\">\n\t<td class=\"column-1\">Bluetooth 5.3<\/td><td class=\"column-2\">\u274c Bluetooth antiguo<\/td>\n<\/tr>\n<tr class=\"row-3\">\n\t<td class=\"column-1\">Bater\u00eda de m\u00e1s de 20 horas<\/td><td class=\"column-2\">\u274c S\u00f3lo de 8 a 12 horas<\/td>\n<\/tr>\n<tr class=\"row-4\">\n\t<td class=\"column-1\">\u2705 Reducci\u00f3n de ruido AI<\/td><td class=\"column-2\">\u274c Filtros b\u00e1sicos<\/td>\n<\/tr>\n<tr class=\"row-5\">\n\t<td class=\"column-1\">\u2705 Control de la aplicaci\u00f3n m\u00f3vil<\/td><td class=\"column-2\">\u274c S\u00f3lo manual<\/td>\n<\/tr>\n<tr class=\"row-6\">\n\t<td class=\"column-1\">\u2705 Resistente al agua<\/td><td class=\"column-2\">\u274c No protegido<\/td>\n<\/tr>\n<tr class=\"row-7\">\n\t<td class=\"column-1\">\u2705 45 d\u00edas de prueba<\/td><td class=\"column-2\">\u274c 30 d\u00edas o menos<\/td>\n<\/tr>\n<\/tbody>\n<\/table>\n<!-- #tablepress-20 from cache -->\n<h2 data-v-md-heading=\"perfect-for\" data-v-md-line=\"100\"><strong>Perfecto para:<\/strong><\/h2>\n<h3 data-v-md-heading=\"work-business-\ud83d\udcbc\" data-v-md-line=\"102\"><strong>Trabajo y negocios<\/strong>\u00a0\ud83d\udcbc<\/h3>\n<ul data-v-md-line=\"103\">\n<li>Llamadas telef\u00f3nicas claras<\/li>\n<li>Mejores reuniones<\/li>\n<li>Centrarse en las tareas<\/li>\n<\/ul>\n<h3 data-v-md-heading=\"active-living-\ud83d\udeb6\" data-v-md-line=\"107\"><strong>Vida activa<\/strong>\u00a0\ud83d\udeb6<\/h3>\n<ul data-v-md-line=\"108\">\n<li>Caminar al aire libre<\/li>\n<li>Clases de ejercicio<\/li>\n<li>Viajes de compras<\/li>\n<\/ul>\n<h3 data-v-md-heading=\"home-life-\ud83c\udfe0\" data-v-md-line=\"112\"><strong>Vida dom\u00e9stica<\/strong>\u00a0\ud83c\udfe0<\/h3>\n<ul data-v-md-line=\"113\">\n<li>Cenas familiares<\/li>\n<li>Ver la televisi\u00f3n<\/li>\n<li>Lectura tranquila<\/li>\n<\/ul>\n<h2 data-v-md-heading=\"why-choose-rechargeable-oem-hearing-aids-https-chinahearingaid-com-rechargeable-hearing-aids\" data-v-md-line=\"118\"><strong>Por qu\u00e9 elegir\u00a0<a href=\"https:\/\/chinahearingaid.com\/es\/rechargeable-hearing-aids\/\" target=\"_blank\" rel=\"noopener\">Aud\u00edfonos recargables OEM<\/a>?<\/strong><\/h2>\n<h3 data-v-md-heading=\"save-money-\ud83d\udcb0\" data-v-md-line=\"120\"><strong>Ahorrar dinero<\/strong>\u00a0\ud83d\udcb0<\/h3>\n<ul data-v-md-line=\"121\">\n<li>Sin gastos de bater\u00eda<\/li>\n<li>Mild to moderate hearing loss<\/li>\n<li>Apto para HSA\/FSA<\/li>\n<li>\u00a1Menos de $300!<\/li>\n<\/ul>\n<h3 data-v-md-heading=\"get-support-\ud83e\udd1d\" data-v-md-line=\"126\"><strong>Obtener asistencia<\/strong>\u00a0\ud83e\udd1d<\/h3>\n<ul data-v-md-line=\"127\">\n<li>Ayuda 24\/7<\/li>\n<li>Ajustes a distancia<\/li>\n<li>Kit de limpieza gratuito<\/li>\n<li>Asistencia de por vida<\/li>\n<\/ul>\n<h2 data-v-md-heading=\"order-your-bx360bt-today\" data-v-md-line=\"133\"><strong>\u00a1Pida su BX360BT hoy mismo!<\/strong><\/h2>\n<h3 data-v-md-heading=\"what-s-included\" data-v-md-line=\"135\"><strong>Qu\u00e9 incluye:<\/strong><\/h3>\n<ul data-v-md-line=\"136\">\n<li><strong>2 aud\u00edfonos retroauriculares<\/strong>\u00a0(izquierda y derecha)<\/li>\n<li><strong>Estuche de carga port\u00e1til<\/strong><\/li>\n<li><strong>5 tama\u00f1os de c\u00fapula<\/strong><\/li>\n<li><strong>Herramientas de limpieza<\/strong><\/li>\n<li><strong>Gu\u00eda de inicio r\u00e1pido<\/strong><\/li>\n<\/ul>\n<h3 data-v-md-heading=\"special-offer\" data-v-md-line=\"142\"><strong>Oferta especial:<\/strong><\/h3>\n<ul data-v-md-line=\"143\">\n<li><strong>Env\u00edo GRATUITO<\/strong><\/li>\n<li><strong>45 d\u00edas de devoluci\u00f3n<\/strong><\/li>\n<li><strong>1 a\u00f1o de garant\u00eda<\/strong><\/li>\n<li><strong>Asistencia de por vida<\/strong><\/li>\n<\/ul>\n<h2 data-v-md-heading=\"technical-details\" data-v-md-line=\"149\"><strong>Detalles t\u00e9cnicos<\/strong><\/h2>\n\n<table id=\"tablepress-22\" class=\"tablepress tablepress-id-22\">\n<thead>\n<tr class=\"row-1\">\n\t<th class=\"column-1\">Especificaciones<\/th><th class=\"column-2\">Detalles<\/th>\n<\/tr>\n<\/thead>\n<tbody class=\"row-striping row-hover\">\n<tr class=\"row-2\">\n\t<td class=\"column-1\">Tipo<\/td><td class=\"column-2\">Detr\u00e1s de la oreja (BTE)<\/td>\n<\/tr>\n<tr class=\"row-3\">\n\t<td class=\"column-1\">Bluetooth<\/td><td class=\"column-2\">Versi\u00f3n 5.3<\/td>\n<\/tr>\n<tr class=\"row-4\">\n\t<td class=\"column-1\">Battery Life<\/td><td class=\"column-2\">Recargable de iones de litio<\/td>\n<\/tr>\n<tr class=\"row-5\">\n\t<td class=\"column-1\">Tiempo de ejecuci\u00f3n<\/td><td class=\"column-2\">M\u00e1s de 20 horas por carga<\/td>\n<\/tr>\n<tr class=\"row-6\">\n\t<td class=\"column-1\">Gane<\/td><td class=\"column-2\">Hasta 50 dB<\/td>\n<\/tr>\n<tr class=\"row-7\">\n\t<td class=\"column-1\">Modos<\/td><td class=\"column-2\">4 ajustes del entorno<\/td>\n<\/tr>\n<tr class=\"row-8\">\n\t<td class=\"column-1\">Clasificaci\u00f3n del agua<\/td><td class=\"column-2\">Resistencia IP<\/td>\n<\/tr>\n<tr class=\"row-9\">\n\t<td class=\"column-1\">Peso<\/td><td class=\"column-2\">Dise\u00f1o ultraligero<\/td>\n<\/tr>\n<\/tbody>\n<\/table>\n<!-- #tablepress-22 from cache -->\n<h2 data-v-md-heading=\"join-thousands-who-hear-better\" data-v-md-line=\"163\"><strong>\u00danase a los miles de personas que oyen mejor<\/strong><\/h2>\n<p data-v-md-line=\"165\">El\u00a0<strong>BX360BT<\/strong>\u00a0te da:<\/p>\n<ul data-v-md-line=\"166\">\n<li>Audici\u00f3n clara todo el d\u00eda<\/li>\n<li>Llamadas f\u00e1ciles<\/li>\n<li>M\u00fasica y TV en streaming<\/li>\n<li>Ajuste c\u00f3modo<\/li>\n<li>Control inteligente de aplicaciones<\/li>\n<\/ul>\n<p data-v-md-line=\"172\"><strong>\u00a1No esperes!<\/strong>\u00a0Consigue tu\u00a0<strong>Aud\u00edfonos Bluetooth de venta libre OEM<\/strong>\u00a0hoy. Escuche lo que se ha estado perdiendo.<\/p>\n<h3 data-v-md-heading=\"\ud83d\udc42-order-now-limited-stock-available\" data-v-md-line=\"174\"><strong>\ud83d\udc42 Haz tu pedido ahora - \u00a1Hay existencias limitadas!<\/strong><\/h3>\n<p data-v-md-line=\"176\"><em>Registrado por la FDA. Apto para HSA\/FSA. 45 d\u00edas de prueba. Env\u00edo gratuito.<\/em><\/p>","protected":false},"excerpt":{"rendered":"<p>\u00bfLe cuesta o\u00edr? Los aud\u00edfonos Bluetooth BX360BT le ayudan a o\u00edr con claridad de nuevo, sin receta y sin visita al m\u00e9dico. Transmite llamadas y m\u00fasica desde iPhone\/Android a trav\u00e9s de BT 5.3. Disfrute de una bater\u00eda de m\u00e1s de 20 horas (m\u00e1s de 60 con funda). La reducci\u00f3n inteligente del ruido AI reduce 50 dB el ruido de fondo. La aplicaci\u00f3n m\u00f3vil controla 4 modos de sonido (Interior, Exterior, TV, M\u00fasica) y enmascaramiento de ac\u00fafenos. Dise\u00f1o BTE c\u00f3modo y resistente al agua. FDA-reg, HSA\/FSA. 1 a\u00f1o de garant\u00eda. \u00a1Oiga mejor!<\/p>","protected":false},"featured_media":3126,"template":"","meta":{"_kad_post_transparent":"default","_kad_post_title":"","_kad_post_layout":"default","_kad_post_sidebar_id":"","_kad_post_content_style":"default","_kad_post_vertical_padding":"default","_kad_post_feature":"","_kad_post_feature_position":"","_kad_post_header":false,"_kad_post_footer":false,"_kad_post_classname":""},"product_brand":[],"product_cat":[15,564,544,559,563],"product_tag":[711,709,710],"class_list":{"0":"post-2307","1":"product","2":"type-product","3":"status-publish","4":"has-post-thumbnail","6":"product_cat-hearing-aid-by-types","7":"product_cat-bluetooth-hearing-aids","8":"product_cat-bte-hearing-aids","9":"product_cat-hearing-aid-by-features","10":"product_cat-rechargeable-hearing-aids","11":"product_tag-bluetooth-hearing-aids-over-the-counter-oem","12":"product_tag-hearing-aids-bte-oem","13":"product_tag-rechargeable-oem-hearing-aids","15":"first","16":"instock","17":"shipping-taxable","18":"product-type-simple","19":"entry","20":"content-bg","21":"loop-entry"},"_links":{"self":[{"href":"https:\/\/chinahearingaid.com\/es\/wp-json\/wp\/v2\/product\/2307","targetHints":{"allow":["GET"]}}],"collection":[{"href":"https:\/\/chinahearingaid.com\/es\/wp-json\/wp\/v2\/product"}],"about":[{"href":"https:\/\/chinahearingaid.com\/es\/wp-json\/wp\/v2\/types\/product"}],"wp:featuredmedia":[{"embeddable":true,"href":"https:\/\/chinahearingaid.com\/es\/wp-json\/wp\/v2\/media\/3126"}],"wp:attachment":[{"href":"https:\/\/chinahearingaid.com\/es\/wp-json\/wp\/v2\/media?parent=2307"}],"wp:term":[{"taxonomy":"product_brand","embeddable":true,"href":"https:\/\/chinahearingaid.com\/es\/wp-json\/wp\/v2\/product_brand?post=2307"},{"taxonomy":"product_cat","embeddable":true,"href":"https:\/\/chinahearingaid.com\/es\/wp-json\/wp\/v2\/product_cat?post=2307"},{"taxonomy":"product_tag","embeddable":true,"href":"https:\/\/chinahearingaid.com\/es\/wp-json\/wp\/v2\/product_tag?post=2307"}],"curies":[{"name":"wp","href":"https:\/\/api.w.org\/{rel}","templated":true}]}}