{"id":2310,"date":"2025-05-23T02:47:48","date_gmt":"2025-05-23T02:47:48","guid":{"rendered":"https:\/\/chinahearingaid.com\/?post_type=product&#038;p=2310"},"modified":"2025-06-12T11:55:43","modified_gmt":"2025-06-12T11:55:43","slug":"bx360-mini-rechargeable-digital-bte-hearing-aids-solutions","status":"publish","type":"product","link":"https:\/\/chinahearingaid.com\/es\/bx360-mini-rechargeable-digital-bte-hearing-aids-solutions\/","title":{"rendered":"Soluciones en aud\u00edfonos digitales retroauriculares recargables BX360 Mini"},"content":{"rendered":"<h2 data-v-md-heading=\"what-are-mini-bte-hearing-aids-solutions\" data-v-md-line=\"7\"><strong>\u00bfQu\u00e9 son los aud\u00edfonos retroauriculares?<\/strong><\/h2>\n<p data-v-md-line=\"9\">Los aud\u00edfonos Mini BTE Solutions son peque\u00f1os. Se colocan detr\u00e1s de la oreja. El cable va directamente al o\u00eddo. Le ayudan a o\u00edr mejor a la familia, los amigos y la televisi\u00f3n. Estos aud\u00edfonos digitales utilizan el nuevo sonido digital. Son f\u00e1ciles de llevar y utilizar durante todo el d\u00eda.<\/p>\n<h2 data-v-md-heading=\"why-choose-bx360-mini-bte-hearing-aids\" data-v-md-line=\"12\"><strong>\u00bfPor qu\u00e9 elegir los aud\u00edfonos retroauriculares BX360 Mini?<\/strong><\/h2>\n<ul data-v-md-line=\"14\">\n<li><strong>Peque\u00f1o y ligero<\/strong><\/li>\n<li><strong>F\u00e1cil de ocultar<\/strong><\/li>\n<li><strong>Sonido potente<\/strong><\/li>\n<li><strong>Soluciones en aud\u00edfonos recargables<\/strong><\/li>\n<li><strong>Botones sencillos<\/strong><\/li>\n<li><strong>Sonido digital seguro<\/strong><\/li>\n<li><strong>Bueno para las personas mayores<\/strong><\/li>\n<li><strong>Soluciones de aud\u00edfonos digitales en las que conf\u00edan miles de personas<\/strong><\/li>\n<\/ul>\n<h2 data-v-md-heading=\"product-features-table\" data-v-md-line=\"24\"><strong>Caracter\u00edsticas del producto Mesa<\/strong><\/h2>\n\n<table id=\"tablepress-15\" class=\"tablepress tablepress-id-15\">\n<thead>\n<tr class=\"row-1\">\n\t<th class=\"column-1\">Caracter\u00edstica<\/th><th class=\"column-2\">Soluciones de aud\u00edfonos retroauriculares BX360 Mini<\/th>\n<\/tr>\n<\/thead>\n<tbody class=\"row-striping row-hover\">\n<tr class=\"row-2\">\n\t<td class=\"column-1\">Tipo<\/td><td class=\"column-2\">Soluciones de aud\u00edfonos digitales recargables y retroauriculares<\/td>\n<\/tr>\n<tr class=\"row-3\">\n\t<td class=\"column-1\">Talla<\/td><td class=\"column-2\">Mini, ligero, f\u00e1cil de esconder<\/td>\n<\/tr>\n<tr class=\"row-4\">\n\t<td class=\"column-1\">Adaptar<\/td><td class=\"column-2\">Gancho ajustable, se adapta a la mayor\u00eda de las orejas<\/td>\n<\/tr>\n<tr class=\"row-5\">\n\t<td class=\"column-1\">Fuerza<\/td><td class=\"column-2\">Bater\u00eda recargable, hasta 24 horas por carga<\/td>\n<\/tr>\n<tr class=\"row-6\">\n\t<td class=\"column-1\">Sonido<\/td><td class=\"column-2\">Reducci\u00f3n digital de ruido, control de tono, realce de voz<\/td>\n<\/tr>\n<tr class=\"row-7\">\n\t<td class=\"column-1\">Operaci\u00f3n<\/td><td class=\"column-2\">Un solo bot\u00f3n, f\u00e1cil de usar<\/td>\n<\/tr>\n<tr class=\"row-8\">\n\t<td class=\"column-1\">Para qui\u00e9n<\/td><td class=\"column-2\">Bueno para personas mayores con p\u00e9rdida de audici\u00f3n de leve a moderada<\/td>\n<\/tr>\n<tr class=\"row-9\">\n\t<td class=\"column-1\">Confort<\/td><td class=\"column-2\">Puntas blandas, no duelen en los o\u00eddos, buenas para usarlas durante todo el d\u00eda<\/td>\n<\/tr>\n<tr class=\"row-10\">\n\t<td class=\"column-1\">Accesorios<\/td><td class=\"column-2\">Caja de carga, kit de limpieza, 4 almohadillas, manual<\/td>\n<\/tr>\n<\/tbody>\n<\/table>\n<!-- #tablepress-15 from cache -->\n<h2 data-v-md-heading=\"what-can-you-do-with-bx360-digital-hearing-aids-solutions\" data-v-md-line=\"39\"><strong>\u00bfQu\u00e9 puede hacer con los aud\u00edfonos digitales BX360?<\/strong><\/h2>\n<ul data-v-md-line=\"41\">\n<li>Escucha a los p\u00e1jaros<\/li>\n<li>Ver TV<\/li>\n<li>Participar en cenas familiares<\/li>\n<li>Hablar por tel\u00e9fono<\/li>\n<li>Salga a la calle y escuche sonidos seguros<\/li>\n<li>Escuchar a los amigos en la escuela o el trabajo<\/li>\n<\/ul>\n<h2 data-v-md-heading=\"why-rechargeable-hearing-aids-solutions\" data-v-md-line=\"51\"><strong>\u00bfPor qu\u00e9 soluciones de aud\u00edfonos recargables?<\/strong><\/h2>\n<ul data-v-md-line=\"53\">\n<li>Se acab\u00f3 comprar pilas peque\u00f1as<\/li>\n<li>Amable con la tierra<\/li>\n<li>Ahorrar dinero con el tiempo<\/li>\n<li>Listo todo el d\u00eda con carga r\u00e1pida<\/li>\n<li>Util\u00edcelo en casa, de compras o de viaje<\/li>\n<\/ul>\n<h2 data-v-md-heading=\"safe-for-everyone\" data-v-md-line=\"60\"><strong>Seguro para todos<\/strong><\/h2>\n<p data-v-md-line=\"62\">Las soluciones de aud\u00edfonos mini retroauriculares se comprueban para garantizar la seguridad y la comodidad. Estos aud\u00edfonos digitales tienen puntas suaves y f\u00e1ciles de limpiar. Seguros para personas mayores y j\u00f3venes.<\/p>\n<h2 data-v-md-heading=\"real-people-happy-ears\" data-v-md-line=\"65\"><strong>Gente real, o\u00eddos felices<\/strong><\/h2>\n<blockquote data-v-md-line=\"67\">\n<p data-v-md-line=\"67\">\"\u00a1Estos aud\u00edfonos son tan f\u00e1ciles! Mi abuelo los usa todos los d\u00edas. Ahora vuelve a re\u00edrse en la mesa\".<br \/>\n- Emma, 10 a\u00f1os<\/p>\n<\/blockquote>\n<h2 data-v-md-heading=\"learn-about-more-hearing-aids\" data-v-md-line=\"72\"><strong>M\u00e1s informaci\u00f3n sobre aud\u00edfonos<\/strong><\/h2>\n<ul data-v-md-line=\"74\">\n<li><a href=\"https:\/\/chinahearingaid.com\/es\/bte-hearing-aids\/\" target=\"_blank\" rel=\"noopener\">Ver todos los aud\u00edfonos retroauriculares para todas las edades<\/a><\/li>\n<li><a href=\"https:\/\/chinahearingaid.com\/es\/digital-hearing-aids\/\" target=\"_blank\" rel=\"noopener\">Explorar todos los aud\u00edfonos digitales<\/a><\/li>\n<li><a href=\"https:\/\/chinahearingaid.com\/es\/rechargeable-hearing-aids\/\" target=\"_blank\" rel=\"noopener\">Consiga aud\u00edfonos recargables al mejor precio<\/a><\/li>\n<li><a href=\"https:\/\/chinahearingaid.com\/es\/bx360-mini-rechargeable-digital-bte-hearing-aids-solutions\/\" target=\"_blank\" rel=\"noopener\">Buscar soluciones de aud\u00edfonos retroauriculares mini ahora<\/a><\/li>\n<\/ul>\n<h2 data-v-md-heading=\"questions-and-answers\" data-v-md-line=\"80\"><strong>Preguntas y respuestas<\/strong><\/h2>\n<p data-v-md-line=\"82\">\u00bfPuede utilizarlo un ni\u00f1o?<br \/>\nS\u00ed, estos aud\u00edfonos Mini BTE son seguros para la mayor\u00eda de las edades.<\/p>\n<p>\u00bfSe adapta a orejas grandes y peque\u00f1as?<br \/>\nS\u00ed. Viene con puntas para todos los o\u00eddos.<\/p>\n<p>\u00bfC\u00f3mo se limpia?<br \/>\nUtilice el cepillo de la caja. Limpie suavemente.<\/p>\n<p>\u00bfY si no me gusta?<br \/>\nGarant\u00eda de devoluci\u00f3n de 45 d\u00edas. 1 a\u00f1o de garant\u00eda.<\/p>\n<h2 data-v-md-heading=\"ready-to-hear-more\" data-v-md-line=\"92\"><strong>\u00bfQuiere saber m\u00e1s?<\/strong><\/h2>\n<p data-v-md-line=\"94\">\u00a1Consiga hoy mismo sus soluciones de aud\u00edfonos retroauriculares BX360 Mini!<br \/>\nPruebe ahora estas soluciones de aud\u00edfonos digitales y aud\u00edfonos recargables.<\/p>\n<p data-v-md-line=\"97\">Le encantar\u00e1 lo f\u00e1cil que es o\u00edrlo.<\/p>","protected":false},"excerpt":{"rendered":"<p class=\"ng-star-inserted\"><span class=\"ng-star-inserted\">Mini aud\u00edfonos retroauriculares: peque\u00f1os y discretos dispositivos retroauriculares para una audici\u00f3n m\u00e1s clara. Disfrute de las conversaciones, la televisi\u00f3n y los sonidos de la vida con tecnolog\u00eda digital. BX360 es ligero, recargable (24 horas de duraci\u00f3n) y f\u00e1cil de usar. La reducci\u00f3n digital del ruido garantiza un audio n\u00edtido. Ideal para p\u00e9rdidas leves-moderadas y personas mayores. C\u00f3modo todo el d\u00eda. 45 d\u00edas de devoluci\u00f3n, 1 a\u00f1o de garant\u00eda. \u00a1Oiga mejor!<\/span><\/p>","protected":false},"featured_media":3141,"template":"","meta":{"_kad_post_transparent":"default","_kad_post_title":"","_kad_post_layout":"default","_kad_post_sidebar_id":"","_kad_post_content_style":"default","_kad_post_vertical_padding":"default","_kad_post_feature":"","_kad_post_feature_position":"","_kad_post_header":false,"_kad_post_footer":false,"_kad_post_classname":""},"product_brand":[],"product_cat":[15,544,561,559,563],"product_tag":[719,718,720],"class_list":{"0":"post-2310","1":"product","2":"type-product","3":"status-publish","4":"has-post-thumbnail","6":"product_cat-hearing-aid-by-types","7":"product_cat-bte-hearing-aids","8":"product_cat-digital-hearing-aids","9":"product_cat-hearing-aid-by-features","10":"product_cat-rechargeable-hearing-aids","11":"product_tag-digital-hearing-aids-solutions","12":"product_tag-mini-bte-hearing-aids-solutions","13":"product_tag-rechargeable-hearing-aids-solutions","15":"first","16":"instock","17":"shipping-taxable","18":"product-type-simple","19":"entry","20":"content-bg","21":"loop-entry"},"_links":{"self":[{"href":"https:\/\/chinahearingaid.com\/es\/wp-json\/wp\/v2\/product\/2310","targetHints":{"allow":["GET"]}}],"collection":[{"href":"https:\/\/chinahearingaid.com\/es\/wp-json\/wp\/v2\/product"}],"about":[{"href":"https:\/\/chinahearingaid.com\/es\/wp-json\/wp\/v2\/types\/product"}],"wp:featuredmedia":[{"embeddable":true,"href":"https:\/\/chinahearingaid.com\/es\/wp-json\/wp\/v2\/media\/3141"}],"wp:attachment":[{"href":"https:\/\/chinahearingaid.com\/es\/wp-json\/wp\/v2\/media?parent=2310"}],"wp:term":[{"taxonomy":"product_brand","embeddable":true,"href":"https:\/\/chinahearingaid.com\/es\/wp-json\/wp\/v2\/product_brand?post=2310"},{"taxonomy":"product_cat","embeddable":true,"href":"https:\/\/chinahearingaid.com\/es\/wp-json\/wp\/v2\/product_cat?post=2310"},{"taxonomy":"product_tag","embeddable":true,"href":"https:\/\/chinahearingaid.com\/es\/wp-json\/wp\/v2\/product_tag?post=2310"}],"curies":[{"name":"wp","href":"https:\/\/api.w.org\/{rel}","templated":true}]}}