{"id":2314,"date":"2025-05-23T02:54:34","date_gmt":"2025-05-23T02:54:34","guid":{"rendered":"https:\/\/chinahearingaid.com\/?post_type=product&#038;p=2314"},"modified":"2025-06-12T10:35:10","modified_gmt":"2025-06-12T10:35:10","slug":"z04-bte-inexpensive-rechargeable-hearing-aids-wholesale","status":"publish","type":"product","link":"https:\/\/chinahearingaid.com\/es\/z04-bte-inexpensive-rechargeable-hearing-aids-wholesale\/","title":{"rendered":"Z04 BTE barato aud\u00edfonos recargables al por mayor"},"content":{"rendered":"<h2 data-v-md-heading=\"product-highlights\" data-v-md-line=\"7\">Productos destacados<\/h2>\n\n<table id=\"tablepress-9\" class=\"tablepress tablepress-id-9\">\n<thead>\n<tr class=\"row-1\">\n\t<th class=\"column-1\">Caracter\u00edstica<\/th><th class=\"column-2\">Descripci\u00f3n<\/th>\n<\/tr>\n<\/thead>\n<tbody class=\"row-striping row-hover\">\n<tr class=\"row-2\">\n\t<td class=\"column-1\">Tipo<\/td><td class=\"column-2\">Venta al por mayor de aud\u00edfonos retroauriculares<\/td>\n<\/tr>\n<tr class=\"row-3\">\n\t<td class=\"column-1\">Fuerza<\/td><td class=\"column-2\">Bater\u00eda recargable, dura hasta 60 horas por carga completa<\/td>\n<\/tr>\n<tr class=\"row-4\">\n\t<td class=\"column-1\">Adaptar<\/td><td class=\"column-2\">Se coloca detr\u00e1s de la oreja, c\u00f3modo para un uso prolongado<\/td>\n<\/tr>\n<tr class=\"row-5\">\n\t<td class=\"column-1\">Reducci\u00f3n del ruido<\/td><td class=\"column-2\">S\u00ed, filtra los sonidos de fondo<\/td>\n<\/tr>\n<tr class=\"row-6\">\n\t<td class=\"column-1\">Control de volumen<\/td><td class=\"column-2\">Ja<\/td>\n<\/tr>\n<tr class=\"row-7\">\n\t<td class=\"column-1\">Cargador<\/td><td class=\"column-2\">Funda USB para cargar en cualquier lugar<\/td>\n<\/tr>\n<tr class=\"row-8\">\n\t<td class=\"column-1\">Opciones de color<\/td><td class=\"column-2\">Beige u OEM personalizado<\/td>\n<\/tr>\n<tr class=\"row-9\">\n\t<td class=\"column-1\">Certificaci\u00f3n<\/td><td class=\"column-2\">FDA, CE, ISO13485, ROHS<\/td>\n<\/tr>\n<tr class=\"row-10\">\n\t<td class=\"column-1\">Garant\u00eda<\/td><td class=\"column-2\">1 a\u00f1o de garant\u00eda est\u00e1ndar<\/td>\n<\/tr>\n<tr class=\"row-11\">\n\t<td class=\"column-1\">Paquete<\/td><td class=\"column-2\">Caja lista para la venta, todas las herramientas incluidas<\/td>\n<\/tr>\n<tr class=\"row-12\">\n\t<td class=\"column-1\">MOQ<\/td><td class=\"column-2\">S\u00f3lo pedidos al por mayor<\/td>\n<\/tr>\n<\/tbody>\n<\/table>\n<!-- #tablepress-9 from cache -->\n<h2 data-v-md-heading=\"why-pick-z04\" data-v-md-line=\"25\">\u00bfPor qu\u00e9 elegir el Z04?<\/h2>\n<p data-v-md-line=\"27\"><strong>F\u00e1cil de usar:<\/strong><br \/>\nCualquiera puede usarlos. Basta con ponerse los aud\u00edfonos BTE Wholesale detr\u00e1s de la oreja, ajustar el volumen y listo. Sin ajustes complicados.<\/p>\n<p data-v-md-line=\"30\"><strong>Poder todo el d\u00eda:<\/strong><br \/>\nLos aud\u00edfonos recargables baratos al por mayor se cargan r\u00e1pido y duran todo el d\u00eda (\u00a1y m\u00e1s!), perfectos para trabajar, jugar y dormir .<\/p>\n<p data-v-md-line=\"33\"><strong>Sonido claro:<\/strong><br \/>\nTesten Sie unsere<\/p>\n<p data-v-md-line=\"36\"><strong>Grandes ahorros:<\/strong><br \/>\nCompre aud\u00edfonos retroauriculares al por mayor directamente y ahorre. Perfectos para residencias, cl\u00ednicas o uso familiar.<\/p>\n<p data-v-md-line=\"39\"><strong>Seguridad certificada:<\/strong><br \/>\nProbado y aprobado por las autoridades sanitarias mundiales: compre con tranquilidad.<\/p>\n<h2 data-v-md-heading=\"simple-use-table\" data-v-md-line=\"43\">Tabla de uso sencillo<\/h2>\n\n<table id=\"tablepress-8\" class=\"tablepress tablepress-id-8\">\n<thead>\n<tr class=\"row-1\">\n\t<th class=\"column-1\">Caracter\u00edstica<\/th><th class=\"column-2\">Descripci\u00f3n<\/th>\n<\/tr>\n<\/thead>\n<tbody class=\"row-striping row-hover\">\n<tr class=\"row-2\">\n\t<td class=\"column-1\">Tipo<\/td><td class=\"column-2\">Venta al por mayor de aud\u00edfonos retroauriculares<\/td>\n<\/tr>\n<tr class=\"row-3\">\n\t<td class=\"column-1\">Fuerza<\/td><td class=\"column-2\">Bater\u00eda recargable, dura hasta 60 horas por carga completa<\/td>\n<\/tr>\n<tr class=\"row-4\">\n\t<td class=\"column-1\">Adaptar<\/td><td class=\"column-2\">Se coloca detr\u00e1s de la oreja, c\u00f3modo para un uso prolongado<\/td>\n<\/tr>\n<tr class=\"row-5\">\n\t<td class=\"column-1\">Reducci\u00f3n del ruido<\/td><td class=\"column-2\">S\u00ed, filtra los sonidos de fondo<\/td>\n<\/tr>\n<tr class=\"row-6\">\n\t<td class=\"column-1\">Control de volumen<\/td><td class=\"column-2\">Ja<\/td>\n<\/tr>\n<tr class=\"row-7\">\n\t<td class=\"column-1\">Cargador<\/td><td class=\"column-2\">Funda USB para cargar en cualquier lugar<\/td>\n<\/tr>\n<tr class=\"row-8\">\n\t<td class=\"column-1\">Opciones de color<\/td><td class=\"column-2\">Beige u OEM personalizado<\/td>\n<\/tr>\n<tr class=\"row-9\">\n\t<td class=\"column-1\">Certificaci\u00f3n<\/td><td class=\"column-2\">FDA, CE, ISO13485, ROHS<\/td>\n<\/tr>\n<tr class=\"row-10\">\n\t<td class=\"column-1\">Garant\u00eda<\/td><td class=\"column-2\">1 a\u00f1o de garant\u00eda est\u00e1ndar<\/td>\n<\/tr>\n<tr class=\"row-11\">\n\t<td class=\"column-1\">Paquete<\/td><td class=\"column-2\">Caja lista para la venta, todas las herramientas incluidas<\/td>\n<\/tr>\n<tr class=\"row-12\">\n\t<td class=\"column-1\">MOQ<\/td><td class=\"column-2\">S\u00f3lo pedidos al por mayor<\/td>\n<\/tr>\n<\/tbody>\n<\/table>\n<!-- #tablepress-8 from cache -->\n<h2 data-v-md-heading=\"where-and-when-to-use\" data-v-md-line=\"55\">D\u00f3nde y cu\u00e1ndo utilizarlo<\/h2>\n<ul data-v-md-line=\"57\">\n<li><strong>En el hogar:<\/strong>\u00a0O\u00edr a la familia, el timbre y la televisi\u00f3n .<\/li>\n<li><strong>En el trabajo o en la escuela:<\/strong>\u00a0Escuchar mejor en las reuniones o en clase .<\/li>\n<li><strong>En marcha:<\/strong>\u00a0Pasee por el parque o vaya de compras sin perderse ni un sonido .<\/li>\n<li><strong>\u305d\u308c\u304c\u610f\u5473\u3059\u308b\u3082\u306e<\/strong>\u00a0Filtrar el ruido en restaurantes o autobuses .<\/li>\n<li><strong>Para todas las edades:<\/strong>\u00a0Los adultos, los ni\u00f1os mayores y las personas mayores pueden utilizarlo c\u00f3modamente .<\/li>\n<\/ul>\n<h2 data-v-md-heading=\"helpful-links\" data-v-md-line=\"66\">Enlaces \u00fatiles<\/h2>\n<ul data-v-md-line=\"68\">\n<li><a href=\"https:\/\/chinahearingaid.com\/es\/bte-hearing-aids\/\" target=\"_blank\" rel=\"noopener\">Ver m\u00e1s opciones de aud\u00edfonos retroauriculares<\/a><\/li>\n<li><a href=\"https:\/\/chinahearingaid.com\/es\/rechargeable-hearing-aids\/\" target=\"_blank\" rel=\"noopener\">Explorar los aud\u00edfonos recargables<\/a><\/li>\n<li><a href=\"https:\/\/chinahearingaid.com\/es\/noise-reduction-hearing-aids\/\" target=\"_blank\" rel=\"noopener\">Encontrar aud\u00edfonos con reducci\u00f3n de ruido<\/a><\/li>\n<li><a href=\"https:\/\/chinahearingaid.com\/es\/z04-bte-inexpensive-rechargeable-hearing-aids-wholesale\/\" target=\"_blank\" rel=\"noopener\">Descubra todos los modelos de aud\u00edfonos recargables baratos al por mayor<\/a><\/li>\n<\/ul>\n<h2 data-v-md-heading=\"engaging-description\" data-v-md-line=\"74\">Descripci\u00f3n atractiva<\/h2>\n<p data-v-md-line=\"76\"><strong>Cada d\u00eda oigo mejor.<\/strong><br \/>\nLos aud\u00edfonos retroauriculares Z04 al por mayor est\u00e1n hechos para facilitar la audici\u00f3n. P\u00f3ntelos, c\u00e1rgalos r\u00e1pidamente y escucha durante m\u00e1s tiempo.<br \/>\nNo necesita pilas diminutas: \u00a1s\u00f3lo tiene que recargarlas!<\/p>\n<p data-v-md-line=\"80\"><strong>Se adapta a todos los o\u00eddos, es suave y se limpia f\u00e1cilmente.<\/strong><br \/>\nSube el volumen cuando lo necesites.<br \/>\nIdeal para casa, el exterior o los viajes.<br \/>\nCuidadores, cl\u00ednicas o familias: compre Aud\u00edfonos recargables baratos al por mayor y ahorre a lo grande.<\/p>\n<p data-v-md-line=\"85\"><em>Disfruta del sonido. Disfruta de la vida.<\/em><\/p>\n<p data-v-md-line=\"88\"><strong>Productos relacionados<\/strong>:<\/p>\n<ul data-v-md-line=\"89\">\n<li><a href=\"https:\/\/chinahearingaid.com\/es\/bx360-mini-rechargeable-digital-bte-hearing-aids-solutions\/\" target=\"_blank\" rel=\"noopener\">Soluciones en aud\u00edfonos retroauriculares mini<\/a><\/li>\n<li><a href=\"https:\/\/chinahearingaid.com\/es\/bluetooth-hearing-aids\/\" target=\"_blank\" rel=\"noopener\">Aud\u00edfonos Bluetooth<\/a><\/li>\n<li><a href=\"https:\/\/chinahearingaid.com\/es\/digital-hearing-aids\/\" target=\"_blank\" rel=\"noopener\">Aud\u00edfonos digitales<\/a><\/li>\n<\/ul>\n<p data-v-md-line=\"93\"><strong>Elija Z04, su elecci\u00f3n inteligente para un sonido asequible.<\/strong><\/p>","protected":false},"excerpt":{"rendered":"<p><span class=\"ng-star-inserted\">Z04 Aud\u00edfonos retroauriculares (al por mayor): Recargable (60 horas de duraci\u00f3n), c\u00f3modo ajuste detr\u00e1s de la oreja. Filtra el ruido de fondo; f\u00e1cil control de volumen pulsando un bot\u00f3n. Estuche USB para cargar. Certificado FDA\/CE. F\u00e1cil de usar: llevar, ajustar, \u00a1ya! Perfectos para residencias de ancianos, cl\u00ednicas o compras familiares al por mayor que buscan un sonido claro y asequible. Ahorre a lo grande con la venta directa al por mayor. Disfrute de cada palabra.<\/span><\/p>","protected":false},"featured_media":3096,"template":"","meta":{"_kad_post_transparent":"default","_kad_post_title":"","_kad_post_layout":"default","_kad_post_sidebar_id":"","_kad_post_content_style":"default","_kad_post_vertical_padding":"default","_kad_post_feature":"","_kad_post_feature_position":"","_kad_post_header":false,"_kad_post_footer":false,"_kad_post_classname":""},"product_brand":[],"product_cat":[15,544,559,563],"product_tag":[656,727],"class_list":{"0":"post-2314","1":"product","2":"type-product","3":"status-publish","4":"has-post-thumbnail","6":"product_cat-hearing-aid-by-types","7":"product_cat-bte-hearing-aids","8":"product_cat-hearing-aid-by-features","9":"product_cat-rechargeable-hearing-aids","10":"product_tag-bte-hearing-aids-wholesale","11":"product_tag-inexpensive-rechargeable-hearing-aids-wholesale","13":"first","14":"instock","15":"shipping-taxable","16":"product-type-simple","17":"entry","18":"content-bg","19":"loop-entry"},"_links":{"self":[{"href":"https:\/\/chinahearingaid.com\/es\/wp-json\/wp\/v2\/product\/2314","targetHints":{"allow":["GET"]}}],"collection":[{"href":"https:\/\/chinahearingaid.com\/es\/wp-json\/wp\/v2\/product"}],"about":[{"href":"https:\/\/chinahearingaid.com\/es\/wp-json\/wp\/v2\/types\/product"}],"wp:featuredmedia":[{"embeddable":true,"href":"https:\/\/chinahearingaid.com\/es\/wp-json\/wp\/v2\/media\/3096"}],"wp:attachment":[{"href":"https:\/\/chinahearingaid.com\/es\/wp-json\/wp\/v2\/media?parent=2314"}],"wp:term":[{"taxonomy":"product_brand","embeddable":true,"href":"https:\/\/chinahearingaid.com\/es\/wp-json\/wp\/v2\/product_brand?post=2314"},{"taxonomy":"product_cat","embeddable":true,"href":"https:\/\/chinahearingaid.com\/es\/wp-json\/wp\/v2\/product_cat?post=2314"},{"taxonomy":"product_tag","embeddable":true,"href":"https:\/\/chinahearingaid.com\/es\/wp-json\/wp\/v2\/product_tag?post=2314"}],"curies":[{"name":"wp","href":"https:\/\/api.w.org\/{rel}","templated":true}]}}