{"id":2315,"date":"2025-05-23T02:55:41","date_gmt":"2025-05-23T02:55:41","guid":{"rendered":"https:\/\/chinahearingaid.com\/?post_type=product&#038;p=2315"},"modified":"2025-06-12T10:02:38","modified_gmt":"2025-06-12T10:02:38","slug":"z04d-cheapest-rechargeable-hearing-aids-bte-vendor-order","status":"publish","type":"product","link":"https:\/\/chinahearingaid.com\/es\/z04d-cheapest-rechargeable-hearing-aids-bte-vendor-order\/","title":{"rendered":"Z04D Aud\u00edfonos recargables m\u00e1s baratos BTE Pedido del proveedor"},"content":{"rendered":"<h2 data-v-md-heading=\"why-get-z04d-bte-hearing-aids-vendor-order\" data-v-md-line=\"5\"><strong>\u00bfPor qu\u00e9 pedir aud\u00edfonos retroauriculares Z04D?<\/strong><\/h2>\n<p data-v-md-line=\"7\"><strong>Z04D<\/strong>\u00a0es el\u00a0<em>Pedido al proveedor de aud\u00edfonos recargables m\u00e1s baratos<\/em>\u00a0puedes conseguir.<br \/>\nLe ayudan a o\u00edr mejor cada d\u00eda.<br \/>\nSon f\u00e1ciles de usar y ahorran dinero.<br \/>\nCuando pida el\u00a0<strong>Pedido de proveedores de aud\u00edfonos retroauriculares<\/strong>...\u00a1ayudas a muchas personas a volver a o\u00edr!<br \/>\nPersonas como ancianos, cl\u00ednicas y tiendas eligen este producto.<\/p>\n<h2 data-v-md-heading=\"key-product-features\" data-v-md-line=\"15\"><strong>Principales caracter\u00edsticas del producto<\/strong><\/h2>\n\n<table id=\"tablepress-7\" class=\"tablepress tablepress-id-7\">\n<thead>\n<tr class=\"row-1\">\n\t<th class=\"column-1\">Caracter\u00edstica<\/th><th class=\"column-2\">Lo que obtienes<\/th>\n<\/tr>\n<\/thead>\n<tbody class=\"row-striping row-hover\">\n<tr class=\"row-2\">\n\t<td class=\"column-1\">Dise\u00f1o<\/td><td class=\"column-2\">BTE (retroauricular)<\/td>\n<\/tr>\n<tr class=\"row-3\">\n\t<td class=\"column-1\">Battery Life<\/td><td class=\"column-2\">Dura 1 d\u00eda. Carga r\u00e1pida por USB<\/td>\n<\/tr>\n<tr class=\"row-4\">\n\t<td class=\"column-1\">Sonido<\/td><td class=\"column-2\">Sonido claro, menos ruido y est\u00e1tica<\/td>\n<\/tr>\n<tr class=\"row-5\">\n\t<td class=\"column-1\">Adaptar<\/td><td class=\"column-2\">C\u00f3modo, f\u00e1cil de llevar, hipoalerg\u00e9nico<\/td>\n<\/tr>\n<tr class=\"row-6\">\n\t<td class=\"column-1\">Impermeable<\/td><td class=\"column-2\">Se puede utilizar en el exterior y para hacer ejercicio<\/td>\n<\/tr>\n<tr class=\"row-7\">\n\t<td class=\"column-1\">Precio<\/td><td class=\"column-2\">Bajo coste cuando se hace un pedido grande<\/td>\n<\/tr>\n<tr class=\"row-8\">\n\t<td class=\"column-1\">Garant\u00eda<\/td><td class=\"column-2\">1 a\u00f1o. Ayuda si la necesita<\/td>\n<\/tr>\n<tr class=\"row-9\">\n\t<td class=\"column-1\">Certificaci\u00f3n<\/td><td class=\"column-2\">Aprobado para un uso seguro (FDA, CE, ISO)<\/td>\n<\/tr>\n<\/tbody>\n<\/table>\n<!-- #tablepress-7 from cache -->\n<h2 data-v-md-heading=\"who-needs-the-cheapest-rechargeable-hearing-aids-vendor-order\" data-v-md-line=\"30\"><strong>\u00bfQui\u00e9n necesita el pedido m\u00e1s barato del vendedor de aud\u00edfonos recargables?<\/strong><\/h2>\n<ul data-v-md-line=\"31\">\n<li><strong>Mayores<\/strong>\u00a0- uso diario, f\u00e1cil, suave con la piel<\/li>\n<li><strong>Hospitales y cl\u00ednicas<\/strong>\u00a0- pedido a granel, dar a muchos pacientes<\/li>\n<li><strong>Tiendas y vendedores<\/strong>\u00a0- revender a buen precio<\/li>\n<li><strong>Personas con menos dinero<\/strong>\u00a0- conseguir una buena audici\u00f3n, sin costes elevados<\/li>\n<\/ul>\n<h2 data-v-md-heading=\"how-z04d-cheapest-rechargeable-hearing-aids-vendor-order-helps-you\" data-v-md-line=\"38\"><strong>C\u00f3mo Z04D m\u00e1s barato aud\u00edfonos recargables proveedor de pedidos le ayuda<\/strong><\/h2>\n<ul data-v-md-line=\"40\">\n<li>Puede\u00a0<strong>pedidos al por mayor<\/strong>\u00a0y ahorre m\u00e1s dinero<\/li>\n<li>Se comprueba que cada unidad\u00a0<strong>alta calidad<\/strong>sonido claro y bater\u00eda potente<\/li>\n<li><strong>F\u00e1cil de cargar<\/strong>\u00a0con un cable USB, \u00a1como tu tel\u00e9fono!<\/li>\n<li>Muy\u00a0<strong>material ligero, c\u00f3modo y seguro<\/strong><\/li>\n<li><strong>Descuento<\/strong>\u00a0si hace m\u00e1s pedidos<\/li>\n<li>Env\u00edo r\u00e1pido a casi todas partes<\/li>\n<\/ul>\n<h2 data-v-md-heading=\"all-about-the-z04d-bte-hearing-aids-vendor-order\" data-v-md-line=\"48\"><strong>Todo sobre el pedido del proveedor de aud\u00edfonos retroauriculares Z04D<\/strong><\/h2>\n<h3 data-v-md-heading=\"what-is-in-the-box\" data-v-md-line=\"50\"><strong>\u00bfQu\u00e9 hay en la caja?<\/strong><\/h3>\n<ul data-v-md-line=\"51\">\n<li>1 o m\u00e1s aud\u00edfonos recargables Z04D BTE<\/li>\n<li>Cable de carga<\/li>\n<li>Almohadillas blandas<\/li>\n<li>Gu\u00eda sencilla<\/li>\n<\/ul>\n<h3 data-v-md-heading=\"see-the-benefits-in-a-table\" data-v-md-line=\"58\"><strong>Ver las ventajas en una tabla<\/strong><\/h3>\n\n<table id=\"tablepress-6\" class=\"tablepress tablepress-id-6\">\n<thead>\n<tr class=\"row-1\">\n\t<th class=\"column-1\">Beneficio<\/th><th class=\"column-2\">Lo Que Significa<\/th>\n<\/tr>\n<\/thead>\n<tbody class=\"row-striping row-hover\">\n<tr class=\"row-2\">\n\t<td class=\"column-1\">Precio barato al por mayor<\/td><td class=\"column-2\">Pida m\u00e1s, pague menos<\/td>\n<\/tr>\n<tr class=\"row-3\">\n\t<td class=\"column-1\">Bater\u00eda de 24 horas<\/td><td class=\"column-2\">Sin preocupaciones por el sonido durante todo el d\u00eda<\/td>\n<\/tr>\n<tr class=\"row-4\">\n\t<td class=\"column-1\">C\u00f3modo para cualquier o\u00eddo<\/td><td class=\"column-2\">Talla \u00fanica<\/td>\n<\/tr>\n<tr class=\"row-5\">\n\t<td class=\"column-1\">Combate el ruido y la est\u00e1tica<\/td><td class=\"column-2\">Sonido claro en todas partes<\/td>\n<\/tr>\n<tr class=\"row-6\">\n\t<td class=\"column-1\">Duradero y seguro<\/td><td class=\"column-2\">Se mantiene seco, funciona con lluvia<\/td>\n<\/tr>\n<\/tbody>\n<\/table>\n<!-- #tablepress-6 from cache -->\n<h2 data-v-md-heading=\"why-bte-hearing-aids-vendor-order-is-smart\" data-v-md-line=\"70\"><strong>Por qu\u00e9 es inteligente pedir aud\u00edfonos retroauriculares a un proveedor<\/strong><\/h2>\n<ul data-v-md-line=\"72\">\n<li>Confianza de cl\u00ednicas de todo el mundo para pedidos al por mayor<\/li>\n<li>Lo mejor para las tiendas que quieren vender r\u00e1pido<\/li>\n<li>A los padres y a los familiares mayores les encantan.<\/li>\n<li>Sigue funcionando, d\u00eda tras d\u00eda, cada vez que lo necesitas<\/li>\n<\/ul>\n<h2 data-v-md-heading=\"want-more-explore-these-links\" data-v-md-line=\"79\"><strong>\u00bfQuiere m\u00e1s? Explore estos enlaces<\/strong><\/h2>\n<ul data-v-md-line=\"80\">\n<li>Ver todos\u00a0<a href=\"https:\/\/chinahearingaid.com\/es\/bte-hearing-aids\/\" target=\"_blank\" rel=\"noopener\">Opciones de aud\u00edfonos retroauriculares aqu\u00ed<\/a>.<\/li>\n<li>M\u00e1s informaci\u00f3n\u00a0<a href=\"https:\/\/chinahearingaid.com\/es\/rechargeable-hearing-aids\/\" target=\"_blank\" rel=\"noopener\">Aud\u00edfonos recargables para todos<\/a>.<\/li>\n<li>M\u00e1s informaci\u00f3n\u00a0<a href=\"https:\/\/chinahearingaid.com\/es\/z04d-cheapest-rechargeable-hearing-aids-bte-vendor-order\/\" target=\"_blank\" rel=\"noopener\">Ofertas m\u00e1s baratas de pedidos de proveedores de aud\u00edfonos recargables<\/a>.<\/li>\n<li>Explorar otros\u00a0<a href=\"https:\/\/chinahearingaid.com\/es\/z04d-cheapest-rechargeable-hearing-aids-bte-vendor-order\/\" target=\"_blank\" rel=\"noopener\">Aud\u00edfonos retroauriculares Productos para pedidos de proveedores<\/a>.<\/li>\n<\/ul>\n<h2 data-v-md-heading=\"order-z04d-cheapest-rechargeable-hearing-aids-vendor-order-now\" data-v-md-line=\"86\"><strong>Pedido Z04D Aud\u00edfonos recargables m\u00e1s baratos \u00a1Pedir ahora!<\/strong><\/h2>\n<ul data-v-md-line=\"88\">\n<li>Obtenga hoy mismo su pedido para proveedores de aud\u00edfonos retroauriculares.<\/li>\n<li>\u00a1Solicite un precio especial en su pedido de Proveedor de aud\u00edfonos recargables m\u00e1s barato si necesita muchos!<\/li>\n<li>Empaquetamos y enviamos r\u00e1pido. \u00a1Pronto empezar\u00e1s a o\u00edr mejor!<\/li>\n<li>Proceso de pedido sencillo. Ayuda amable en todo momento.<\/li>\n<\/ul>\n<p data-v-md-line=\"94\"><strong>El pedido de aud\u00edfonos retroauriculares Z04D y el pedido de aud\u00edfonos recargables m\u00e1s baratos son la elecci\u00f3n m\u00e1s inteligente, f\u00e1cil y asequible.<\/strong><\/p>\n<p data-v-md-line=\"97\"><strong>\u00bfListo para probar? Realice ya su pedido de aud\u00edfonos retroauriculares y disfrute de los aud\u00edfonos recargables m\u00e1s baratos del mercado.<\/strong><\/p>\n<p data-v-md-line=\"99\"><a href=\"https:\/\/chinahearingaid.com\/es\/z04d-cheapest-rechargeable-hearing-aids-bte-vendor-order\/\" target=\"_blank\" rel=\"noopener\">Haga su pedido hoy y ahorre a lo grande.<\/a><\/p>\n<p data-v-md-line=\"102\"><em>Su mejor audici\u00f3n, por menos. El pedido del vendedor de aud\u00edfonos retroauriculares y el pedido del vendedor de aud\u00edfonos recargables m\u00e1s baratos le est\u00e1n esperando.<\/em><\/p>","protected":false},"excerpt":{"rendered":"<div class=\"chat-container\">\n<div class=\"chat-view-container ng-star-inserted\">\n<div>\n<div class=\"chat-turn-container model render cdk-focused cdk-mouse-focused\" tabindex=\"-1\">\n<div class=\"model-prompt-container\" data-turn-role=\"Model\">\n<div class=\"turn-content\">\n<p class=\"ng-star-inserted\"><span class=\"ng-star-inserted\">Elija los aud\u00edfonos retroauriculares Z04D para su pedido de vendedor: la soluci\u00f3n recargable m\u00e1s asequible. Mejoran la audici\u00f3n diaria, son f\u00e1ciles de usar y reducen costes. Perfectos para personas mayores, cl\u00ednicas y tiendas. Entre sus principales caracter\u00edsticas se incluyen: Dise\u00f1o BTE, bater\u00eda para todo el d\u00eda con carga r\u00e1pida por USB, sonido cristalino con reducci\u00f3n de ruido, c\u00f3modo ajuste hipoalerg\u00e9nico y resistencia al agua para uso en exteriores. Certificados (FDA, CE, ISO). Los pedidos al por mayor suponen un mayor ahorro. \u00a1Ayude a m\u00e1s personas a o\u00edr de nuevo!<\/span><\/p>\n<\/div>\n<\/div>\n<\/div>\n<\/div>\n<\/div>\n<\/div>","protected":false},"featured_media":3092,"template":"","meta":{"_kad_post_transparent":"default","_kad_post_title":"","_kad_post_layout":"default","_kad_post_sidebar_id":"","_kad_post_content_style":"default","_kad_post_vertical_padding":"default","_kad_post_feature":"","_kad_post_feature_position":"","_kad_post_header":false,"_kad_post_footer":false,"_kad_post_classname":""},"product_brand":[],"product_cat":[15,544,559,563],"product_tag":[734,735],"class_list":{"0":"post-2315","1":"product","2":"type-product","3":"status-publish","4":"has-post-thumbnail","6":"product_cat-hearing-aid-by-types","7":"product_cat-bte-hearing-aids","8":"product_cat-hearing-aid-by-features","9":"product_cat-rechargeable-hearing-aids","10":"product_tag-bte-hearing-aids-vendor-order","11":"product_tag-cheapest-rechargeable-hearing-aids-vendor-order","13":"first","14":"instock","15":"shipping-taxable","16":"product-type-simple","17":"entry","18":"content-bg","19":"loop-entry"},"_links":{"self":[{"href":"https:\/\/chinahearingaid.com\/es\/wp-json\/wp\/v2\/product\/2315","targetHints":{"allow":["GET"]}}],"collection":[{"href":"https:\/\/chinahearingaid.com\/es\/wp-json\/wp\/v2\/product"}],"about":[{"href":"https:\/\/chinahearingaid.com\/es\/wp-json\/wp\/v2\/types\/product"}],"wp:featuredmedia":[{"embeddable":true,"href":"https:\/\/chinahearingaid.com\/es\/wp-json\/wp\/v2\/media\/3092"}],"wp:attachment":[{"href":"https:\/\/chinahearingaid.com\/es\/wp-json\/wp\/v2\/media?parent=2315"}],"wp:term":[{"taxonomy":"product_brand","embeddable":true,"href":"https:\/\/chinahearingaid.com\/es\/wp-json\/wp\/v2\/product_brand?post=2315"},{"taxonomy":"product_cat","embeddable":true,"href":"https:\/\/chinahearingaid.com\/es\/wp-json\/wp\/v2\/product_cat?post=2315"},{"taxonomy":"product_tag","embeddable":true,"href":"https:\/\/chinahearingaid.com\/es\/wp-json\/wp\/v2\/product_tag?post=2315"}],"curies":[{"name":"wp","href":"https:\/\/api.w.org\/{rel}","templated":true}]}}